{"id":1739,"date":"2022-11-07T15:40:44","date_gmt":"2022-11-07T07:40:44","guid":{"rendered":"https:\/\/www.supersybon.com\/es\/?post_type=product&#038;p=1739"},"modified":"2023-01-05T18:01:34","modified_gmt":"2023-01-05T10:01:34","slug":"s003g-5-inch-125mm-almohadilla-de-pulido-de-espuma-para-pulir-automoviles-con-forma-de-diamante-almohadilla-de-pulido-de-espuma-para-detalles-de-automoviles","status":"publish","type":"product","link":"https:\/\/www.supersybon.com\/es\/product\/s003g-5-inch-125mm-almohadilla-de-pulido-de-espuma-para-pulir-automoviles-con-forma-de-diamante-almohadilla-de-pulido-de-espuma-para-detalles-de-automoviles","title":{"rendered":"S003G 5 inch 125mm Almohadilla de pulido de espuma para pulir autom\u00f3viles con forma de diamante Almohadilla de pulido de espuma para detalles de autom\u00f3viles"},"content":{"rendered":"<p><img decoding=\"async\" class=\"aligncenter size-full wp-image-1749\" src=\"https:\/\/www.supersybon.com\/es\/wp-content\/uploads\/2022\/11\/1667808025-S003G-3-4-5-6-7-Inch-Sponge-Heavy-Cutting-Foam-Pad-Polishing-Car-Polishing-Buffing-Pad-Car-Care.jpg\" alt=\"\" width=\"900\" height=\"364\" title=\"\" srcset=\"https:\/\/www.supersybon.com\/es\/wp-content\/uploads\/2022\/11\/1667808025-S003G-3-4-5-6-7-Inch-Sponge-Heavy-Cutting-Foam-Pad-Polishing-Car-Polishing-Buffing-Pad-Car-Care.jpg 900w, https:\/\/www.supersybon.com\/es\/wp-content\/uploads\/2022\/11\/1667808025-S003G-3-4-5-6-7-Inch-Sponge-Heavy-Cutting-Foam-Pad-Polishing-Car-Polishing-Buffing-Pad-Car-Care-480x194.jpg 480w\" sizes=\"(min-width: 0px) and (max-width: 480px) 480px, (min-width: 481px) 900px, 100vw\" \/><\/p>\n<div class=\"magic-13\">\n<div class=\"magic-14\">\n<div class=\"magic-9\">\n<div class=\"magic-10\">\n<p>&nbsp;<\/p>\n<\/div>\n<\/div>\n<\/div>\n<\/div>\n<div class=\"magic-13\">\n<div class=\"magic-14\">\n<p>&nbsp;<\/p>\n<p><strong>S003G 5 inch 125mm Almohadilla de pulido de espuma para pulir autom\u00f3viles con forma de diamante Almohadilla de pulido de espuma para detalles de autom\u00f3viles<\/strong><\/p>\n<p><strong>Rasgo:<\/strong><\/p>\n<p>1. El tejido de esponja fino y suave puede proteger dos veces la superficie de la pintura. El pulido eficaz elimina los defectos leves de la pintura y recupera el alto brillo.<\/p>\n<p>2. Puede crear una superficie de pintura de alto brillo sin rastros en espiral.<\/p>\n<p>3. La estructura de esponja particular mejora el flujo de aire. Mejor disipaci\u00f3n de calor.<\/p>\n<p>4. Hay un gancho y un lazo en la parte inferior de la espuma, lo que hace que sea dif\u00edcil que se caiga y tambi\u00e9n puede cambiar la almohadilla de pulido r\u00e1pidamente.<\/p>\n<p>5. La parte superior elevada de la espuma hace que sea m\u00e1s seguro pulir y la almohadilla de la placa trasera no ser\u00eda f\u00e1cil de tocar la superficie de la pintura.<\/p>\n<p><strong>Familia de colores para diferentes pasos:<\/strong><\/p>\n<p>1. El material de espuma de color verde 40 PPI funciona con compuesto de corte para procesos de corte pesado, para eliminar ara\u00f1azos profundos.<\/p>\n<p>2. El material de espuma de 50 PPI de color amarillo se aplica con un compuesto de corte o pulido para un proceso de corte medio, f\u00e1cil de eliminar el rasgu\u00f1o ligero, remolinos.<\/p>\n<p>3. El material de espuma de 60 PPI de color granate sugiere combinar un compuesto de paso 2 para un corte ligero, o trabajar con un compuesto de paso 1 para obtener m\u00e1s potencia de corte.<\/p>\n<p>4. El material de espuma de 70 PPI de color naranja sugiere combinar un compuesto de paso 2 para un corte ligero, o trabajar con un compuesto de paso 1 para obtener m\u00e1s potencia de corte.<\/p>\n<p>5. La espuma de 80 PPI de color azul es un material suave que es duradero y \u00fatil para pintura blanda y pintura dura. Trabajar con l\u00edquido pulidor para pulir o aplicar con pulidor de acabado para el proceso de acabado es muy \u00fatil.<\/p>\n<p>6. La espuma de 85 PPI de color rojo tiene una acci\u00f3n de limpieza muy ligera para la eliminaci\u00f3n de marcas de remolino ultrafinas, rasgu\u00f1os de lavado de autos y novatadas, dejando un acabado brillante sin remolinos cuando se usa junto con pulidores de acabado.<\/p>\n<p>7. El material de espuma de color negro 90PPI es una espuma ultra suave para encerar la pintura del autom\u00f3vil, despu\u00e9s de este proceso aumentar\u00e1 el brillo de la pintura de su autom\u00f3vil.<\/p>\n<p><img decoding=\"async\" class=\"aligncenter size-full wp-image-1740\" src=\"https:\/\/www.supersybon.com\/es\/wp-content\/uploads\/2022\/11\/1667807447-S003G-Wholesale-6-Inch-Diamond-Sponge-Buffing-Pad-HookLoop-Design-Grinding-Pad-Kit-Car-Polishing-Pad.jpg\" alt=\"\" width=\"750\" height=\"750\" title=\"\" srcset=\"https:\/\/www.supersybon.com\/es\/wp-content\/uploads\/2022\/11\/1667807447-S003G-Wholesale-6-Inch-Diamond-Sponge-Buffing-Pad-HookLoop-Design-Grinding-Pad-Kit-Car-Polishing-Pad.jpg 750w, https:\/\/www.supersybon.com\/es\/wp-content\/uploads\/2022\/11\/1667807447-S003G-Wholesale-6-Inch-Diamond-Sponge-Buffing-Pad-HookLoop-Design-Grinding-Pad-Kit-Car-Polishing-Pad-480x480.jpg 480w\" sizes=\"(min-width: 0px) and (max-width: 480px) 480px, (min-width: 481px) 750px, 100vw\" \/><\/p>\n<\/div>\n<\/div>\n<div class=\"magic-13\">\n<div class=\"magic-14\">\n<div class=\"magic-9\">\n<div class=\"magic-10\">\n<p><img decoding=\"async\" class=\"aligncenter size-full wp-image-1741\" src=\"https:\/\/www.supersybon.com\/es\/wp-content\/uploads\/2022\/11\/1667807475-S003G-Car-Care-Detailing-Da-Foam-Polishing-Pad-Medium-Cutting-Foam-Buffing-Pad.jpg\" alt=\"\" width=\"750\" height=\"750\" title=\"\" srcset=\"https:\/\/www.supersybon.com\/es\/wp-content\/uploads\/2022\/11\/1667807475-S003G-Car-Care-Detailing-Da-Foam-Polishing-Pad-Medium-Cutting-Foam-Buffing-Pad.jpg 750w, https:\/\/www.supersybon.com\/es\/wp-content\/uploads\/2022\/11\/1667807475-S003G-Car-Care-Detailing-Da-Foam-Polishing-Pad-Medium-Cutting-Foam-Buffing-Pad-480x480.jpg 480w\" sizes=\"(min-width: 0px) and (max-width: 480px) 480px, (min-width: 481px) 750px, 100vw\" \/><\/p>\n<p><img decoding=\"async\" class=\"aligncenter size-full wp-image-1742\" src=\"https:\/\/www.supersybon.com\/es\/wp-content\/uploads\/2022\/11\/1667807496-S003G-5-Inch-125Mm-New-Diamond-Shape-Car-Polishing-Foam-Buffing-Pad-Car-Detailing-Foam-Buffing-Pad.jpg\" alt=\"\" width=\"750\" height=\"750\" title=\"\" srcset=\"https:\/\/www.supersybon.com\/es\/wp-content\/uploads\/2022\/11\/1667807496-S003G-5-Inch-125Mm-New-Diamond-Shape-Car-Polishing-Foam-Buffing-Pad-Car-Detailing-Foam-Buffing-Pad.jpg 750w, https:\/\/www.supersybon.com\/es\/wp-content\/uploads\/2022\/11\/1667807496-S003G-5-Inch-125Mm-New-Diamond-Shape-Car-Polishing-Foam-Buffing-Pad-Car-Detailing-Foam-Buffing-Pad-480x480.jpg 480w\" sizes=\"(min-width: 0px) and (max-width: 480px) 480px, (min-width: 481px) 750px, 100vw\" \/><img decoding=\"async\" class=\"aligncenter size-full wp-image-1743\" src=\"https:\/\/www.supersybon.com\/es\/wp-content\/uploads\/2022\/11\/1667807518-S003G-Imported-Sponge-Coarse-Medium-Cutting-Pad-5-Inch-Car-Polishing-Foam-Pad-Detailing-Buffing-Pad.jpg\" alt=\"\" width=\"750\" height=\"750\" title=\"\" srcset=\"https:\/\/www.supersybon.com\/es\/wp-content\/uploads\/2022\/11\/1667807518-S003G-Imported-Sponge-Coarse-Medium-Cutting-Pad-5-Inch-Car-Polishing-Foam-Pad-Detailing-Buffing-Pad.jpg 750w, https:\/\/www.supersybon.com\/es\/wp-content\/uploads\/2022\/11\/1667807518-S003G-Imported-Sponge-Coarse-Medium-Cutting-Pad-5-Inch-Car-Polishing-Foam-Pad-Detailing-Buffing-Pad-480x480.jpg 480w\" sizes=\"(min-width: 0px) and (max-width: 480px) 480px, (min-width: 481px) 750px, 100vw\" \/><\/p>\n<p><img decoding=\"async\" class=\"aligncenter size-full wp-image-1745\" src=\"https:\/\/www.supersybon.com\/es\/wp-content\/uploads\/2022\/11\/1667807566-S003G-Factory-Price-5-Inch-125Mm-Double-Bevel-Edge-Car-Care-Sponge-Polishing-Pad-Buffing-Pad-Cutting-Pad.jpg\" alt=\"\" width=\"750\" height=\"750\" title=\"\" srcset=\"https:\/\/www.supersybon.com\/es\/wp-content\/uploads\/2022\/11\/1667807566-S003G-Factory-Price-5-Inch-125Mm-Double-Bevel-Edge-Car-Care-Sponge-Polishing-Pad-Buffing-Pad-Cutting-Pad.jpg 750w, https:\/\/www.supersybon.com\/es\/wp-content\/uploads\/2022\/11\/1667807566-S003G-Factory-Price-5-Inch-125Mm-Double-Bevel-Edge-Car-Care-Sponge-Polishing-Pad-Buffing-Pad-Cutting-Pad-480x480.jpg 480w\" sizes=\"(min-width: 0px) and (max-width: 480px) 480px, (min-width: 481px) 750px, 100vw\" \/><\/p>\n<p><img decoding=\"async\" class=\"aligncenter size-full wp-image-1744\" src=\"https:\/\/www.supersybon.com\/es\/wp-content\/uploads\/2022\/11\/1667807536-S003G-6-Inch-150Mm-Factory-Supply-Durable-Foam-Pad-Cutting-Pad-Buffing-Pad-With-Hook-And-Loop-Bonding-Back.jpg\" alt=\"\" width=\"750\" height=\"750\" title=\"\" srcset=\"https:\/\/www.supersybon.com\/es\/wp-content\/uploads\/2022\/11\/1667807536-S003G-6-Inch-150Mm-Factory-Supply-Durable-Foam-Pad-Cutting-Pad-Buffing-Pad-With-Hook-And-Loop-Bonding-Back.jpg 750w, https:\/\/www.supersybon.com\/es\/wp-content\/uploads\/2022\/11\/1667807536-S003G-6-Inch-150Mm-Factory-Supply-Durable-Foam-Pad-Cutting-Pad-Buffing-Pad-With-Hook-And-Loop-Bonding-Back-480x480.jpg 480w\" sizes=\"(min-width: 0px) and (max-width: 480px) 480px, (min-width: 481px) 750px, 100vw\" \/><\/p>\n<p>&nbsp;<\/p>\n<p>&nbsp;<\/p>\n<p><strong>Embalaje y servicio de productos<br \/>\n<\/strong><\/p>\n<hr \/>\n<p><strong>PAQUETE :<br \/>\n<\/strong><\/p>\n<p>100 piezas\/cart\u00f3n.<\/p>\n<div data-spm-anchor-id=\"a2700.details.0.i37.625d2e9eLtZffL\">\n<p>&nbsp;<\/p>\n<\/div>\n<div class=\"magic-13\">\n<div class=\"magic-14\">\n<div class=\"magic-9\">\n<div class=\"magic-10\">\n<div class=\"magic-13\">\n<div class=\"magic-14\">\n<div data-spm-anchor-id=\"a2700.details.0.i37.625d2e9eLtZffL\">\n<p>&nbsp;<\/p>\n<\/div>\n<\/div>\n<\/div>\n<\/div>\n<\/div>\n<\/div>\n<\/div>\n<div class=\"magic-13\">\n<div class=\"magic-14\">\n<div data-spm-anchor-id=\"a2700.details.0.i37.625d2e9eLtZffL\">\n<p><strong>NUESTRO SERVICIO:<br \/>\n<\/strong><\/p>\n<p>1.24 horas en l\u00ednea<\/p>\n<p>2. Precio competitivo<\/p>\n<p>3. Excelentes comentarios del cliente<\/p>\n<p>4. Pedidos en l\u00ednea seguros<\/p>\n<p>5. Entrega r\u00e1pida<\/p>\n<p>6. Soporte t\u00e9cnico profesional<\/p>\n<\/div>\n<\/div>\n<\/div>\n<\/div>\n<\/div>\n<\/div>\n<\/div>\n<div class=\"magic-13\">\n<div class=\"magic-14\">\n<div class=\"magic-13\">\n<div class=\"magic-14\">\n<div class=\"magic-9\">\n<div class=\"magic-10\">\n<div class=\"magic-13\">\n<div class=\"magic-14\">\n<div data-spm-anchor-id=\"a2700.details.0.i37.625d2e9eLtZffL\">\n<div class=\"magic-13\">\n<div class=\"magic-14\">\n<div class=\"magic-13\">\n<div class=\"magic-14\">\n<div class=\"magic-9\">\n<div class=\"magic-10\">\n<div class=\"magic-13\">\n<div class=\"magic-14\">\n<div data-spm-anchor-id=\"a2700.details.0.i37.625d2e9eLtZffL\">\n<div class=\"magic-13\">\n<div class=\"magic-14\">\n<p>&nbsp;<\/p>\n<\/div>\n<\/div>\n<\/div>\n<\/div>\n<\/div>\n<\/div>\n<\/div>\n<\/div>\n<\/div>\n<div class=\"magic-13\">\n<div class=\"magic-14\">\n<p>&nbsp;<\/p>\n<\/div>\n<\/div>\n<\/div>\n<\/div>\n<\/div>\n<\/div>\n<\/div>\n<\/div>\n<\/div>\n<\/div>\n<\/div>\n<div class=\"magic-13\">\n<div class=\"magic-14\">\n<p><strong>Perfil de la empresa<br \/>\n<\/strong><\/p>\n<hr \/>\n<p>&nbsp;<\/p>\n<\/div>\n<\/div>\n<p><img decoding=\"async\" class=\"aligncenter size-full wp-image-324\" src=\"https:\/\/www.supersybon.com\/es\/wp-content\/uploads\/2022\/09\/1663401769-Car-Paint-Supplier-Company-Profile-Manufacturer-China.jpg\" alt=\"\" width=\"900\" height=\"958\" title=\"\" srcset=\"https:\/\/www.supersybon.com\/es\/wp-content\/uploads\/2022\/09\/1663401769-Car-Paint-Supplier-Company-Profile-Manufacturer-China.jpg 900w, https:\/\/www.supersybon.com\/es\/wp-content\/uploads\/2022\/09\/1663401769-Car-Paint-Supplier-Company-Profile-Manufacturer-China-480x511.jpg 480w\" sizes=\"(min-width: 0px) and (max-width: 480px) 480px, (min-width: 481px) 900px, 100vw\" \/><\/p>\n<div class=\"magic-13\">\n<div class=\"magic-14\">\n<p><strong>Preguntas m\u00e1s frecuentes<\/strong><\/p>\n<hr \/>\n<\/div>\n<\/div>\n<p>P: \u00bfCu\u00e1l es su MOQ?<\/p>\n<p>R: Nuestro pedido m\u00ednimo es de 1 caja de cart\u00f3n.<\/p>\n<p>P: \u00bfQu\u00e9 hay de su pago?<\/p>\n<p>R: dep\u00f3sito del 50% por adelantado, saldo del 50% por T\/T, L\/C, paypal, Western Union o antes del env\u00edo.<\/p>\n<p>P: \u00bfProporcionan muestras?<\/p>\n<p>R: S\u00ed, puede comprar una muestra para probarla.<\/p>\n<p>P: \u00bfQu\u00e9 hay de su tiempo de entrega?<\/p>\n<p>R: generalmente 15 d\u00edas despu\u00e9s de recibir su dep\u00f3sito.<\/p>\n<\/div>\n<\/div>\n","protected":false},"excerpt":{"rendered":"<p>1. El tejido de esponja fino y suave puede proteger dos veces la superficie de la pintura. El pulido eficaz elimina los defectos leves de la pintura y recupera el alto brillo.<br \/>\n2. Puede crear una superficie de pintura de alto brillo sin rastros en espiral.Almohadilla de pulido de espuma para pulir autom\u00f3viles con forma de diamante.<br \/>\n3. La estructura de esponja particular mejora el flujo de aire. Mejor disipaci\u00f3n de calor.<br \/>\n4. Hay un gancho y un lazo en la parte inferior de la espuma, lo que hace que sea dif\u00edcil que se caiga y tambi\u00e9n puede cambiar la almohadilla de pulido r\u00e1pidamente.<br \/>\n5. La parte superior elevada de la espuma hace que sea m\u00e1s seguro pulir y la almohadilla de la placa trasera no ser\u00eda f\u00e1cil de tocar la superficie de la pintura.<\/p>\n","protected":false},"featured_media":1746,"template":"","meta":{"_et_pb_use_builder":"","_et_pb_old_content":"","_et_gb_content_width":""},"product_brand":[],"product_cat":[56,65],"product_tag":[647,646],"class_list":{"0":"post-1739","1":"product","2":"type-product","3":"status-publish","4":"has-post-thumbnail","6":"product_cat-serie-de-cuidado-de-automoviles","7":"product_cat-almohadilla-de-espuma-para-pulir","8":"product_tag-almohadilla-de-pulido-de-espuma-para-detalles-de-automoviles","9":"product_tag-almohadilla-de-pulido-de-espuma-para-pulir-automoviles-con-forma-de-diamante","11":"first","12":"instock","13":"shipping-taxable","14":"product-type-simple"},"_links":{"self":[{"href":"https:\/\/www.supersybon.com\/es\/wp-json\/wp\/v2\/product\/1739","targetHints":{"allow":["GET"]}}],"collection":[{"href":"https:\/\/www.supersybon.com\/es\/wp-json\/wp\/v2\/product"}],"about":[{"href":"https:\/\/www.supersybon.com\/es\/wp-json\/wp\/v2\/types\/product"}],"wp:featuredmedia":[{"embeddable":true,"href":"https:\/\/www.supersybon.com\/es\/wp-json\/wp\/v2\/media\/1746"}],"wp:attachment":[{"href":"https:\/\/www.supersybon.com\/es\/wp-json\/wp\/v2\/media?parent=1739"}],"wp:term":[{"taxonomy":"product_brand","embeddable":true,"href":"https:\/\/www.supersybon.com\/es\/wp-json\/wp\/v2\/product_brand?post=1739"},{"taxonomy":"product_cat","embeddable":true,"href":"https:\/\/www.supersybon.com\/es\/wp-json\/wp\/v2\/product_cat?post=1739"},{"taxonomy":"product_tag","embeddable":true,"href":"https:\/\/www.supersybon.com\/es\/wp-json\/wp\/v2\/product_tag?post=1739"}],"curies":[{"name":"wp","href":"https:\/\/api.w.org\/{rel}","templated":true}]}}