{"id":1730,"date":"2022-11-07T15:15:46","date_gmt":"2022-11-07T07:15:46","guid":{"rendered":"https:\/\/www.supersybon.com\/es\/?post_type=product&#038;p=1730"},"modified":"2023-01-05T17:45:08","modified_gmt":"2023-01-05T09:45:08","slug":"s002g-kit-de-pulido-y-pulido-automatico-almohadilla-de-pulido-de-5-pulgadas-y-125-mm-almohadilla-de-pulido-automatico-triangular-para-detallado-y-pulido-de-automoviles","status":"publish","type":"product","link":"https:\/\/www.supersybon.com\/es\/product\/s002g-kit-de-pulido-y-pulido-automatico-almohadilla-de-pulido-de-5-pulgadas-y-125-mm-almohadilla-de-pulido-automatico-triangular-para-detallado-y-pulido-de-automoviles","title":{"rendered":"S002G Kit de pulido y pulido autom\u00e1tico Almohadilla de pulido de 5 pulgadas y 125 mm Almohadilla de pulido autom\u00e1tico triangular para detallado y pulido de autom\u00f3viles"},"content":{"rendered":"<p><img decoding=\"async\" class=\"aligncenter size-full wp-image-1731\" src=\"https:\/\/www.supersybon.com\/es\/wp-content\/uploads\/2022\/11\/1667805937-S002G-Auto-Buffing-And-Polishing-Kit-5-Inch-125Mm-Buffing-Pad-Triangular-Auto-Polishing-Pad-For-Car-Polishing.jpg\" alt=\"\" width=\"900\" height=\"364\" title=\"\" srcset=\"https:\/\/www.supersybon.com\/es\/wp-content\/uploads\/2022\/11\/1667805937-S002G-Auto-Buffing-And-Polishing-Kit-5-Inch-125Mm-Buffing-Pad-Triangular-Auto-Polishing-Pad-For-Car-Polishing.jpg 900w, https:\/\/www.supersybon.com\/es\/wp-content\/uploads\/2022\/11\/1667805937-S002G-Auto-Buffing-And-Polishing-Kit-5-Inch-125Mm-Buffing-Pad-Triangular-Auto-Polishing-Pad-For-Car-Polishing-480x194.jpg 480w\" sizes=\"(min-width: 0px) and (max-width: 480px) 480px, (min-width: 481px) 900px, 100vw\" \/><\/p>\n<div class=\"magic-13\">\n<div class=\"magic-14\">\n<div class=\"magic-9\">\n<div class=\"magic-10\">\n<p>&nbsp;<\/p>\n<\/div>\n<\/div>\n<\/div>\n<\/div>\n<div class=\"magic-13\">\n<div class=\"magic-14\">\n<p>&nbsp;<\/p>\n<p><strong>S002G Kit de pulido y pulido autom\u00e1tico Almohadilla de pulido de 5 pulgadas y 125 mm Almohadilla de pulido autom\u00e1tico triangular para detallado y pulido de autom\u00f3viles<\/strong><\/p>\n<p><strong>Rasgo:<\/strong><\/p>\n<p>La superficie de la almohadilla para pulir con esponja se divide en varios bloques triangulares independientes de acuerdo con el patr\u00f3n de rombos, lo que acelera el flujo de aire entre la esponja y la superficie de pintura de construcci\u00f3n, acelera la disipaci\u00f3n de calor y mejora la eficiencia de corte. Utilizado con el compuesto de pulido SYBON puede lograr la mejor efecto de pulido.<\/p>\n<p><strong>Familia de 5 colores para diferentes pasos:<\/strong><\/p>\n<p>1. Material de espuma de 40 PPI de color verde para procesos de corte pesado.<\/p>\n<p>2. Material de espuma de 50 PPI de color amarillo para proceso de corte medio.<\/p>\n<p>3. Material de espuma de 70 PPI de color naranja para corte medio.<\/p>\n<p>4. Material de espuma de 80 PPI de color azul para corte ligero.<\/p>\n<p>5. Material de espuma de 85 PPI de color rojo para el paso de pulido.<\/p>\n<p><img decoding=\"async\" class=\"aligncenter size-full wp-image-1734\" src=\"https:\/\/www.supersybon.com\/es\/wp-content\/uploads\/2022\/11\/1667806100-S002G-6-150Mm-Dual-Action-Polisher-Buffing-Pad-Da-Car-Polishing-Pad-Car-Waxing-Pad-With-Triangular-Structure.jpg\" alt=\"\" width=\"750\" height=\"750\" title=\"\" srcset=\"https:\/\/www.supersybon.com\/es\/wp-content\/uploads\/2022\/11\/1667806100-S002G-6-150Mm-Dual-Action-Polisher-Buffing-Pad-Da-Car-Polishing-Pad-Car-Waxing-Pad-With-Triangular-Structure.jpg 750w, https:\/\/www.supersybon.com\/es\/wp-content\/uploads\/2022\/11\/1667806100-S002G-6-150Mm-Dual-Action-Polisher-Buffing-Pad-Da-Car-Polishing-Pad-Car-Waxing-Pad-With-Triangular-Structure-480x480.jpg 480w\" sizes=\"(min-width: 0px) and (max-width: 480px) 480px, (min-width: 481px) 750px, 100vw\" \/><\/p>\n<\/div>\n<\/div>\n<div class=\"magic-13\">\n<div class=\"magic-14\">\n<div class=\"magic-9\">\n<div class=\"magic-10\">\n<p><img decoding=\"async\" class=\"aligncenter size-full wp-image-1733\" src=\"https:\/\/www.supersybon.com\/es\/wp-content\/uploads\/2022\/11\/1667806079-S002G-Forme-Classique-5-Soft-Orange-Foam-Swirl-Remover-Buffing-And-Polishing-Pad-Cires-Eponge.jpg\" alt=\"\" width=\"750\" height=\"750\" title=\"\" srcset=\"https:\/\/www.supersybon.com\/es\/wp-content\/uploads\/2022\/11\/1667806079-S002G-Forme-Classique-5-Soft-Orange-Foam-Swirl-Remover-Buffing-And-Polishing-Pad-Cires-Eponge.jpg 750w, https:\/\/www.supersybon.com\/es\/wp-content\/uploads\/2022\/11\/1667806079-S002G-Forme-Classique-5-Soft-Orange-Foam-Swirl-Remover-Buffing-And-Polishing-Pad-Cires-Eponge-480x480.jpg 480w\" sizes=\"(min-width: 0px) and (max-width: 480px) 480px, (min-width: 481px) 750px, 100vw\" \/><\/p>\n<p><img decoding=\"async\" class=\"aligncenter size-full wp-image-1735\" src=\"https:\/\/www.supersybon.com\/es\/wp-content\/uploads\/2022\/11\/1667806118-S002G-Classic-Shape-5-Soft-Orange-Foam-Swirl-Remover-Buffing-And-Polishing-Pad-Waxes-Sponge.jpg\" alt=\"\" width=\"750\" height=\"750\" title=\"\" srcset=\"https:\/\/www.supersybon.com\/es\/wp-content\/uploads\/2022\/11\/1667806118-S002G-Classic-Shape-5-Soft-Orange-Foam-Swirl-Remover-Buffing-And-Polishing-Pad-Waxes-Sponge.jpg 750w, https:\/\/www.supersybon.com\/es\/wp-content\/uploads\/2022\/11\/1667806118-S002G-Classic-Shape-5-Soft-Orange-Foam-Swirl-Remover-Buffing-And-Polishing-Pad-Waxes-Sponge-480x480.jpg 480w\" sizes=\"(min-width: 0px) and (max-width: 480px) 480px, (min-width: 481px) 750px, 100vw\" \/><\/p>\n<p><img decoding=\"async\" class=\"aligncenter size-full wp-image-1736\" src=\"https:\/\/www.supersybon.com\/es\/wp-content\/uploads\/2022\/11\/1667806146-S002G-6Inch-150Mm-High-Quality-Auto-Car-Care-Car-Polishing-Pad-Cutting-Pad-Finishing-Pad.jpg\" alt=\"\" width=\"750\" height=\"750\" title=\"\" srcset=\"https:\/\/www.supersybon.com\/es\/wp-content\/uploads\/2022\/11\/1667806146-S002G-6Inch-150Mm-High-Quality-Auto-Car-Care-Car-Polishing-Pad-Cutting-Pad-Finishing-Pad.jpg 750w, https:\/\/www.supersybon.com\/es\/wp-content\/uploads\/2022\/11\/1667806146-S002G-6Inch-150Mm-High-Quality-Auto-Car-Care-Car-Polishing-Pad-Cutting-Pad-Finishing-Pad-480x480.jpg 480w\" sizes=\"(min-width: 0px) and (max-width: 480px) 480px, (min-width: 481px) 750px, 100vw\" \/><\/p>\n<p>&nbsp;<\/p>\n<p>&nbsp;<\/p>\n<p><strong>Embalaje y servicio de productos<br \/>\n<\/strong><\/p>\n<hr \/>\n<p><strong>PAQUETE :<br \/>\n<\/strong><\/p>\n<p>100 piezas\/cart\u00f3n.<\/p>\n<div data-spm-anchor-id=\"a2700.details.0.i37.625d2e9eLtZffL\">\n<p>&nbsp;<\/p>\n<\/div>\n<div class=\"magic-13\">\n<div class=\"magic-14\">\n<div class=\"magic-9\">\n<div class=\"magic-10\">\n<div class=\"magic-13\">\n<div class=\"magic-14\">\n<div data-spm-anchor-id=\"a2700.details.0.i37.625d2e9eLtZffL\">\n<p>&nbsp;<\/p>\n<\/div>\n<\/div>\n<\/div>\n<\/div>\n<\/div>\n<\/div>\n<\/div>\n<div class=\"magic-13\">\n<div class=\"magic-14\">\n<div data-spm-anchor-id=\"a2700.details.0.i37.625d2e9eLtZffL\">\n<p><strong>NUESTRO SERVICIO:<br \/>\n<\/strong><\/p>\n<p>1.24 horas en l\u00ednea<\/p>\n<p>2. Precio competitivo<\/p>\n<p>3. Excelentes comentarios del cliente<\/p>\n<p>4. Pedidos en l\u00ednea seguros<\/p>\n<p>5. Entrega r\u00e1pida<\/p>\n<p>6. Soporte t\u00e9cnico profesional<\/p>\n<\/div>\n<\/div>\n<\/div>\n<\/div>\n<\/div>\n<\/div>\n<\/div>\n<div class=\"magic-13\">\n<div class=\"magic-14\">\n<div class=\"magic-13\">\n<div class=\"magic-14\">\n<div class=\"magic-9\">\n<div class=\"magic-10\">\n<div class=\"magic-13\">\n<div class=\"magic-14\">\n<div data-spm-anchor-id=\"a2700.details.0.i37.625d2e9eLtZffL\">\n<div class=\"magic-13\">\n<div class=\"magic-14\">\n<div class=\"magic-13\">\n<div class=\"magic-14\">\n<div class=\"magic-9\">\n<div class=\"magic-10\">\n<div class=\"magic-13\">\n<div class=\"magic-14\">\n<div data-spm-anchor-id=\"a2700.details.0.i37.625d2e9eLtZffL\">\n<div class=\"magic-13\">\n<div class=\"magic-14\">\n<p>&nbsp;<\/p>\n<\/div>\n<\/div>\n<\/div>\n<\/div>\n<\/div>\n<\/div>\n<\/div>\n<\/div>\n<\/div>\n<div class=\"magic-13\">\n<div class=\"magic-14\">\n<p>&nbsp;<\/p>\n<\/div>\n<\/div>\n<\/div>\n<\/div>\n<\/div>\n<\/div>\n<\/div>\n<\/div>\n<\/div>\n<\/div>\n<\/div>\n<div class=\"magic-13\">\n<div class=\"magic-14\">\n<p><strong>Perfil de la empresa<br \/>\n<\/strong><\/p>\n<hr \/>\n<p>&nbsp;<\/p>\n<\/div>\n<\/div>\n<p><img decoding=\"async\" class=\"aligncenter size-full wp-image-324\" src=\"https:\/\/www.supersybon.com\/es\/wp-content\/uploads\/2022\/09\/1663401769-Car-Paint-Supplier-Company-Profile-Manufacturer-China.jpg\" alt=\"\" width=\"900\" height=\"958\" title=\"\" srcset=\"https:\/\/www.supersybon.com\/es\/wp-content\/uploads\/2022\/09\/1663401769-Car-Paint-Supplier-Company-Profile-Manufacturer-China.jpg 900w, https:\/\/www.supersybon.com\/es\/wp-content\/uploads\/2022\/09\/1663401769-Car-Paint-Supplier-Company-Profile-Manufacturer-China-480x511.jpg 480w\" sizes=\"(min-width: 0px) and (max-width: 480px) 480px, (min-width: 481px) 900px, 100vw\" \/><\/p>\n<div class=\"magic-13\">\n<div class=\"magic-14\">\n<p><strong>Preguntas m\u00e1s frecuentes<\/strong><\/p>\n<hr \/>\n<\/div>\n<\/div>\n<p>P: \u00bfCu\u00e1l es su MOQ?<\/p>\n<p>R: Nuestro pedido m\u00ednimo es de 1 caja de cart\u00f3n.<\/p>\n<p>P: \u00bfQu\u00e9 hay de su pago?<\/p>\n<p>R: dep\u00f3sito del 50% por adelantado, saldo del 50% por T\/T, L\/C, paypal, Western Union o antes del env\u00edo.<\/p>\n<p>P: \u00bfProporcionan muestras?<\/p>\n<p>R: S\u00ed, puede comprar una muestra para probarla.<\/p>\n<p>P: \u00bfQu\u00e9 hay de su tiempo de entrega?<\/p>\n<p>R: generalmente 15 d\u00edas despu\u00e9s de recibir su dep\u00f3sito.<\/p>\n<\/div>\n<\/div>\n","protected":false},"excerpt":{"rendered":"<p>La superficie de la almohadilla para pulir con esponja se divide en varios bloques triangulares independientes de acuerdo con el patr\u00f3n de rombos, lo que acelera el flujo de aire entre la esponja y la superficie de pintura de construcci\u00f3n, acelera la disipaci\u00f3n de calor y mejora la eficiencia de corte. Utilizado con el compuesto de pulido SYBON puede lograr la mejor efecto de pulido.<\/p>\n","protected":false},"featured_media":1737,"template":"","meta":{"_et_pb_use_builder":"","_et_pb_old_content":"","_et_gb_content_width":""},"product_brand":[],"product_cat":[56,65],"product_tag":[644,645],"class_list":{"0":"post-1730","1":"product","2":"type-product","3":"status-publish","4":"has-post-thumbnail","6":"product_cat-serie-de-cuidado-de-automoviles","7":"product_cat-almohadilla-de-espuma-para-pulir","8":"product_tag-almohadilla-de-pulido-automatico-triangular","9":"product_tag-kit-de-pulido-y-pulido-automatico","11":"first","12":"instock","13":"shipping-taxable","14":"product-type-simple"},"_links":{"self":[{"href":"https:\/\/www.supersybon.com\/es\/wp-json\/wp\/v2\/product\/1730","targetHints":{"allow":["GET"]}}],"collection":[{"href":"https:\/\/www.supersybon.com\/es\/wp-json\/wp\/v2\/product"}],"about":[{"href":"https:\/\/www.supersybon.com\/es\/wp-json\/wp\/v2\/types\/product"}],"wp:featuredmedia":[{"embeddable":true,"href":"https:\/\/www.supersybon.com\/es\/wp-json\/wp\/v2\/media\/1737"}],"wp:attachment":[{"href":"https:\/\/www.supersybon.com\/es\/wp-json\/wp\/v2\/media?parent=1730"}],"wp:term":[{"taxonomy":"product_brand","embeddable":true,"href":"https:\/\/www.supersybon.com\/es\/wp-json\/wp\/v2\/product_brand?post=1730"},{"taxonomy":"product_cat","embeddable":true,"href":"https:\/\/www.supersybon.com\/es\/wp-json\/wp\/v2\/product_cat?post=1730"},{"taxonomy":"product_tag","embeddable":true,"href":"https:\/\/www.supersybon.com\/es\/wp-json\/wp\/v2\/product_tag?post=1730"}],"curies":[{"name":"wp","href":"https:\/\/api.w.org\/{rel}","templated":true}]}}