{"id":1715,"date":"2022-11-07T14:14:19","date_gmt":"2022-11-07T06:14:19","guid":{"rendered":"https:\/\/www.supersybon.com\/es\/?post_type=product&#038;p=1715"},"modified":"2023-01-05T17:33:59","modified_gmt":"2023-01-05T09:33:59","slug":"s001g-6-inch-150mm-almohadilla-de-pulido-de-espuma-de-doble-accion-para-superficies-planas-y-bordes-biselados-para-el-cuidado-del-automovil","status":"publish","type":"product","link":"https:\/\/www.supersybon.com\/es\/product\/s001g-6-inch-150mm-almohadilla-de-pulido-de-espuma-de-doble-accion-para-superficies-planas-y-bordes-biselados-para-el-cuidado-del-automovil","title":{"rendered":"S001G 6 inch 150mm Almohadilla de pulido de espuma de doble acci\u00f3n para superficies planas y bordes biselados para el cuidado del autom\u00f3vil"},"content":{"rendered":"<p><img decoding=\"async\" class=\"aligncenter size-full wp-image-1717\" src=\"https:\/\/www.supersybon.com\/es\/wp-content\/uploads\/2022\/11\/1667804100-S001G-Buffing-Pads-Vehicle-Polishing-Sponge-Quality-3Step-Polishing-Pad-And-Cutting-Pad-Orange.jpg\" alt=\"\" width=\"900\" height=\"364\" title=\"\" srcset=\"https:\/\/www.supersybon.com\/es\/wp-content\/uploads\/2022\/11\/1667804100-S001G-Buffing-Pads-Vehicle-Polishing-Sponge-Quality-3Step-Polishing-Pad-And-Cutting-Pad-Orange.jpg 900w, https:\/\/www.supersybon.com\/es\/wp-content\/uploads\/2022\/11\/1667804100-S001G-Buffing-Pads-Vehicle-Polishing-Sponge-Quality-3Step-Polishing-Pad-And-Cutting-Pad-Orange-480x194.jpg 480w\" sizes=\"(min-width: 0px) and (max-width: 480px) 480px, (min-width: 481px) 900px, 100vw\" \/><\/p>\n<div class=\"magic-13\">\n<div class=\"magic-14\">\n<div class=\"magic-9\">\n<div class=\"magic-10\">\n<p>&nbsp;<\/p>\n<\/div>\n<\/div>\n<\/div>\n<\/div>\n<div class=\"magic-13\">\n<div class=\"magic-14\">\n<p>&nbsp;<\/p>\n<p><strong>S001G 6 inch 150mm Almohadilla de pulido de espuma de doble acci\u00f3n para superficies planas y bordes biselados para el cuidado del autom\u00f3vil<\/strong><\/p>\n<p><strong>Rasgo:<\/strong><\/p>\n<p>1. Dise\u00f1ado para pulido rotativo y DA.<\/p>\n<p>2. Reduce las salpicaduras de esmalte y reduce la acumulaci\u00f3n de calor.<\/p>\n<p>3. Reduce la vibraci\u00f3n y ofrece un manejo m\u00e1s suave.<\/p>\n<p>4. Soporta altas temperaturas y lavado con agua.<\/p>\n<p>5. Funciona perfectamente con el pulidor DA.<\/p>\n<p><strong>Aplicaci\u00f3n de color:<\/strong><\/p>\n<p>1. La espuma de corte alto verde tiene una acci\u00f3n de corte intensivo que eliminar\u00e1 los rayones profundos, el exceso de rociado, las marcas de remolino severas, las marcas del disco de lijado n.\u00ba 1500 y la oxidaci\u00f3n intensa cuando se usa junto con compuestos de pulido pesados.<\/p>\n<p>2. Se aplica espuma granate en corte medio. Aplicada en forma redonda cl\u00e1sica y agregada una capa de refuerzo para una mayor durabilidad, esta almohadilla para pulir se puede instalar en la pulidora DA y usarse con detergente para pulir, etc. para restaurar rayones profundos y gruesos en la pintura del autom\u00f3vil.<\/p>\n<p>3. La espuma naranja tiene una acci\u00f3n de corte moderada que eliminar\u00e1 los rasgu\u00f1os de arena 1500\/2000#, el exceso de rociado y las imperfecciones de la superficie cuando se usa junto con compuestos de pulido.<\/p>\n<p>4. La espuma azul es universal y multiprop\u00f3sito, tiene una acci\u00f3n de corte ligera y eliminar\u00e1 los rasgu\u00f1os y las marcas de remolinos mientras deja una superficie nivelada y lisa, se puede usar junto con compuestos de pulido pesado o compuestos microfinos.<\/p>\n<p>5. La espuma negra\/roja tiene una acci\u00f3n de limpieza muy ligera para la eliminaci\u00f3n de marcas de remolino ultrafinas, rayones de lavado de autos y novatadas, dejando un acabado brillante sin remolinos cuando se usa junto con pulidores de acabado.<\/p>\n<p>6. La almohadilla de espuma blanca es una almohadilla de acabado para aplicar pulimentos finos, esmaltes, ceras y selladores sint\u00e9ticos. La almohadilla de espuma blanca terminar\u00e1 impecablemente en cualquier sistema de pintura, lo que otorga un acabado excepcionalmente brillante digno de un auto de exhibici\u00f3n.<\/p>\n<p><img decoding=\"async\" class=\"aligncenter size-full wp-image-1722\" src=\"https:\/\/www.supersybon.com\/es\/wp-content\/uploads\/2022\/11\/1667804512-S001G-Hot-Selling-Car-Polisher-Sponge-Polishing-Pad-Kit-6-Inch-For-Car-Care-Polisher.jpg\" alt=\"\" width=\"750\" height=\"750\" title=\"\" srcset=\"https:\/\/www.supersybon.com\/es\/wp-content\/uploads\/2022\/11\/1667804512-S001G-Hot-Selling-Car-Polisher-Sponge-Polishing-Pad-Kit-6-Inch-For-Car-Care-Polisher.jpg 750w, https:\/\/www.supersybon.com\/es\/wp-content\/uploads\/2022\/11\/1667804512-S001G-Hot-Selling-Car-Polisher-Sponge-Polishing-Pad-Kit-6-Inch-For-Car-Care-Polisher-480x480.jpg 480w\" sizes=\"(min-width: 0px) and (max-width: 480px) 480px, (min-width: 481px) 750px, 100vw\" \/><\/p>\n<\/div>\n<\/div>\n<div class=\"magic-13\">\n<div class=\"magic-14\">\n<div class=\"magic-9\">\n<div class=\"magic-10\">\n<p><img decoding=\"async\" class=\"aligncenter size-full wp-image-1718\" src=\"https:\/\/www.supersybon.com\/es\/wp-content\/uploads\/2022\/11\/1667804368-S001G-Medium-Cut-Machine-Car-Polishing-Pads-5-Polishing-Pads-180Mm-Cutting-Pad-Polish.jpg\" alt=\"\" width=\"750\" height=\"750\" title=\"\" srcset=\"https:\/\/www.supersybon.com\/es\/wp-content\/uploads\/2022\/11\/1667804368-S001G-Medium-Cut-Machine-Car-Polishing-Pads-5-Polishing-Pads-180Mm-Cutting-Pad-Polish.jpg 750w, https:\/\/www.supersybon.com\/es\/wp-content\/uploads\/2022\/11\/1667804368-S001G-Medium-Cut-Machine-Car-Polishing-Pads-5-Polishing-Pads-180Mm-Cutting-Pad-Polish-480x480.jpg 480w\" sizes=\"(min-width: 0px) and (max-width: 480px) 480px, (min-width: 481px) 750px, 100vw\" \/><\/p>\n<p><img decoding=\"async\" class=\"aligncenter size-full wp-image-1719\" src=\"https:\/\/www.supersybon.com\/es\/wp-content\/uploads\/2022\/11\/1667804417-S001G-Car-Polishing-Sponge-Pad-Heavy-Cut-Buffing-Pad-Sponge-Polisher-Set-5.jpg\" alt=\"\" width=\"750\" height=\"750\" title=\"\" srcset=\"https:\/\/www.supersybon.com\/es\/wp-content\/uploads\/2022\/11\/1667804417-S001G-Car-Polishing-Sponge-Pad-Heavy-Cut-Buffing-Pad-Sponge-Polisher-Set-5.jpg 750w, https:\/\/www.supersybon.com\/es\/wp-content\/uploads\/2022\/11\/1667804417-S001G-Car-Polishing-Sponge-Pad-Heavy-Cut-Buffing-Pad-Sponge-Polisher-Set-5-480x480.jpg 480w\" sizes=\"(min-width: 0px) and (max-width: 480px) 480px, (min-width: 481px) 750px, 100vw\" \/><\/p>\n<p><img decoding=\"async\" class=\"aligncenter size-full wp-image-1720\" src=\"https:\/\/www.supersybon.com\/es\/wp-content\/uploads\/2022\/11\/1667804439-S001G-Pad-Cut-Finish-Car-Polisher-Pads-150Mm-Yellow-Foam-Da-Car-Detailing-5-Inch-Foam-Buffing-Pads.jpg\" alt=\"\" width=\"750\" height=\"750\" title=\"\" srcset=\"https:\/\/www.supersybon.com\/es\/wp-content\/uploads\/2022\/11\/1667804439-S001G-Pad-Cut-Finish-Car-Polisher-Pads-150Mm-Yellow-Foam-Da-Car-Detailing-5-Inch-Foam-Buffing-Pads.jpg 750w, https:\/\/www.supersybon.com\/es\/wp-content\/uploads\/2022\/11\/1667804439-S001G-Pad-Cut-Finish-Car-Polisher-Pads-150Mm-Yellow-Foam-Da-Car-Detailing-5-Inch-Foam-Buffing-Pads-480x480.jpg 480w\" sizes=\"(min-width: 0px) and (max-width: 480px) 480px, (min-width: 481px) 750px, 100vw\" \/><\/p>\n<p><img decoding=\"async\" class=\"aligncenter size-full wp-image-1721\" src=\"https:\/\/www.supersybon.com\/es\/wp-content\/uploads\/2022\/11\/1667804490-S001G-High-Quality-6-Advanced-Automotive-Buffing-Sponge-Foam-Polishing-Pad.jpg\" alt=\"\" width=\"750\" height=\"750\" title=\"\" srcset=\"https:\/\/www.supersybon.com\/es\/wp-content\/uploads\/2022\/11\/1667804490-S001G-High-Quality-6-Advanced-Automotive-Buffing-Sponge-Foam-Polishing-Pad.jpg 750w, https:\/\/www.supersybon.com\/es\/wp-content\/uploads\/2022\/11\/1667804490-S001G-High-Quality-6-Advanced-Automotive-Buffing-Sponge-Foam-Polishing-Pad-480x480.jpg 480w\" sizes=\"(min-width: 0px) and (max-width: 480px) 480px, (min-width: 481px) 750px, 100vw\" \/><\/p>\n<p><img decoding=\"async\" class=\"aligncenter size-full wp-image-1723\" src=\"https:\/\/www.supersybon.com\/es\/wp-content\/uploads\/2022\/11\/1667804553-S001G-6-Foam-Polishing-Disc-Hot-Selling-Car-Polishing-Pad-Detailing-Car-Refinishing-Sponge-Pad.jpg\" alt=\"\" width=\"750\" height=\"750\" title=\"\" srcset=\"https:\/\/www.supersybon.com\/es\/wp-content\/uploads\/2022\/11\/1667804553-S001G-6-Foam-Polishing-Disc-Hot-Selling-Car-Polishing-Pad-Detailing-Car-Refinishing-Sponge-Pad.jpg 750w, https:\/\/www.supersybon.com\/es\/wp-content\/uploads\/2022\/11\/1667804553-S001G-6-Foam-Polishing-Disc-Hot-Selling-Car-Polishing-Pad-Detailing-Car-Refinishing-Sponge-Pad-480x480.jpg 480w\" sizes=\"(min-width: 0px) and (max-width: 480px) 480px, (min-width: 481px) 750px, 100vw\" \/><\/p>\n<p><img decoding=\"async\" class=\"aligncenter size-full wp-image-1724\" src=\"https:\/\/www.supersybon.com\/es\/wp-content\/uploads\/2022\/11\/1667804572-S001G-Car-Polishing-Pads-Round-Shape-Auto-Polisher-Buffer-Pads-Kit-6-Inch-150Mm-Sponge-Polishing-Pad.jpg\" alt=\"\" width=\"750\" height=\"750\" title=\"\" srcset=\"https:\/\/www.supersybon.com\/es\/wp-content\/uploads\/2022\/11\/1667804572-S001G-Car-Polishing-Pads-Round-Shape-Auto-Polisher-Buffer-Pads-Kit-6-Inch-150Mm-Sponge-Polishing-Pad.jpg 750w, https:\/\/www.supersybon.com\/es\/wp-content\/uploads\/2022\/11\/1667804572-S001G-Car-Polishing-Pads-Round-Shape-Auto-Polisher-Buffer-Pads-Kit-6-Inch-150Mm-Sponge-Polishing-Pad-480x480.jpg 480w\" sizes=\"(min-width: 0px) and (max-width: 480px) 480px, (min-width: 481px) 750px, 100vw\" \/><\/p>\n<p>&nbsp;<\/p>\n<p>&nbsp;<\/p>\n<p><strong>Embalaje y servicio de productos<br \/>\n<\/strong><\/p>\n<hr \/>\n<p><strong>PAQUETE :<br \/>\n<\/strong><\/p>\n<p>100PCS\/Carton.<\/p>\n<div data-spm-anchor-id=\"a2700.details.0.i37.625d2e9eLtZffL\">\n<p>&nbsp;<\/p>\n<\/div>\n<div class=\"magic-13\">\n<div class=\"magic-14\">\n<div class=\"magic-9\">\n<div class=\"magic-10\">\n<div class=\"magic-13\">\n<div class=\"magic-14\">\n<div data-spm-anchor-id=\"a2700.details.0.i37.625d2e9eLtZffL\">\n<p>&nbsp;<\/p>\n<\/div>\n<\/div>\n<\/div>\n<\/div>\n<\/div>\n<\/div>\n<\/div>\n<div class=\"magic-13\">\n<div class=\"magic-14\">\n<div data-spm-anchor-id=\"a2700.details.0.i37.625d2e9eLtZffL\">\n<p><strong>NUESTRO SERVICIO:<br \/>\n<\/strong><\/p>\n<p>1.24 horas en l\u00ednea<\/p>\n<p>2. Precio competitivo<\/p>\n<p>3. Excelentes comentarios del cliente<\/p>\n<p>4. Pedidos en l\u00ednea seguros<\/p>\n<p>5. Entrega r\u00e1pida<\/p>\n<p>6. Soporte t\u00e9cnico profesional<\/p>\n<\/div>\n<\/div>\n<\/div>\n<\/div>\n<\/div>\n<\/div>\n<\/div>\n<div class=\"magic-13\">\n<div class=\"magic-14\">\n<div class=\"magic-13\">\n<div class=\"magic-14\">\n<div class=\"magic-9\">\n<div class=\"magic-10\">\n<div class=\"magic-13\">\n<div class=\"magic-14\">\n<div data-spm-anchor-id=\"a2700.details.0.i37.625d2e9eLtZffL\">\n<div class=\"magic-13\">\n<div class=\"magic-14\">\n<div class=\"magic-13\">\n<div class=\"magic-14\">\n<div class=\"magic-9\">\n<div class=\"magic-10\">\n<div class=\"magic-13\">\n<div class=\"magic-14\">\n<div data-spm-anchor-id=\"a2700.details.0.i37.625d2e9eLtZffL\">\n<div class=\"magic-13\">\n<div class=\"magic-14\">\n<p>&nbsp;<\/p>\n<\/div>\n<\/div>\n<\/div>\n<\/div>\n<\/div>\n<\/div>\n<\/div>\n<\/div>\n<\/div>\n<div class=\"magic-13\">\n<div class=\"magic-14\">\n<p>&nbsp;<\/p>\n<\/div>\n<\/div>\n<\/div>\n<\/div>\n<\/div>\n<\/div>\n<\/div>\n<\/div>\n<\/div>\n<\/div>\n<\/div>\n<div class=\"magic-13\">\n<div class=\"magic-14\">\n<p><strong>Perfil de la empresa<br \/>\n<\/strong><\/p>\n<hr \/>\n<p>&nbsp;<\/p>\n<\/div>\n<\/div>\n<p><img decoding=\"async\" class=\"aligncenter size-full wp-image-324\" src=\"https:\/\/www.supersybon.com\/es\/wp-content\/uploads\/2022\/09\/1663401769-Car-Paint-Supplier-Company-Profile-Manufacturer-China.jpg\" alt=\"\" width=\"900\" height=\"958\" title=\"\" srcset=\"https:\/\/www.supersybon.com\/es\/wp-content\/uploads\/2022\/09\/1663401769-Car-Paint-Supplier-Company-Profile-Manufacturer-China.jpg 900w, https:\/\/www.supersybon.com\/es\/wp-content\/uploads\/2022\/09\/1663401769-Car-Paint-Supplier-Company-Profile-Manufacturer-China-480x511.jpg 480w\" sizes=\"(min-width: 0px) and (max-width: 480px) 480px, (min-width: 481px) 900px, 100vw\" \/><\/p>\n<div class=\"magic-13\">\n<div class=\"magic-14\">\n<p><strong>Preguntas m\u00e1s frecuentes<\/strong><\/p>\n<hr \/>\n<\/div>\n<\/div>\n<p>P: \u00bfCu\u00e1l es su MOQ?<\/p>\n<p>R: Nuestro pedido m\u00ednimo es de 1 caja de cart\u00f3n.<\/p>\n<p>P: \u00bfQu\u00e9 hay de su pago?<\/p>\n<p>R: dep\u00f3sito del 50% por adelantado, saldo del 50% por T\/T, L\/C, paypal, Western Union o antes del env\u00edo.<\/p>\n<p>P: \u00bfProporcionan muestras?<\/p>\n<p>R: S\u00ed, puede comprar una muestra para probarla.<\/p>\n<p>P: \u00bfQu\u00e9 hay de su tiempo de entrega?<\/p>\n<p>R: generalmente 15 d\u00edas despu\u00e9s de recibir su dep\u00f3sito.<\/p>\n<\/div>\n<\/div>\n","protected":false},"excerpt":{"rendered":"<p>1. Dise\u00f1ado tanto para Rotary como para amp; Pulido DA.<br \/>\n2. Reduce las salpicaduras de esmalte y reduce la acumulaci\u00f3n de calor.<br \/>\n3. Reduce la vibraci\u00f3n y ofrece un manejo m\u00e1s suave.<br \/>\n4. Soporta altas temperaturas y lavado con agua.<br \/>\n5. Funciona perfectamente con el pulidor DA.<\/p>\n","protected":false},"featured_media":1725,"template":"","meta":{"_et_pb_use_builder":"","_et_pb_old_content":"","_et_gb_content_width":""},"product_brand":[],"product_cat":[56,65],"product_tag":[643,642],"class_list":{"0":"post-1715","1":"product","2":"type-product","3":"status-publish","4":"has-post-thumbnail","6":"product_cat-serie-de-cuidado-de-automoviles","7":"product_cat-almohadilla-de-espuma-para-pulir","8":"product_tag-almohadilla-de-pulido-de-borde-biselado-de-superficie-plana","9":"product_tag-almohadilla-de-pulido-de-espuma-de-doble-accion","11":"first","12":"instock","13":"shipping-taxable","14":"product-type-simple"},"_links":{"self":[{"href":"https:\/\/www.supersybon.com\/es\/wp-json\/wp\/v2\/product\/1715","targetHints":{"allow":["GET"]}}],"collection":[{"href":"https:\/\/www.supersybon.com\/es\/wp-json\/wp\/v2\/product"}],"about":[{"href":"https:\/\/www.supersybon.com\/es\/wp-json\/wp\/v2\/types\/product"}],"wp:featuredmedia":[{"embeddable":true,"href":"https:\/\/www.supersybon.com\/es\/wp-json\/wp\/v2\/media\/1725"}],"wp:attachment":[{"href":"https:\/\/www.supersybon.com\/es\/wp-json\/wp\/v2\/media?parent=1715"}],"wp:term":[{"taxonomy":"product_brand","embeddable":true,"href":"https:\/\/www.supersybon.com\/es\/wp-json\/wp\/v2\/product_brand?post=1715"},{"taxonomy":"product_cat","embeddable":true,"href":"https:\/\/www.supersybon.com\/es\/wp-json\/wp\/v2\/product_cat?post=1715"},{"taxonomy":"product_tag","embeddable":true,"href":"https:\/\/www.supersybon.com\/es\/wp-json\/wp\/v2\/product_tag?post=1715"}],"curies":[{"name":"wp","href":"https:\/\/api.w.org\/{rel}","templated":true}]}}