{"id":1600,"date":"2022-11-02T18:22:59","date_gmt":"2022-11-02T10:22:59","guid":{"rendered":"https:\/\/www.supersybon.com\/es\/?post_type=product&#038;p=1600"},"modified":"2023-01-05T11:05:42","modified_gmt":"2023-01-05T03:05:42","slug":"s806-toalla-de-barra-de-arcilla-de-microfibra-de-grado-fino-para-cuidado-de-automoviles-alternativa-de-barra-de-arcilla-de-toalla-para-detalles-de-automoviles-para-detalles-de-automoviles","status":"publish","type":"product","link":"https:\/\/www.supersybon.com\/es\/product\/s806-toalla-de-barra-de-arcilla-de-microfibra-de-grado-fino-para-cuidado-de-automoviles-alternativa-de-barra-de-arcilla-de-toalla-para-detalles-de-automoviles-para-detalles-de-automoviles","title":{"rendered":"S806 Toalla de barra de arcilla de microfibra de grado fino para cuidado de autom\u00f3viles, alternativa de barra de arcilla de toalla para detalles de autom\u00f3viles para detalles de autom\u00f3viles"},"content":{"rendered":"<p><img decoding=\"async\" class=\"aligncenter size-full wp-image-1601\" src=\"https:\/\/www.supersybon.com\/es\/wp-content\/uploads\/2022\/11\/1667385071-S806-Autocare-Fine-Grade-Microfiber-Clay-Towel-Clay-Bar-Towel.jpg\" alt=\"\" width=\"900\" height=\"364\" title=\"\" srcset=\"https:\/\/www.supersybon.com\/es\/wp-content\/uploads\/2022\/11\/1667385071-S806-Autocare-Fine-Grade-Microfiber-Clay-Towel-Clay-Bar-Towel.jpg 900w, https:\/\/www.supersybon.com\/es\/wp-content\/uploads\/2022\/11\/1667385071-S806-Autocare-Fine-Grade-Microfiber-Clay-Towel-Clay-Bar-Towel-480x194.jpg 480w\" sizes=\"(min-width: 0px) and (max-width: 480px) 480px, (min-width: 481px) 900px, 100vw\" \/><\/p>\n<p>&nbsp;<\/p>\n<p style=\"text-align: left;\"><strong>S806 Toalla de barra de arcilla de microfibra de grado fino para cuidado de autom\u00f3viles, alternativa de barra de arcilla de toalla para detalles de autom\u00f3viles para detalles de autom\u00f3viles<\/strong><\/p>\n<p><strong>Rasgo:<br \/>\n<\/strong><\/p>\n<p>1. Construido con microfibra en un lado y revestimiento de caucho polimerizado de alta tecnolog\u00eda con dise\u00f1o de malla en el otro.<\/p>\n<p>2. Tiene la ventaja de una fuerte permeabilidad desde ambos lados.<\/p>\n<p>3. Ayuda a ahorrar la mitad del tiempo y esfuerzo de una barra de arcilla, y evita que tus hombros, codos, brazos y manos se desgasten.<\/p>\n<p>4. Puede eliminar f\u00e1cil y r\u00e1pidamente los contaminantes de la superficie, alej\u00e1ndolos de su autom\u00f3vil y dejando un acabado de pintura suave como la seda.<\/p>\n<p>5. Se puede enjuagar y reutilizar varias veces, lo que lo hace mucho m\u00e1s efectivo que una barra de arcilla.<\/p>\n<p><img decoding=\"async\" class=\"aligncenter size-full wp-image-1602\" src=\"https:\/\/www.supersybon.com\/es\/wp-content\/uploads\/2022\/11\/1667385122-S806-Factory-Direct-Supply-Car-Cleaning-Remove-Contaminant-Strong-Permeability-Car-Detailing-Wash-Clay-Bar-Towel.jpg\" alt=\"\" width=\"750\" height=\"750\" title=\"\" srcset=\"https:\/\/www.supersybon.com\/es\/wp-content\/uploads\/2022\/11\/1667385122-S806-Factory-Direct-Supply-Car-Cleaning-Remove-Contaminant-Strong-Permeability-Car-Detailing-Wash-Clay-Bar-Towel.jpg 750w, https:\/\/www.supersybon.com\/es\/wp-content\/uploads\/2022\/11\/1667385122-S806-Factory-Direct-Supply-Car-Cleaning-Remove-Contaminant-Strong-Permeability-Car-Detailing-Wash-Clay-Bar-Towel-480x480.jpg 480w\" sizes=\"(min-width: 0px) and (max-width: 480px) 480px, (min-width: 481px) 750px, 100vw\" \/><\/p>\n<p><img decoding=\"async\" class=\"aligncenter size-full wp-image-1611\" src=\"https:\/\/www.supersybon.com\/es\/wp-content\/uploads\/2022\/11\/1667385616-S806-Factory-Good-Quality-Autocare-Fine-Grade-Microfiber-Clay-Towel-Clay-Bar-Towel-For-Car-Washing.jpg\" alt=\"\" width=\"750\" height=\"750\" title=\"\" srcset=\"https:\/\/www.supersybon.com\/es\/wp-content\/uploads\/2022\/11\/1667385616-S806-Factory-Good-Quality-Autocare-Fine-Grade-Microfiber-Clay-Towel-Clay-Bar-Towel-For-Car-Washing.jpg 750w, https:\/\/www.supersybon.com\/es\/wp-content\/uploads\/2022\/11\/1667385616-S806-Factory-Good-Quality-Autocare-Fine-Grade-Microfiber-Clay-Towel-Clay-Bar-Towel-For-Car-Washing-480x480.jpg 480w\" sizes=\"(min-width: 0px) and (max-width: 480px) 480px, (min-width: 481px) 750px, 100vw\" \/><\/p>\n<p><img decoding=\"async\" class=\"aligncenter size-full wp-image-1604\" src=\"https:\/\/www.supersybon.com\/es\/wp-content\/uploads\/2022\/11\/1667385204-S806-Factory-Good-Quality-Autocare-Fine-Grade-Microfiber-Clay-Towel-Clay-Bar-Alternative-For-Car-Detailing-Washing.jpg\" alt=\"\" width=\"750\" height=\"952\" title=\"\" srcset=\"https:\/\/www.supersybon.com\/es\/wp-content\/uploads\/2022\/11\/1667385204-S806-Factory-Good-Quality-Autocare-Fine-Grade-Microfiber-Clay-Towel-Clay-Bar-Alternative-For-Car-Detailing-Washing.jpg 750w, https:\/\/www.supersybon.com\/es\/wp-content\/uploads\/2022\/11\/1667385204-S806-Factory-Good-Quality-Autocare-Fine-Grade-Microfiber-Clay-Towel-Clay-Bar-Alternative-For-Car-Detailing-Washing-480x609.jpg 480w\" sizes=\"(min-width: 0px) and (max-width: 480px) 480px, (min-width: 481px) 750px, 100vw\" \/><\/p>\n<p>&nbsp;<\/p>\n<p>&nbsp;<\/p>\n<p>&nbsp;<\/p>\n<p><strong>Pasos para el uso<\/strong><\/p>\n<hr \/>\n<p><img decoding=\"async\" class=\"aligncenter size-full wp-image-1605\" src=\"https:\/\/www.supersybon.com\/es\/wp-content\/uploads\/2022\/11\/1667385225-S806-Clay-Bar-Towel-Autocare-Fine-Grade-Microfiber-Clay-Towel.jpg\" alt=\"\" width=\"750\" height=\"750\" title=\"\" srcset=\"https:\/\/www.supersybon.com\/es\/wp-content\/uploads\/2022\/11\/1667385225-S806-Clay-Bar-Towel-Autocare-Fine-Grade-Microfiber-Clay-Towel.jpg 750w, https:\/\/www.supersybon.com\/es\/wp-content\/uploads\/2022\/11\/1667385225-S806-Clay-Bar-Towel-Autocare-Fine-Grade-Microfiber-Clay-Towel-480x480.jpg 480w\" sizes=\"(min-width: 0px) and (max-width: 480px) 480px, (min-width: 481px) 750px, 100vw\" \/><\/p>\n<p><strong>Embalaje y servicio de productos<br \/>\n<\/strong><\/p>\n<hr \/>\n<p><strong>PAQUETE :<br \/>\n<\/strong><\/p>\n<p>1pc\/pp bag.<\/p>\n<p>&nbsp;<\/p>\n<p>&nbsp;<\/p>\n<p><strong>NUESTRO SERVICIO:<br \/>\n<\/strong><\/p>\n<p>1.24 horas en l\u00ednea<\/p>\n<p>2. Precio competitivo<\/p>\n<p>3. Excelentes comentarios del cliente<\/p>\n<p>4. Pedidos en l\u00ednea seguros<\/p>\n<p>5. Entrega r\u00e1pida<\/p>\n<p>6. Soporte t\u00e9cnico profesional<\/p>\n<div class=\"magic-13\">\n<div class=\"magic-14\">\n<p>&nbsp;<\/p>\n<p><strong>Perfil de la empresa<br \/>\n<\/strong><\/p>\n<hr \/>\n<p><img decoding=\"async\" class=\"aligncenter size-full wp-image-324\" src=\"https:\/\/www.supersybon.com\/es\/wp-content\/uploads\/2022\/09\/1663401769-Car-Paint-Supplier-Company-Profile-Manufacturer-China.jpg\" alt=\"\" width=\"900\" height=\"958\" title=\"\" srcset=\"https:\/\/www.supersybon.com\/es\/wp-content\/uploads\/2022\/09\/1663401769-Car-Paint-Supplier-Company-Profile-Manufacturer-China.jpg 900w, https:\/\/www.supersybon.com\/es\/wp-content\/uploads\/2022\/09\/1663401769-Car-Paint-Supplier-Company-Profile-Manufacturer-China-480x511.jpg 480w\" sizes=\"(min-width: 0px) and (max-width: 480px) 480px, (min-width: 481px) 900px, 100vw\" \/><\/p>\n<p><strong>Preguntas m\u00e1s frecuentes<br \/>\n<\/strong><\/p>\n<hr \/>\n<p>P: \u00bfCu\u00e1l es su MOQ?<\/p>\n<p>R: Nuestro pedido m\u00ednimo es de 1 caja de cart\u00f3n.<\/p>\n<p>P: \u00bfQu\u00e9 hay de su pago?<\/p>\n<p>R: dep\u00f3sito del 50% por adelantado, saldo del 50% por T\/T, L\/C, paypal, Western Union o antes del env\u00edo.<\/p>\n<p>P: \u00bfProporcionan muestras?<\/p>\n<p>R: S\u00ed, puede comprar una muestra para probarla.<\/p>\n<p>P: \u00bfQu\u00e9 hay de su tiempo de entrega?<\/p>\n<p>R: generalmente 15 d\u00edas despu\u00e9s de recibir su dep\u00f3sito.<\/p>\n<\/div>\n<\/div>\n","protected":false},"excerpt":{"rendered":"<p>1. Construido con microfibra en un lado y revestimiento de caucho polimerizado de alta tecnolog\u00eda con dise\u00f1o de malla en el otro.<br \/>\n2. Tiene la ventaja de una fuerte permeabilidad desde ambos lados.<br \/>\n3. Ayuda a ahorrar la mitad del tiempo y esfuerzo de una barra de arcilla, y evita que tus hombros, codos, brazos y manos se desgasten.<br \/>\n4. Puede eliminar f\u00e1cil y r\u00e1pidamente los contaminantes de la superficie, alej\u00e1ndolos de su autom\u00f3vil y dejando un acabado de pintura suave como la seda.<br \/>\n5. Se puede enjuagar y reutilizar varias veces, lo que lo hace mucho m\u00e1s efectivo que una barra de arcilla.<\/p>\n","protected":false},"featured_media":1606,"template":"","meta":{"_et_pb_use_builder":"","_et_pb_old_content":"","_et_gb_content_width":""},"product_brand":[],"product_cat":[56,59],"product_tag":[626],"class_list":{"0":"post-1600","1":"product","2":"type-product","3":"status-publish","4":"has-post-thumbnail","6":"product_cat-serie-de-cuidado-de-automoviles","7":"product_cat-productos-de-arcilla","8":"product_tag-toalla-de-barra-de-arcilla","10":"first","11":"instock","12":"shipping-taxable","13":"product-type-simple"},"_links":{"self":[{"href":"https:\/\/www.supersybon.com\/es\/wp-json\/wp\/v2\/product\/1600","targetHints":{"allow":["GET"]}}],"collection":[{"href":"https:\/\/www.supersybon.com\/es\/wp-json\/wp\/v2\/product"}],"about":[{"href":"https:\/\/www.supersybon.com\/es\/wp-json\/wp\/v2\/types\/product"}],"wp:featuredmedia":[{"embeddable":true,"href":"https:\/\/www.supersybon.com\/es\/wp-json\/wp\/v2\/media\/1606"}],"wp:attachment":[{"href":"https:\/\/www.supersybon.com\/es\/wp-json\/wp\/v2\/media?parent=1600"}],"wp:term":[{"taxonomy":"product_brand","embeddable":true,"href":"https:\/\/www.supersybon.com\/es\/wp-json\/wp\/v2\/product_brand?post=1600"},{"taxonomy":"product_cat","embeddable":true,"href":"https:\/\/www.supersybon.com\/es\/wp-json\/wp\/v2\/product_cat?post=1600"},{"taxonomy":"product_tag","embeddable":true,"href":"https:\/\/www.supersybon.com\/es\/wp-json\/wp\/v2\/product_tag?post=1600"}],"curies":[{"name":"wp","href":"https:\/\/api.w.org\/{rel}","templated":true}]}}