{"id":1578,"date":"2022-11-02T17:03:59","date_gmt":"2022-11-02T09:03:59","guid":{"rendered":"https:\/\/www.supersybon.com\/es\/?post_type=product&#038;p=1578"},"modified":"2023-01-05T10:54:50","modified_gmt":"2023-01-05T02:54:50","slug":"s804-6-inch-almohadilla-de-barra-de-arcilla-para-pulidora-da-y-pulidora-rotativa-para-detallado-de-automoviles-barras-de-arcilla-auto-detallado","status":"publish","type":"product","link":"https:\/\/www.supersybon.com\/es\/product\/s804-6-inch-almohadilla-de-barra-de-arcilla-para-pulidora-da-y-pulidora-rotativa-para-detallado-de-automoviles-barras-de-arcilla-auto-detallado","title":{"rendered":"S804 6 Inch Almohadilla de barra de arcilla para pulidora DA y pulidora rotativa para detallado de autom\u00f3viles Barras de arcilla Auto detallado"},"content":{"rendered":"<p><img decoding=\"async\" class=\"aligncenter size-full wp-image-1579\" src=\"https:\/\/www.supersybon.com\/es\/wp-content\/uploads\/2022\/11\/1667380912-S804-150mm-Fine-Grade-Clay-Pad-Foam-Pad-For-Car-Detailing-Tool-Detailing-Kit-Car-Cleaning.jpg\" alt=\"\" width=\"900\" height=\"364\" title=\"\" srcset=\"https:\/\/www.supersybon.com\/es\/wp-content\/uploads\/2022\/11\/1667380912-S804-150mm-Fine-Grade-Clay-Pad-Foam-Pad-For-Car-Detailing-Tool-Detailing-Kit-Car-Cleaning.jpg 900w, https:\/\/www.supersybon.com\/es\/wp-content\/uploads\/2022\/11\/1667380912-S804-150mm-Fine-Grade-Clay-Pad-Foam-Pad-For-Car-Detailing-Tool-Detailing-Kit-Car-Cleaning-480x194.jpg 480w\" sizes=\"(min-width: 0px) and (max-width: 480px) 480px, (min-width: 481px) 900px, 100vw\" \/><\/p>\n<p>&nbsp;<\/p>\n<p style=\"text-align: left;\"><strong>S804 6 Inch Almohadilla de barra de arcilla para pulidora DA y pulidora rotativa para detallado de autom\u00f3viles Barras de arcilla Auto detallado<\/strong><\/p>\n<p><strong>Ventaja:<\/strong><\/p>\n<p>1. Los nanoingredientes especiales se combinan con el pulidor neum\u00e1tico, velocidad r\u00e1pida, gran capacidad de limpieza para lograr el mejor efecto de limpieza.<\/p>\n<p>2. Las almohadillas de pulido se pueden usar en m\u00e1quinas de pulido neum\u00e1ticas o el\u00e9ctricas y en muchas herramientas giratorias o de \u00f3rbita aleatoria.<\/p>\n<p>3. F\u00e1cil de usar. Puede cambiar las almohadillas en cuesti\u00f3n de segundos. La parte posterior del disco tiene velcro, por lo que puede cambiar f\u00e1cilmente la almohadilla amortiguadora.<\/p>\n<p>4. Lavable y duradero, una almohadilla se puede usar muchas veces.<\/p>\n<p>5.Superficies pulidas a su m\u00e1ximo brillo sin causar da\u00f1os.<\/p>\n<p>6.Usando con l\u00edquido de pulido, pasta, polvo, puede obtener el mejor efecto.<\/p>\n<p>7. Puede establecer una barrera protectora para la apariencia de muebles y veh\u00edculos contra ataques hostiles del medio ambiente.<\/p>\n<p>8. Alta calidad, conveniente y efectivo, perfecto para eliminar rasgu\u00f1os y defectos.<\/p>\n<p><img decoding=\"async\" class=\"aligncenter size-full wp-image-1586\" src=\"https:\/\/www.supersybon.com\/es\/wp-content\/uploads\/2022\/11\/1667381240-S804-150mm-Fine-Grade-Da-Polisher-Clay-Disc-Foam-Surface-Prep-Pad-Pneumatic-Clay-Applicator-Detailing-Autoscrub-Pad.jpg\" alt=\"\" width=\"750\" height=\"750\" title=\"\" srcset=\"https:\/\/www.supersybon.com\/es\/wp-content\/uploads\/2022\/11\/1667381240-S804-150mm-Fine-Grade-Da-Polisher-Clay-Disc-Foam-Surface-Prep-Pad-Pneumatic-Clay-Applicator-Detailing-Autoscrub-Pad.jpg 750w, https:\/\/www.supersybon.com\/es\/wp-content\/uploads\/2022\/11\/1667381240-S804-150mm-Fine-Grade-Da-Polisher-Clay-Disc-Foam-Surface-Prep-Pad-Pneumatic-Clay-Applicator-Detailing-Autoscrub-Pad-480x480.jpg 480w\" sizes=\"(min-width: 0px) and (max-width: 480px) 480px, (min-width: 481px) 750px, 100vw\" \/><\/p>\n<p><img decoding=\"async\" class=\"aligncenter size-full wp-image-1580\" src=\"https:\/\/www.supersybon.com\/es\/wp-content\/uploads\/2022\/11\/1667380936-S804-Special-Nano-Ingredients-Fast-Speed-Strong-Cleaning-Ability-Buffing-Pads-Magic-Clay-Pad.jpg\" alt=\"\" width=\"750\" height=\"750\" title=\"\" srcset=\"https:\/\/www.supersybon.com\/es\/wp-content\/uploads\/2022\/11\/1667380936-S804-Special-Nano-Ingredients-Fast-Speed-Strong-Cleaning-Ability-Buffing-Pads-Magic-Clay-Pad.jpg 750w, https:\/\/www.supersybon.com\/es\/wp-content\/uploads\/2022\/11\/1667380936-S804-Special-Nano-Ingredients-Fast-Speed-Strong-Cleaning-Ability-Buffing-Pads-Magic-Clay-Pad-480x480.jpg 480w\" sizes=\"(min-width: 0px) and (max-width: 480px) 480px, (min-width: 481px) 750px, 100vw\" \/><\/p>\n<p><img decoding=\"async\" class=\"aligncenter size-full wp-image-1581\" src=\"https:\/\/www.supersybon.com\/es\/wp-content\/uploads\/2022\/11\/1667380952-S804-6-Da-Polisher-Pad-Pneumatic-Clay-Disc-Foam-Pad-For-Car-Detailing-Tool-Detailing-Kit-Car-Cleaning.jpg\" alt=\"\" width=\"750\" height=\"750\" title=\"\" srcset=\"https:\/\/www.supersybon.com\/es\/wp-content\/uploads\/2022\/11\/1667380952-S804-6-Da-Polisher-Pad-Pneumatic-Clay-Disc-Foam-Pad-For-Car-Detailing-Tool-Detailing-Kit-Car-Cleaning.jpg 750w, https:\/\/www.supersybon.com\/es\/wp-content\/uploads\/2022\/11\/1667380952-S804-6-Da-Polisher-Pad-Pneumatic-Clay-Disc-Foam-Pad-For-Car-Detailing-Tool-Detailing-Kit-Car-Cleaning-480x480.jpg 480w\" sizes=\"(min-width: 0px) and (max-width: 480px) 480px, (min-width: 481px) 750px, 100vw\" \/><\/p>\n<p><img decoding=\"async\" class=\"aligncenter size-full wp-image-1582\" src=\"https:\/\/www.supersybon.com\/es\/wp-content\/uploads\/2022\/11\/1667380973-S804-Fine-Grade-Car-Detailing-Wash-Clay-Sponge-Car-Cleaning-Clay-Bar-Scrub-Pad.jpg\" alt=\"\" width=\"750\" height=\"750\" title=\"\" srcset=\"https:\/\/www.supersybon.com\/es\/wp-content\/uploads\/2022\/11\/1667380973-S804-Fine-Grade-Car-Detailing-Wash-Clay-Sponge-Car-Cleaning-Clay-Bar-Scrub-Pad.jpg 750w, https:\/\/www.supersybon.com\/es\/wp-content\/uploads\/2022\/11\/1667380973-S804-Fine-Grade-Car-Detailing-Wash-Clay-Sponge-Car-Cleaning-Clay-Bar-Scrub-Pad-480x480.jpg 480w\" sizes=\"(min-width: 0px) and (max-width: 480px) 480px, (min-width: 481px) 750px, 100vw\" \/><\/p>\n<p><img decoding=\"async\" class=\"aligncenter size-full wp-image-1583\" src=\"https:\/\/www.supersybon.com\/es\/wp-content\/uploads\/2022\/11\/1667380987-S804-150mm-Foam-Polishing-Auto-Sponge-Applicator-Car-Clay-Bar-Detailing-Pad.jpg\" alt=\"\" width=\"750\" height=\"750\" title=\"\" srcset=\"https:\/\/www.supersybon.com\/es\/wp-content\/uploads\/2022\/11\/1667380987-S804-150mm-Foam-Polishing-Auto-Sponge-Applicator-Car-Clay-Bar-Detailing-Pad.jpg 750w, https:\/\/www.supersybon.com\/es\/wp-content\/uploads\/2022\/11\/1667380987-S804-150mm-Foam-Polishing-Auto-Sponge-Applicator-Car-Clay-Bar-Detailing-Pad-480x480.jpg 480w\" sizes=\"(min-width: 0px) and (max-width: 480px) 480px, (min-width: 481px) 750px, 100vw\" \/><\/p>\n<p>&nbsp;<\/p>\n<p><strong>Pasos para el uso<\/strong><\/p>\n<hr \/>\n<p>&nbsp;<\/p>\n<p><img decoding=\"async\" class=\"aligncenter size-full wp-image-1587\" src=\"https:\/\/www.supersybon.com\/es\/wp-content\/uploads\/2022\/11\/1667381349-S804-Premium-Clay-Pad-Medium-Grade-6-Orbital-Clay-Bar-Disk-Foam-Polisher-Pad-For-Car-Detailing.png\" alt=\"\" width=\"959\" height=\"774\" title=\"\" srcset=\"https:\/\/www.supersybon.com\/es\/wp-content\/uploads\/2022\/11\/1667381349-S804-Premium-Clay-Pad-Medium-Grade-6-Orbital-Clay-Bar-Disk-Foam-Polisher-Pad-For-Car-Detailing.png 959w, https:\/\/www.supersybon.com\/es\/wp-content\/uploads\/2022\/11\/1667381349-S804-Premium-Clay-Pad-Medium-Grade-6-Orbital-Clay-Bar-Disk-Foam-Polisher-Pad-For-Car-Detailing-480x387.png 480w\" sizes=\"(min-width: 0px) and (max-width: 480px) 480px, (min-width: 481px) 959px, 100vw\" \/><\/p>\n<p><strong>Embalaje y servicio de productos<br \/>\n<\/strong><\/p>\n<hr \/>\n<p><strong>PAQUETE :<br \/>\n<\/strong><\/p>\n<p>1 pc\/PE bag, 180pcs\/ctn.<\/p>\n<p>&nbsp;<\/p>\n<p>&nbsp;<\/p>\n<p><strong>NUESTRO SERVICIO:<br \/>\n<\/strong><\/p>\n<p>1.24 horas en l\u00ednea<\/p>\n<p>2. Precio competitivo<\/p>\n<p>3. Excelentes comentarios del cliente<\/p>\n<p>4. Pedidos en l\u00ednea seguros<\/p>\n<p>5. Entrega r\u00e1pida<\/p>\n<p>6. Soporte t\u00e9cnico profesional<\/p>\n<div class=\"magic-13\">\n<div class=\"magic-14\">\n<p>&nbsp;<\/p>\n<p><strong>Perfil de la empresa<br \/>\n<\/strong><\/p>\n<hr \/>\n<p><img decoding=\"async\" class=\"aligncenter size-full wp-image-324\" src=\"https:\/\/www.supersybon.com\/es\/wp-content\/uploads\/2022\/09\/1663401769-Car-Paint-Supplier-Company-Profile-Manufacturer-China.jpg\" alt=\"\" width=\"900\" height=\"958\" title=\"\" srcset=\"https:\/\/www.supersybon.com\/es\/wp-content\/uploads\/2022\/09\/1663401769-Car-Paint-Supplier-Company-Profile-Manufacturer-China.jpg 900w, https:\/\/www.supersybon.com\/es\/wp-content\/uploads\/2022\/09\/1663401769-Car-Paint-Supplier-Company-Profile-Manufacturer-China-480x511.jpg 480w\" sizes=\"(min-width: 0px) and (max-width: 480px) 480px, (min-width: 481px) 900px, 100vw\" \/><\/p>\n<p><strong>Preguntas m\u00e1s frecuentes<br \/>\n<\/strong><\/p>\n<hr \/>\n<p>P: \u00bfCu\u00e1l es su MOQ?<\/p>\n<p>R: Nuestro pedido m\u00ednimo es de 1 caja de cart\u00f3n.<\/p>\n<p>P: \u00bfQu\u00e9 hay de su pago?<\/p>\n<p>R: dep\u00f3sito del 50% por adelantado, saldo del 50% por T\/T, L\/C, paypal, Western Union o antes del env\u00edo.<\/p>\n<p>P: \u00bfProporcionan muestras?<\/p>\n<p>R: S\u00ed, puede comprar una muestra para probarla.<\/p>\n<p>P: \u00bfQu\u00e9 hay de su tiempo de entrega?<\/p>\n<p>R: generalmente 15 d\u00edas despu\u00e9s de recibir su dep\u00f3sito.<\/p>\n<\/div>\n<\/div>\n","protected":false},"excerpt":{"rendered":"<p>1. Los nanoingredientes especiales se combinan con el pulidor neum\u00e1tico, velocidad r\u00e1pida, gran capacidad de limpieza para lograr el mejor efecto de limpieza.<br \/>\n2. Las almohadillas de pulido se pueden usar en m\u00e1quinas de pulido neum\u00e1ticas o el\u00e9ctricas y en muchas herramientas giratorias o de \u00f3rbita aleatoria.<br \/>\n3. F\u00e1cil de usar. Puede cambiar las almohadillas en cuesti\u00f3n de segundos. La parte posterior del disco tiene velcro, por lo que puede cambiar f\u00e1cilmente la almohadilla amortiguadora.<br \/>\n4. Lavable y duradero, una almohadilla se puede usar muchas veces.<br \/>\n5.Superficies pulidas a su m\u00e1ximo brillo sin causar da\u00f1os.<br \/>\n6.Usando con l\u00edquido de pulido, pasta, polvo, puede obtener el mejor efecto.<br \/>\n7. Puede establecer una barrera protectora para la apariencia de muebles y veh\u00edculos contra ataques hostiles del medio ambiente.<br \/>\n8. Alta calidad, conveniente y efectivo, perfecto para eliminar rasgu\u00f1os y defectos.<\/p>\n","protected":false},"featured_media":1584,"template":"","meta":{"_et_pb_use_builder":"","_et_pb_old_content":"","_et_gb_content_width":""},"product_brand":[],"product_cat":[56,59],"product_tag":[624],"class_list":{"0":"post-1578","1":"product","2":"type-product","3":"status-publish","4":"has-post-thumbnail","6":"product_cat-serie-de-cuidado-de-automoviles","7":"product_cat-productos-de-arcilla","8":"product_tag-almohadilla-de-barra-de-arcilla-sintetica","10":"first","11":"instock","12":"shipping-taxable","13":"product-type-simple"},"_links":{"self":[{"href":"https:\/\/www.supersybon.com\/es\/wp-json\/wp\/v2\/product\/1578","targetHints":{"allow":["GET"]}}],"collection":[{"href":"https:\/\/www.supersybon.com\/es\/wp-json\/wp\/v2\/product"}],"about":[{"href":"https:\/\/www.supersybon.com\/es\/wp-json\/wp\/v2\/types\/product"}],"wp:featuredmedia":[{"embeddable":true,"href":"https:\/\/www.supersybon.com\/es\/wp-json\/wp\/v2\/media\/1584"}],"wp:attachment":[{"href":"https:\/\/www.supersybon.com\/es\/wp-json\/wp\/v2\/media?parent=1578"}],"wp:term":[{"taxonomy":"product_brand","embeddable":true,"href":"https:\/\/www.supersybon.com\/es\/wp-json\/wp\/v2\/product_brand?post=1578"},{"taxonomy":"product_cat","embeddable":true,"href":"https:\/\/www.supersybon.com\/es\/wp-json\/wp\/v2\/product_cat?post=1578"},{"taxonomy":"product_tag","embeddable":true,"href":"https:\/\/www.supersybon.com\/es\/wp-json\/wp\/v2\/product_tag?post=1578"}],"curies":[{"name":"wp","href":"https:\/\/api.w.org\/{rel}","templated":true}]}}