{"id":1547,"date":"2022-11-02T15:08:19","date_gmt":"2022-11-02T07:08:19","guid":{"rendered":"https:\/\/www.supersybon.com\/es\/?post_type=product&#038;p=1547"},"modified":"2023-01-04T18:29:42","modified_gmt":"2023-01-04T10:29:42","slug":"s801-100g-180g-barra-de-arcilla-del-coche-limpiador-de-barra-de-arcilla-magica-para-detalles-automaticos-para-lavado-de-autos-limpieza-de-detalles-de-autos","status":"publish","type":"product","link":"https:\/\/www.supersybon.com\/es\/product\/s801-100g-180g-barra-de-arcilla-del-coche-limpiador-de-barra-de-arcilla-magica-para-detalles-automaticos-para-lavado-de-autos-limpieza-de-detalles-de-autos","title":{"rendered":"S801 100g 180g barra de arcilla del coche limpiador de barra de arcilla m\u00e1gica para detalles autom\u00e1ticos para lavado de autos Limpieza de detalles de autos"},"content":{"rendered":"<p>&nbsp;<\/p>\n<p><iframe title=\"Car Clay Bar Auto Detailing Magic Clay Bar Cleaner for Car Wash Car Detailing Clean\" width=\"1080\" height=\"608\" src=\"https:\/\/www.youtube.com\/embed\/47xBBCx8W20?feature=oembed\"  allow=\"accelerometer; autoplay; clipboard-write; encrypted-media; gyroscope; picture-in-picture\" allowfullscreen><\/iframe><\/p>\n<p><img decoding=\"async\" class=\"aligncenter size-full wp-image-1548\" src=\"https:\/\/www.supersybon.com\/es\/wp-content\/uploads\/2022\/11\/1667374523-S801-Sybon-Auto-Detailing-180G-Magic-Clay-Bar-For-Car-Wash.jpg\" alt=\"\" width=\"900\" height=\"364\" title=\"\" srcset=\"https:\/\/www.supersybon.com\/es\/wp-content\/uploads\/2022\/11\/1667374523-S801-Sybon-Auto-Detailing-180G-Magic-Clay-Bar-For-Car-Wash.jpg 900w, https:\/\/www.supersybon.com\/es\/wp-content\/uploads\/2022\/11\/1667374523-S801-Sybon-Auto-Detailing-180G-Magic-Clay-Bar-For-Car-Wash-480x194.jpg 480w\" sizes=\"(min-width: 0px) and (max-width: 480px) 480px, (min-width: 481px) 900px, 100vw\" \/><\/p>\n<p>&nbsp;<\/p>\n<p style=\"text-align: left;\"><strong>S801 100g 180g barra de arcilla del coche limpiador de barra de arcilla m\u00e1gica para detalles autom\u00e1ticos para lavado de autos Limpieza de detalles de autos<\/strong><\/p>\n<p><strong>Rasgo:<br \/>\n<\/strong><\/p>\n<p>1. Limpia f\u00e1cilmente. Pegajosidad de las hojas, marca de agua, goma laca para insectos...<\/p>\n<p>2. Retire los puntos negros voladores. Solo el lavado de autos es dif\u00edcil de quitar.<\/p>\n<p>3. Detergencia fuerte. Limpia las manchas rebeldes de manera efectiva.<\/p>\n<p>4. Descontaminaci\u00f3n extensa. Limpie peque\u00f1as manchas amarillas en la superficie de la pintura.<\/p>\n<p>5. No da\u00f1a la superficie de la pintura. Las peque\u00f1as estomas envuelven las manchas.<\/p>\n<p><img decoding=\"async\" class=\"aligncenter size-full wp-image-1549\" src=\"https:\/\/www.supersybon.com\/es\/wp-content\/uploads\/2022\/11\/1667374635-S801-Auto-Detailing-Magic-Gray-Clay-Bar-Cleaner-For-Car-Surface-Claybars.jpg\" alt=\"\" width=\"750\" height=\"750\" title=\"\" srcset=\"https:\/\/www.supersybon.com\/es\/wp-content\/uploads\/2022\/11\/1667374635-S801-Auto-Detailing-Magic-Gray-Clay-Bar-Cleaner-For-Car-Surface-Claybars.jpg 750w, https:\/\/www.supersybon.com\/es\/wp-content\/uploads\/2022\/11\/1667374635-S801-Auto-Detailing-Magic-Gray-Clay-Bar-Cleaner-For-Car-Surface-Claybars-480x480.jpg 480w\" sizes=\"(min-width: 0px) and (max-width: 480px) 480px, (min-width: 481px) 750px, 100vw\" \/><\/p>\n<p><img decoding=\"async\" class=\"aligncenter size-full wp-image-1550\" src=\"https:\/\/www.supersybon.com\/es\/wp-content\/uploads\/2022\/11\/1667374654-S801-Factory-Wholesale-Car-Care-Products-Auto-Detail-Orange-Clay-Stick-180G-Medium-Grade-Clay-Bar-Magic-Clay-Bar.jpg\" alt=\"\" width=\"750\" height=\"750\" title=\"\" srcset=\"https:\/\/www.supersybon.com\/es\/wp-content\/uploads\/2022\/11\/1667374654-S801-Factory-Wholesale-Car-Care-Products-Auto-Detail-Orange-Clay-Stick-180G-Medium-Grade-Clay-Bar-Magic-Clay-Bar.jpg 750w, https:\/\/www.supersybon.com\/es\/wp-content\/uploads\/2022\/11\/1667374654-S801-Factory-Wholesale-Car-Care-Products-Auto-Detail-Orange-Clay-Stick-180G-Medium-Grade-Clay-Bar-Magic-Clay-Bar-480x480.jpg 480w\" sizes=\"(min-width: 0px) and (max-width: 480px) 480px, (min-width: 481px) 750px, 100vw\" \/><\/p>\n<p><img decoding=\"async\" class=\"aligncenter size-full wp-image-1551\" src=\"https:\/\/www.supersybon.com\/es\/wp-content\/uploads\/2022\/11\/1667374676-S801-Auto-Detailing-180G-Magic-Clay-Bar-Wholesales-High-Quality-Clay-Car-Cleaner.jpg\" alt=\"\" width=\"750\" height=\"750\" title=\"\" srcset=\"https:\/\/www.supersybon.com\/es\/wp-content\/uploads\/2022\/11\/1667374676-S801-Auto-Detailing-180G-Magic-Clay-Bar-Wholesales-High-Quality-Clay-Car-Cleaner.jpg 750w, https:\/\/www.supersybon.com\/es\/wp-content\/uploads\/2022\/11\/1667374676-S801-Auto-Detailing-180G-Magic-Clay-Bar-Wholesales-High-Quality-Clay-Car-Cleaner-480x480.jpg 480w\" sizes=\"(min-width: 0px) and (max-width: 480px) 480px, (min-width: 481px) 750px, 100vw\" \/><\/p>\n<p><img decoding=\"async\" class=\"aligncenter size-full wp-image-1553\" src=\"https:\/\/www.supersybon.com\/es\/wp-content\/uploads\/2022\/11\/1667374961-S801-Factory-Directly-Sell-100G-Blue-Orange-Auto-Clay-Mud-Car-Clay-Bar-For-Auto-Detailing.jpg\" alt=\"\" width=\"750\" height=\"1452\" title=\"\" srcset=\"https:\/\/www.supersybon.com\/es\/wp-content\/uploads\/2022\/11\/1667374961-S801-Factory-Directly-Sell-100G-Blue-Orange-Auto-Clay-Mud-Car-Clay-Bar-For-Auto-Detailing.jpg 750w, https:\/\/www.supersybon.com\/es\/wp-content\/uploads\/2022\/11\/1667374961-S801-Factory-Directly-Sell-100G-Blue-Orange-Auto-Clay-Mud-Car-Clay-Bar-For-Auto-Detailing-480x929.jpg 480w\" sizes=\"(min-width: 0px) and (max-width: 480px) 480px, (min-width: 481px) 750px, 100vw\" \/><\/p>\n<p><img decoding=\"async\" class=\"aligncenter size-full wp-image-1554\" src=\"https:\/\/www.supersybon.com\/es\/wp-content\/uploads\/2022\/11\/1667375017-S801-Fine-Grade-180G-Car-Detailing-Clay-Mud-Clay-Stick-Magic-Car-Clay-Bar-For-Car-Washing.jpg\" alt=\"\" width=\"750\" height=\"750\" title=\"\" srcset=\"https:\/\/www.supersybon.com\/es\/wp-content\/uploads\/2022\/11\/1667375017-S801-Fine-Grade-180G-Car-Detailing-Clay-Mud-Clay-Stick-Magic-Car-Clay-Bar-For-Car-Washing.jpg 750w, https:\/\/www.supersybon.com\/es\/wp-content\/uploads\/2022\/11\/1667375017-S801-Fine-Grade-180G-Car-Detailing-Clay-Mud-Clay-Stick-Magic-Car-Clay-Bar-For-Car-Washing-480x480.jpg 480w\" sizes=\"(min-width: 0px) and (max-width: 480px) 480px, (min-width: 481px) 750px, 100vw\" \/><\/p>\n<p><strong>Pasos para el uso<\/strong><\/p>\n<hr \/>\n<p>&nbsp;<\/p>\n<p>&nbsp;<\/p>\n<p><img decoding=\"async\" class=\"aligncenter size-full wp-image-1555\" src=\"https:\/\/www.supersybon.com\/es\/wp-content\/uploads\/2022\/11\/1667375055-S801-100G-180G-Hot-Sell-Wholesale-Magic-Auto-Car-Clay-Bar-Care-Cleaning-Detailing-Wash-High-Quality-Cleaner.png\" alt=\"\" width=\"954\" height=\"617\" title=\"\" srcset=\"https:\/\/www.supersybon.com\/es\/wp-content\/uploads\/2022\/11\/1667375055-S801-100G-180G-Hot-Sell-Wholesale-Magic-Auto-Car-Clay-Bar-Care-Cleaning-Detailing-Wash-High-Quality-Cleaner.png 954w, https:\/\/www.supersybon.com\/es\/wp-content\/uploads\/2022\/11\/1667375055-S801-100G-180G-Hot-Sell-Wholesale-Magic-Auto-Car-Clay-Bar-Care-Cleaning-Detailing-Wash-High-Quality-Cleaner-480x310.png 480w\" sizes=\"(min-width: 0px) and (max-width: 480px) 480px, (min-width: 481px) 954px, 100vw\" \/><\/p>\n<p>&nbsp;<\/p>\n<p>&nbsp;<\/p>\n<p>&nbsp;<\/p>\n<p><strong>Embalaje y servicio de productos<br \/>\n<\/strong><\/p>\n<hr \/>\n<p><strong>PAQUETE :<br \/>\n<\/strong><\/p>\n<p>1 caja (100 g: 7 piezas\/caja, 180 g: 5 piezas\/caja).<\/p>\n<p><img decoding=\"async\" class=\"aligncenter size-full wp-image-1556\" src=\"https:\/\/www.supersybon.com\/es\/wp-content\/uploads\/2022\/11\/1667375138-S801-Direct-Manufacturer-Car-Cleaning-Clay-Bar-Oem-Package-Auto-Detailing-180G-Clay-Bars-For-Car-Care.jpg\" alt=\"\" width=\"750\" height=\"750\" title=\"\" srcset=\"https:\/\/www.supersybon.com\/es\/wp-content\/uploads\/2022\/11\/1667375138-S801-Direct-Manufacturer-Car-Cleaning-Clay-Bar-Oem-Package-Auto-Detailing-180G-Clay-Bars-For-Car-Care.jpg 750w, https:\/\/www.supersybon.com\/es\/wp-content\/uploads\/2022\/11\/1667375138-S801-Direct-Manufacturer-Car-Cleaning-Clay-Bar-Oem-Package-Auto-Detailing-180G-Clay-Bars-For-Car-Care-480x480.jpg 480w\" sizes=\"(min-width: 0px) and (max-width: 480px) 480px, (min-width: 481px) 750px, 100vw\" \/><\/p>\n<p>&nbsp;<\/p>\n<p>&nbsp;<\/p>\n<p><strong>NUESTRO SERVICIO:<br \/>\n<\/strong><\/p>\n<p>1.24 horas en l\u00ednea<\/p>\n<p>2. Precio competitivo<\/p>\n<p>3. Excelentes comentarios del cliente<\/p>\n<p>4. Pedidos en l\u00ednea seguros<\/p>\n<p>5. Entrega r\u00e1pida<\/p>\n<p>6. Soporte t\u00e9cnico profesional<\/p>\n<div class=\"magic-13\">\n<div class=\"magic-14\">\n<p>&nbsp;<\/p>\n<p><strong>Perfil de la empresa<br \/>\n<\/strong><\/p>\n<hr \/>\n<p><img decoding=\"async\" class=\"aligncenter size-full wp-image-324\" src=\"https:\/\/www.supersybon.com\/es\/wp-content\/uploads\/2022\/09\/1663401769-Car-Paint-Supplier-Company-Profile-Manufacturer-China.jpg\" alt=\"\" width=\"900\" height=\"958\" title=\"\" srcset=\"https:\/\/www.supersybon.com\/es\/wp-content\/uploads\/2022\/09\/1663401769-Car-Paint-Supplier-Company-Profile-Manufacturer-China.jpg 900w, https:\/\/www.supersybon.com\/es\/wp-content\/uploads\/2022\/09\/1663401769-Car-Paint-Supplier-Company-Profile-Manufacturer-China-480x511.jpg 480w\" sizes=\"(min-width: 0px) and (max-width: 480px) 480px, (min-width: 481px) 900px, 100vw\" \/><\/p>\n<p><strong>Preguntas m\u00e1s frecuentes<br \/>\n<\/strong><\/p>\n<hr \/>\n<p>P: \u00bfCu\u00e1l es su MOQ?<\/p>\n<p>R: Nuestro pedido m\u00ednimo es de 1 caja de cart\u00f3n.<\/p>\n<p>P: \u00bfQu\u00e9 hay de su pago?<\/p>\n<p>R: dep\u00f3sito del 50% por adelantado, saldo del 50% por T\/T, L\/C, paypal, Western Union o antes del env\u00edo.<\/p>\n<p>P: \u00bfProporcionan muestras?<\/p>\n<p>R: S\u00ed, puede comprar una muestra para probarla.<\/p>\n<p>P: \u00bfQu\u00e9 hay de su tiempo de entrega?<\/p>\n<p>R: generalmente 15 d\u00edas despu\u00e9s de recibir su dep\u00f3sito.<\/p>\n<\/div>\n<\/div>\n","protected":false},"excerpt":{"rendered":"<p>1. Limpia f\u00e1cilmente. Pegajosidad de las hojas, marca de agua, goma laca para insectos...<br \/>\n2. Retire los puntos negros voladores. Solo el lavado de autos es dif\u00edcil de quitar.<br \/>\n3. Detergencia fuerte. Limpia las manchas rebeldes de manera efectiva.<br \/>\n4. Descontaminaci\u00f3n extensa. Limpie peque\u00f1as manchas amarillas en la superficie de la pintura.<br \/>\n5. No da\u00f1a la superficie de la pintura. Las peque\u00f1as estomas envuelven las manchas.barra de arcilla del coche.<\/p>\n","protected":false},"featured_media":1549,"template":"","meta":{"_et_pb_use_builder":"","_et_pb_old_content":"","_et_gb_content_width":""},"product_brand":[],"product_cat":[56,59],"product_tag":[620],"class_list":{"0":"post-1547","1":"product","2":"type-product","3":"status-publish","4":"has-post-thumbnail","6":"product_cat-serie-de-cuidado-de-automoviles","7":"product_cat-productos-de-arcilla","8":"product_tag-barra-de-arcilla-del-coche","10":"first","11":"instock","12":"shipping-taxable","13":"product-type-simple"},"_links":{"self":[{"href":"https:\/\/www.supersybon.com\/es\/wp-json\/wp\/v2\/product\/1547","targetHints":{"allow":["GET"]}}],"collection":[{"href":"https:\/\/www.supersybon.com\/es\/wp-json\/wp\/v2\/product"}],"about":[{"href":"https:\/\/www.supersybon.com\/es\/wp-json\/wp\/v2\/types\/product"}],"wp:featuredmedia":[{"embeddable":true,"href":"https:\/\/www.supersybon.com\/es\/wp-json\/wp\/v2\/media\/1549"}],"wp:attachment":[{"href":"https:\/\/www.supersybon.com\/es\/wp-json\/wp\/v2\/media?parent=1547"}],"wp:term":[{"taxonomy":"product_brand","embeddable":true,"href":"https:\/\/www.supersybon.com\/es\/wp-json\/wp\/v2\/product_brand?post=1547"},{"taxonomy":"product_cat","embeddable":true,"href":"https:\/\/www.supersybon.com\/es\/wp-json\/wp\/v2\/product_cat?post=1547"},{"taxonomy":"product_tag","embeddable":true,"href":"https:\/\/www.supersybon.com\/es\/wp-json\/wp\/v2\/product_tag?post=1547"}],"curies":[{"name":"wp","href":"https:\/\/api.w.org\/{rel}","templated":true}]}}