{"id":1506,"date":"2022-11-02T09:58:43","date_gmt":"2022-11-02T01:58:43","guid":{"rendered":"https:\/\/www.supersybon.com\/es\/?post_type=product&#038;p=1506"},"modified":"2026-01-28T09:26:17","modified_gmt":"2026-01-28T01:26:17","slug":"s814-canon-de-espuma-de-pistola-de-lavado-a-presion-lavado-de-autos-con-rociador-de-lanza-de-espuma-para-nieve-con-botella-de-2l","status":"publish","type":"product","link":"https:\/\/www.supersybon.com\/es\/product\/s814-canon-de-espuma-de-pistola-de-lavado-a-presion-lavado-de-autos-con-rociador-de-lanza-de-espuma-para-nieve-con-botella-de-2l","title":{"rendered":"S814 Ca\u00f1\u00f3n de espuma de pistola de lavado a presi\u00f3n lavado de autos con rociador de lanza de espuma para nieve con botella de 2L"},"content":{"rendered":"<p><iframe title=\"Pressure Washer Gun Foam Cannon 2L Bottle Snow Foam Lance Sprayer Car Wash\" width=\"1080\" height=\"608\" src=\"https:\/\/www.youtube.com\/embed\/zaD2zFhDZA0?feature=oembed\"  allow=\"accelerometer; autoplay; clipboard-write; encrypted-media; gyroscope; picture-in-picture\" allowfullscreen><\/iframe><\/p>\n<p><img decoding=\"async\" class=\"aligncenter size-full wp-image-1507\" src=\"https:\/\/www.supersybon.com\/es\/wp-content\/uploads\/2022\/11\/1667355259-S814-High-Pressure-Spray-Gun-Foam-Foam-Wand-Car-Wash-Soap-Foam-Car-Cleaning-Wash-Liquid-Shampoo.jpg\" alt=\"\" width=\"900\" height=\"364\" title=\"\" srcset=\"https:\/\/www.supersybon.com\/es\/wp-content\/uploads\/2022\/11\/1667355259-S814-High-Pressure-Spray-Gun-Foam-Foam-Wand-Car-Wash-Soap-Foam-Car-Cleaning-Wash-Liquid-Shampoo.jpg 900w, https:\/\/www.supersybon.com\/es\/wp-content\/uploads\/2022\/11\/1667355259-S814-High-Pressure-Spray-Gun-Foam-Foam-Wand-Car-Wash-Soap-Foam-Car-Cleaning-Wash-Liquid-Shampoo-480x194.jpg 480w\" sizes=\"(min-width: 0px) and (max-width: 480px) 480px, (min-width: 481px) 900px, 100vw\" \/><\/p>\n<p>&nbsp;<\/p>\n<h2 style=\"text-align: left;\"><strong>S814 Ca\u00f1\u00f3n de espuma de pistola de lavado a presi\u00f3n lavado de autos con rociador de lanza de espuma para nieve con botella de 2L<\/strong><\/h2>\n<p><strong>Especificaci\u00f3n:<\/strong><\/p>\n<p>1. Esta boquilla de espuma el\u00e9ctrica se utiliza para conectar la lavadora de alta presi\u00f3n el\u00e9ctrica.<\/p>\n<p>2. Su espuma es mejor que cualquier otra lanza de espuma. Pero requiere una alta presi\u00f3n de la m\u00e1quina.<\/p>\n<p>3. Tanto las lavadoras a presi\u00f3n comerciales peque\u00f1as como las grandes pueden hacer espuma gruesa y densa con la lanza de espuma de nuevo dise\u00f1o.<\/p>\n<p><strong>Noticia importante:<\/strong><\/p>\n<p>No recomendamos el uso personal en el hogar. Porque si la presi\u00f3n de la lavadora no es suficiente, \u00a1la espuma ser\u00e1 mala!<\/p>\n<p>&nbsp;<\/p>\n<p><img decoding=\"async\" class=\"aligncenter size-full wp-image-1508\" src=\"https:\/\/www.supersybon.com\/es\/wp-content\/uploads\/2022\/11\/1667355379-S814-Soap-Wash-Car-High-Pressure-Car-Wash-Gun-Foam-Generator-Gun-Wash-Foam.jpg\" alt=\"\" width=\"750\" height=\"750\" title=\"\" srcset=\"https:\/\/www.supersybon.com\/es\/wp-content\/uploads\/2022\/11\/1667355379-S814-Soap-Wash-Car-High-Pressure-Car-Wash-Gun-Foam-Generator-Gun-Wash-Foam.jpg 750w, https:\/\/www.supersybon.com\/es\/wp-content\/uploads\/2022\/11\/1667355379-S814-Soap-Wash-Car-High-Pressure-Car-Wash-Gun-Foam-Generator-Gun-Wash-Foam-480x480.jpg 480w\" sizes=\"(min-width: 0px) and (max-width: 480px) 480px, (min-width: 481px) 750px, 100vw\" \/><\/p>\n<p><img decoding=\"async\" class=\"aligncenter size-full wp-image-1509\" src=\"https:\/\/www.supersybon.com\/es\/wp-content\/uploads\/2022\/11\/1667355408-S814-Productos-Car-Detaling-Washing-Car-Wash-Snow-Foam-Car-Wash-Canon-Foam-Jet-Snow-Foam.jpg\" alt=\"\" width=\"750\" height=\"750\" title=\"\" srcset=\"https:\/\/www.supersybon.com\/es\/wp-content\/uploads\/2022\/11\/1667355408-S814-Productos-Car-Detaling-Washing-Car-Wash-Snow-Foam-Car-Wash-Canon-Foam-Jet-Snow-Foam.jpg 750w, https:\/\/www.supersybon.com\/es\/wp-content\/uploads\/2022\/11\/1667355408-S814-Productos-Car-Detaling-Washing-Car-Wash-Snow-Foam-Car-Wash-Canon-Foam-Jet-Snow-Foam-480x480.jpg 480w\" sizes=\"(min-width: 0px) and (max-width: 480px) 480px, (min-width: 481px) 750px, 100vw\" \/><\/p>\n<p><img decoding=\"async\" class=\"aligncenter size-full wp-image-1510\" src=\"https:\/\/www.supersybon.com\/es\/wp-content\/uploads\/2022\/11\/1667355429-S814-Gun-Foam-Lance-Shampoo-Gun-Car-Foam-Cannon-Snow-Foam-Generator-Gun.jpg\" alt=\"\" width=\"750\" height=\"750\" title=\"\" srcset=\"https:\/\/www.supersybon.com\/es\/wp-content\/uploads\/2022\/11\/1667355429-S814-Gun-Foam-Lance-Shampoo-Gun-Car-Foam-Cannon-Snow-Foam-Generator-Gun.jpg 750w, https:\/\/www.supersybon.com\/es\/wp-content\/uploads\/2022\/11\/1667355429-S814-Gun-Foam-Lance-Shampoo-Gun-Car-Foam-Cannon-Snow-Foam-Generator-Gun-480x480.jpg 480w\" sizes=\"(min-width: 0px) and (max-width: 480px) 480px, (min-width: 481px) 750px, 100vw\" \/><\/p>\n<p><img decoding=\"async\" class=\"aligncenter size-full wp-image-1511\" src=\"https:\/\/www.supersybon.com\/es\/wp-content\/uploads\/2022\/11\/1667355447-S814-Pressure-Washer-Foam-Cannon-Car-Washing-Gun-With-Foam-Bottle.jpg\" alt=\"\" width=\"750\" height=\"750\" title=\"\" srcset=\"https:\/\/www.supersybon.com\/es\/wp-content\/uploads\/2022\/11\/1667355447-S814-Pressure-Washer-Foam-Cannon-Car-Washing-Gun-With-Foam-Bottle.jpg 750w, https:\/\/www.supersybon.com\/es\/wp-content\/uploads\/2022\/11\/1667355447-S814-Pressure-Washer-Foam-Cannon-Car-Washing-Gun-With-Foam-Bottle-480x480.jpg 480w\" sizes=\"(min-width: 0px) and (max-width: 480px) 480px, (min-width: 481px) 750px, 100vw\" \/><\/p>\n<p>&nbsp;<\/p>\n<p>&nbsp;<\/p>\n<p><strong>Embalaje y servicio de productos<br \/>\n<\/strong><\/p>\n<hr \/>\n<p><strong>PAQUETE :<br \/>\n<\/strong><\/p>\n<p>1 juego\/caja.<\/p>\n<p><img decoding=\"async\" class=\"aligncenter size-full wp-image-1512\" src=\"https:\/\/www.supersybon.com\/es\/wp-content\/uploads\/2022\/11\/1667355488-S814-Auto-Snow-Foam-Cannon-2L-Cannon-Foam-Machine-Portable-Auto-Foam-Lance-Water.jpg\" alt=\"\" width=\"750\" height=\"750\" title=\"\" srcset=\"https:\/\/www.supersybon.com\/es\/wp-content\/uploads\/2022\/11\/1667355488-S814-Auto-Snow-Foam-Cannon-2L-Cannon-Foam-Machine-Portable-Auto-Foam-Lance-Water.jpg 750w, https:\/\/www.supersybon.com\/es\/wp-content\/uploads\/2022\/11\/1667355488-S814-Auto-Snow-Foam-Cannon-2L-Cannon-Foam-Machine-Portable-Auto-Foam-Lance-Water-480x480.jpg 480w\" sizes=\"(min-width: 0px) and (max-width: 480px) 480px, (min-width: 481px) 750px, 100vw\" \/><\/p>\n<p><strong>NUESTRO SERVICIO:<br \/>\n<\/strong><\/p>\n<p>1.24 horas en l\u00ednea<\/p>\n<p>2. Precio competitivo<\/p>\n<p>3. Excelentes comentarios del cliente<\/p>\n<p>4. Pedidos en l\u00ednea seguros<\/p>\n<p>5. Entrega r\u00e1pida<\/p>\n<p>6. Soporte t\u00e9cnico profesional<\/p>\n<div class=\"magic-13\">\n<div class=\"magic-14\">\n<p>&nbsp;<\/p>\n<p><strong>Perfil de la empresa<br \/>\n<\/strong><\/p>\n<hr \/>\n<p><img decoding=\"async\" class=\"aligncenter size-full wp-image-324\" src=\"https:\/\/www.supersybon.com\/es\/wp-content\/uploads\/2022\/09\/1663401769-Car-Paint-Supplier-Company-Profile-Manufacturer-China.jpg\" alt=\"\" width=\"900\" height=\"958\" title=\"\" srcset=\"https:\/\/www.supersybon.com\/es\/wp-content\/uploads\/2022\/09\/1663401769-Car-Paint-Supplier-Company-Profile-Manufacturer-China.jpg 900w, https:\/\/www.supersybon.com\/es\/wp-content\/uploads\/2022\/09\/1663401769-Car-Paint-Supplier-Company-Profile-Manufacturer-China-480x511.jpg 480w\" sizes=\"(min-width: 0px) and (max-width: 480px) 480px, (min-width: 481px) 900px, 100vw\" \/><\/p>\n<p><strong>Preguntas m\u00e1s frecuentes<br \/>\n<\/strong><\/p>\n<hr \/>\n<p>P: \u00bfCu\u00e1l es su MOQ?<\/p>\n<p>R: Nuestro pedido m\u00ednimo es de 1 caja de cart\u00f3n.<\/p>\n<p>P: \u00bfQu\u00e9 hay de su pago?<\/p>\n<p>R: dep\u00f3sito del 50% por adelantado, saldo del 50% por T\/T, L\/C, paypal, Western Union o antes del env\u00edo.<\/p>\n<p>P: \u00bfProporcionan muestras?<\/p>\n<p>R: S\u00ed, puede comprar una muestra para probarla.<\/p>\n<p>P: \u00bfQu\u00e9 hay de su tiempo de entrega?<\/p>\n<p>R: generalmente 15 d\u00edas despu\u00e9s de recibir su dep\u00f3sito.<\/p>\n<\/div>\n<\/div>\n","protected":false},"excerpt":{"rendered":"<p>1. Hay una gran entrada de aire en esta parte, hace que la espuma sea gruesa y de alta calidad.<br \/>\n2. 2L Gran volumen para jab\u00f3n.<br \/>\n3. Interruptor de control de 0 a 10. Puede controlar el jab\u00f3n con mayor precisi\u00f3n.<\/p>\n","protected":false},"featured_media":1513,"template":"","meta":{"_et_pb_use_builder":"","_et_pb_old_content":"","_et_gb_content_width":""},"product_brand":[],"product_cat":[56,58],"product_tag":[614,615],"class_list":{"0":"post-1506","1":"product","2":"type-product","3":"status-publish","4":"has-post-thumbnail","6":"product_cat-serie-de-cuidado-de-automoviles","7":"product_cat-productos-de-lavado-de-autos","8":"product_tag-canon-de-espuma","9":"product_tag-canon-de-espuma-de-pistola-de-lavado-a-presion","11":"first","12":"instock","13":"shipping-taxable","14":"product-type-simple"},"_links":{"self":[{"href":"https:\/\/www.supersybon.com\/es\/wp-json\/wp\/v2\/product\/1506","targetHints":{"allow":["GET"]}}],"collection":[{"href":"https:\/\/www.supersybon.com\/es\/wp-json\/wp\/v2\/product"}],"about":[{"href":"https:\/\/www.supersybon.com\/es\/wp-json\/wp\/v2\/types\/product"}],"wp:featuredmedia":[{"embeddable":true,"href":"https:\/\/www.supersybon.com\/es\/wp-json\/wp\/v2\/media\/1513"}],"wp:attachment":[{"href":"https:\/\/www.supersybon.com\/es\/wp-json\/wp\/v2\/media?parent=1506"}],"wp:term":[{"taxonomy":"product_brand","embeddable":true,"href":"https:\/\/www.supersybon.com\/es\/wp-json\/wp\/v2\/product_brand?post=1506"},{"taxonomy":"product_cat","embeddable":true,"href":"https:\/\/www.supersybon.com\/es\/wp-json\/wp\/v2\/product_cat?post=1506"},{"taxonomy":"product_tag","embeddable":true,"href":"https:\/\/www.supersybon.com\/es\/wp-json\/wp\/v2\/product_tag?post=1506"}],"curies":[{"name":"wp","href":"https:\/\/api.w.org\/{rel}","templated":true}]}}