{"id":1324,"date":"2022-10-25T16:06:48","date_gmt":"2022-10-25T08:06:48","guid":{"rendered":"https:\/\/www.supersybon.com\/es\/?post_type=product&#038;p=1324"},"modified":"2023-09-23T11:57:31","modified_gmt":"2023-09-23T03:57:31","slug":"s813-canon-de-espuma-con-conector-rapido-de-1-4-de-pulgada-para-pistola-de-lavado-a-presion-con-botella-de-1-litro","status":"publish","type":"product","link":"https:\/\/www.supersybon.com\/es\/product\/s813-canon-de-espuma-con-conector-rapido-de-1-4-de-pulgada-para-pistola-de-lavado-a-presion-con-botella-de-1-litro","title":{"rendered":"S813 Ca\u00f1\u00f3n de espuma con conector r\u00e1pido de 1\/4 de pulgada para pistola de lavado a presi\u00f3n con botella de 1 litro"},"content":{"rendered":"<p><iframe title=\"Foam Cannon with 1\/4 Inch Quick Connector for Pressure Washer Gun with 1 Liter Bottle\" width=\"1080\" height=\"608\" src=\"https:\/\/www.youtube.com\/embed\/GxpBcI3yH-s?feature=oembed\"  allow=\"accelerometer; autoplay; clipboard-write; encrypted-media; gyroscope; picture-in-picture\" allowfullscreen><\/iframe><\/p>\n<p><img decoding=\"async\" class=\"aligncenter size-full wp-image-1325\" src=\"https:\/\/www.supersybon.com\/es\/wp-content\/uploads\/2022\/10\/1666686886-S813-Wash-Car-Gun-Auto-Cleaning-Car-Wash-Tools-Kit-Carwash-Car-Washing-Machine.jpg\" alt=\"\" width=\"900\" height=\"364\" title=\"\" srcset=\"https:\/\/www.supersybon.com\/es\/wp-content\/uploads\/2022\/10\/1666686886-S813-Wash-Car-Gun-Auto-Cleaning-Car-Wash-Tools-Kit-Carwash-Car-Washing-Machine.jpg 900w, https:\/\/www.supersybon.com\/es\/wp-content\/uploads\/2022\/10\/1666686886-S813-Wash-Car-Gun-Auto-Cleaning-Car-Wash-Tools-Kit-Carwash-Car-Washing-Machine-480x194.jpg 480w\" sizes=\"(min-width: 0px) and (max-width: 480px) 480px, (min-width: 481px) 900px, 100vw\" \/><\/p>\n<p>&nbsp;<\/p>\n<p style=\"text-align: left;\"><strong>S811 Ca\u00f1\u00f3n de espuma con conector r\u00e1pido de 1\/4 de pulgada para pistola de lavado a presi\u00f3n con botella de 1 litro<\/strong><\/p>\n<p><strong>Especificaci\u00f3n:<\/strong><\/p>\n<p>1. Rango de presi\u00f3n: 100 bar ~ 220 bar (1400 psi ~ 3200 psi), tanto las lavadoras a presi\u00f3n de uso dom\u00e9stico como las profesionales funcionan perfectamente.<\/p>\n<p>2. Rendimiento de espuma: espuma abundante, gruesa y de alta densidad, dise\u00f1o resistente y duradero.<\/p>\n<p>3. Material: cuerpo de lat\u00f3n macizo y metal, boquilla de acero inoxidable, cubierta de nailon y botella de HDPE.<\/p>\n<p>4. Capacidad de la botella: 1 L.<\/p>\n<p>5. Consumo ajustable de limpiador de espuma para nieve, patr\u00f3n de rociado de \u00e1ngulo variable desde l\u00e1piz hasta abanico de 60\u00b0, resistente a productos qu\u00edmicos.<\/p>\n<p>&nbsp;<\/p>\n<div data-id=\"paragraph0\"><\/div>\n<p>&nbsp;<\/p>\n<p><img decoding=\"async\" class=\"aligncenter size-full wp-image-1326\" src=\"https:\/\/www.supersybon.com\/es\/wp-content\/uploads\/2022\/10\/1666686924-S813-High-Pressure-Water-Spray-Gun-Foam-Lance-Snow-Foam-Cannon-Car-Wash.jpg\" alt=\"\" width=\"750\" height=\"750\" title=\"\" srcset=\"https:\/\/www.supersybon.com\/es\/wp-content\/uploads\/2022\/10\/1666686924-S813-High-Pressure-Water-Spray-Gun-Foam-Lance-Snow-Foam-Cannon-Car-Wash.jpg 750w, https:\/\/www.supersybon.com\/es\/wp-content\/uploads\/2022\/10\/1666686924-S813-High-Pressure-Water-Spray-Gun-Foam-Lance-Snow-Foam-Cannon-Car-Wash-480x480.jpg 480w\" sizes=\"(min-width: 0px) and (max-width: 480px) 480px, (min-width: 481px) 750px, 100vw\" \/><\/p>\n<p><img decoding=\"async\" class=\"aligncenter size-full wp-image-1327\" src=\"https:\/\/www.supersybon.com\/es\/wp-content\/uploads\/2022\/10\/1666686946-S813-Adjustable-Foam-Cannon-1-Liter-Bottle-Snow-Foam-Lance-With-14-Quick-Connector-Foam-Blaster.jpg\" alt=\"\" width=\"750\" height=\"750\" title=\"\" srcset=\"https:\/\/www.supersybon.com\/es\/wp-content\/uploads\/2022\/10\/1666686946-S813-Adjustable-Foam-Cannon-1-Liter-Bottle-Snow-Foam-Lance-With-14-Quick-Connector-Foam-Blaster.jpg 750w, https:\/\/www.supersybon.com\/es\/wp-content\/uploads\/2022\/10\/1666686946-S813-Adjustable-Foam-Cannon-1-Liter-Bottle-Snow-Foam-Lance-With-14-Quick-Connector-Foam-Blaster-480x480.jpg 480w\" sizes=\"(min-width: 0px) and (max-width: 480px) 480px, (min-width: 481px) 750px, 100vw\" \/><\/p>\n<p><img decoding=\"async\" class=\"aligncenter size-full wp-image-1328\" src=\"https:\/\/www.supersybon.com\/es\/wp-content\/uploads\/2022\/10\/1666686965-S813-Quick-Connector-Snow-Foam-Cannon-Lance-For-Cleaning-Carstrucks-Car-Washer-Pressure-Washer-Spray.jpg\" alt=\"\" width=\"750\" height=\"750\" title=\"\" srcset=\"https:\/\/www.supersybon.com\/es\/wp-content\/uploads\/2022\/10\/1666686965-S813-Quick-Connector-Snow-Foam-Cannon-Lance-For-Cleaning-Carstrucks-Car-Washer-Pressure-Washer-Spray.jpg 750w, https:\/\/www.supersybon.com\/es\/wp-content\/uploads\/2022\/10\/1666686965-S813-Quick-Connector-Snow-Foam-Cannon-Lance-For-Cleaning-Carstrucks-Car-Washer-Pressure-Washer-Spray-480x480.jpg 480w\" sizes=\"(min-width: 0px) and (max-width: 480px) 480px, (min-width: 481px) 750px, 100vw\" \/><\/p>\n<p><img decoding=\"async\" class=\"aligncenter size-full wp-image-1329\" src=\"https:\/\/www.supersybon.com\/es\/wp-content\/uploads\/2022\/10\/1666687334-S813-High-Pressure-Wash-Washer-Gun-Snow-Foam-Lance-Detailing-Tools-Car-Washing-Detailing-Spray-Bottle.jpg\" alt=\"\" width=\"750\" height=\"750\" title=\"\" srcset=\"https:\/\/www.supersybon.com\/es\/wp-content\/uploads\/2022\/10\/1666687334-S813-High-Pressure-Wash-Washer-Gun-Snow-Foam-Lance-Detailing-Tools-Car-Washing-Detailing-Spray-Bottle.jpg 750w, https:\/\/www.supersybon.com\/es\/wp-content\/uploads\/2022\/10\/1666687334-S813-High-Pressure-Wash-Washer-Gun-Snow-Foam-Lance-Detailing-Tools-Car-Washing-Detailing-Spray-Bottle-480x480.jpg 480w\" sizes=\"(min-width: 0px) and (max-width: 480px) 480px, (min-width: 481px) 750px, 100vw\" \/><\/p>\n<p><img decoding=\"async\" class=\"aligncenter size-full wp-image-1330\" src=\"https:\/\/www.supersybon.com\/es\/wp-content\/uploads\/2022\/10\/1666687349-S813-Lave-Auto-Pistolet-Foam-Wash-Gun-Lavage-Automobile-Foam-Gun-Car-Wash-Spraying-Auto-Detailing-Kit.jpg\" alt=\"\" width=\"750\" height=\"750\" title=\"\" srcset=\"https:\/\/www.supersybon.com\/es\/wp-content\/uploads\/2022\/10\/1666687349-S813-Lave-Auto-Pistolet-Foam-Wash-Gun-Lavage-Automobile-Foam-Gun-Car-Wash-Spraying-Auto-Detailing-Kit.jpg 750w, https:\/\/www.supersybon.com\/es\/wp-content\/uploads\/2022\/10\/1666687349-S813-Lave-Auto-Pistolet-Foam-Wash-Gun-Lavage-Automobile-Foam-Gun-Car-Wash-Spraying-Auto-Detailing-Kit-480x480.jpg 480w\" sizes=\"(min-width: 0px) and (max-width: 480px) 480px, (min-width: 481px) 750px, 100vw\" \/><\/p>\n<p><img decoding=\"async\" class=\"aligncenter size-full wp-image-1332\" src=\"https:\/\/www.supersybon.com\/es\/wp-content\/uploads\/2022\/10\/1666687400-S813-Foam-Bottle-For-Pressure-Washer-Spray-Gun-And-Foam-Cannon-Highpressure-Foam-Cannon-Heavy-Duty.jpg\" alt=\"\" width=\"750\" height=\"750\" title=\"\" srcset=\"https:\/\/www.supersybon.com\/es\/wp-content\/uploads\/2022\/10\/1666687400-S813-Foam-Bottle-For-Pressure-Washer-Spray-Gun-And-Foam-Cannon-Highpressure-Foam-Cannon-Heavy-Duty.jpg 750w, https:\/\/www.supersybon.com\/es\/wp-content\/uploads\/2022\/10\/1666687400-S813-Foam-Bottle-For-Pressure-Washer-Spray-Gun-And-Foam-Cannon-Highpressure-Foam-Cannon-Heavy-Duty-480x480.jpg 480w\" sizes=\"(min-width: 0px) and (max-width: 480px) 480px, (min-width: 481px) 750px, 100vw\" \/><\/p>\n<p><strong>Embalaje y servicio de productos<br \/>\n<\/strong><\/p>\n<hr \/>\n<p><strong>PAQUETE :<br \/>\n<\/strong><\/p>\n<p>1 juego\/caja.<\/p>\n<p><img decoding=\"async\" class=\"aligncenter size-full wp-image-1331\" src=\"https:\/\/www.supersybon.com\/es\/wp-content\/uploads\/2022\/10\/1666687368-S813-Car-Washing-Equipament-Foam-Gun-High-Pressure-High-Pressure-Lance-Washer-Gun.jpg\" alt=\"\" width=\"750\" height=\"750\" title=\"\" srcset=\"https:\/\/www.supersybon.com\/es\/wp-content\/uploads\/2022\/10\/1666687368-S813-Car-Washing-Equipament-Foam-Gun-High-Pressure-High-Pressure-Lance-Washer-Gun.jpg 750w, https:\/\/www.supersybon.com\/es\/wp-content\/uploads\/2022\/10\/1666687368-S813-Car-Washing-Equipament-Foam-Gun-High-Pressure-High-Pressure-Lance-Washer-Gun-480x480.jpg 480w\" sizes=\"(min-width: 0px) and (max-width: 480px) 480px, (min-width: 481px) 750px, 100vw\" \/><\/p>\n<p><strong>NUESTRO SERVICIO:<br \/>\n<\/strong><\/p>\n<p>1.24 horas en l\u00ednea<\/p>\n<p>2. Precio competitivo<\/p>\n<p>3. Excelentes comentarios del cliente<\/p>\n<p>4. Pedidos en l\u00ednea seguros<\/p>\n<p>5. Entrega r\u00e1pida<\/p>\n<p>6. Soporte t\u00e9cnico profesional<\/p>\n<div class=\"magic-13\">\n<div class=\"magic-14\">\n<p>&nbsp;<\/p>\n<p><strong>Perfil de la empresa<br \/>\n<\/strong><\/p>\n<hr \/>\n<p><img decoding=\"async\" class=\"aligncenter size-full wp-image-324\" src=\"https:\/\/www.supersybon.com\/es\/wp-content\/uploads\/2022\/09\/1663401769-Car-Paint-Supplier-Company-Profile-Manufacturer-China.jpg\" alt=\"\" width=\"900\" height=\"958\" title=\"\" srcset=\"https:\/\/www.supersybon.com\/es\/wp-content\/uploads\/2022\/09\/1663401769-Car-Paint-Supplier-Company-Profile-Manufacturer-China.jpg 900w, https:\/\/www.supersybon.com\/es\/wp-content\/uploads\/2022\/09\/1663401769-Car-Paint-Supplier-Company-Profile-Manufacturer-China-480x511.jpg 480w\" sizes=\"(min-width: 0px) and (max-width: 480px) 480px, (min-width: 481px) 900px, 100vw\" \/><\/p>\n<p><strong>Preguntas m\u00e1s frecuentes<br \/>\n<\/strong><\/p>\n<hr \/>\n<p>P: \u00bfCu\u00e1l es su MOQ?<\/p>\n<p>R: Nuestro pedido m\u00ednimo es de 1 caja de cart\u00f3n.<\/p>\n<p>P: \u00bfQu\u00e9 hay de su pago?<\/p>\n<p>R: dep\u00f3sito del 50% por adelantado, saldo del 50% por T\/T, L\/C, paypal, Western Union o antes del env\u00edo.<\/p>\n<p>P: \u00bfProporcionan muestras?<\/p>\n<p>R: S\u00ed, puede comprar una muestra para probarla.<\/p>\n<p>P: \u00bfQu\u00e9 hay de su tiempo de entrega?<\/p>\n<p>R: generalmente 15 d\u00edas despu\u00e9s de recibir su dep\u00f3sito.<\/p>\n<\/div>\n<\/div>\n","protected":false},"excerpt":{"rendered":"<p>1.1\/4\" UNIVERSAL - El conector r\u00e1pido de 1\/4 de pulgada se adapta a la mayor\u00eda de las pistolas\/varillas de lavado a presi\u00f3n del mercado.<br \/>\n2. El ca\u00f1\u00f3n de espuma puede proporcionar un nivel de espuma ajustable y un \u00e1ngulo de pulverizaci\u00f3n. Simplemente gire la perilla superior para obtener una espuma m\u00e1s espesa. Ajuste la boquilla para amplificar el \u00e1ngulo de pulverizaci\u00f3n. Perfecto para lavar la casa, el autom\u00f3vil, la pared, la motocicleta, etc.<\/p>\n","protected":false},"featured_media":1333,"template":"","meta":{"_et_pb_use_builder":"","_et_pb_old_content":"","_et_gb_content_width":""},"product_brand":[],"product_cat":[56,58],"product_tag":[614,613],"class_list":{"0":"post-1324","1":"product","2":"type-product","3":"status-publish","4":"has-post-thumbnail","6":"product_cat-serie-de-cuidado-de-automoviles","7":"product_cat-productos-de-lavado-de-autos","8":"product_tag-canon-de-espuma","9":"product_tag-conector-rapido-de-1-4-de-pulgada","11":"first","12":"instock","13":"shipping-taxable","14":"product-type-simple"},"_links":{"self":[{"href":"https:\/\/www.supersybon.com\/es\/wp-json\/wp\/v2\/product\/1324","targetHints":{"allow":["GET"]}}],"collection":[{"href":"https:\/\/www.supersybon.com\/es\/wp-json\/wp\/v2\/product"}],"about":[{"href":"https:\/\/www.supersybon.com\/es\/wp-json\/wp\/v2\/types\/product"}],"wp:featuredmedia":[{"embeddable":true,"href":"https:\/\/www.supersybon.com\/es\/wp-json\/wp\/v2\/media\/1333"}],"wp:attachment":[{"href":"https:\/\/www.supersybon.com\/es\/wp-json\/wp\/v2\/media?parent=1324"}],"wp:term":[{"taxonomy":"product_brand","embeddable":true,"href":"https:\/\/www.supersybon.com\/es\/wp-json\/wp\/v2\/product_brand?post=1324"},{"taxonomy":"product_cat","embeddable":true,"href":"https:\/\/www.supersybon.com\/es\/wp-json\/wp\/v2\/product_cat?post=1324"},{"taxonomy":"product_tag","embeddable":true,"href":"https:\/\/www.supersybon.com\/es\/wp-json\/wp\/v2\/product_tag?post=1324"}],"curies":[{"name":"wp","href":"https:\/\/api.w.org\/{rel}","templated":true}]}}