{"id":1312,"date":"2022-10-25T14:15:29","date_gmt":"2022-10-25T06:15:29","guid":{"rendered":"https:\/\/www.supersybon.com\/es\/?post_type=product&#038;p=1312"},"modified":"2023-09-23T11:57:29","modified_gmt":"2023-09-23T03:57:29","slug":"s813i-pistola-de-limpieza-de-automoviles-tornado-herramienta-de-limpieza-de-superficies-de-pintura-de-limpieza-exterior-interior-de-superficie-de-alta-presion-de-pulso-de-aire","status":"publish","type":"product","link":"https:\/\/www.supersybon.com\/es\/product\/s813i-pistola-de-limpieza-de-automoviles-tornado-herramienta-de-limpieza-de-superficies-de-pintura-de-limpieza-exterior-interior-de-superficie-de-alta-presion-de-pulso-de-aire","title":{"rendered":"S813I Pistola de limpieza de autom\u00f3viles tornado herramienta de limpieza de superficies de pintura de limpieza exterior interior de superficie de alta presi\u00f3n de pulso de aire"},"content":{"rendered":"<p><img decoding=\"async\" class=\"aligncenter size-full wp-image-1314\" src=\"https:\/\/www.supersybon.com\/es\/wp-content\/uploads\/2022\/10\/1666683021-S812I-High-Pressure-Car-Wash-Gun-For-Car-Interior-Detailing.jpg\" alt=\"\" width=\"900\" height=\"364\" title=\"\" srcset=\"https:\/\/www.supersybon.com\/es\/wp-content\/uploads\/2022\/10\/1666683021-S812I-High-Pressure-Car-Wash-Gun-For-Car-Interior-Detailing.jpg 900w, https:\/\/www.supersybon.com\/es\/wp-content\/uploads\/2022\/10\/1666683021-S812I-High-Pressure-Car-Wash-Gun-For-Car-Interior-Detailing-480x194.jpg 480w\" sizes=\"(min-width: 0px) and (max-width: 480px) 480px, (min-width: 481px) 900px, 100vw\" \/><\/p>\n<p>&nbsp;<\/p>\n<p><strong>S813I Pistola de limpieza de autom\u00f3viles tornado herramienta de limpieza de superficies de pintura de limpieza exterior interior de superficie de alta presi\u00f3n de pulso de aire<\/strong><\/p>\n<p><strong>Rasgo:<br \/>\n<\/strong><\/p>\n<p>Cabezal de metal giratorio de 1.360 \u00b0. Utilizando material de aluminio, utilizando el principio de aire Integrar la eliminaci\u00f3n de polvo y la pulverizaci\u00f3n Velocidad r\u00e1pida, viento fuerte, buen efecto.<\/p>\n<p>2. Interruptor antideslizante y mejor control. Material de aleaci\u00f3n de aluminio. Ajuste la cantidad de l\u00edquido girando. Para lograr mejor el efecto de limpieza.<\/p>\n<p>3. Ca\u00f1\u00f3n triangular estable. Teniendo en cuenta la estabilidad del ca\u00f1\u00f3n, ensanche la parte inferior del ca\u00f1\u00f3n y mueva el centro de gravedad hacia abajo. Haga que el ca\u00f1\u00f3n sea m\u00e1s estable y no se caiga f\u00e1cilmente.<\/p>\n<p>4. Mango ergon\u00f3mico que ya no cansa. El mango est\u00e1 forjado de aleaci\u00f3n y adopta un dise\u00f1o ergon\u00f3mico. Agarre c\u00f3modo, ya no cansa las manos.<\/p>\n<div data-id=\"paragraph0\"><\/div>\n<div class=\"magic-13\">\n<div class=\"magic-14\">\n<div class=\"magic-15\" data-id=\"paragraph0\"><\/div>\n<\/div>\n<\/div>\n<div data-id=\"paragraph0\"><\/div>\n<p><img decoding=\"async\" class=\"aligncenter size-full wp-image-1315\" src=\"https:\/\/www.supersybon.com\/es\/wp-content\/uploads\/2022\/10\/1666683049-S812I-Competitive-Price-Car-Interior-Spray-Gun-Aluminum-Material-Deep-Cleaning-Effect-Car-Interior-Washer.jpg\" alt=\"\" width=\"750\" height=\"750\" title=\"\" srcset=\"https:\/\/www.supersybon.com\/es\/wp-content\/uploads\/2022\/10\/1666683049-S812I-Competitive-Price-Car-Interior-Spray-Gun-Aluminum-Material-Deep-Cleaning-Effect-Car-Interior-Washer.jpg 750w, https:\/\/www.supersybon.com\/es\/wp-content\/uploads\/2022\/10\/1666683049-S812I-Competitive-Price-Car-Interior-Spray-Gun-Aluminum-Material-Deep-Cleaning-Effect-Car-Interior-Washer-480x480.jpg 480w\" sizes=\"(min-width: 0px) and (max-width: 480px) 480px, (min-width: 481px) 750px, 100vw\" \/><\/p>\n<p><img decoding=\"async\" class=\"aligncenter size-full wp-image-1316\" src=\"https:\/\/www.supersybon.com\/es\/wp-content\/uploads\/2022\/10\/1666683071-S812I-Factory-Direct-Sale-Aluminum-Material-Material-Strong-Wind-Strong-Wind-Car-Interior-Washer-Spray-Gun.jpg\" alt=\"\" width=\"750\" height=\"750\" title=\"\" srcset=\"https:\/\/www.supersybon.com\/es\/wp-content\/uploads\/2022\/10\/1666683071-S812I-Factory-Direct-Sale-Aluminum-Material-Material-Strong-Wind-Strong-Wind-Car-Interior-Washer-Spray-Gun.jpg 750w, https:\/\/www.supersybon.com\/es\/wp-content\/uploads\/2022\/10\/1666683071-S812I-Factory-Direct-Sale-Aluminum-Material-Material-Strong-Wind-Strong-Wind-Car-Interior-Washer-Spray-Gun-480x480.jpg 480w\" sizes=\"(min-width: 0px) and (max-width: 480px) 480px, (min-width: 481px) 750px, 100vw\" \/><\/p>\n<p><img decoding=\"async\" class=\"aligncenter size-full wp-image-1317\" src=\"https:\/\/www.supersybon.com\/es\/wp-content\/uploads\/2022\/10\/1666683091-S812I-Advanced-Wholesale-Price-Foam-Cleaning-Gun-High-Pressure-Cleaning-Gun-With-Dust-Proof-And-Recycle.jpg\" alt=\"\" width=\"750\" height=\"750\" title=\"\" srcset=\"https:\/\/www.supersybon.com\/es\/wp-content\/uploads\/2022\/10\/1666683091-S812I-Advanced-Wholesale-Price-Foam-Cleaning-Gun-High-Pressure-Cleaning-Gun-With-Dust-Proof-And-Recycle.jpg 750w, https:\/\/www.supersybon.com\/es\/wp-content\/uploads\/2022\/10\/1666683091-S812I-Advanced-Wholesale-Price-Foam-Cleaning-Gun-High-Pressure-Cleaning-Gun-With-Dust-Proof-And-Recycle-480x480.jpg 480w\" sizes=\"(min-width: 0px) and (max-width: 480px) 480px, (min-width: 481px) 750px, 100vw\" \/><\/p>\n<p><img decoding=\"async\" class=\"aligncenter size-full wp-image-1318\" src=\"https:\/\/www.supersybon.com\/es\/wp-content\/uploads\/2022\/10\/1666683117-S812I-Tornado-Cleaning-Gun-Car-Interior-Washer-Gun-Car-Wash-High-Pressure-Washer-Spray-Foam-Cannon.jpg\" alt=\"\" width=\"750\" height=\"750\" title=\"\" srcset=\"https:\/\/www.supersybon.com\/es\/wp-content\/uploads\/2022\/10\/1666683117-S812I-Tornado-Cleaning-Gun-Car-Interior-Washer-Gun-Car-Wash-High-Pressure-Washer-Spray-Foam-Cannon.jpg 750w, https:\/\/www.supersybon.com\/es\/wp-content\/uploads\/2022\/10\/1666683117-S812I-Tornado-Cleaning-Gun-Car-Interior-Washer-Gun-Car-Wash-High-Pressure-Washer-Spray-Foam-Cannon-480x480.jpg 480w\" sizes=\"(min-width: 0px) and (max-width: 480px) 480px, (min-width: 481px) 750px, 100vw\" \/><\/p>\n<p><img decoding=\"async\" class=\"aligncenter size-full wp-image-1319\" src=\"https:\/\/www.supersybon.com\/es\/wp-content\/uploads\/2022\/10\/1666683137-S812I-Car-Blow-Washer-Cleaning-Gun-With-Water-Pot-Interior-Clean-Car-Car-Wash-Gun-With-Brush.jpg\" alt=\"\" width=\"750\" height=\"750\" title=\"\" srcset=\"https:\/\/www.supersybon.com\/es\/wp-content\/uploads\/2022\/10\/1666683137-S812I-Car-Blow-Washer-Cleaning-Gun-With-Water-Pot-Interior-Clean-Car-Car-Wash-Gun-With-Brush.jpg 750w, https:\/\/www.supersybon.com\/es\/wp-content\/uploads\/2022\/10\/1666683137-S812I-Car-Blow-Washer-Cleaning-Gun-With-Water-Pot-Interior-Clean-Car-Car-Wash-Gun-With-Brush-480x480.jpg 480w\" sizes=\"(min-width: 0px) and (max-width: 480px) 480px, (min-width: 481px) 750px, 100vw\" \/><\/p>\n<div class=\"magic-13\">\n<div class=\"magic-14\">\n<div class=\"magic-9\">\n<div class=\"magic-10\">\n<p>&nbsp;<\/p>\n<p><strong>Embalaje y servicio de productos<br \/>\n<\/strong><\/p>\n<hr \/>\n<p><strong>PAQUETE :<br \/>\n<\/strong><\/p>\n<p>1 juego\/caja.<\/p>\n<p><img decoding=\"async\" class=\"aligncenter size-full wp-image-1320\" src=\"https:\/\/www.supersybon.com\/es\/wp-content\/uploads\/2022\/10\/1666683163-S812I-High-Pressure-Deep-Clean-Car-Cleaning-Gun-With-Metal-Spinner.jpg\" alt=\"\" width=\"750\" height=\"750\" title=\"\" srcset=\"https:\/\/www.supersybon.com\/es\/wp-content\/uploads\/2022\/10\/1666683163-S812I-High-Pressure-Deep-Clean-Car-Cleaning-Gun-With-Metal-Spinner.jpg 750w, https:\/\/www.supersybon.com\/es\/wp-content\/uploads\/2022\/10\/1666683163-S812I-High-Pressure-Deep-Clean-Car-Cleaning-Gun-With-Metal-Spinner-480x480.jpg 480w\" sizes=\"(min-width: 0px) and (max-width: 480px) 480px, (min-width: 481px) 750px, 100vw\" \/><\/p>\n<p>&nbsp;<\/p>\n<p><strong>NUESTRO SERVICIO:<br \/>\n<\/strong><\/p>\n<p>1.24 horas en l\u00ednea<\/p>\n<p>2. Precio competitivo<\/p>\n<p>3. Excelentes comentarios del cliente<\/p>\n<p>4. Pedidos en l\u00ednea seguros<\/p>\n<p>5. Entrega r\u00e1pida<\/p>\n<p>6. Soporte t\u00e9cnico profesional<\/p>\n<\/div>\n<\/div>\n<\/div>\n<\/div>\n<div class=\"magic-13\">\n<div class=\"magic-14\">\n<p>&nbsp;<\/p>\n<p><strong>Perfil de la empresa<br \/>\n<\/strong><\/p>\n<hr \/>\n<div class=\"magic-13\">\n<div class=\"magic-14\">\n<div class=\"magic-9\">\n<div class=\"magic-10\">\n<div class=\"magic-13\">\n<div class=\"magic-14\">\n<div data-spm-anchor-id=\"a2700.details.0.i37.625d2e9eLtZffL\">\n<div class=\"magic-13\">\n<div class=\"magic-14\">\n<div class=\"magic-13\">\n<div class=\"magic-14\">\n<p>&nbsp;<\/p>\n<\/div>\n<\/div>\n<\/div>\n<\/div>\n<\/div>\n<\/div>\n<\/div>\n<\/div>\n<\/div>\n<\/div>\n<\/div>\n<\/div>\n<\/div>\n<div class=\"magic-13\">\n<div class=\"magic-14\">\n<p><img decoding=\"async\" class=\"aligncenter size-full wp-image-324\" src=\"https:\/\/www.supersybon.com\/es\/wp-content\/uploads\/2022\/09\/1663401769-Car-Paint-Supplier-Company-Profile-Manufacturer-China.jpg\" alt=\"\" width=\"900\" height=\"958\" title=\"\" srcset=\"https:\/\/www.supersybon.com\/es\/wp-content\/uploads\/2022\/09\/1663401769-Car-Paint-Supplier-Company-Profile-Manufacturer-China.jpg 900w, https:\/\/www.supersybon.com\/es\/wp-content\/uploads\/2022\/09\/1663401769-Car-Paint-Supplier-Company-Profile-Manufacturer-China-480x511.jpg 480w\" sizes=\"(min-width: 0px) and (max-width: 480px) 480px, (min-width: 481px) 900px, 100vw\" \/><\/p>\n<p><strong>Preguntas m\u00e1s frecuentes<br \/>\n<\/strong><\/p>\n<hr \/>\n<p>P: \u00bfCu\u00e1l es su MOQ?<\/p>\n<p>R: Nuestro pedido m\u00ednimo es de 1 caja de cart\u00f3n.<\/p>\n<p>P: \u00bfQu\u00e9 hay de su pago?<\/p>\n<p>R: dep\u00f3sito del 50% por adelantado, saldo del 50% por T\/T, L\/C, paypal, Western Union o antes del env\u00edo.<\/p>\n<p>P: \u00bfProporcionan muestras?<\/p>\n<p>R: S\u00ed, puede comprar una muestra para probarla.<\/p>\n<p>P: \u00bfQu\u00e9 hay de su tiempo de entrega?<\/p>\n<p>R: generalmente 15 d\u00edas despu\u00e9s de recibir su dep\u00f3sito.<\/p>\n<\/div>\n<\/div>\n","protected":false},"excerpt":{"rendered":"<p>Cabezal de metal giratorio de 1.360 \u00b0. Utilizando material de aluminio, utilizando el principio de aire Integrar la eliminaci\u00f3n de polvo y la pulverizaci\u00f3n Velocidad r\u00e1pida, viento fuerte, buen efecto.<br \/>\n2. Interruptor antideslizante y mejor control. Material de aleaci\u00f3n de aluminio. Ajuste la cantidad de l\u00edquido girando. Para lograr mejor el efecto de limpieza.<br \/>\n3. Ca\u00f1\u00f3n triangular estable. Teniendo en cuenta la estabilidad del ca\u00f1\u00f3n, ensanche la parte inferior del ca\u00f1\u00f3n y mueva el centro de gravedad hacia abajo. Haga que el ca\u00f1\u00f3n sea m\u00e1s estable y no se caiga f\u00e1cilmente.<br \/>\n4. Mango ergon\u00f3mico que ya no cansa. El mango est\u00e1 forjado de aleaci\u00f3n y adopta un dise\u00f1o ergon\u00f3mico. Agarre c\u00f3modo, ya no cansa las manos.<\/p>\n","protected":false},"featured_media":1321,"template":"","meta":{"_et_pb_use_builder":"","_et_pb_old_content":"","_et_gb_content_width":""},"product_brand":[],"product_cat":[56,58],"product_tag":[612,611],"class_list":{"0":"post-1312","1":"product","2":"type-product","3":"status-publish","4":"has-post-thumbnail","6":"product_cat-serie-de-cuidado-de-automoviles","7":"product_cat-productos-de-lavado-de-autos","8":"product_tag-herramienta-de-limpieza-de-superficies","9":"product_tag-pistola-de-limpieza-de-automoviles-tornado","11":"first","12":"instock","13":"shipping-taxable","14":"product-type-simple"},"_links":{"self":[{"href":"https:\/\/www.supersybon.com\/es\/wp-json\/wp\/v2\/product\/1312","targetHints":{"allow":["GET"]}}],"collection":[{"href":"https:\/\/www.supersybon.com\/es\/wp-json\/wp\/v2\/product"}],"about":[{"href":"https:\/\/www.supersybon.com\/es\/wp-json\/wp\/v2\/types\/product"}],"wp:featuredmedia":[{"embeddable":true,"href":"https:\/\/www.supersybon.com\/es\/wp-json\/wp\/v2\/media\/1321"}],"wp:attachment":[{"href":"https:\/\/www.supersybon.com\/es\/wp-json\/wp\/v2\/media?parent=1312"}],"wp:term":[{"taxonomy":"product_brand","embeddable":true,"href":"https:\/\/www.supersybon.com\/es\/wp-json\/wp\/v2\/product_brand?post=1312"},{"taxonomy":"product_cat","embeddable":true,"href":"https:\/\/www.supersybon.com\/es\/wp-json\/wp\/v2\/product_cat?post=1312"},{"taxonomy":"product_tag","embeddable":true,"href":"https:\/\/www.supersybon.com\/es\/wp-json\/wp\/v2\/product_tag?post=1312"}],"curies":[{"name":"wp","href":"https:\/\/api.w.org\/{rel}","templated":true}]}}