{"id":1266,"date":"2022-10-22T10:53:13","date_gmt":"2022-10-22T02:53:13","guid":{"rendered":"https:\/\/www.supersybon.com\/es\/?post_type=product&#038;p=1266"},"modified":"2023-01-04T10:50:25","modified_gmt":"2023-01-04T02:50:25","slug":"s2214-acondicionador-de-cuero-mantiene-el-cuero-suave-mantiene-la-textura-inherente-mejora-el-color-del-cuero","status":"publish","type":"product","link":"https:\/\/www.supersybon.com\/es\/product\/s2214-acondicionador-de-cuero-mantiene-el-cuero-suave-mantiene-la-textura-inherente-mejora-el-color-del-cuero","title":{"rendered":"S2214 Acondicionador de cuero mantiene el cuero suave mantiene la textura inherente mejora el color del cuero"},"content":{"rendered":"<p><iframe title=\"Leather Conditioner Keep Leather Soft Maintains Inherent Texture Enhances Leather Color\" width=\"1080\" height=\"608\" src=\"https:\/\/www.youtube.com\/embed\/OAHlEm5BLiA?feature=oembed\"  allow=\"accelerometer; autoplay; clipboard-write; encrypted-media; gyroscope; picture-in-picture\" allowfullscreen><\/iframe><\/p>\n<p><img decoding=\"async\" class=\"aligncenter size-full wp-image-1267\" src=\"https:\/\/www.supersybon.com\/es\/wp-content\/uploads\/2022\/10\/1666408813-S2214-Leather-Conditioner-Not-Darken-Leather-Safe-Of-Auto-Interiors-All-Other-Leather.jpg\" alt=\"\" width=\"900\" height=\"364\" title=\"\" srcset=\"https:\/\/www.supersybon.com\/es\/wp-content\/uploads\/2022\/10\/1666408813-S2214-Leather-Conditioner-Not-Darken-Leather-Safe-Of-Auto-Interiors-All-Other-Leather.jpg 900w, https:\/\/www.supersybon.com\/es\/wp-content\/uploads\/2022\/10\/1666408813-S2214-Leather-Conditioner-Not-Darken-Leather-Safe-Of-Auto-Interiors-All-Other-Leather-480x194.jpg 480w\" sizes=\"(min-width: 0px) and (max-width: 480px) 480px, (min-width: 481px) 900px, 100vw\" \/><\/p>\n<p>&nbsp;<\/p>\n<p><strong>S2214 Acondicionador de cuero mantiene el cuero suave mantiene la textura inherente mejora el color del cuero<\/strong><\/p>\n<p><strong>Rasgo:<br \/>\n<\/strong><\/p>\n<p>Para la desoxidaci\u00f3n y el cuidado de los materiales de cuero del autom\u00f3vil y del hogar, este producto tiene el efecto de despertar la textura y el brillo originales del cuero; Puede disolver r\u00e1pidamente la capa de \u00f3xido en la superficie del cuero y contiene factores de cuidado y protecci\u00f3n de nano-acristalamiento para formar una capa protectora, que es resistente al agua y al envejecimiento. La f\u00f3rmula de rayos antiest\u00e1ticos, a prueba de polvo y anti-ultravioleta no tiene ning\u00fan efecto corrosivo sobre el cuero en s\u00ed. Esta f\u00f3rmula mantiene el cuero suave, mantiene su textura inherente, realza el color del cuero y huele fresco. (Adecuado para cuero de autom\u00f3vil, materiales moldeados, cabello para muebles, bolsos de cuero, etc.).<\/p>\n<p><strong>M\u00e9todo de operaci\u00f3n:<\/strong><\/p>\n<p>1.Aseg\u00farese de que el cuero est\u00e9 a temperatura ambiente antes de usarlo; primero elimine las manchas en la superficie del cuero con detergente y s\u00e9quelo;<\/p>\n<p>2. Aplique este producto sobre una esponja o una toalla limpia, exti\u00e9ndalo uniformemente sobre la superficie del cuero. [Instrucciones] Despu\u00e9s de cuidarlo, se recomienda mantener las ventanas ventiladas y secas antes de sentarse; este producto tiene el efecto de hidratar y envejecer el cuero, y no tiene efecto en la reparaci\u00f3n del cuero agrietado.<\/p>\n<p><strong>Precauciones:<\/strong><\/p>\n<p>1. Est\u00e1 prohibido usar el cuero cuando la temperatura supera la temperatura normal o bajo la luz solar directa;<\/p>\n<p>2. Para productos funcionales, pruebe en un \u00e1rea peque\u00f1a en un lugar discreto;<\/p>\n<p>3. No debe almacenarse en un lugar por debajo de 0\u00b0C o por encima de 50\u00b0C;<\/p>\n<p>4. No permita que los ni\u00f1os toquen, no coma, si accidentalmente entra en sus ojos, busque atenci\u00f3n m\u00e9dica de inmediato;<\/p>\n<p>5. \u00daselo de la manera correcta, no deje este producto solo despu\u00e9s de untarlo.<\/p>\n<div data-id=\"paragraph0\"><\/div>\n<div data-id=\"paragraph0\"><\/div>\n<p><img decoding=\"async\" class=\"aligncenter size-full wp-image-1268\" src=\"https:\/\/www.supersybon.com\/es\/wp-content\/uploads\/2022\/10\/1666408842-S2214-Leather-Treatment-Conditioner-Car-Interior-Care-Product-Abrasive-Paste-For-Car.jpg\" alt=\"\" width=\"750\" height=\"750\" title=\"\" srcset=\"https:\/\/www.supersybon.com\/es\/wp-content\/uploads\/2022\/10\/1666408842-S2214-Leather-Treatment-Conditioner-Car-Interior-Care-Product-Abrasive-Paste-For-Car.jpg 750w, https:\/\/www.supersybon.com\/es\/wp-content\/uploads\/2022\/10\/1666408842-S2214-Leather-Treatment-Conditioner-Car-Interior-Care-Product-Abrasive-Paste-For-Car-480x480.jpg 480w\" sizes=\"(min-width: 0px) and (max-width: 480px) 480px, (min-width: 481px) 750px, 100vw\" \/><\/p>\n<p>&nbsp;<\/p>\n<p><img decoding=\"async\" class=\"aligncenter size-full wp-image-1269\" src=\"https:\/\/www.supersybon.com\/es\/wp-content\/uploads\/2022\/10\/1666408869-S2214-Deep-Leather-Conditioner-Restores-Leather-Surfaces-Use-On-Leather-Furniture-Car-Seats.jpg\" alt=\"\" width=\"750\" height=\"750\" title=\"\" srcset=\"https:\/\/www.supersybon.com\/es\/wp-content\/uploads\/2022\/10\/1666408869-S2214-Deep-Leather-Conditioner-Restores-Leather-Surfaces-Use-On-Leather-Furniture-Car-Seats.jpg 750w, https:\/\/www.supersybon.com\/es\/wp-content\/uploads\/2022\/10\/1666408869-S2214-Deep-Leather-Conditioner-Restores-Leather-Surfaces-Use-On-Leather-Furniture-Car-Seats-480x480.jpg 480w\" sizes=\"(min-width: 0px) and (max-width: 480px) 480px, (min-width: 481px) 750px, 100vw\" \/><\/p>\n<p>&nbsp;<\/p>\n<p>&nbsp;<\/p>\n<p><strong>Embalaje y servicio de productos<br \/>\n<\/strong><\/p>\n<hr \/>\n<p><strong>PAQUETE :<br \/>\n<\/strong><\/p>\n<p>63 piezas\/cart\u00f3n.<\/p>\n<p>&nbsp;<\/p>\n<p><strong>NUESTRO SERVICIO:<br \/>\n<\/strong><\/p>\n<p>1.24 horas en l\u00ednea<\/p>\n<p>2. Precio competitivo<\/p>\n<p>3. Excelentes comentarios del cliente<\/p>\n<p>4. Pedidos en l\u00ednea seguros<\/p>\n<p>5. Entrega r\u00e1pida<\/p>\n<p>6. Soporte t\u00e9cnico profesional<\/p>\n<div class=\"magic-13\">\n<div class=\"magic-14\">\n<div class=\"magic-9\">\n<div class=\"magic-10\">\n<div class=\"magic-13\">\n<div class=\"magic-14\">\n<div class=\"magic-9\">\n<div class=\"magic-13\">\n<div class=\"magic-14\">\n<div class=\"magic-9\">\n<div class=\"magic-10\">\n<div class=\"magic-13\">\n<div class=\"magic-14\">\n<div class=\"magic-9\">\n<div class=\"magic-10\">\n<div class=\"magic-13\">\n<div class=\"magic-14\">\n<div data-spm-anchor-id=\"a2700.details.0.i37.625d2e9eLtZffL\">\n<div class=\"magic-13\">\n<div class=\"magic-14\">\n<div class=\"magic-13\">\n<div class=\"magic-14\">\n<div class=\"magic-13\">\n<div class=\"magic-14\">\n<div class=\"magic-9\">\n<div class=\"magic-13\">\n<div class=\"magic-14\">\n<div class=\"magic-9\">\n<div class=\"magic-10\">\n<div class=\"magic-13\">\n<div class=\"magic-14\">\n<div class=\"magic-9\">\n<div class=\"magic-10\">\n<div class=\"magic-13\">\n<div class=\"magic-14\">\n<div data-spm-anchor-id=\"a2700.details.0.i37.625d2e9eLtZffL\">\n<div class=\"magic-13\">\n<div class=\"magic-14\">\n<div class=\"magic-13\">\n<div class=\"magic-14\">\n<p>&nbsp;<\/p>\n<\/div>\n<\/div>\n<\/div>\n<\/div>\n<\/div>\n<\/div>\n<\/div>\n<\/div>\n<\/div>\n<\/div>\n<\/div>\n<\/div>\n<\/div>\n<\/div>\n<\/div>\n<\/div>\n<\/div>\n<\/div>\n<div class=\"magic-13\">\n<div class=\"magic-14\">\n<div class=\"magic-13\">\n<div class=\"magic-14\">\n<div class=\"magic-9\">\n<div class=\"magic-10\">\n<div class=\"magic-13\">\n<div class=\"magic-14\">\n<div data-spm-anchor-id=\"a2700.details.0.i37.625d2e9eLtZffL\">\n<div class=\"magic-13\">\n<div class=\"magic-14\">\n<div class=\"magic-13\">\n<div class=\"magic-14\">\n<div class=\"magic-13\">\n<div class=\"magic-14\">\n<div class=\"magic-9\">\n<div class=\"magic-13\">\n<div class=\"magic-14\">\n<div class=\"magic-9\">\n<div class=\"magic-10\">\n<div class=\"magic-13\">\n<div class=\"magic-14\">\n<div class=\"magic-9\">\n<div class=\"magic-10\">\n<div class=\"magic-13\">\n<div class=\"magic-14\">\n<div data-spm-anchor-id=\"a2700.details.0.i37.625d2e9eLtZffL\">\n<div class=\"magic-13\">\n<div class=\"magic-14\">\n<div class=\"magic-13\">\n<div class=\"magic-14\">\n<p>&nbsp;<\/p>\n<\/div>\n<\/div>\n<\/div>\n<\/div>\n<\/div>\n<\/div>\n<\/div>\n<\/div>\n<\/div>\n<\/div>\n<\/div>\n<\/div>\n<\/div>\n<\/div>\n<\/div>\n<\/div>\n<\/div>\n<\/div>\n<div class=\"magic-13\">\n<div class=\"magic-14\">\n<div class=\"magic-13\">\n<div class=\"magic-14\">\n<div class=\"magic-9\">\n<div class=\"magic-10\">\n<div class=\"magic-13\">\n<div class=\"magic-14\">\n<div data-spm-anchor-id=\"a2700.details.0.i37.625d2e9eLtZffL\">\n<div class=\"magic-13\">\n<div class=\"magic-14\">\n<div class=\"magic-13\">\n<div class=\"magic-14\">\n<p>&nbsp;<\/p>\n<\/div>\n<\/div>\n<\/div>\n<\/div>\n<\/div>\n<\/div>\n<\/div>\n<\/div>\n<\/div>\n<\/div>\n<\/div>\n<div class=\"magic-13\">\n<div class=\"magic-14\">\n<p><strong>Perfil de la empresa<br \/>\n<\/strong><\/p>\n<hr \/>\n<p>&nbsp;<\/p>\n<\/div>\n<\/div>\n<\/div>\n<\/div>\n<\/div>\n<\/div>\n<\/div>\n<\/div>\n<\/div>\n<\/div>\n<\/div>\n<\/div>\n<\/div>\n<\/div>\n<\/div>\n<\/div>\n<\/div>\n<\/div>\n<\/div>\n<\/div>\n<\/div>\n<\/div>\n<\/div>\n<\/div>\n<\/div>\n<\/div>\n<\/div>\n<\/div>\n<\/div>\n<\/div>\n<\/div>\n<\/div>\n<\/div>\n<\/div>\n<\/div>\n<\/div>\n<\/div>\n<\/div>\n<\/div>\n<div class=\"magic-13\">\n<div class=\"magic-14\">\n<p><img decoding=\"async\" class=\"aligncenter size-full wp-image-324\" src=\"https:\/\/www.supersybon.com\/es\/wp-content\/uploads\/2022\/09\/1663401769-Car-Paint-Supplier-Company-Profile-Manufacturer-China.jpg\" alt=\"\" width=\"900\" height=\"958\" title=\"\" srcset=\"https:\/\/www.supersybon.com\/es\/wp-content\/uploads\/2022\/09\/1663401769-Car-Paint-Supplier-Company-Profile-Manufacturer-China.jpg 900w, https:\/\/www.supersybon.com\/es\/wp-content\/uploads\/2022\/09\/1663401769-Car-Paint-Supplier-Company-Profile-Manufacturer-China-480x511.jpg 480w\" sizes=\"(min-width: 0px) and (max-width: 480px) 480px, (min-width: 481px) 900px, 100vw\" \/><\/p>\n<div class=\"magic-13\">\n<div class=\"magic-14\">\n<p><strong>Preguntas m\u00e1s frecuentes<br \/>\n<\/strong><\/p>\n<hr \/>\n<\/div>\n<\/div>\n<p>P: \u00bfCu\u00e1l es su MOQ?<\/p>\n<p>R: Nuestro pedido m\u00ednimo es de 1 caja de cart\u00f3n.<\/p>\n<p>P: \u00bfQu\u00e9 hay de su pago?<\/p>\n<p>R: dep\u00f3sito del 50% por adelantado, saldo del 50% por T\/T, L\/C, paypal, Western Union o antes del env\u00edo.<\/p>\n<p>P: \u00bfProporcionan muestras?<\/p>\n<p>R: S\u00ed, puede comprar una muestra para probarla.<\/p>\n<p>P: \u00bfQu\u00e9 hay de su tiempo de entrega?<\/p>\n<p>R: generalmente 15 d\u00edas despu\u00e9s de recibir su dep\u00f3sito.<\/p>\n<\/div>\n<\/div>\n","protected":false},"excerpt":{"rendered":"<p>Para la desoxidaci\u00f3n y el cuidado de los materiales de cuero del autom\u00f3vil y del hogar, este producto tiene el efecto de despertar la textura y el brillo originales del cuero; Puede disolver r\u00e1pidamente la capa de \u00f3xido en la superficie del cuero y contiene factores de cuidado y protecci\u00f3n de nano-acristalamiento para formar una capa protectora, que es resistente al agua y al envejecimiento. La f\u00f3rmula de rayos antiest\u00e1ticos, a prueba de polvo y anti-ultravioleta no tiene ning\u00fan efecto corrosivo sobre el cuero en s\u00ed. Esta f\u00f3rmula mantiene el cuero suave, mantiene su textura inherente, realza el color del cuero y huele fresco. (Adecuado para cuero de autom\u00f3vil, materiales moldeados, cabello para muebles, bolsos de cuero, etc.).<\/p>\n","protected":false},"featured_media":1271,"template":"","meta":{"_et_pb_use_builder":"","_et_pb_old_content":"","_et_gb_content_width":""},"product_brand":[],"product_cat":[56,60],"product_tag":[608,609],"class_list":{"0":"post-1266","1":"product","2":"type-product","3":"status-publish","4":"has-post-thumbnail","6":"product_cat-serie-de-cuidado-de-automoviles","7":"product_cat-detallado-del-cuidado-del-automovil","8":"product_tag-acondicionador-de-cuero","9":"product_tag-mantener-el-cuero-suave-mantiene","11":"first","12":"instock","13":"shipping-taxable","14":"product-type-simple"},"_links":{"self":[{"href":"https:\/\/www.supersybon.com\/es\/wp-json\/wp\/v2\/product\/1266","targetHints":{"allow":["GET"]}}],"collection":[{"href":"https:\/\/www.supersybon.com\/es\/wp-json\/wp\/v2\/product"}],"about":[{"href":"https:\/\/www.supersybon.com\/es\/wp-json\/wp\/v2\/types\/product"}],"wp:featuredmedia":[{"embeddable":true,"href":"https:\/\/www.supersybon.com\/es\/wp-json\/wp\/v2\/media\/1271"}],"wp:attachment":[{"href":"https:\/\/www.supersybon.com\/es\/wp-json\/wp\/v2\/media?parent=1266"}],"wp:term":[{"taxonomy":"product_brand","embeddable":true,"href":"https:\/\/www.supersybon.com\/es\/wp-json\/wp\/v2\/product_brand?post=1266"},{"taxonomy":"product_cat","embeddable":true,"href":"https:\/\/www.supersybon.com\/es\/wp-json\/wp\/v2\/product_cat?post=1266"},{"taxonomy":"product_tag","embeddable":true,"href":"https:\/\/www.supersybon.com\/es\/wp-json\/wp\/v2\/product_tag?post=1266"}],"curies":[{"name":"wp","href":"https:\/\/api.w.org\/{rel}","templated":true}]}}