{"id":1251,"date":"2022-10-21T17:40:05","date_gmt":"2022-10-21T09:40:05","guid":{"rendered":"https:\/\/www.supersybon.com\/es\/?post_type=product&#038;p=1251"},"modified":"2023-01-04T10:40:53","modified_gmt":"2023-01-04T02:40:53","slug":"s2212-champu-para-lavado-de-autos-el-jabon-para-lavado-de-autos-funciona-con-canones-de-espuma-pistolas-de-espuma-o-lavados-de-baldes-seguro-para-autos","status":"publish","type":"product","link":"https:\/\/www.supersybon.com\/es\/product\/s2212-champu-para-lavado-de-autos-el-jabon-para-lavado-de-autos-funciona-con-canones-de-espuma-pistolas-de-espuma-o-lavados-de-baldes-seguro-para-autos","title":{"rendered":"S2212 Champ\u00fa para lavado de autos El jab\u00f3n para lavado de autos funciona con ca\u00f1ones de espuma, pistolas de espuma o lavados de baldes Seguro para autos"},"content":{"rendered":"<p><iframe title=\"Car Wash Shampoo Car Wash Soap Works with Foam Cannons, Foam Guns or Bucket Washes Safe for Cars\" width=\"1080\" height=\"608\" src=\"https:\/\/www.youtube.com\/embed\/R5wPa87x5_0?feature=oembed\"  allow=\"accelerometer; autoplay; clipboard-write; encrypted-media; gyroscope; picture-in-picture\" allowfullscreen><\/iframe><\/p>\n<p>&nbsp;<\/p>\n<p><img decoding=\"async\" class=\"aligncenter size-full wp-image-1252\" src=\"https:\/\/www.supersybon.com\/es\/wp-content\/uploads\/2022\/10\/1666349938-S2212-Best-Car-Wash-Liquid-Car-Washing-Shampoo-Color-Yellow-Green.jpg\" alt=\"\" width=\"900\" height=\"364\" title=\"\" srcset=\"https:\/\/www.supersybon.com\/es\/wp-content\/uploads\/2022\/10\/1666349938-S2212-Best-Car-Wash-Liquid-Car-Washing-Shampoo-Color-Yellow-Green.jpg 900w, https:\/\/www.supersybon.com\/es\/wp-content\/uploads\/2022\/10\/1666349938-S2212-Best-Car-Wash-Liquid-Car-Washing-Shampoo-Color-Yellow-Green-480x194.jpg 480w\" sizes=\"(min-width: 0px) and (max-width: 480px) 480px, (min-width: 481px) 900px, 100vw\" \/><\/p>\n<p>&nbsp;<\/p>\n<p><strong>S2212 Champ\u00fa para lavado de autos El jab\u00f3n para lavado de autos funciona con ca\u00f1ones de espuma, pistolas de espuma o lavados de baldes Seguro para autos<\/strong><\/p>\n<p>Este producto est\u00e1 hecho de materias primas blandas de alta calidad y f\u00f3rmula avanzada. La espuma rica y estable se adhiere a la superficie de la carrocer\u00eda del autom\u00f3vil, dando a la superficie de la pintura la mejor limpieza y un efecto de protecci\u00f3n de acristalamiento uniforme. Reduce la corrosi\u00f3n en la piel y las superficies pintadas. Es una protecci\u00f3n ambiental verde, un aroma fresco y encantador, y hace que su autom\u00f3vil brille y limpie.<\/p>\n<p><strong>C\u00f3mo utilizar:<\/strong><\/p>\n<p><strong>A.Lavar a m\u00e1quina<\/strong><\/p>\n<p>1.Adecuado para m\u00e1quina de espuma a presi\u00f3n. La relaci\u00f3n de diluci\u00f3n de este producto en agua es de 1:100-180 y la presi\u00f3n de control es de 0,2-0,4 Mp2 (presi\u00f3n de 2KG-4KG).<\/p>\n<p>2. Es necesario agregar primero un 50% de agua, luego agregar 400 g de producto (llenar la m\u00e1quina de espuma con 60 kg de agua) y luego continuar agregando agua. De esta manera, la burbuja es estable de principio a fin.<\/p>\n<p><strong>B. Lavado a mano<\/strong><\/p>\n<p>1. Mezcle este producto con 1: 100-150 de agua, revuelva uniformemente, limpie el cuerpo con una esponja para lavar autos y luego lave con agua.<\/p>\n<div data-id=\"paragraph0\"><\/div>\n<p><img decoding=\"async\" class=\"aligncenter size-full wp-image-1253\" src=\"https:\/\/www.supersybon.com\/es\/wp-content\/uploads\/2022\/10\/1666349956-S2212-Strong-Decontamination-Car-Shampoo-Manufacturer-Shampoo-Washing-Liquid-Powerful-Shampoo.jpg\" alt=\"\" width=\"750\" height=\"750\" title=\"\" srcset=\"https:\/\/www.supersybon.com\/es\/wp-content\/uploads\/2022\/10\/1666349956-S2212-Strong-Decontamination-Car-Shampoo-Manufacturer-Shampoo-Washing-Liquid-Powerful-Shampoo.jpg 750w, https:\/\/www.supersybon.com\/es\/wp-content\/uploads\/2022\/10\/1666349956-S2212-Strong-Decontamination-Car-Shampoo-Manufacturer-Shampoo-Washing-Liquid-Powerful-Shampoo-480x480.jpg 480w\" sizes=\"(min-width: 0px) and (max-width: 480px) 480px, (min-width: 481px) 750px, 100vw\" \/><\/p>\n<p><img decoding=\"async\" class=\"aligncenter size-full wp-image-1256\" src=\"https:\/\/www.supersybon.com\/es\/wp-content\/uploads\/2022\/10\/1666350043-S2212-Best-Car-Wash-Shampoo-Carwash-Car-Wash-Liquid-Shampoo-20-Liter.jpg\" alt=\"\" width=\"750\" height=\"750\" title=\"\" srcset=\"https:\/\/www.supersybon.com\/es\/wp-content\/uploads\/2022\/10\/1666350043-S2212-Best-Car-Wash-Shampoo-Carwash-Car-Wash-Liquid-Shampoo-20-Liter.jpg 750w, https:\/\/www.supersybon.com\/es\/wp-content\/uploads\/2022\/10\/1666350043-S2212-Best-Car-Wash-Shampoo-Carwash-Car-Wash-Liquid-Shampoo-20-Liter-480x480.jpg 480w\" sizes=\"(min-width: 0px) and (max-width: 480px) 480px, (min-width: 481px) 750px, 100vw\" \/><\/p>\n<p><img decoding=\"async\" class=\"aligncenter size-full wp-image-1254\" src=\"https:\/\/www.supersybon.com\/es\/wp-content\/uploads\/2022\/10\/1666349983-S2212-Car-Wash-And-Wax-Shampoo-Small-Car-Care-Detailing-Washing-Wax-Shampoo.jpg\" alt=\"\" width=\"750\" height=\"750\" title=\"\" srcset=\"https:\/\/www.supersybon.com\/es\/wp-content\/uploads\/2022\/10\/1666349983-S2212-Car-Wash-And-Wax-Shampoo-Small-Car-Care-Detailing-Washing-Wax-Shampoo.jpg 750w, https:\/\/www.supersybon.com\/es\/wp-content\/uploads\/2022\/10\/1666349983-S2212-Car-Wash-And-Wax-Shampoo-Small-Car-Care-Detailing-Washing-Wax-Shampoo-480x480.jpg 480w\" sizes=\"(min-width: 0px) and (max-width: 480px) 480px, (min-width: 481px) 750px, 100vw\" \/><\/p>\n<div class=\"magic-13\">\n<div class=\"magic-14\">\n<div class=\"magic-9\">\n<p><img decoding=\"async\" class=\"aligncenter size-full wp-image-1255\" src=\"https:\/\/www.supersybon.com\/es\/wp-content\/uploads\/2022\/10\/1666350015-S2212-Car-Washing-Wax-Shampoo-Car-Wash-Detailing-Chemicals-Shampoo-Snow-Wash-Shampoo.jpg\" alt=\"\" width=\"750\" height=\"750\" title=\"\" srcset=\"https:\/\/www.supersybon.com\/es\/wp-content\/uploads\/2022\/10\/1666350015-S2212-Car-Washing-Wax-Shampoo-Car-Wash-Detailing-Chemicals-Shampoo-Snow-Wash-Shampoo.jpg 750w, https:\/\/www.supersybon.com\/es\/wp-content\/uploads\/2022\/10\/1666350015-S2212-Car-Washing-Wax-Shampoo-Car-Wash-Detailing-Chemicals-Shampoo-Snow-Wash-Shampoo-480x480.jpg 480w\" sizes=\"(min-width: 0px) and (max-width: 480px) 480px, (min-width: 481px) 750px, 100vw\" \/><\/p>\n<p>&nbsp;<\/p>\n<p>&nbsp;<\/p>\n<p><strong>Embalaje y servicio de productos<br \/>\n<\/strong><\/p>\n<hr \/>\n<p><strong>PAQUETE :<br \/>\n<\/strong><\/p>\n<p>35 piezas\/caja de cart\u00f3n.<\/p>\n<p>&nbsp;<\/p>\n<p><strong>NUESTRO SERVICIO:<br \/>\n<\/strong><\/p>\n<p>1.24 horas en l\u00ednea<\/p>\n<p>2. Precio competitivo<\/p>\n<p>3. Excelentes comentarios del cliente<\/p>\n<p>4. Pedidos en l\u00ednea seguros<\/p>\n<p>5. Entrega r\u00e1pida<\/p>\n<p>6. Soporte t\u00e9cnico profesional<\/p>\n<div class=\"magic-13\">\n<div class=\"magic-14\">\n<div class=\"magic-9\">\n<div class=\"magic-10\">\n<div class=\"magic-13\">\n<div class=\"magic-14\">\n<div class=\"magic-9\">\n<div class=\"magic-13\">\n<div class=\"magic-14\">\n<div class=\"magic-9\">\n<div class=\"magic-10\">\n<div class=\"magic-13\">\n<div class=\"magic-14\">\n<div class=\"magic-9\">\n<div class=\"magic-10\">\n<div class=\"magic-13\">\n<div class=\"magic-14\">\n<div data-spm-anchor-id=\"a2700.details.0.i37.625d2e9eLtZffL\">\n<div class=\"magic-13\">\n<div class=\"magic-14\">\n<div class=\"magic-13\">\n<div class=\"magic-14\">\n<div class=\"magic-13\">\n<div class=\"magic-14\">\n<div class=\"magic-9\">\n<div class=\"magic-13\">\n<div class=\"magic-14\">\n<div class=\"magic-9\">\n<div class=\"magic-10\">\n<div class=\"magic-13\">\n<div class=\"magic-14\">\n<div class=\"magic-9\">\n<div class=\"magic-10\">\n<div class=\"magic-13\">\n<div class=\"magic-14\">\n<div data-spm-anchor-id=\"a2700.details.0.i37.625d2e9eLtZffL\">\n<div class=\"magic-13\">\n<div class=\"magic-14\">\n<div class=\"magic-13\">\n<div class=\"magic-14\">\n<p>&nbsp;<\/p>\n<div class=\"magic-13\">\n<div class=\"magic-14\">\n<div class=\"magic-9\">\n<div class=\"magic-10\">\n<div class=\"magic-13\">\n<div class=\"magic-14\">\n<div data-spm-anchor-id=\"a2700.details.0.i37.625d2e9eLtZffL\">\n<div class=\"magic-13\">\n<div class=\"magic-14\">\n<div class=\"magic-13\">\n<div class=\"magic-14\">\n<p>&nbsp;<\/p>\n<\/div>\n<\/div>\n<\/div>\n<\/div>\n<\/div>\n<\/div>\n<\/div>\n<\/div>\n<\/div>\n<\/div>\n<\/div>\n<div class=\"magic-13\">\n<div class=\"magic-14\">\n<p><strong>Perfil de la empresa<br \/>\n<\/strong><\/p>\n<hr \/>\n<p>&nbsp;<\/p>\n<\/div>\n<\/div>\n<\/div>\n<\/div>\n<\/div>\n<\/div>\n<\/div>\n<\/div>\n<\/div>\n<\/div>\n<\/div>\n<\/div>\n<\/div>\n<\/div>\n<\/div>\n<\/div>\n<\/div>\n<\/div>\n<\/div>\n<\/div>\n<\/div>\n<\/div>\n<\/div>\n<\/div>\n<\/div>\n<\/div>\n<\/div>\n<\/div>\n<\/div>\n<\/div>\n<\/div>\n<\/div>\n<\/div>\n<\/div>\n<\/div>\n<\/div>\n<\/div>\n<\/div>\n<\/div>\n<\/div>\n<\/div>\n<\/div>\n<\/div>\n<\/div>\n<\/div>\n<div class=\"magic-13\">\n<div class=\"magic-14\">\n<p><img decoding=\"async\" class=\"aligncenter size-full wp-image-324\" src=\"https:\/\/www.supersybon.com\/es\/wp-content\/uploads\/2022\/09\/1663401769-Car-Paint-Supplier-Company-Profile-Manufacturer-China.jpg\" alt=\"\" width=\"900\" height=\"958\" title=\"\" srcset=\"https:\/\/www.supersybon.com\/es\/wp-content\/uploads\/2022\/09\/1663401769-Car-Paint-Supplier-Company-Profile-Manufacturer-China.jpg 900w, https:\/\/www.supersybon.com\/es\/wp-content\/uploads\/2022\/09\/1663401769-Car-Paint-Supplier-Company-Profile-Manufacturer-China-480x511.jpg 480w\" sizes=\"(min-width: 0px) and (max-width: 480px) 480px, (min-width: 481px) 900px, 100vw\" \/><\/p>\n<div class=\"magic-13\">\n<div class=\"magic-14\">\n<p><strong>Preguntas m\u00e1s frecuentes<br \/>\n<\/strong><\/p>\n<hr \/>\n<\/div>\n<\/div>\n<p>P: \u00bfCu\u00e1l es su MOQ?<\/p>\n<p>R: Nuestro pedido m\u00ednimo es de 1 caja de cart\u00f3n.<\/p>\n<p>P: \u00bfQu\u00e9 hay de su pago?<\/p>\n<p>R: dep\u00f3sito del 50% por adelantado, saldo del 50% por T\/T, L\/C, paypal, Western Union o antes del env\u00edo.<\/p>\n<p>P: \u00bfProporcionan muestras?<\/p>\n<p>R: S\u00ed, puede comprar una muestra para probarla.<\/p>\n<p>P: \u00bfQu\u00e9 hay de su tiempo de entrega?<\/p>\n<p>R: generalmente 15 d\u00edas despu\u00e9s de recibir su dep\u00f3sito.<\/p>\n<\/div>\n<\/div>\n","protected":false},"excerpt":{"rendered":"<p>El champ\u00fa para lavado de autos est\u00e1 hecho de materias primas suaves de alta calidad y f\u00f3rmula avanzada. La espuma rica y estable se adhiere a la superficie de la carrocer\u00eda del autom\u00f3vil, dando a la superficie de la pintura la mejor limpieza y un efecto de protecci\u00f3n de acristalamiento uniforme. Reduce la corrosi\u00f3n en la piel y las superficies pintadas. Es una protecci\u00f3n ambiental verde, un aroma fresco y encantador, y hace que su autom\u00f3vil brille y limpie.<\/p>\n","protected":false},"featured_media":1257,"template":"","meta":{"_et_pb_use_builder":"","_et_pb_old_content":"","_et_gb_content_width":""},"product_brand":[],"product_cat":[56,60],"product_tag":[606,607],"class_list":{"0":"post-1251","1":"product","2":"type-product","3":"status-publish","4":"has-post-thumbnail","6":"product_cat-serie-de-cuidado-de-automoviles","7":"product_cat-detallado-del-cuidado-del-automovil","8":"product_tag-champu-para-lavado-de-autos","9":"product_tag-jabon-de-lavado-de-autos","11":"first","12":"instock","13":"shipping-taxable","14":"product-type-simple"},"_links":{"self":[{"href":"https:\/\/www.supersybon.com\/es\/wp-json\/wp\/v2\/product\/1251","targetHints":{"allow":["GET"]}}],"collection":[{"href":"https:\/\/www.supersybon.com\/es\/wp-json\/wp\/v2\/product"}],"about":[{"href":"https:\/\/www.supersybon.com\/es\/wp-json\/wp\/v2\/types\/product"}],"wp:featuredmedia":[{"embeddable":true,"href":"https:\/\/www.supersybon.com\/es\/wp-json\/wp\/v2\/media\/1257"}],"wp:attachment":[{"href":"https:\/\/www.supersybon.com\/es\/wp-json\/wp\/v2\/media?parent=1251"}],"wp:term":[{"taxonomy":"product_brand","embeddable":true,"href":"https:\/\/www.supersybon.com\/es\/wp-json\/wp\/v2\/product_brand?post=1251"},{"taxonomy":"product_cat","embeddable":true,"href":"https:\/\/www.supersybon.com\/es\/wp-json\/wp\/v2\/product_cat?post=1251"},{"taxonomy":"product_tag","embeddable":true,"href":"https:\/\/www.supersybon.com\/es\/wp-json\/wp\/v2\/product_tag?post=1251"}],"curies":[{"name":"wp","href":"https:\/\/api.w.org\/{rel}","templated":true}]}}