{"id":1242,"date":"2022-10-21T10:56:34","date_gmt":"2022-10-21T02:56:34","guid":{"rendered":"https:\/\/www.supersybon.com\/es\/?post_type=product&#038;p=1242"},"modified":"2023-01-04T10:25:37","modified_gmt":"2023-01-04T02:25:37","slug":"s2208-lavado-y-cera-sin-agua-lavado-de-autos-de-primera-calidad-spray-para-detalles-rapidos-limpiador-de-autos-para-sala-de-exposicion","status":"publish","type":"product","link":"https:\/\/www.supersybon.com\/es\/product\/s2208-lavado-y-cera-sin-agua-lavado-de-autos-de-primera-calidad-spray-para-detalles-rapidos-limpiador-de-autos-para-sala-de-exposicion","title":{"rendered":"S2208 Lavado y cera sin agua lavado de autos de primera calidad, spray para detalles r\u00e1pidos, limpiador de autos para sala de exposici\u00f3n"},"content":{"rendered":"<p><iframe title=\"Waterless Wash &amp; Wax Premium Quality Car Wash Quick Detailer Spray Showroom Car Cleaner\" width=\"1080\" height=\"608\" src=\"https:\/\/www.youtube.com\/embed\/HZAlr9f8tVA?feature=oembed\"  allow=\"accelerometer; autoplay; clipboard-write; encrypted-media; gyroscope; picture-in-picture\" allowfullscreen><\/iframe><\/p>\n<p><img decoding=\"async\" class=\"aligncenter size-full wp-image-1243\" src=\"https:\/\/www.supersybon.com\/es\/wp-content\/uploads\/2022\/10\/1666323408-S2208-Best-Concentrate-Car-Waterless-Cleaner-Auto-Waterless-Wash-Waterless-Car-Cleaning.jpg\" alt=\"\" width=\"900\" height=\"364\" title=\"\" srcset=\"https:\/\/www.supersybon.com\/es\/wp-content\/uploads\/2022\/10\/1666323408-S2208-Best-Concentrate-Car-Waterless-Cleaner-Auto-Waterless-Wash-Waterless-Car-Cleaning.jpg 900w, https:\/\/www.supersybon.com\/es\/wp-content\/uploads\/2022\/10\/1666323408-S2208-Best-Concentrate-Car-Waterless-Cleaner-Auto-Waterless-Wash-Waterless-Car-Cleaning-480x194.jpg 480w\" sizes=\"(min-width: 0px) and (max-width: 480px) 480px, (min-width: 481px) 900px, 100vw\" \/><\/p>\n<p>&nbsp;<\/p>\n<p><strong>S2208 Lavado y cera sin agua lavado de autos de primera calidad, spray para detalles r\u00e1pidos, limpiador de autos para sala de exposici\u00f3n<\/strong><\/p>\n<p><strong>Rendimiento:<\/strong><\/p>\n<p>Este producto tiene cera hidrof\u00f3bica de pulido importada, emulsionante de alta eficiencia, penetrante y varios productos puramente neutros. No es corrosivo, no irrita la piel y es respetuoso con el medio ambiente.<\/p>\n<p><strong>Rasgo:<br \/>\n<\/strong><\/p>\n<p>El lavado y la cera sin agua tienen una descontaminaci\u00f3n profunda, sedoso hidrof\u00f3bico, alto brillo y no da\u00f1an la pintura del autom\u00f3vil, luego el lavado y el encerado del autom\u00f3vil se pueden hacer en una sola vez.<\/p>\n<p><strong>C\u00f3mo utilizar:<\/strong><\/p>\n<p>1. Agitar bien antes de usar.<\/p>\n<p>2.Roc\u00ede el producto sobre la superficie de la pintura (1 pieza de panel como unidad), espere un momento para que se disuelva y roc\u00ede m\u00e1s si es necesario para las partes m\u00e1s sucias.<\/p>\n<p>3. Espere un momento, despu\u00e9s de que la suciedad se ablande y se empape, roc\u00ede el producto sobre la toalla, mantenga la toalla h\u00fameda y limpie la superficie de la pintura con la toalla.<\/p>\n<p>4. Preste atenci\u00f3n al estado sucio de la superficie de la toalla y d\u00e9 vuelta o reemplace la parte de la toalla a tiempo para evitar que la arena, la grava y otra suciedad regresen a la superficie de la pintura.<\/p>\n<p>5. Roc\u00ede sobre la misma parte nuevamente, use una toalla limpia, seque y limpie hasta que la superficie de la pintura est\u00e9 limpia y brillante. Finalmente, la superficie de la pintura es excelentemente brillante.<\/p>\n<div data-id=\"paragraph0\"><\/div>\n<div data-id=\"paragraph0\"><\/div>\n<p><img decoding=\"async\" class=\"aligncenter size-full wp-image-1244\" src=\"https:\/\/www.supersybon.com\/es\/wp-content\/uploads\/2022\/10\/1666323429-S2208-Rinseless-Car-Wash-Car-Wax-And-Wash-Spray-Concentrated-Waterless-Wash.jpg\" alt=\"\" width=\"750\" height=\"750\" title=\"\" srcset=\"https:\/\/www.supersybon.com\/es\/wp-content\/uploads\/2022\/10\/1666323429-S2208-Rinseless-Car-Wash-Car-Wax-And-Wash-Spray-Concentrated-Waterless-Wash.jpg 750w, https:\/\/www.supersybon.com\/es\/wp-content\/uploads\/2022\/10\/1666323429-S2208-Rinseless-Car-Wash-Car-Wax-And-Wash-Spray-Concentrated-Waterless-Wash-480x480.jpg 480w\" sizes=\"(min-width: 0px) and (max-width: 480px) 480px, (min-width: 481px) 750px, 100vw\" \/><\/p>\n<p><img decoding=\"async\" class=\"aligncenter size-full wp-image-1247\" src=\"https:\/\/www.supersybon.com\/es\/wp-content\/uploads\/2022\/10\/1666323500-S2208-Dry-Car-Wash-Liquid-Waterless-Concentrated-Liquid-Car-Wash.jpg\" alt=\"\" width=\"750\" height=\"750\" title=\"\" srcset=\"https:\/\/www.supersybon.com\/es\/wp-content\/uploads\/2022\/10\/1666323500-S2208-Dry-Car-Wash-Liquid-Waterless-Concentrated-Liquid-Car-Wash.jpg 750w, https:\/\/www.supersybon.com\/es\/wp-content\/uploads\/2022\/10\/1666323500-S2208-Dry-Car-Wash-Liquid-Waterless-Concentrated-Liquid-Car-Wash-480x480.jpg 480w\" sizes=\"(min-width: 0px) and (max-width: 480px) 480px, (min-width: 481px) 750px, 100vw\" \/><\/p>\n<p>&nbsp;<\/p>\n<div class=\"magic-13\">\n<div class=\"magic-14\">\n<div class=\"magic-9\">\n<p><img decoding=\"async\" class=\"aligncenter size-full wp-image-1245\" src=\"https:\/\/www.supersybon.com\/es\/wp-content\/uploads\/2022\/10\/1666323459-S2208-Car-Detailing-Water-Saving-Car-Waterless-Wash-Wax-Spray-Dry-Cleaner.jpg\" alt=\"\" width=\"750\" height=\"750\" title=\"\" srcset=\"https:\/\/www.supersybon.com\/es\/wp-content\/uploads\/2022\/10\/1666323459-S2208-Car-Detailing-Water-Saving-Car-Waterless-Wash-Wax-Spray-Dry-Cleaner.jpg 750w, https:\/\/www.supersybon.com\/es\/wp-content\/uploads\/2022\/10\/1666323459-S2208-Car-Detailing-Water-Saving-Car-Waterless-Wash-Wax-Spray-Dry-Cleaner-480x480.jpg 480w\" sizes=\"(min-width: 0px) and (max-width: 480px) 480px, (min-width: 481px) 750px, 100vw\" \/><\/p>\n<p>&nbsp;<\/p>\n<p><img decoding=\"async\" class=\"aligncenter size-full wp-image-1246\" src=\"https:\/\/www.supersybon.com\/es\/wp-content\/uploads\/2022\/10\/1666323477-S2208-Car-Wax-Polish-Waterless-Wash-And-Wax-Car-Washing-Liquid-Car-Wash.jpg\" alt=\"\" width=\"750\" height=\"750\" title=\"\" srcset=\"https:\/\/www.supersybon.com\/es\/wp-content\/uploads\/2022\/10\/1666323477-S2208-Car-Wax-Polish-Waterless-Wash-And-Wax-Car-Washing-Liquid-Car-Wash.jpg 750w, https:\/\/www.supersybon.com\/es\/wp-content\/uploads\/2022\/10\/1666323477-S2208-Car-Wax-Polish-Waterless-Wash-And-Wax-Car-Washing-Liquid-Car-Wash-480x480.jpg 480w\" sizes=\"(min-width: 0px) and (max-width: 480px) 480px, (min-width: 481px) 750px, 100vw\" \/><\/p>\n<div class=\"magic-10\">\n<p>&nbsp;<\/p>\n<p>&nbsp;<\/p>\n<p><strong>Embalaje y servicio de productos<br \/>\n<\/strong><\/p>\n<hr \/>\n<p><strong>PAQUETE :<br \/>\n<\/strong><\/p>\n<p>35 piezas\/caja de cart\u00f3n.<\/p>\n<p>&nbsp;<\/p>\n<p><strong>NUESTRO SERVICIO:<br \/>\n<\/strong><\/p>\n<p>1.24 horas en l\u00ednea<\/p>\n<p>2. Precio competitivo<\/p>\n<p>3. Excelentes comentarios del cliente<\/p>\n<p>4. Pedidos en l\u00ednea seguros<\/p>\n<p>5. Entrega r\u00e1pida<\/p>\n<p>6. Soporte t\u00e9cnico profesional<\/p>\n<div class=\"magic-13\">\n<div class=\"magic-14\">\n<div class=\"magic-9\">\n<div class=\"magic-10\">\n<p>&nbsp;<\/p>\n<div class=\"magic-13\">\n<div class=\"magic-14\">\n<div class=\"magic-9\">\n<div class=\"magic-10\">\n<div class=\"magic-13\">\n<div class=\"magic-14\">\n<div data-spm-anchor-id=\"a2700.details.0.i37.625d2e9eLtZffL\">\n<div class=\"magic-13\">\n<div class=\"magic-14\">\n<div class=\"magic-13\">\n<div class=\"magic-14\">\n<p>&nbsp;<\/p>\n<\/div>\n<\/div>\n<\/div>\n<\/div>\n<\/div>\n<\/div>\n<\/div>\n<\/div>\n<\/div>\n<\/div>\n<\/div>\n<div class=\"magic-13\">\n<div class=\"magic-14\">\n<p><strong>Perfil de la empresa<br \/>\n<\/strong><\/p>\n<hr \/>\n<p>&nbsp;<\/p>\n<\/div>\n<\/div>\n<\/div>\n<\/div>\n<\/div>\n<\/div>\n<\/div>\n<\/div>\n<\/div>\n<\/div>\n<div class=\"magic-13\">\n<div class=\"magic-14\">\n<p><img decoding=\"async\" class=\"aligncenter size-full wp-image-324\" src=\"https:\/\/www.supersybon.com\/es\/wp-content\/uploads\/2022\/09\/1663401769-Car-Paint-Supplier-Company-Profile-Manufacturer-China.jpg\" alt=\"\" width=\"900\" height=\"958\" title=\"\" srcset=\"https:\/\/www.supersybon.com\/es\/wp-content\/uploads\/2022\/09\/1663401769-Car-Paint-Supplier-Company-Profile-Manufacturer-China.jpg 900w, https:\/\/www.supersybon.com\/es\/wp-content\/uploads\/2022\/09\/1663401769-Car-Paint-Supplier-Company-Profile-Manufacturer-China-480x511.jpg 480w\" sizes=\"(min-width: 0px) and (max-width: 480px) 480px, (min-width: 481px) 900px, 100vw\" \/><\/p>\n<div class=\"magic-13\">\n<div class=\"magic-14\">\n<p><strong>Preguntas m\u00e1s frecuentes<br \/>\n<\/strong><\/p>\n<hr \/>\n<\/div>\n<\/div>\n<p>P: \u00bfCu\u00e1l es su MOQ?<\/p>\n<p>R: Nuestro pedido m\u00ednimo es de 1 caja de cart\u00f3n.<\/p>\n<p>P: \u00bfQu\u00e9 hay de su pago?<\/p>\n<p>R: dep\u00f3sito del 50% por adelantado, saldo del 50% por T\/T, L\/C, paypal, Western Union o antes del env\u00edo.<\/p>\n<p>P: \u00bfProporcionan muestras?<\/p>\n<p>R: S\u00ed, puede comprar una muestra para probarla.<\/p>\n<p>P: \u00bfQu\u00e9 hay de su tiempo de entrega?<\/p>\n<p>R: generalmente 15 d\u00edas despu\u00e9s de recibir su dep\u00f3sito.<\/p>\n<\/div>\n<\/div>\n","protected":false},"excerpt":{"rendered":"<p>El lavado y cera sin agua tiene una descontaminaci\u00f3n profunda, hidr\u00f3fobo sedoso, alto brillo y no da\u00f1a la pintura del autom\u00f3vil, luego el lavado y el encerado del autom\u00f3vil se pueden hacer en una sola vez.<\/p>\n","protected":false},"featured_media":1248,"template":"","meta":{"_et_pb_use_builder":"","_et_pb_old_content":"","_et_gb_content_width":""},"product_brand":[],"product_cat":[56,60],"product_tag":[605,604],"class_list":{"0":"post-1242","1":"product","2":"type-product","3":"status-publish","4":"has-post-thumbnail","6":"product_cat-serie-de-cuidado-de-automoviles","7":"product_cat-detallado-del-cuidado-del-automovil","8":"product_tag-lavado-y-cera-sin-agua","9":"product_tag-spray-detallador-rapido-para-lavado-de-autos","11":"first","12":"instock","13":"shipping-taxable","14":"product-type-simple"},"_links":{"self":[{"href":"https:\/\/www.supersybon.com\/es\/wp-json\/wp\/v2\/product\/1242","targetHints":{"allow":["GET"]}}],"collection":[{"href":"https:\/\/www.supersybon.com\/es\/wp-json\/wp\/v2\/product"}],"about":[{"href":"https:\/\/www.supersybon.com\/es\/wp-json\/wp\/v2\/types\/product"}],"wp:featuredmedia":[{"embeddable":true,"href":"https:\/\/www.supersybon.com\/es\/wp-json\/wp\/v2\/media\/1248"}],"wp:attachment":[{"href":"https:\/\/www.supersybon.com\/es\/wp-json\/wp\/v2\/media?parent=1242"}],"wp:term":[{"taxonomy":"product_brand","embeddable":true,"href":"https:\/\/www.supersybon.com\/es\/wp-json\/wp\/v2\/product_brand?post=1242"},{"taxonomy":"product_cat","embeddable":true,"href":"https:\/\/www.supersybon.com\/es\/wp-json\/wp\/v2\/product_cat?post=1242"},{"taxonomy":"product_tag","embeddable":true,"href":"https:\/\/www.supersybon.com\/es\/wp-json\/wp\/v2\/product_tag?post=1242"}],"curies":[{"name":"wp","href":"https:\/\/api.w.org\/{rel}","templated":true}]}}