{"id":1233,"date":"2022-10-21T10:26:03","date_gmt":"2022-10-21T02:26:03","guid":{"rendered":"https:\/\/www.supersybon.com\/es\/?post_type=product&#038;p=1233"},"modified":"2023-01-04T10:06:41","modified_gmt":"2023-01-04T02:06:41","slug":"s2211-removedor-de-manchas-de-agua-removedor-de-manchas-de-agua-de-uso-pesado-para-automoviles-de-pintura-vidrio-metal-y-mas","status":"publish","type":"product","link":"https:\/\/www.supersybon.com\/es\/product\/s2211-removedor-de-manchas-de-agua-removedor-de-manchas-de-agua-de-uso-pesado-para-automoviles-de-pintura-vidrio-metal-y-mas","title":{"rendered":"S2211 Removedor de manchas de agua removedor de manchas de agua de uso pesado para autom\u00f3viles de pintura, vidrio, metal y m\u00e1s"},"content":{"rendered":"<p><iframe title=\"Water Spot Remover Automotive Heavy Duty Water Spot Remover From Paint, Glass, Metal and More\" width=\"1080\" height=\"608\" src=\"https:\/\/www.youtube.com\/embed\/KwN6pJBLVW8?feature=oembed\"  allow=\"accelerometer; autoplay; clipboard-write; encrypted-media; gyroscope; picture-in-picture\" allowfullscreen><\/iframe><\/p>\n<p><img decoding=\"async\" class=\"aligncenter size-full wp-image-1234\" src=\"https:\/\/www.supersybon.com\/es\/wp-content\/uploads\/2022\/10\/1666320603-S2211-Quickly-Decompose-Non-Toxic-And-Easy-To-Place-Water-Spot-Remover.jpg\" alt=\"\" width=\"900\" height=\"364\" title=\"\" srcset=\"https:\/\/www.supersybon.com\/es\/wp-content\/uploads\/2022\/10\/1666320603-S2211-Quickly-Decompose-Non-Toxic-And-Easy-To-Place-Water-Spot-Remover.jpg 900w, https:\/\/www.supersybon.com\/es\/wp-content\/uploads\/2022\/10\/1666320603-S2211-Quickly-Decompose-Non-Toxic-And-Easy-To-Place-Water-Spot-Remover-480x194.jpg 480w\" sizes=\"(min-width: 0px) and (max-width: 480px) 480px, (min-width: 481px) 900px, 100vw\" \/><\/p>\n<p>&nbsp;<\/p>\n<p><strong>S2211 Removedor de manchas de agua removedor de manchas de agua de uso pesado para autom\u00f3viles de pintura, vidrio, metal y m\u00e1s<\/strong><\/p>\n<p>Este producto es seguro y no t\u00f3xico y no da\u00f1ar\u00e1 la superficie de la pintura ni el vidrio. Puede descomponer r\u00e1pidamente las manchas de agua ner y las marcas de la capa de \u00f3xido de pintura.<\/p>\n<p><strong>Instrucciones:<\/strong><\/p>\n<p>1. Roc\u00ede sobre la superficie a limpiar, limpie con una esponja, espere 1-2 minutos, enjuague con agua y seque.<\/p>\n<p>2. Utilice el cepillo de detalles para limpiar el espacio, enjuague con agua y seque despu\u00e9s de la limpieza.<\/p>\n<p><strong>Precauciones:<\/strong><\/p>\n<p>1. Utilice este producto en un lugar fresco, no lo use al sol ni a altas temperaturas.<\/p>\n<p>2. Este producto no es adecuado para parabrisas delantero, espejo retrovisor con funci\u00f3n de calefacci\u00f3n, tira de moldura cromada de la ventana del autom\u00f3vil.<\/p>\n<div data-id=\"paragraph0\"><\/div>\n<div data-id=\"paragraph0\"><\/div>\n<p><img decoding=\"async\" class=\"aligncenter size-full wp-image-1235\" src=\"https:\/\/www.supersybon.com\/es\/wp-content\/uploads\/2022\/10\/1666320624-S2211-Auto-Water-Spot-Removal-Water-Spots-Remover-Glass-Waterspot-Removal.jpg\" alt=\"\" width=\"750\" height=\"750\" title=\"\" srcset=\"https:\/\/www.supersybon.com\/es\/wp-content\/uploads\/2022\/10\/1666320624-S2211-Auto-Water-Spot-Removal-Water-Spots-Remover-Glass-Waterspot-Removal.jpg 750w, https:\/\/www.supersybon.com\/es\/wp-content\/uploads\/2022\/10\/1666320624-S2211-Auto-Water-Spot-Removal-Water-Spots-Remover-Glass-Waterspot-Removal-480x480.jpg 480w\" sizes=\"(min-width: 0px) and (max-width: 480px) 480px, (min-width: 481px) 750px, 100vw\" \/><\/p>\n<div class=\"magic-13\">\n<div class=\"magic-14\">\n<div class=\"magic-9\">\n<p><img decoding=\"async\" class=\"aligncenter size-full wp-image-1236\" src=\"https:\/\/www.supersybon.com\/es\/wp-content\/uploads\/2022\/10\/1666320645-S2211-Auto-Detailing-Water-Spot-Remover-Glass-Window-Screen-Cleaner-Car-Window-Oil-Film-Remover.jpg\" alt=\"\" width=\"750\" height=\"750\" title=\"\" srcset=\"https:\/\/www.supersybon.com\/es\/wp-content\/uploads\/2022\/10\/1666320645-S2211-Auto-Detailing-Water-Spot-Remover-Glass-Window-Screen-Cleaner-Car-Window-Oil-Film-Remover.jpg 750w, https:\/\/www.supersybon.com\/es\/wp-content\/uploads\/2022\/10\/1666320645-S2211-Auto-Detailing-Water-Spot-Remover-Glass-Window-Screen-Cleaner-Car-Window-Oil-Film-Remover-480x480.jpg 480w\" sizes=\"(min-width: 0px) and (max-width: 480px) 480px, (min-width: 481px) 750px, 100vw\" \/><\/p>\n<p><img decoding=\"async\" class=\"aligncenter size-full wp-image-1237\" src=\"https:\/\/www.supersybon.com\/es\/wp-content\/uploads\/2022\/10\/1666320665-S2211-Car-Care-Liquid-Spray-Water-Spot-Remover-Glass-Window-Screen-Cleaner-Car-Window-Oil-Film-Remover.jpg\" alt=\"\" width=\"750\" height=\"750\" title=\"\" srcset=\"https:\/\/www.supersybon.com\/es\/wp-content\/uploads\/2022\/10\/1666320665-S2211-Car-Care-Liquid-Spray-Water-Spot-Remover-Glass-Window-Screen-Cleaner-Car-Window-Oil-Film-Remover.jpg 750w, https:\/\/www.supersybon.com\/es\/wp-content\/uploads\/2022\/10\/1666320665-S2211-Car-Care-Liquid-Spray-Water-Spot-Remover-Glass-Window-Screen-Cleaner-Car-Window-Oil-Film-Remover-480x480.jpg 480w\" sizes=\"(min-width: 0px) and (max-width: 480px) 480px, (min-width: 481px) 750px, 100vw\" \/><\/p>\n<p>&nbsp;<\/p>\n<p>&nbsp;<\/p>\n<p><strong>Embalaje y servicio de productos<br \/>\n<\/strong><\/p>\n<hr \/>\n<p><strong>PAQUETE :<br \/>\n<\/strong><\/p>\n<p>35 piezas\/caja de cart\u00f3n.<\/p>\n<p>&nbsp;<\/p>\n<p><strong>NUESTRO SERVICIO:<br \/>\n<\/strong><\/p>\n<p>1.24 horas en l\u00ednea<\/p>\n<p>2. Precio competitivo<\/p>\n<p>3. Excelentes comentarios del cliente<\/p>\n<p>4. Pedidos en l\u00ednea seguros<\/p>\n<p>5. Entrega r\u00e1pida<\/p>\n<p>6. Soporte t\u00e9cnico profesional<\/p>\n<div class=\"magic-13\">\n<div class=\"magic-14\">\n<div class=\"magic-9\">\n<div class=\"magic-10\">\n<p>&nbsp;<\/p>\n<div class=\"magic-13\">\n<div class=\"magic-14\">\n<div class=\"magic-9\">\n<div class=\"magic-10\">\n<div class=\"magic-13\">\n<div class=\"magic-14\">\n<div data-spm-anchor-id=\"a2700.details.0.i37.625d2e9eLtZffL\">\n<div class=\"magic-13\">\n<div class=\"magic-14\">\n<div class=\"magic-13\">\n<div class=\"magic-14\">\n<p>&nbsp;<\/p>\n<\/div>\n<\/div>\n<\/div>\n<\/div>\n<\/div>\n<\/div>\n<\/div>\n<\/div>\n<\/div>\n<\/div>\n<\/div>\n<\/div>\n<\/div>\n<\/div>\n<\/div>\n<\/div>\n<\/div>\n<\/div>\n<div class=\"magic-13\">\n<div class=\"magic-14\">\n<div class=\"magic-13\">\n<div class=\"magic-14\">\n<div class=\"magic-9\">\n<div class=\"magic-10\">\n<div class=\"magic-13\">\n<div class=\"magic-14\">\n<div data-spm-anchor-id=\"a2700.details.0.i37.625d2e9eLtZffL\">\n<div class=\"magic-13\">\n<div class=\"magic-14\">\n<div class=\"magic-13\">\n<div class=\"magic-14\">\n<p>&nbsp;<\/p>\n<\/div>\n<\/div>\n<\/div>\n<\/div>\n<\/div>\n<\/div>\n<\/div>\n<\/div>\n<\/div>\n<\/div>\n<\/div>\n<div class=\"magic-13\">\n<div class=\"magic-14\">\n<p><strong>Perfil de la empresa<br \/>\n<\/strong><\/p>\n<hr \/>\n<p>&nbsp;<\/p>\n<\/div>\n<\/div>\n<p><img decoding=\"async\" class=\"aligncenter size-full wp-image-324\" src=\"https:\/\/www.supersybon.com\/es\/wp-content\/uploads\/2022\/09\/1663401769-Car-Paint-Supplier-Company-Profile-Manufacturer-China.jpg\" alt=\"\" width=\"900\" height=\"958\" title=\"\" srcset=\"https:\/\/www.supersybon.com\/es\/wp-content\/uploads\/2022\/09\/1663401769-Car-Paint-Supplier-Company-Profile-Manufacturer-China.jpg 900w, https:\/\/www.supersybon.com\/es\/wp-content\/uploads\/2022\/09\/1663401769-Car-Paint-Supplier-Company-Profile-Manufacturer-China-480x511.jpg 480w\" sizes=\"(min-width: 0px) and (max-width: 480px) 480px, (min-width: 481px) 900px, 100vw\" \/><\/p>\n<div class=\"magic-13\">\n<div class=\"magic-14\">\n<p><strong>Preguntas m\u00e1s frecuentes<br \/>\n<\/strong><\/p>\n<hr \/>\n<\/div>\n<\/div>\n<p>P: \u00bfCu\u00e1l es su MOQ?<\/p>\n<p>R: Nuestro pedido m\u00ednimo es de 1 caja de cart\u00f3n.<\/p>\n<p>P: \u00bfQu\u00e9 hay de su pago?<\/p>\n<p>R: dep\u00f3sito del 50% por adelantado, saldo del 50% por T\/T, L\/C, paypal, Western Union o antes del env\u00edo.<\/p>\n<p>P: \u00bfProporcionan muestras?<\/p>\n<p>R: S\u00ed, puede comprar una muestra para probarla.<\/p>\n<p>P: \u00bfQu\u00e9 hay de su tiempo de entrega?<\/p>\n<p>R: generalmente 15 d\u00edas despu\u00e9s de recibir su dep\u00f3sito.<\/p>\n<\/div>\n<\/div>\n","protected":false},"excerpt":{"rendered":"<p>\u00b7El removedor de manchas de agua es seguro y no t\u00f3xico y no da\u00f1ar\u00e1 la superficie de la pintura ni el vidrio.<br \/>\n\u00b7Puede descomponer r\u00e1pidamente las manchas de agua ner y las marcas de la capa de \u00f3xido de pintura.<\/p>\n","protected":false},"featured_media":1238,"template":"","meta":{"_et_pb_use_builder":"","_et_pb_old_content":"","_et_gb_content_width":""},"product_brand":[],"product_cat":[56,60],"product_tag":[602,603],"class_list":{"0":"post-1233","1":"product","2":"type-product","3":"status-publish","4":"has-post-thumbnail","6":"product_cat-serie-de-cuidado-de-automoviles","7":"product_cat-detallado-del-cuidado-del-automovil","8":"product_tag-removedor-de-manchas-de-agua","9":"product_tag-removedor-de-manchas-de-agua-para-trabajo-pesado-automotriz","11":"first","12":"instock","13":"shipping-taxable","14":"product-type-simple"},"_links":{"self":[{"href":"https:\/\/www.supersybon.com\/es\/wp-json\/wp\/v2\/product\/1233","targetHints":{"allow":["GET"]}}],"collection":[{"href":"https:\/\/www.supersybon.com\/es\/wp-json\/wp\/v2\/product"}],"about":[{"href":"https:\/\/www.supersybon.com\/es\/wp-json\/wp\/v2\/types\/product"}],"wp:featuredmedia":[{"embeddable":true,"href":"https:\/\/www.supersybon.com\/es\/wp-json\/wp\/v2\/media\/1238"}],"wp:attachment":[{"href":"https:\/\/www.supersybon.com\/es\/wp-json\/wp\/v2\/media?parent=1233"}],"wp:term":[{"taxonomy":"product_brand","embeddable":true,"href":"https:\/\/www.supersybon.com\/es\/wp-json\/wp\/v2\/product_brand?post=1233"},{"taxonomy":"product_cat","embeddable":true,"href":"https:\/\/www.supersybon.com\/es\/wp-json\/wp\/v2\/product_cat?post=1233"},{"taxonomy":"product_tag","embeddable":true,"href":"https:\/\/www.supersybon.com\/es\/wp-json\/wp\/v2\/product_tag?post=1233"}],"curies":[{"name":"wp","href":"https:\/\/api.w.org\/{rel}","templated":true}]}}