{"id":1216,"date":"2022-10-20T17:52:44","date_gmt":"2022-10-20T09:52:44","guid":{"rendered":"https:\/\/www.supersybon.com\/es\/?post_type=product&#038;p=1216"},"modified":"2023-01-04T09:48:12","modified_gmt":"2023-01-04T01:48:12","slug":"s2202-brillo-de-neumaticos-coche-que-detalla-el-brillo-de-los-neumaticos-agente-de-recubrimiento-en-aerosol-aderezo-para-mojado-mantiene-los-neumaticos-negros","status":"publish","type":"product","link":"https:\/\/www.supersybon.com\/es\/product\/s2202-brillo-de-neumaticos-coche-que-detalla-el-brillo-de-los-neumaticos-agente-de-recubrimiento-en-aerosol-aderezo-para-mojado-mantiene-los-neumaticos-negros","title":{"rendered":"S2202 Brillo de neum\u00e1ticos coche que detalla el brillo de los neum\u00e1ticos agente de recubrimiento en aerosol aderezo para mojado mantiene los neum\u00e1ticos negros"},"content":{"rendered":"<p><iframe title=\"Tire Shine Car Detailing Tire Shine Spray Coating Agent Dressing for Wet Keeps Tires Black\" width=\"1080\" height=\"608\" src=\"https:\/\/www.youtube.com\/embed\/0atUwTtCZYI?feature=oembed\"  allow=\"accelerometer; autoplay; clipboard-write; encrypted-media; gyroscope; picture-in-picture\" allowfullscreen><\/iframe><\/p>\n<p><img decoding=\"async\" class=\"aligncenter size-full wp-image-1217\" src=\"https:\/\/www.supersybon.com\/es\/wp-content\/uploads\/2022\/10\/1666261104-S2202-New-Arrival-Long-Lasting-Factory-Chemical-Sprayable-Extra-Glossy-Tire-Shine.jpg\" alt=\"\" width=\"900\" height=\"364\" title=\"\" srcset=\"https:\/\/www.supersybon.com\/es\/wp-content\/uploads\/2022\/10\/1666261104-S2202-New-Arrival-Long-Lasting-Factory-Chemical-Sprayable-Extra-Glossy-Tire-Shine.jpg 900w, https:\/\/www.supersybon.com\/es\/wp-content\/uploads\/2022\/10\/1666261104-S2202-New-Arrival-Long-Lasting-Factory-Chemical-Sprayable-Extra-Glossy-Tire-Shine-480x194.jpg 480w\" sizes=\"(min-width: 0px) and (max-width: 480px) 480px, (min-width: 481px) 900px, 100vw\" \/><\/p>\n<p>&nbsp;<\/p>\n<p><strong>S2202 Brillo de neum\u00e1ticos coche que detalla el brillo de los neum\u00e1ticos agente de recubrimiento en aerosol aderezo para mojado mantiene los neum\u00e1ticos negros<\/strong><\/p>\n<p><strong>Rasgo:<\/strong><\/p>\n<p>1. F\u00f3rmula especial antioxidante, resistente al agua y antienvejecimiento (incluido el aceite de silicona compuesto de pol\u00edmero).<\/p>\n<p>2. Efecto duradero del brillo de los neum\u00e1ticos, a\u00fan mantiene un alto brillo brillante y un efecto protector despu\u00e9s de lavar el autom\u00f3vil varias veces.<\/p>\n<p>3. Fortalezca la elasticidad de los neum\u00e1ticos, evite el envejecimiento oxidativo, evite los da\u00f1os por rayos UV, evite la decoloraci\u00f3n del agrietamiento de los neum\u00e1ticos, prolongue la vida \u00fatil de los neum\u00e1ticos, mantenga el mismo brillo dentro y fuera del neum\u00e1tico. Sin da\u00f1os en las llantas.<\/p>\n<p>4. S\u00faper adherencia. A diferencia de los productos del mercado general, ser\u00e1 expulsado a alta velocidad y contaminar\u00e1 el cuerpo.<\/p>\n<p>5. Mantenimiento de neum\u00e1ticos a largo plazo, efecto de hasta 15-30 d\u00edas (dependiendo del entorno).<\/p>\n<p><strong>Precauciones:<\/strong><\/p>\n<p>1. Para la seguridad de la conducci\u00f3n, no unte el agente en la superficie causada por el deslizamiento, como el volante, el pedal del acelerador, el pedal del freno, el contacto de los neum\u00e1ticos con la superficie del suelo. Mantenga los materiales inflamables alejados de las fuentes de fuego.<\/p>\n<p>2. El neum\u00e1tico no se lava, lo que causar\u00e1 el aceite inferior residual original del neum\u00e1tico. Cuando se amarillee, frote con el detergente adecuado antes de aplicar este producto.<\/p>\n<p><img decoding=\"async\" class=\"aligncenter size-full wp-image-1218\" src=\"https:\/\/www.supersybon.com\/es\/wp-content\/uploads\/2022\/10\/1666261139-S2202-Car-Wash-Automotive-Tire-Shine-Liquid-Spray-Gloss-Polish-Tire-Shine-For-Car-Care.jpg\" alt=\"\" width=\"750\" height=\"750\" title=\"\" srcset=\"https:\/\/www.supersybon.com\/es\/wp-content\/uploads\/2022\/10\/1666261139-S2202-Car-Wash-Automotive-Tire-Shine-Liquid-Spray-Gloss-Polish-Tire-Shine-For-Car-Care.jpg 750w, https:\/\/www.supersybon.com\/es\/wp-content\/uploads\/2022\/10\/1666261139-S2202-Car-Wash-Automotive-Tire-Shine-Liquid-Spray-Gloss-Polish-Tire-Shine-For-Car-Care-480x480.jpg 480w\" sizes=\"(min-width: 0px) and (max-width: 480px) 480px, (min-width: 481px) 750px, 100vw\" \/><\/p>\n<div class=\"magic-13\">\n<div class=\"magic-14\">\n<div class=\"magic-9\">\n<p><img decoding=\"async\" class=\"aligncenter size-full wp-image-1219\" src=\"https:\/\/www.supersybon.com\/es\/wp-content\/uploads\/2022\/10\/1666261201-S2202-Good-Reviewed-500Ml-Automotive-Tire-Renovation-Tire-Polish-Coating.jpg\" alt=\"\" width=\"750\" height=\"750\" title=\"\" srcset=\"https:\/\/www.supersybon.com\/es\/wp-content\/uploads\/2022\/10\/1666261201-S2202-Good-Reviewed-500Ml-Automotive-Tire-Renovation-Tire-Polish-Coating.jpg 750w, https:\/\/www.supersybon.com\/es\/wp-content\/uploads\/2022\/10\/1666261201-S2202-Good-Reviewed-500Ml-Automotive-Tire-Renovation-Tire-Polish-Coating-480x480.jpg 480w\" sizes=\"(min-width: 0px) and (max-width: 480px) 480px, (min-width: 481px) 750px, 100vw\" \/><\/p>\n<p>&nbsp;<\/p>\n<p>&nbsp;<\/p>\n<p><strong>Pasos para el uso<\/strong><\/p>\n<hr \/>\n<p>&nbsp;<\/p>\n<div class=\"magic-10\">\n<p><img decoding=\"async\" class=\"aligncenter size-full wp-image-1220\" src=\"https:\/\/www.supersybon.com\/es\/wp-content\/uploads\/2022\/10\/1666261254-S2202-Hot-Selling-Super-Brightness-Car-Auto-Tire-Shine-Polishing-Spray-Coating.jpg\" alt=\"\" width=\"750\" height=\"750\" title=\"\" srcset=\"https:\/\/www.supersybon.com\/es\/wp-content\/uploads\/2022\/10\/1666261254-S2202-Hot-Selling-Super-Brightness-Car-Auto-Tire-Shine-Polishing-Spray-Coating.jpg 750w, https:\/\/www.supersybon.com\/es\/wp-content\/uploads\/2022\/10\/1666261254-S2202-Hot-Selling-Super-Brightness-Car-Auto-Tire-Shine-Polishing-Spray-Coating-480x480.jpg 480w\" sizes=\"(min-width: 0px) and (max-width: 480px) 480px, (min-width: 481px) 750px, 100vw\" \/><\/p>\n<p>&nbsp;<\/p>\n<p>&nbsp;<\/p>\n<p><strong>Embalaje y servicio de productos<br \/>\n<\/strong><\/p>\n<hr \/>\n<p><strong>PAQUETE :<br \/>\n<\/strong><\/p>\n<p>35 piezas\/caja de cart\u00f3n.<\/p>\n<p>&nbsp;<\/p>\n<p><strong>NUESTRO SERVICIO:<br \/>\n<\/strong><\/p>\n<p>1.24 horas en l\u00ednea<\/p>\n<p>2. Precio competitivo<\/p>\n<p>3. Excelentes comentarios del cliente<\/p>\n<p>4. Pedidos en l\u00ednea seguros<\/p>\n<p>5. Entrega r\u00e1pida<\/p>\n<p>6. Soporte t\u00e9cnico profesional<\/p>\n<div class=\"magic-13\">\n<div class=\"magic-14\">\n<div class=\"magic-9\">\n<div class=\"magic-10\">\n<div class=\"magic-13\">\n<div class=\"magic-14\">\n<div class=\"magic-9\">\n<div class=\"magic-13\">\n<div class=\"magic-14\">\n<div class=\"magic-9\">\n<div class=\"magic-10\">\n<div class=\"magic-13\">\n<div class=\"magic-14\">\n<div class=\"magic-9\">\n<div class=\"magic-10\">\n<div class=\"magic-13\">\n<div class=\"magic-14\">\n<div data-spm-anchor-id=\"a2700.details.0.i37.625d2e9eLtZffL\">\n<div class=\"magic-13\">\n<div class=\"magic-14\">\n<div class=\"magic-13\">\n<div class=\"magic-14\">\n<div class=\"magic-13\">\n<div class=\"magic-14\">\n<div class=\"magic-9\">\n<div class=\"magic-13\">\n<div class=\"magic-14\">\n<div class=\"magic-9\">\n<div class=\"magic-10\">\n<div class=\"magic-13\">\n<div class=\"magic-14\">\n<div class=\"magic-9\">\n<div class=\"magic-10\">\n<div class=\"magic-13\">\n<div class=\"magic-14\">\n<div data-spm-anchor-id=\"a2700.details.0.i37.625d2e9eLtZffL\">\n<div class=\"magic-13\">\n<div class=\"magic-14\">\n<div class=\"magic-13\">\n<div class=\"magic-14\">\n<p>&nbsp;<\/p>\n<\/div>\n<\/div>\n<\/div>\n<\/div>\n<\/div>\n<\/div>\n<\/div>\n<\/div>\n<\/div>\n<\/div>\n<\/div>\n<\/div>\n<\/div>\n<\/div>\n<\/div>\n<\/div>\n<\/div>\n<\/div>\n<div class=\"magic-13\">\n<div class=\"magic-14\">\n<div class=\"magic-13\">\n<div class=\"magic-14\">\n<div class=\"magic-9\">\n<div class=\"magic-10\">\n<div class=\"magic-13\">\n<div class=\"magic-14\">\n<div data-spm-anchor-id=\"a2700.details.0.i37.625d2e9eLtZffL\">\n<div class=\"magic-13\">\n<div class=\"magic-14\">\n<div class=\"magic-13\">\n<div class=\"magic-14\">\n<p>&nbsp;<\/p>\n<\/div>\n<\/div>\n<\/div>\n<\/div>\n<\/div>\n<\/div>\n<\/div>\n<\/div>\n<\/div>\n<\/div>\n<\/div>\n<div class=\"magic-13\">\n<div class=\"magic-14\">\n<p><strong>Perfil de la empresa<br \/>\n<\/strong><\/p>\n<hr \/>\n<p>&nbsp;<\/p>\n<\/div>\n<\/div>\n<\/div>\n<\/div>\n<\/div>\n<\/div>\n<\/div>\n<\/div>\n<\/div>\n<\/div>\n<\/div>\n<\/div>\n<\/div>\n<\/div>\n<\/div>\n<\/div>\n<\/div>\n<\/div>\n<\/div>\n<\/div>\n<\/div>\n<\/div>\n<\/div>\n<\/div>\n<\/div>\n<\/div>\n<\/div>\n<\/div>\n<\/div>\n<\/div>\n<div class=\"magic-13\">\n<div class=\"magic-14\">\n<p><img decoding=\"async\" class=\"aligncenter size-full wp-image-324\" src=\"https:\/\/www.supersybon.com\/es\/wp-content\/uploads\/2022\/09\/1663401769-Car-Paint-Supplier-Company-Profile-Manufacturer-China.jpg\" alt=\"\" width=\"900\" height=\"958\" title=\"\" srcset=\"https:\/\/www.supersybon.com\/es\/wp-content\/uploads\/2022\/09\/1663401769-Car-Paint-Supplier-Company-Profile-Manufacturer-China.jpg 900w, https:\/\/www.supersybon.com\/es\/wp-content\/uploads\/2022\/09\/1663401769-Car-Paint-Supplier-Company-Profile-Manufacturer-China-480x511.jpg 480w\" sizes=\"(min-width: 0px) and (max-width: 480px) 480px, (min-width: 481px) 900px, 100vw\" \/><\/p>\n<div class=\"magic-13\">\n<div class=\"magic-14\">\n<p><strong>Preguntas m\u00e1s frecuentes<br \/>\n<\/strong><\/p>\n<hr \/>\n<\/div>\n<\/div>\n<p>P: \u00bfCu\u00e1l es su MOQ?<\/p>\n<p>R: Nuestro pedido m\u00ednimo es de 1 caja de cart\u00f3n.<\/p>\n<p>P: \u00bfQu\u00e9 hay de su pago?<\/p>\n<p>R: dep\u00f3sito del 50% por adelantado, saldo del 50% por T\/T, L\/C, paypal, Western Union o antes del env\u00edo.<\/p>\n<p>P: \u00bfProporcionan muestras?<\/p>\n<p>R: S\u00ed, puede comprar una muestra para probarla.<\/p>\n<p>P: \u00bfQu\u00e9 hay de su tiempo de entrega?<\/p>\n<p>R: generalmente 15 d\u00edas despu\u00e9s de recibir su dep\u00f3sito.<\/p>\n<\/div>\n<\/div>\n","protected":false},"excerpt":{"rendered":"<p>\u00b7F\u00f3rmula especial antioxidante, resistente al agua y antienvejecimiento (incluido el aceite de silicona compuesto de pol\u00edmero).<br \/>\n\u00b7Efecto duradero, a\u00fan mantiene un brillo alto y un efecto protector despu\u00e9s de lavar el auto varias veces.<br \/>\n\u00b7Fortalece la elasticidad de los neum\u00e1ticos, evita el envejecimiento oxidativo, evita da\u00f1os por rayos UV, evita la decoloraci\u00f3n por agrietamiento de los neum\u00e1ticos, prolonga la vida \u00fatil de los neum\u00e1ticos, mantiene el mismo brillo dentro y fuera del neum\u00e1tico. Sin da\u00f1os en las llantas.<br \/>\n\u00b7S\u00faper adherencia. A diferencia de los productos del mercado general, ser\u00e1 expulsado a alta velocidad y contaminar\u00e1 el cuerpo.<br \/>\n\u00b7Mantenimiento de neum\u00e1ticos a largo plazo, el efecto de hasta 15-30 d\u00edas (dependiendo del medio ambiente).<\/p>\n","protected":false},"featured_media":1221,"template":"","meta":{"_et_pb_use_builder":"","_et_pb_old_content":"","_et_gb_content_width":""},"product_brand":[],"product_cat":[56,60],"product_tag":[597,599,598],"class_list":{"0":"post-1216","1":"product","2":"type-product","3":"status-publish","4":"has-post-thumbnail","6":"product_cat-serie-de-cuidado-de-automoviles","7":"product_cat-detallado-del-cuidado-del-automovil","8":"product_tag-brillo-de-neumaticos","9":"product_tag-mantiene-los-neumaticos-negros","10":"product_tag-vestirse-para-mojado","12":"first","13":"instock","14":"shipping-taxable","15":"product-type-simple"},"_links":{"self":[{"href":"https:\/\/www.supersybon.com\/es\/wp-json\/wp\/v2\/product\/1216","targetHints":{"allow":["GET"]}}],"collection":[{"href":"https:\/\/www.supersybon.com\/es\/wp-json\/wp\/v2\/product"}],"about":[{"href":"https:\/\/www.supersybon.com\/es\/wp-json\/wp\/v2\/types\/product"}],"wp:featuredmedia":[{"embeddable":true,"href":"https:\/\/www.supersybon.com\/es\/wp-json\/wp\/v2\/media\/1221"}],"wp:attachment":[{"href":"https:\/\/www.supersybon.com\/es\/wp-json\/wp\/v2\/media?parent=1216"}],"wp:term":[{"taxonomy":"product_brand","embeddable":true,"href":"https:\/\/www.supersybon.com\/es\/wp-json\/wp\/v2\/product_brand?post=1216"},{"taxonomy":"product_cat","embeddable":true,"href":"https:\/\/www.supersybon.com\/es\/wp-json\/wp\/v2\/product_cat?post=1216"},{"taxonomy":"product_tag","embeddable":true,"href":"https:\/\/www.supersybon.com\/es\/wp-json\/wp\/v2\/product_tag?post=1216"}],"curies":[{"name":"wp","href":"https:\/\/api.w.org\/{rel}","templated":true}]}}