{"id":1208,"date":"2022-10-20T16:54:07","date_gmt":"2022-10-20T08:54:07","guid":{"rendered":"https:\/\/www.supersybon.com\/es\/?post_type=product&#038;p=1208"},"modified":"2024-03-05T11:42:00","modified_gmt":"2024-03-05T03:42:00","slug":"s2207-limpiador-de-ruedas-limpiador-profesional-de-llantas-excelente-poder-de-limpieza-en-aerosol-para-detalles-de-automoviles","status":"publish","type":"product","link":"https:\/\/www.supersybon.com\/es\/product\/s2207-limpiador-de-ruedas-limpiador-profesional-de-llantas-excelente-poder-de-limpieza-en-aerosol-para-detalles-de-automoviles","title":{"rendered":"S2207 Limpiador de ruedas limpiador profesional de llantas excelente poder de limpieza en aerosol para detalles de autom\u00f3viles"},"content":{"rendered":"<p><iframe title=\"Wheel Cleaner Professional Wheel Rim Cleaner Excellent Cleaning Power Spray for Car Detailing\" width=\"1080\" height=\"608\" src=\"https:\/\/www.youtube.com\/embed\/945vKc7i7C0?feature=oembed\"  allow=\"accelerometer; autoplay; clipboard-write; encrypted-media; gyroscope; picture-in-picture\" allowfullscreen><\/iframe><\/p>\n<p><img decoding=\"async\" class=\"aligncenter size-full wp-image-1210\" src=\"https:\/\/www.supersybon.com\/es\/wp-content\/uploads\/2022\/10\/1666257836-S2209-Strong-Powerful-Dissolve-And-Clean-Rust-Stains-Wheel-Hub-Brake-Iron-Powder-Remover-Wash-Cleaner.jpg\" alt=\"\" width=\"900\" height=\"364\" title=\"\" srcset=\"https:\/\/www.supersybon.com\/es\/wp-content\/uploads\/2022\/10\/1666257836-S2209-Strong-Powerful-Dissolve-And-Clean-Rust-Stains-Wheel-Hub-Brake-Iron-Powder-Remover-Wash-Cleaner.jpg 900w, https:\/\/www.supersybon.com\/es\/wp-content\/uploads\/2022\/10\/1666257836-S2209-Strong-Powerful-Dissolve-And-Clean-Rust-Stains-Wheel-Hub-Brake-Iron-Powder-Remover-Wash-Cleaner-480x194.jpg 480w\" sizes=\"(min-width: 0px) and (max-width: 480px) 480px, (min-width: 481px) 900px, 100vw\" \/><\/p>\n<p>&nbsp;<\/p>\n<p><strong>S2207 Limpiador de ruedas limpiador profesional de llantas excelente poder de limpieza en aerosol para detalles de autom\u00f3viles<\/strong><\/p>\n<p><strong>Rasgo:<\/strong><\/p>\n<p>1. Un limpiador de llantas de autom\u00f3vil para diversas suciedades y residuos persistentes, barro, polvo, aceite, polvo de frenos, manchas de \u00f3xido y excreci\u00f3n de animales en la llanta del autom\u00f3vil. Especialmente formulado para adherirse a superficies verticales.<\/p>\n<p>2. El limpiador de ruedas tiene una f\u00f3rmula altamente concentrada, se puede diluir 10 veces, menos dosis, m\u00e1s econ\u00f3mico, conveniente y r\u00e1pido de usar. F\u00e1cil de limpiar y excelente quitamanchas.<\/p>\n<p>3. No se requiere restregado, brillo deslumbrante instant\u00e1neo, ahorro de mano de obra, ahorro de espacio y creaci\u00f3n de ganancias.<\/p>\n<p>&nbsp;<\/p>\n<p><strong>Precauciones:<\/strong><\/p>\n<p>No permita que este producto permanezca en la llanta del autom\u00f3vil durante mucho tiempo. Si el l\u00edquido original entra en contacto con la piel, enjuague inmediatamente los ojos con abundante agua.<\/p>\n<div data-id=\"paragraph0\"><\/div>\n<div data-id=\"paragraph0\"><\/div>\n<p><img decoding=\"async\" class=\"aligncenter size-full wp-image-1211\" src=\"https:\/\/www.supersybon.com\/es\/wp-content\/uploads\/2022\/10\/1666257854-S2209-Car-Wheel-Polish-Cleaner-With-Iron-Remover-Wheel-Cleaner.jpg\" alt=\"\" width=\"750\" height=\"750\" title=\"\" srcset=\"https:\/\/www.supersybon.com\/es\/wp-content\/uploads\/2022\/10\/1666257854-S2209-Car-Wheel-Polish-Cleaner-With-Iron-Remover-Wheel-Cleaner.jpg 750w, https:\/\/www.supersybon.com\/es\/wp-content\/uploads\/2022\/10\/1666257854-S2209-Car-Wheel-Polish-Cleaner-With-Iron-Remover-Wheel-Cleaner-480x480.jpg 480w\" sizes=\"(min-width: 0px) and (max-width: 480px) 480px, (min-width: 481px) 750px, 100vw\" \/><\/p>\n<div class=\"magic-13\">\n<div class=\"magic-14\">\n<div class=\"magic-9\">\n<p><img decoding=\"async\" class=\"aligncenter size-full wp-image-1213\" src=\"https:\/\/www.supersybon.com\/es\/wp-content\/uploads\/2022\/10\/1666258023-S2209-500Ml-Wheel-Cleaner-Great-Results-On-Aluminum-And-Alloys-China-Manufacturer.jpg\" alt=\"\" width=\"750\" height=\"1000\" title=\"\" srcset=\"https:\/\/www.supersybon.com\/es\/wp-content\/uploads\/2022\/10\/1666258023-S2209-500Ml-Wheel-Cleaner-Great-Results-On-Aluminum-And-Alloys-China-Manufacturer.jpg 750w, https:\/\/www.supersybon.com\/es\/wp-content\/uploads\/2022\/10\/1666258023-S2209-500Ml-Wheel-Cleaner-Great-Results-On-Aluminum-And-Alloys-China-Manufacturer-480x640.jpg 480w\" sizes=\"(min-width: 0px) and (max-width: 480px) 480px, (min-width: 481px) 750px, 100vw\" \/><\/p>\n<div class=\"magic-10\">\n<p>&nbsp;<\/p>\n<p>&nbsp;<\/p>\n<p><strong>Embalaje y servicio de productos<br \/>\n<\/strong><\/p>\n<hr \/>\n<p><strong>PAQUETE :<br \/>\n<\/strong><\/p>\n<p>30 piezas\/cart\u00f3n.<\/p>\n<p>&nbsp;<\/p>\n<p><strong>NUESTRO SERVICIO:<br \/>\n<\/strong><\/p>\n<p>1.24 horas en l\u00ednea<\/p>\n<p>2. Precio competitivo<\/p>\n<p>3. Excelentes comentarios del cliente<\/p>\n<p>4. Pedidos en l\u00ednea seguros<\/p>\n<p>5. Entrega r\u00e1pida<\/p>\n<p>6. Soporte t\u00e9cnico profesional<\/p>\n<p>&nbsp;<\/p>\n<div class=\"magic-13\">\n<div class=\"magic-14\">\n<div class=\"magic-9\">\n<div class=\"magic-10\">\n<div class=\"magic-13\">\n<div class=\"magic-14\">\n<div data-spm-anchor-id=\"a2700.details.0.i37.625d2e9eLtZffL\">\n<div class=\"magic-13\">\n<div class=\"magic-14\">\n<div class=\"magic-13\">\n<div class=\"magic-14\">\n<p>&nbsp;<\/p>\n<\/div>\n<\/div>\n<\/div>\n<\/div>\n<\/div>\n<\/div>\n<\/div>\n<\/div>\n<\/div>\n<\/div>\n<\/div>\n<div class=\"magic-13\">\n<div class=\"magic-14\">\n<p><strong>Perfil de la empresa<br \/>\n<\/strong><\/p>\n<hr \/>\n<p>&nbsp;<\/p>\n<\/div>\n<\/div>\n<\/div>\n<\/div>\n<\/div>\n<\/div>\n<div class=\"magic-13\">\n<div class=\"magic-14\">\n<p><img decoding=\"async\" class=\"aligncenter size-full wp-image-324\" src=\"https:\/\/www.supersybon.com\/es\/wp-content\/uploads\/2022\/09\/1663401769-Car-Paint-Supplier-Company-Profile-Manufacturer-China.jpg\" alt=\"\" width=\"900\" height=\"958\" title=\"\" srcset=\"https:\/\/www.supersybon.com\/es\/wp-content\/uploads\/2022\/09\/1663401769-Car-Paint-Supplier-Company-Profile-Manufacturer-China.jpg 900w, https:\/\/www.supersybon.com\/es\/wp-content\/uploads\/2022\/09\/1663401769-Car-Paint-Supplier-Company-Profile-Manufacturer-China-480x511.jpg 480w\" sizes=\"(min-width: 0px) and (max-width: 480px) 480px, (min-width: 481px) 900px, 100vw\" \/><\/p>\n<div class=\"magic-13\">\n<div class=\"magic-14\">\n<p><strong>Preguntas m\u00e1s frecuentes<br \/>\n<\/strong><\/p>\n<hr \/>\n<\/div>\n<\/div>\n<p>P: \u00bfCu\u00e1l es su MOQ?<\/p>\n<p>R: Nuestro pedido m\u00ednimo es de 1 caja de cart\u00f3n.<\/p>\n<p>P: \u00bfQu\u00e9 hay de su pago?<\/p>\n<p>R: dep\u00f3sito del 50% por adelantado, saldo del 50% por T\/T, L\/C, paypal, Western Union o antes del env\u00edo.<\/p>\n<p>P: \u00bfProporcionan muestras?<\/p>\n<p>R: S\u00ed, puede comprar una muestra para probarla.<\/p>\n<p>P: \u00bfQu\u00e9 hay de su tiempo de entrega?<\/p>\n<p>R: generalmente 15 d\u00edas despu\u00e9s de recibir su dep\u00f3sito.<\/p>\n<\/div>\n<\/div>\n","protected":false},"excerpt":{"rendered":"<p>Limpiador de ruedas F\u00f3rmula altamente concentrada, se puede diluir 10 veces, menor dosis, m\u00e1s econ\u00f3mico, c\u00f3modo y r\u00e1pido de usar. F\u00e1cil de limpiar y excelente quitamanchas.<\/p>\n","protected":false},"featured_media":1209,"template":"","meta":{"_et_pb_use_builder":"","_et_pb_old_content":"","_et_gb_content_width":""},"product_brand":[],"product_cat":[56,60],"product_tag":[286,287],"class_list":{"0":"post-1208","1":"product","2":"type-product","3":"status-publish","4":"has-post-thumbnail","6":"product_cat-serie-de-cuidado-de-automoviles","7":"product_cat-detallado-del-cuidado-del-automovil","8":"product_tag-wheel-cleaner","9":"product_tag-wheel-rim-cleaner","11":"first","12":"instock","13":"shipping-taxable","14":"product-type-simple"},"_links":{"self":[{"href":"https:\/\/www.supersybon.com\/es\/wp-json\/wp\/v2\/product\/1208","targetHints":{"allow":["GET"]}}],"collection":[{"href":"https:\/\/www.supersybon.com\/es\/wp-json\/wp\/v2\/product"}],"about":[{"href":"https:\/\/www.supersybon.com\/es\/wp-json\/wp\/v2\/types\/product"}],"wp:featuredmedia":[{"embeddable":true,"href":"https:\/\/www.supersybon.com\/es\/wp-json\/wp\/v2\/media\/1209"}],"wp:attachment":[{"href":"https:\/\/www.supersybon.com\/es\/wp-json\/wp\/v2\/media?parent=1208"}],"wp:term":[{"taxonomy":"product_brand","embeddable":true,"href":"https:\/\/www.supersybon.com\/es\/wp-json\/wp\/v2\/product_brand?post=1208"},{"taxonomy":"product_cat","embeddable":true,"href":"https:\/\/www.supersybon.com\/es\/wp-json\/wp\/v2\/product_cat?post=1208"},{"taxonomy":"product_tag","embeddable":true,"href":"https:\/\/www.supersybon.com\/es\/wp-json\/wp\/v2\/product_tag?post=1208"}],"curies":[{"name":"wp","href":"https:\/\/api.w.org\/{rel}","templated":true}]}}