{"id":1199,"date":"2022-10-20T16:22:16","date_gmt":"2022-10-20T08:22:16","guid":{"rendered":"https:\/\/www.supersybon.com\/es\/?post_type=product&#038;p=1199"},"modified":"2023-01-03T15:46:04","modified_gmt":"2023-01-03T07:46:04","slug":"s2204-limpiador-de-motores-motor-bay-aceite-grasa-limpieza-productos-en-aerosol-motor-almacen-limpiador-de-superficies-desengrasante","status":"publish","type":"product","link":"https:\/\/www.supersybon.com\/es\/product\/s2204-limpiador-de-motores-motor-bay-aceite-grasa-limpieza-productos-en-aerosol-motor-almacen-limpiador-de-superficies-desengrasante","title":{"rendered":"S2204 Limpiador de motores motor bay aceite grasa limpieza productos en aerosol motor almac\u00e9n limpiador de superficies desengrasante"},"content":{"rendered":"<p><iframe title=\"Engine Cleaner Engine Bay Oil Grease Cleaning Spray Engine Warehouse Surface Cleaner Degreaser\" width=\"1080\" height=\"608\" src=\"https:\/\/www.youtube.com\/embed\/f-UsEbVTRKg?feature=oembed\"  allow=\"accelerometer; autoplay; clipboard-write; encrypted-media; gyroscope; picture-in-picture\" allowfullscreen><\/iframe><\/p>\n<p><img decoding=\"async\" class=\"aligncenter size-full wp-image-1200\" src=\"https:\/\/www.supersybon.com\/es\/wp-content\/uploads\/2022\/10\/1666255612-S2204-Made-In-China-Hand-Spray-Engine-Cleaner-500Ml-For-Car-Care-Accessories.jpg\" alt=\"\" width=\"900\" height=\"364\" title=\"\" srcset=\"https:\/\/www.supersybon.com\/es\/wp-content\/uploads\/2022\/10\/1666255612-S2204-Made-In-China-Hand-Spray-Engine-Cleaner-500Ml-For-Car-Care-Accessories.jpg 900w, https:\/\/www.supersybon.com\/es\/wp-content\/uploads\/2022\/10\/1666255612-S2204-Made-In-China-Hand-Spray-Engine-Cleaner-500Ml-For-Car-Care-Accessories-480x194.jpg 480w\" sizes=\"(min-width: 0px) and (max-width: 480px) 480px, (min-width: 481px) 900px, 100vw\" \/><\/p>\n<p>&nbsp;<\/p>\n<p><strong>S2204 Limpiador de motores motor bay aceite grasa limpieza productos en aerosol motor almac\u00e9n limpiador de superficies desengrasante<\/strong><\/p>\n<p><strong>Rasgo:<\/strong><\/p>\n<p>1. Engine Cleaner puede eliminar las manchas profundas y quitar la suciedad persistente como la grasa, el polvo, el aceite y el asfalto de la superficie met\u00e1lica. Este producto se puede utilizar sin agua.<\/p>\n<p>2.Usando una f\u00f3rmula de emulsificaci\u00f3n a base de solvente, se emulsionar\u00e1 y se convertir\u00e1 en una base de agua cuando se encuentre con agua. Sin residuos despu\u00e9s del lavado.<\/p>\n<p>3. Este producto es f\u00e1cil de enjuagar, seguro y rentable.<\/p>\n<p>&nbsp;<\/p>\n<p><strong>Precauciones:<\/strong><\/p>\n<p>Si accidentalmente se salpica este producto en los ojos o lo bebe por error, l\u00e1velo con agua limpia durante 10 minutos y busque atenci\u00f3n m\u00e9dica de inmediato.<\/p>\n<div data-id=\"paragraph0\"><\/div>\n<div data-id=\"paragraph0\"><\/div>\n<p><img decoding=\"async\" class=\"aligncenter size-full wp-image-1201\" src=\"https:\/\/www.supersybon.com\/es\/wp-content\/uploads\/2022\/10\/1666255638-S2204-Super-Cleaning-Power-Long-Lasting-And-Anti-Aging-Engine-Cleaner.jpg\" alt=\"\" width=\"750\" height=\"750\" title=\"\" srcset=\"https:\/\/www.supersybon.com\/es\/wp-content\/uploads\/2022\/10\/1666255638-S2204-Super-Cleaning-Power-Long-Lasting-And-Anti-Aging-Engine-Cleaner.jpg 750w, https:\/\/www.supersybon.com\/es\/wp-content\/uploads\/2022\/10\/1666255638-S2204-Super-Cleaning-Power-Long-Lasting-And-Anti-Aging-Engine-Cleaner-480x480.jpg 480w\" sizes=\"(min-width: 0px) and (max-width: 480px) 480px, (min-width: 481px) 750px, 100vw\" \/><\/p>\n<div class=\"magic-13\">\n<div class=\"magic-14\">\n<div class=\"magic-9\">\n<p><img decoding=\"async\" class=\"aligncenter size-full wp-image-1202\" src=\"https:\/\/www.supersybon.com\/es\/wp-content\/uploads\/2022\/10\/1666255656-S2204-Original-Manufacturer-Easy-Cleaning-Engine-Cleaner-For-Car-Care.jpg\" alt=\"\" width=\"800\" height=\"800\" title=\"\" srcset=\"https:\/\/www.supersybon.com\/es\/wp-content\/uploads\/2022\/10\/1666255656-S2204-Original-Manufacturer-Easy-Cleaning-Engine-Cleaner-For-Car-Care.jpg 800w, https:\/\/www.supersybon.com\/es\/wp-content\/uploads\/2022\/10\/1666255656-S2204-Original-Manufacturer-Easy-Cleaning-Engine-Cleaner-For-Car-Care-480x480.jpg 480w\" sizes=\"(min-width: 0px) and (max-width: 480px) 480px, (min-width: 481px) 800px, 100vw\" \/><\/p>\n<p>&nbsp;<\/p>\n<div class=\"magic-10\">\n<p><img decoding=\"async\" class=\"aligncenter size-full wp-image-1203\" src=\"https:\/\/www.supersybon.com\/es\/wp-content\/uploads\/2022\/10\/1666255677-S2204-Car-Engine-Surface-Cleaning-Chemical-For-Kenya-Market-Cleaning-Products-For-Engine.jpg\" alt=\"\" width=\"800\" height=\"800\" title=\"\" srcset=\"https:\/\/www.supersybon.com\/es\/wp-content\/uploads\/2022\/10\/1666255677-S2204-Car-Engine-Surface-Cleaning-Chemical-For-Kenya-Market-Cleaning-Products-For-Engine.jpg 800w, https:\/\/www.supersybon.com\/es\/wp-content\/uploads\/2022\/10\/1666255677-S2204-Car-Engine-Surface-Cleaning-Chemical-For-Kenya-Market-Cleaning-Products-For-Engine-480x480.jpg 480w\" sizes=\"(min-width: 0px) and (max-width: 480px) 480px, (min-width: 481px) 800px, 100vw\" \/><\/p>\n<p>&nbsp;<\/p>\n<p><img decoding=\"async\" class=\"aligncenter size-full wp-image-1204\" src=\"https:\/\/www.supersybon.com\/es\/wp-content\/uploads\/2022\/10\/1666255696-S2204-New-Customized-500Ml-Engine-Surface-Protection-Car-Engine-Coating-For-Surface-Care.jpg\" alt=\"\" width=\"750\" height=\"362\" title=\"\" srcset=\"https:\/\/www.supersybon.com\/es\/wp-content\/uploads\/2022\/10\/1666255696-S2204-New-Customized-500Ml-Engine-Surface-Protection-Car-Engine-Coating-For-Surface-Care.jpg 750w, https:\/\/www.supersybon.com\/es\/wp-content\/uploads\/2022\/10\/1666255696-S2204-New-Customized-500Ml-Engine-Surface-Protection-Car-Engine-Coating-For-Surface-Care-480x232.jpg 480w\" sizes=\"(min-width: 0px) and (max-width: 480px) 480px, (min-width: 481px) 750px, 100vw\" \/><\/p>\n<p>&nbsp;<\/p>\n<p>&nbsp;<\/p>\n<p>&nbsp;<\/p>\n<p><strong>Pasos para el uso<\/strong><\/p>\n<hr \/>\n<p>&nbsp;<\/p>\n<p><img decoding=\"async\" class=\"aligncenter size-full wp-image-1205\" src=\"https:\/\/www.supersybon.com\/es\/wp-content\/uploads\/2022\/10\/1666255810-S2204-Newest-Hottest-Engine-Cleaning-Strong-Decontamination-Car-Engine-Cleaning-Spray.jpg\" alt=\"\" width=\"790\" height=\"368\" title=\"\" srcset=\"https:\/\/www.supersybon.com\/es\/wp-content\/uploads\/2022\/10\/1666255810-S2204-Newest-Hottest-Engine-Cleaning-Strong-Decontamination-Car-Engine-Cleaning-Spray.jpg 790w, https:\/\/www.supersybon.com\/es\/wp-content\/uploads\/2022\/10\/1666255810-S2204-Newest-Hottest-Engine-Cleaning-Strong-Decontamination-Car-Engine-Cleaning-Spray-480x224.jpg 480w\" sizes=\"(min-width: 0px) and (max-width: 480px) 480px, (min-width: 481px) 790px, 100vw\" \/><\/p>\n<p>&nbsp;<\/p>\n<p><strong>Embalaje y servicio de productos<br \/>\n<\/strong><\/p>\n<hr \/>\n<p><strong>PAQUETE :<br \/>\n<\/strong><\/p>\n<p>30 piezas\/cart\u00f3n.<\/p>\n<p>&nbsp;<\/p>\n<p><strong>NUESTRO SERVICIO:<br \/>\n<\/strong><\/p>\n<p>1.24 horas en l\u00ednea<\/p>\n<p>2. Precio competitivo<\/p>\n<p>3. Excelentes comentarios del cliente<\/p>\n<p>4. Pedidos en l\u00ednea seguros<\/p>\n<p>5. Entrega r\u00e1pida<\/p>\n<p>6. Soporte t\u00e9cnico profesional<\/p>\n<\/div>\n<\/div>\n<\/div>\n<\/div>\n<div class=\"magic-13\">\n<div class=\"magic-14\">\n<p>&nbsp;<\/p>\n<div class=\"magic-13\">\n<div class=\"magic-14\">\n<div class=\"magic-9\">\n<div class=\"magic-10\">\n<div class=\"magic-13\">\n<div class=\"magic-14\">\n<div data-spm-anchor-id=\"a2700.details.0.i37.625d2e9eLtZffL\">\n<div class=\"magic-13\">\n<div class=\"magic-14\">\n<div class=\"magic-13\">\n<div class=\"magic-14\">\n<p>&nbsp;<\/p>\n<\/div>\n<\/div>\n<\/div>\n<\/div>\n<\/div>\n<\/div>\n<\/div>\n<\/div>\n<\/div>\n<\/div>\n<\/div>\n<div class=\"magic-13\">\n<div class=\"magic-14\">\n<p><strong>Perfil de la empresa<br \/>\n<\/strong><\/p>\n<hr \/>\n<p>&nbsp;<\/p>\n<\/div>\n<\/div>\n<p><img decoding=\"async\" class=\"aligncenter size-full wp-image-324\" src=\"https:\/\/www.supersybon.com\/es\/wp-content\/uploads\/2022\/09\/1663401769-Car-Paint-Supplier-Company-Profile-Manufacturer-China.jpg\" alt=\"\" width=\"900\" height=\"958\" title=\"\" srcset=\"https:\/\/www.supersybon.com\/es\/wp-content\/uploads\/2022\/09\/1663401769-Car-Paint-Supplier-Company-Profile-Manufacturer-China.jpg 900w, https:\/\/www.supersybon.com\/es\/wp-content\/uploads\/2022\/09\/1663401769-Car-Paint-Supplier-Company-Profile-Manufacturer-China-480x511.jpg 480w\" sizes=\"(min-width: 0px) and (max-width: 480px) 480px, (min-width: 481px) 900px, 100vw\" \/><\/p>\n<div class=\"magic-13\">\n<div class=\"magic-14\">\n<p><strong>Preguntas m\u00e1s frecuentes<\/strong><\/p>\n<hr \/>\n<\/div>\n<\/div>\n<p>P: \u00bfCu\u00e1l es su MOQ?<\/p>\n<p>R: Nuestro pedido m\u00ednimo es de 1 caja de cart\u00f3n.<\/p>\n<p>P: \u00bfQu\u00e9 hay de su pago?<\/p>\n<p>R: dep\u00f3sito del 50% por adelantado, saldo del 50% por T\/T, L\/C, paypal, Western Union o antes del env\u00edo.<\/p>\n<p>P: \u00bfProporcionan muestras?<\/p>\n<p>R: S\u00ed, puede comprar una muestra para probarla.<\/p>\n<p>P: \u00bfQu\u00e9 hay de su tiempo de entrega?<\/p>\n<p>R: generalmente 15 d\u00edas despu\u00e9s de recibir su dep\u00f3sito.<\/p>\n<\/div>\n<\/div>\n","protected":false},"excerpt":{"rendered":"<p>\u00b7El limpiador de motores puede eliminar las manchas profundas y quitar la suciedad persistente como la grasa, el polvo, el aceite y el asfalto de la superficie met\u00e1lica. Este producto se puede utilizar sin agua.<br \/>\n\u00b7Usando una f\u00f3rmula de emulsificaci\u00f3n a base de solvente, se emulsionar\u00e1 y se convertir\u00e1 en una base de agua cuando se encuentre con agua. Sin residuos despu\u00e9s del lavado.<br \/>\n\u00b7Este producto es f\u00e1cil de enjuagar, seguro y econ\u00f3mico.<\/p>\n","protected":false},"featured_media":1206,"template":"","meta":{"_et_pb_use_builder":"","_et_pb_old_content":"","_et_gb_content_width":""},"product_brand":[],"product_cat":[56,60],"product_tag":[596,595],"class_list":{"0":"post-1199","1":"product","2":"type-product","3":"status-publish","4":"has-post-thumbnail","6":"product_cat-serie-de-cuidado-de-automoviles","7":"product_cat-detallado-del-cuidado-del-automovil","8":"product_tag-desengrasante-limpiador-de-superficies-de-almacen-de-motores","9":"product_tag-limpiador-de-motores","11":"first","12":"instock","13":"shipping-taxable","14":"product-type-simple"},"_links":{"self":[{"href":"https:\/\/www.supersybon.com\/es\/wp-json\/wp\/v2\/product\/1199","targetHints":{"allow":["GET"]}}],"collection":[{"href":"https:\/\/www.supersybon.com\/es\/wp-json\/wp\/v2\/product"}],"about":[{"href":"https:\/\/www.supersybon.com\/es\/wp-json\/wp\/v2\/types\/product"}],"wp:featuredmedia":[{"embeddable":true,"href":"https:\/\/www.supersybon.com\/es\/wp-json\/wp\/v2\/media\/1206"}],"wp:attachment":[{"href":"https:\/\/www.supersybon.com\/es\/wp-json\/wp\/v2\/media?parent=1199"}],"wp:term":[{"taxonomy":"product_brand","embeddable":true,"href":"https:\/\/www.supersybon.com\/es\/wp-json\/wp\/v2\/product_brand?post=1199"},{"taxonomy":"product_cat","embeddable":true,"href":"https:\/\/www.supersybon.com\/es\/wp-json\/wp\/v2\/product_cat?post=1199"},{"taxonomy":"product_tag","embeddable":true,"href":"https:\/\/www.supersybon.com\/es\/wp-json\/wp\/v2\/product_tag?post=1199"}],"curies":[{"name":"wp","href":"https:\/\/api.w.org\/{rel}","templated":true}]}}