{"id":1188,"date":"2022-10-20T15:37:14","date_gmt":"2022-10-20T07:37:14","guid":{"rendered":"https:\/\/www.supersybon.com\/es\/?post_type=product&#038;p=1188"},"modified":"2023-01-03T15:37:17","modified_gmt":"2023-01-03T07:37:17","slug":"s2205-protector-de-brillo-del-motor-recubrimiento-de-motor-de-automovil-para-mantenimiento-de-belleza-y-limpieza-de-motor","status":"publish","type":"product","link":"https:\/\/www.supersybon.com\/es\/product\/s2205-protector-de-brillo-del-motor-recubrimiento-de-motor-de-automovil-para-mantenimiento-de-belleza-y-limpieza-de-motor","title":{"rendered":"S2205 Protector de brillo del motor recubrimiento de motor de autom\u00f3vil para mantenimiento de belleza y limpieza de motor"},"content":{"rendered":"<p><img decoding=\"async\" class=\"aligncenter size-full wp-image-1189\" src=\"https:\/\/www.supersybon.com\/es\/wp-content\/uploads\/2022\/10\/1666252783-S2205-Factory-Supplier-120Ml-Auto-Engine-Coating-Spray-Widely-Use.jpg\" alt=\"\" width=\"900\" height=\"364\" title=\"\" srcset=\"https:\/\/www.supersybon.com\/es\/wp-content\/uploads\/2022\/10\/1666252783-S2205-Factory-Supplier-120Ml-Auto-Engine-Coating-Spray-Widely-Use.jpg 900w, https:\/\/www.supersybon.com\/es\/wp-content\/uploads\/2022\/10\/1666252783-S2205-Factory-Supplier-120Ml-Auto-Engine-Coating-Spray-Widely-Use-480x194.jpg 480w\" sizes=\"(min-width: 0px) and (max-width: 480px) 480px, (min-width: 481px) 900px, 100vw\" \/><\/p>\n<p>&nbsp;<\/p>\n<p><strong>S2205 Protector de brillo del motor recubrimiento de motor de autom\u00f3vil para mantenimiento de belleza y limpieza de motor<\/strong><\/p>\n<p><strong>Rasgo:<\/strong><\/p>\n<p>1. El protector de brillo del motor puede proporcionar protecci\u00f3n a largo plazo de piezas de pl\u00e1stico sin pintar y tiras de goma, y restaurar el color original de las tiras de goma.<\/p>\n<p>2. Resiste la loci\u00f3n neutra y mantiene un efecto repelente al agua de larga duraci\u00f3n.<\/p>\n<p>3. F\u00f3rmula especial para evitar da\u00f1os por rayos UV y el envejecimiento de piezas de pl\u00e1stico y tiras de goma.<\/p>\n<p>&nbsp;<\/p>\n<p><strong>Precauciones:<\/strong><\/p>\n<p>Si accidentalmente se salpica este producto en los ojos o lo bebe por error, l\u00e1velo con agua limpia durante 10 minutos y busque atenci\u00f3n m\u00e9dica de inmediato.<\/p>\n<p><img decoding=\"async\" class=\"aligncenter size-full wp-image-1190\" src=\"https:\/\/www.supersybon.com\/es\/wp-content\/uploads\/2022\/10\/1666253172-S2205-Made-In-China-Oil-Proof-Moisture-Proof-Engine-Polisher-For-Car-Detailing.jpg\" alt=\"\" width=\"750\" height=\"750\" title=\"\" srcset=\"https:\/\/www.supersybon.com\/es\/wp-content\/uploads\/2022\/10\/1666253172-S2205-Made-In-China-Oil-Proof-Moisture-Proof-Engine-Polisher-For-Car-Detailing.jpg 750w, https:\/\/www.supersybon.com\/es\/wp-content\/uploads\/2022\/10\/1666253172-S2205-Made-In-China-Oil-Proof-Moisture-Proof-Engine-Polisher-For-Car-Detailing-480x480.jpg 480w\" sizes=\"(min-width: 0px) and (max-width: 480px) 480px, (min-width: 481px) 750px, 100vw\" \/><\/p>\n<div class=\"magic-13\">\n<div class=\"magic-14\">\n<div class=\"magic-9\">\n<p><img decoding=\"async\" class=\"aligncenter size-full wp-image-1191\" src=\"https:\/\/www.supersybon.com\/es\/wp-content\/uploads\/2022\/10\/1666253192-S2205-Car-Engine-Coating-Agent-Engine-Compartment-Protection-Coating-Polish-Car-Care-Agent.jpg\" alt=\"\" width=\"750\" height=\"815\" title=\"\" srcset=\"https:\/\/www.supersybon.com\/es\/wp-content\/uploads\/2022\/10\/1666253192-S2205-Car-Engine-Coating-Agent-Engine-Compartment-Protection-Coating-Polish-Car-Care-Agent.jpg 750w, https:\/\/www.supersybon.com\/es\/wp-content\/uploads\/2022\/10\/1666253192-S2205-Car-Engine-Coating-Agent-Engine-Compartment-Protection-Coating-Polish-Car-Care-Agent-480x522.jpg 480w\" sizes=\"(min-width: 0px) and (max-width: 480px) 480px, (min-width: 481px) 750px, 100vw\" \/><\/p>\n<p>&nbsp;<\/p>\n<div class=\"magic-10\">\n<p><img decoding=\"async\" class=\"aligncenter size-full wp-image-1192\" src=\"https:\/\/www.supersybon.com\/es\/wp-content\/uploads\/2022\/10\/1666253209-S2205-Professional-Car-Care-Engine-Shine-120Ml-Revestimiento-De-Motor.jpg\" alt=\"\" width=\"750\" height=\"362\" title=\"\" srcset=\"https:\/\/www.supersybon.com\/es\/wp-content\/uploads\/2022\/10\/1666253209-S2205-Professional-Car-Care-Engine-Shine-120Ml-Revestimiento-De-Motor.jpg 750w, https:\/\/www.supersybon.com\/es\/wp-content\/uploads\/2022\/10\/1666253209-S2205-Professional-Car-Care-Engine-Shine-120Ml-Revestimiento-De-Motor-480x232.jpg 480w\" sizes=\"(min-width: 0px) and (max-width: 480px) 480px, (min-width: 481px) 750px, 100vw\" \/><\/p>\n<p>&nbsp;<\/p>\n<p>&nbsp;<\/p>\n<p><strong>Pasos para el uso<\/strong><\/p>\n<hr \/>\n<p>&nbsp;<\/p>\n<p><img decoding=\"async\" class=\"aligncenter size-full wp-image-1193\" src=\"https:\/\/www.supersybon.com\/es\/wp-content\/uploads\/2022\/10\/1666253238-S2205-China-Professional-Manufacture-Engine-Shine-Protector-Dressing-After-Engine-Cleaning.jpg\" alt=\"\" width=\"750\" height=\"750\" title=\"\" srcset=\"https:\/\/www.supersybon.com\/es\/wp-content\/uploads\/2022\/10\/1666253238-S2205-China-Professional-Manufacture-Engine-Shine-Protector-Dressing-After-Engine-Cleaning.jpg 750w, https:\/\/www.supersybon.com\/es\/wp-content\/uploads\/2022\/10\/1666253238-S2205-China-Professional-Manufacture-Engine-Shine-Protector-Dressing-After-Engine-Cleaning-480x480.jpg 480w\" sizes=\"(min-width: 0px) and (max-width: 480px) 480px, (min-width: 481px) 750px, 100vw\" \/><\/p>\n<p>&nbsp;<\/p>\n<p><strong>Embalaje y servicio de productos<br \/>\n<\/strong><\/p>\n<hr \/>\n<p><strong>PAQUETE :<br \/>\n<\/strong><\/p>\n<p>170 piezas\/caja de cart\u00f3n.<\/p>\n<p>&nbsp;<\/p>\n<p><strong>NUESTRO SERVICIO:<br \/>\n<\/strong><\/p>\n<p>1.24 horas en l\u00ednea<\/p>\n<p>2. Precio competitivo<\/p>\n<p>3. Excelentes comentarios del cliente<\/p>\n<p>4. Pedidos en l\u00ednea seguros<\/p>\n<p>5. Entrega r\u00e1pida<\/p>\n<p>6. Soporte t\u00e9cnico profesional<\/p>\n<\/div>\n<\/div>\n<\/div>\n<\/div>\n<div class=\"magic-13\">\n<div class=\"magic-14\">\n<p>&nbsp;<\/p>\n<div class=\"magic-13\">\n<div class=\"magic-14\">\n<div class=\"magic-9\">\n<div class=\"magic-10\">\n<div class=\"magic-13\">\n<div class=\"magic-14\">\n<div data-spm-anchor-id=\"a2700.details.0.i37.625d2e9eLtZffL\">\n<div class=\"magic-13\">\n<div class=\"magic-14\">\n<div class=\"magic-13\">\n<div class=\"magic-14\">\n<p>&nbsp;<\/p>\n<\/div>\n<\/div>\n<\/div>\n<\/div>\n<\/div>\n<\/div>\n<\/div>\n<\/div>\n<\/div>\n<\/div>\n<\/div>\n<div class=\"magic-13\">\n<div class=\"magic-14\">\n<p><strong>Perfil de la empresa<br \/>\n<\/strong><\/p>\n<hr \/>\n<p>&nbsp;<\/p>\n<\/div>\n<\/div>\n<p><img decoding=\"async\" class=\"aligncenter size-full wp-image-324\" src=\"https:\/\/www.supersybon.com\/es\/wp-content\/uploads\/2022\/09\/1663401769-Car-Paint-Supplier-Company-Profile-Manufacturer-China.jpg\" alt=\"\" width=\"900\" height=\"958\" title=\"\" srcset=\"https:\/\/www.supersybon.com\/es\/wp-content\/uploads\/2022\/09\/1663401769-Car-Paint-Supplier-Company-Profile-Manufacturer-China.jpg 900w, https:\/\/www.supersybon.com\/es\/wp-content\/uploads\/2022\/09\/1663401769-Car-Paint-Supplier-Company-Profile-Manufacturer-China-480x511.jpg 480w\" sizes=\"(min-width: 0px) and (max-width: 480px) 480px, (min-width: 481px) 900px, 100vw\" \/><\/p>\n<div class=\"magic-13\">\n<div class=\"magic-14\">\n<p><strong>Preguntas m\u00e1s frecuentes<\/strong><\/p>\n<hr \/>\n<\/div>\n<\/div>\n<p>P: \u00bfCu\u00e1l es su MOQ?<\/p>\n<p>R: Nuestro pedido m\u00ednimo es de 1 caja de cart\u00f3n.<\/p>\n<p>P: \u00bfQu\u00e9 hay de su pago?<\/p>\n<p>R: dep\u00f3sito del 50% por adelantado, saldo del 50% por T\/T, L\/C, paypal, Western Union o antes del env\u00edo.<\/p>\n<p>P: \u00bfProporcionan muestras?<\/p>\n<p>R: S\u00ed, puede comprar una muestra para probarla.<\/p>\n<p>P: \u00bfQu\u00e9 hay de su tiempo de entrega?<\/p>\n<p>R: generalmente 15 d\u00edas despu\u00e9s de recibir su dep\u00f3sito.<\/p>\n<\/div>\n<\/div>\n","protected":false},"excerpt":{"rendered":"<p>\u00b7El protector de brillo del motor puede brindar protecci\u00f3n a largo plazo a las piezas de pl\u00e1stico sin pintar y tiras de goma, y restaurar el color original de las tiras de goma.<br \/>\n\u00b7Resiste la loci\u00f3n neutra y mantiene el efecto hidr\u00f3fugo de larga duraci\u00f3n.<br \/>\n\u00b7F\u00f3rmula especial para prevenir el da\u00f1o UV y el envejecimiento de piezas de pl\u00e1stico y tiras de goma.<\/p>\n","protected":false},"featured_media":1194,"template":"","meta":{"_et_pb_use_builder":"","_et_pb_old_content":"","_et_gb_content_width":""},"product_brand":[],"product_cat":[56,60],"product_tag":[593,594],"class_list":{"0":"post-1188","1":"product","2":"type-product","3":"status-publish","4":"has-post-thumbnail","6":"product_cat-serie-de-cuidado-de-automoviles","7":"product_cat-detallado-del-cuidado-del-automovil","8":"product_tag-protector-de-brillo-del-motor","9":"product_tag-revestimiento-de-motor-de-automovil","11":"first","12":"instock","13":"shipping-taxable","14":"product-type-simple"},"_links":{"self":[{"href":"https:\/\/www.supersybon.com\/es\/wp-json\/wp\/v2\/product\/1188","targetHints":{"allow":["GET"]}}],"collection":[{"href":"https:\/\/www.supersybon.com\/es\/wp-json\/wp\/v2\/product"}],"about":[{"href":"https:\/\/www.supersybon.com\/es\/wp-json\/wp\/v2\/types\/product"}],"wp:featuredmedia":[{"embeddable":true,"href":"https:\/\/www.supersybon.com\/es\/wp-json\/wp\/v2\/media\/1194"}],"wp:attachment":[{"href":"https:\/\/www.supersybon.com\/es\/wp-json\/wp\/v2\/media?parent=1188"}],"wp:term":[{"taxonomy":"product_brand","embeddable":true,"href":"https:\/\/www.supersybon.com\/es\/wp-json\/wp\/v2\/product_brand?post=1188"},{"taxonomy":"product_cat","embeddable":true,"href":"https:\/\/www.supersybon.com\/es\/wp-json\/wp\/v2\/product_cat?post=1188"},{"taxonomy":"product_tag","embeddable":true,"href":"https:\/\/www.supersybon.com\/es\/wp-json\/wp\/v2\/product_tag?post=1188"}],"curies":[{"name":"wp","href":"https:\/\/api.w.org\/{rel}","templated":true}]}}