{"id":1178,"date":"2022-10-20T14:52:06","date_gmt":"2022-10-20T06:52:06","guid":{"rendered":"https:\/\/www.supersybon.com\/es\/?post_type=product&#038;p=1178"},"modified":"2023-01-03T15:27:45","modified_gmt":"2023-01-03T07:27:45","slug":"s2201-restaurador-de-plastico-detail-plastic-trim-restorer-spray-restaura-da-brillo-y-protege-el-plastico-de-su-automovil","status":"publish","type":"product","link":"https:\/\/www.supersybon.com\/es\/product\/s2201-restaurador-de-plastico-detail-plastic-trim-restorer-spray-restaura-da-brillo-y-protege-el-plastico-de-su-automovil","title":{"rendered":"S2201 Restaurador de pl\u00e1stico detail plastic &#038; trim restorer spray-restaura, da brillo y protege el pl\u00e1stico de su autom\u00f3vil"},"content":{"rendered":"<p><iframe title=\"Plastic Restorer Detail Plastic &amp; Trim Restorer Spray-Restores, Shines &amp; Protects Your Car\u2019s Plastic\" width=\"1080\" height=\"608\" src=\"https:\/\/www.youtube.com\/embed\/UZEJFPvtNQA?feature=oembed\"  allow=\"accelerometer; autoplay; clipboard-write; encrypted-media; gyroscope; picture-in-picture\" allowfullscreen><\/iframe><\/p>\n<p><img decoding=\"async\" class=\"aligncenter size-full wp-image-1179\" src=\"https:\/\/www.supersybon.com\/es\/wp-content\/uploads\/2022\/10\/1666250747-S2201-Trim-Plastic-Restorer-Faded-And-Dull-Plastic-Rubber-Vinyl-Back-To-Black-Protectant-And-Sealant-From-Uv-And-Dirt.jpg\" alt=\"\" width=\"900\" height=\"364\" title=\"\" srcset=\"https:\/\/www.supersybon.com\/es\/wp-content\/uploads\/2022\/10\/1666250747-S2201-Trim-Plastic-Restorer-Faded-And-Dull-Plastic-Rubber-Vinyl-Back-To-Black-Protectant-And-Sealant-From-Uv-And-Dirt.jpg 900w, https:\/\/www.supersybon.com\/es\/wp-content\/uploads\/2022\/10\/1666250747-S2201-Trim-Plastic-Restorer-Faded-And-Dull-Plastic-Rubber-Vinyl-Back-To-Black-Protectant-And-Sealant-From-Uv-And-Dirt-480x194.jpg 480w\" sizes=\"(min-width: 0px) and (max-width: 480px) 480px, (min-width: 481px) 900px, 100vw\" \/><\/p>\n<p>&nbsp;<\/p>\n<p><strong>S2201 Restaurador de pl\u00e1stico detail plastic &amp; trim restorer spray-restaura, da brillo y protege el pl\u00e1stico de su autom\u00f3vil<\/strong><\/p>\n<p><strong>Rasgo:<\/strong><\/p>\n<p>El restaurador de pl\u00e1stico se utiliza para la desoxidaci\u00f3n y restauraci\u00f3n de pl\u00e1sticos y cauchos, y para remodelar el brillo original de los pl\u00e1sticos. Puede disolver r\u00e1pidamente la capa de \u00f3xido en la superficie del pl\u00e1stico, que contiene un factor de acristalamiento de nivel nanom\u00e9trico, formando una capa protectora en la superficie del pl\u00e1stico, resiste los rayos UV y el envejecimiento, y tambi\u00e9n desempe\u00f1a un papel en el alisado, el acristalamiento y el brillo del superficie del pl\u00e1stico.<\/p>\n<p>&nbsp;<\/p>\n<p><strong>Precauciones:<\/strong><\/p>\n<p>1. Se requiere un restaurador de pl\u00e1stico para confirmar que no hay una reacci\u00f3n adversa en el \u00e1rea peque\u00f1a donde el \u00e1rea local no es obvia antes de expandir gradualmente el \u00e1rea.<\/p>\n<p>2. No use toallas deste\u00f1idas durante la construcci\u00f3n para evitar manchas. Se recomienda lavar y secar antes de usar una toalla nueva.<\/p>\n<p>3. El restaurador de pl\u00e1stico no repara rayones profundos por acci\u00f3n f\u00edsica.<\/p>\n<div class=\"magic-13\">\n<div class=\"magic-14\">\n<div class=\"magic-15\" data-id=\"paragraph0\"><\/div>\n<\/div>\n<\/div>\n<div class=\"magic-13\">\n<div class=\"magic-14\">\n<div class=\"magic-9\">\n<p><img decoding=\"async\" class=\"aligncenter size-full wp-image-1180\" src=\"https:\/\/www.supersybon.com\/es\/wp-content\/uploads\/2022\/10\/1666250775-S2201-New-Design-Anti-Aging-Black-Bottle-Trigger-Sprayer-Car-Care-Plastic-And-Rubber-Renovation.jpg\" alt=\"\" width=\"750\" height=\"750\" title=\"\" srcset=\"https:\/\/www.supersybon.com\/es\/wp-content\/uploads\/2022\/10\/1666250775-S2201-New-Design-Anti-Aging-Black-Bottle-Trigger-Sprayer-Car-Care-Plastic-And-Rubber-Renovation.jpg 750w, https:\/\/www.supersybon.com\/es\/wp-content\/uploads\/2022\/10\/1666250775-S2201-New-Design-Anti-Aging-Black-Bottle-Trigger-Sprayer-Car-Care-Plastic-And-Rubber-Renovation-480x480.jpg 480w\" sizes=\"(min-width: 0px) and (max-width: 480px) 480px, (min-width: 481px) 750px, 100vw\" \/><\/p>\n<p><img decoding=\"async\" class=\"aligncenter size-full wp-image-1181\" src=\"https:\/\/www.supersybon.com\/es\/wp-content\/uploads\/2022\/10\/1666250813-S2201-Plastic-Parts-Restorer-Used-For-Deoxidation-And-Refurbishment-Of-Plastics-And-Rubbers-Plastic-Restorer.jpg\" alt=\"\" width=\"750\" height=\"504\" title=\"\" srcset=\"https:\/\/www.supersybon.com\/es\/wp-content\/uploads\/2022\/10\/1666250813-S2201-Plastic-Parts-Restorer-Used-For-Deoxidation-And-Refurbishment-Of-Plastics-And-Rubbers-Plastic-Restorer.jpg 750w, https:\/\/www.supersybon.com\/es\/wp-content\/uploads\/2022\/10\/1666250813-S2201-Plastic-Parts-Restorer-Used-For-Deoxidation-And-Refurbishment-Of-Plastics-And-Rubbers-Plastic-Restorer-480x323.jpg 480w\" sizes=\"(min-width: 0px) and (max-width: 480px) 480px, (min-width: 481px) 750px, 100vw\" \/><\/p>\n<div class=\"magic-10\">\n<p><img decoding=\"async\" class=\"aligncenter size-full wp-image-1182\" src=\"https:\/\/www.supersybon.com\/es\/wp-content\/uploads\/2022\/10\/1666250830-S2201-Fast-Renovation-And-Long-Lasting-Quickly-Dissolve-The-Oxide-Layer-Resists-Uv-And-Anti-Aging.jpg\" alt=\"\" width=\"750\" height=\"750\" title=\"\" srcset=\"https:\/\/www.supersybon.com\/es\/wp-content\/uploads\/2022\/10\/1666250830-S2201-Fast-Renovation-And-Long-Lasting-Quickly-Dissolve-The-Oxide-Layer-Resists-Uv-And-Anti-Aging.jpg 750w, https:\/\/www.supersybon.com\/es\/wp-content\/uploads\/2022\/10\/1666250830-S2201-Fast-Renovation-And-Long-Lasting-Quickly-Dissolve-The-Oxide-Layer-Resists-Uv-And-Anti-Aging-480x480.jpg 480w\" sizes=\"(min-width: 0px) and (max-width: 480px) 480px, (min-width: 481px) 750px, 100vw\" \/><\/p>\n<p><img decoding=\"async\" class=\"aligncenter size-full wp-image-1183\" src=\"https:\/\/www.supersybon.com\/es\/wp-content\/uploads\/2022\/10\/1666250847-S2201-Hot-Selling-Black-Trim-Plastic-Restorer-Plastic-Car-Care-Products-Renovation-Agent.jpg\" alt=\"\" width=\"750\" height=\"750\" title=\"\" srcset=\"https:\/\/www.supersybon.com\/es\/wp-content\/uploads\/2022\/10\/1666250847-S2201-Hot-Selling-Black-Trim-Plastic-Restorer-Plastic-Car-Care-Products-Renovation-Agent.jpg 750w, https:\/\/www.supersybon.com\/es\/wp-content\/uploads\/2022\/10\/1666250847-S2201-Hot-Selling-Black-Trim-Plastic-Restorer-Plastic-Car-Care-Products-Renovation-Agent-480x480.jpg 480w\" sizes=\"(min-width: 0px) and (max-width: 480px) 480px, (min-width: 481px) 750px, 100vw\" \/><\/p>\n<p><img decoding=\"async\" class=\"aligncenter size-full wp-image-1184\" src=\"https:\/\/www.supersybon.com\/es\/wp-content\/uploads\/2022\/10\/1666250883-S2201-Factory-Direct-Sales-Car-Plastic-Parts-Refurbish-Agent-Liquid-Plastic-Restorer-Black.jpg\" alt=\"\" width=\"750\" height=\"362\" title=\"\" srcset=\"https:\/\/www.supersybon.com\/es\/wp-content\/uploads\/2022\/10\/1666250883-S2201-Factory-Direct-Sales-Car-Plastic-Parts-Refurbish-Agent-Liquid-Plastic-Restorer-Black.jpg 750w, https:\/\/www.supersybon.com\/es\/wp-content\/uploads\/2022\/10\/1666250883-S2201-Factory-Direct-Sales-Car-Plastic-Parts-Refurbish-Agent-Liquid-Plastic-Restorer-Black-480x232.jpg 480w\" sizes=\"(min-width: 0px) and (max-width: 480px) 480px, (min-width: 481px) 750px, 100vw\" \/><\/p>\n<p>&nbsp;<\/p>\n<p>&nbsp;<\/p>\n<p><strong>Pasos para el uso<\/strong><\/p>\n<hr \/>\n<p>&nbsp;<\/p>\n<p><img decoding=\"async\" class=\"aligncenter size-full wp-image-1187\" src=\"https:\/\/www.supersybon.com\/es\/wp-content\/uploads\/2022\/10\/1666251009-S2201-Plastic-Parts-Refurbish-Plastic-Renovation-Products-Car-Plastic-Restore-Restorer-Black-Superior-Quality.jpg\" alt=\"\" width=\"750\" height=\"750\" title=\"\" srcset=\"https:\/\/www.supersybon.com\/es\/wp-content\/uploads\/2022\/10\/1666251009-S2201-Plastic-Parts-Refurbish-Plastic-Renovation-Products-Car-Plastic-Restore-Restorer-Black-Superior-Quality.jpg 750w, https:\/\/www.supersybon.com\/es\/wp-content\/uploads\/2022\/10\/1666251009-S2201-Plastic-Parts-Refurbish-Plastic-Renovation-Products-Car-Plastic-Restore-Restorer-Black-Superior-Quality-480x480.jpg 480w\" sizes=\"(min-width: 0px) and (max-width: 480px) 480px, (min-width: 481px) 750px, 100vw\" \/><\/p>\n<p>&nbsp;<\/p>\n<p><strong>Embalaje y servicio de productos<br \/>\n<\/strong><\/p>\n<hr \/>\n<p><strong>PAQUETE :<br \/>\n<\/strong><\/p>\n<p>170 piezas\/caja de cart\u00f3n.<\/p>\n<p>&nbsp;<\/p>\n<p><strong>NUESTRO SERVICIO:<br \/>\n<\/strong><\/p>\n<p>1.24 horas en l\u00ednea<\/p>\n<p>2. Precio competitivo<\/p>\n<p>3. Excelentes comentarios del cliente<\/p>\n<p>4. Pedidos en l\u00ednea seguros<\/p>\n<p>5. Entrega r\u00e1pida<\/p>\n<p>6. Soporte t\u00e9cnico profesional<\/p>\n<\/div>\n<\/div>\n<\/div>\n<\/div>\n<div class=\"magic-13\">\n<div class=\"magic-14\">\n<p>&nbsp;<\/p>\n<div class=\"magic-13\">\n<div class=\"magic-14\">\n<div class=\"magic-9\">\n<div class=\"magic-10\">\n<div class=\"magic-13\">\n<div class=\"magic-14\">\n<div data-spm-anchor-id=\"a2700.details.0.i37.625d2e9eLtZffL\">\n<div class=\"magic-13\">\n<div class=\"magic-14\">\n<div class=\"magic-13\">\n<div class=\"magic-14\">\n<p>&nbsp;<\/p>\n<\/div>\n<\/div>\n<\/div>\n<\/div>\n<\/div>\n<\/div>\n<\/div>\n<\/div>\n<\/div>\n<\/div>\n<\/div>\n<div class=\"magic-13\">\n<div class=\"magic-14\">\n<p><strong>Perfil de la empresa<br \/>\n<\/strong><\/p>\n<hr \/>\n<p>&nbsp;<\/p>\n<\/div>\n<\/div>\n<p><img decoding=\"async\" class=\"aligncenter size-full wp-image-324\" src=\"https:\/\/www.supersybon.com\/es\/wp-content\/uploads\/2022\/09\/1663401769-Car-Paint-Supplier-Company-Profile-Manufacturer-China.jpg\" alt=\"\" width=\"900\" height=\"958\" title=\"\" srcset=\"https:\/\/www.supersybon.com\/es\/wp-content\/uploads\/2022\/09\/1663401769-Car-Paint-Supplier-Company-Profile-Manufacturer-China.jpg 900w, https:\/\/www.supersybon.com\/es\/wp-content\/uploads\/2022\/09\/1663401769-Car-Paint-Supplier-Company-Profile-Manufacturer-China-480x511.jpg 480w\" sizes=\"(min-width: 0px) and (max-width: 480px) 480px, (min-width: 481px) 900px, 100vw\" \/><\/p>\n<div class=\"magic-13\">\n<div class=\"magic-14\">\n<p><strong>Preguntas m\u00e1s frecuentes<\/strong><\/p>\n<hr \/>\n<\/div>\n<\/div>\n<p>P: \u00bfCu\u00e1l es su MOQ?<\/p>\n<p>R: Nuestro pedido m\u00ednimo es de 1 caja de cart\u00f3n.<\/p>\n<p>P: \u00bfQu\u00e9 hay de su pago?<\/p>\n<p>R: dep\u00f3sito del 50% por adelantado, saldo del 50% por T\/T, L\/C, paypal, Western Union o antes del env\u00edo.<\/p>\n<p>P: \u00bfProporcionan muestras?<\/p>\n<p>R: S\u00ed, puede comprar una muestra para probarla.<\/p>\n<p>P: \u00bfQu\u00e9 hay de su tiempo de entrega?<\/p>\n<p>R: generalmente 15 d\u00edas despu\u00e9s de recibir su dep\u00f3sito.<\/p>\n<\/div>\n<\/div>\n","protected":false},"excerpt":{"rendered":"<p>Plastic Restorer\u00a0se utiliza para la desoxidaci\u00f3n y restauraci\u00f3n de pl\u00e1sticos y cauchos, y para remodelar el brillo original de los pl\u00e1sticos. Puede disolver r\u00e1pidamente la capa de \u00f3xido en la superficie del pl\u00e1stico, que contiene un factor de acristalamiento de nivel nanom\u00e9trico, formando una capa protectora en la superficie del pl\u00e1stico, resiste los rayos UV y el envejecimiento, y tambi\u00e9n desempe\u00f1a un papel en el alisado, el acristalamiento y el brillo del superficie del pl\u00e1stico.<\/p>\n","protected":false},"featured_media":1185,"template":"","meta":{"_et_pb_use_builder":"","_et_pb_old_content":"","_et_gb_content_width":""},"product_brand":[],"product_cat":[56,60],"product_tag":[591,592],"class_list":{"0":"post-1178","1":"product","2":"type-product","3":"status-publish","4":"has-post-thumbnail","6":"product_cat-serie-de-cuidado-de-automoviles","7":"product_cat-detallado-del-cuidado-del-automovil","8":"product_tag-restaurador-de-plastico","9":"product_tag-spray-restaurador-de-detalles-de-plastico-y-molduras","11":"first","12":"instock","13":"shipping-taxable","14":"product-type-simple"},"_links":{"self":[{"href":"https:\/\/www.supersybon.com\/es\/wp-json\/wp\/v2\/product\/1178","targetHints":{"allow":["GET"]}}],"collection":[{"href":"https:\/\/www.supersybon.com\/es\/wp-json\/wp\/v2\/product"}],"about":[{"href":"https:\/\/www.supersybon.com\/es\/wp-json\/wp\/v2\/types\/product"}],"wp:featuredmedia":[{"embeddable":true,"href":"https:\/\/www.supersybon.com\/es\/wp-json\/wp\/v2\/media\/1185"}],"wp:attachment":[{"href":"https:\/\/www.supersybon.com\/es\/wp-json\/wp\/v2\/media?parent=1178"}],"wp:term":[{"taxonomy":"product_brand","embeddable":true,"href":"https:\/\/www.supersybon.com\/es\/wp-json\/wp\/v2\/product_brand?post=1178"},{"taxonomy":"product_cat","embeddable":true,"href":"https:\/\/www.supersybon.com\/es\/wp-json\/wp\/v2\/product_cat?post=1178"},{"taxonomy":"product_tag","embeddable":true,"href":"https:\/\/www.supersybon.com\/es\/wp-json\/wp\/v2\/product_tag?post=1178"}],"curies":[{"name":"wp","href":"https:\/\/api.w.org\/{rel}","templated":true}]}}