{"id":1168,"date":"2022-10-20T14:20:23","date_gmt":"2022-10-20T06:20:23","guid":{"rendered":"https:\/\/www.supersybon.com\/es\/?post_type=product&#038;p=1168"},"modified":"2023-01-03T15:19:49","modified_gmt":"2023-01-03T07:19:49","slug":"s700-carnauba-car-wax-premium-brasilena-pasta-de-cera-de-carnauba-para-el-cuidado-del-automovil","status":"publish","type":"product","link":"https:\/\/www.supersybon.com\/es\/product\/s700-carnauba-car-wax-premium-brasilena-pasta-de-cera-de-carnauba-para-el-cuidado-del-automovil","title":{"rendered":"S700 Carnauba Car Wax Premium Brasile\u00f1a pasta de cera de carnauba para el cuidado del autom\u00f3vil"},"content":{"rendered":"<p><iframe title=\"Carnauba Car Wax Premium Brazilian Carnauba Wax Paste For Car Care\" width=\"1080\" height=\"608\" src=\"https:\/\/www.youtube.com\/embed\/6hXyAYZTxi8?feature=oembed\"  allow=\"accelerometer; autoplay; clipboard-write; encrypted-media; gyroscope; picture-in-picture\" allowfullscreen><\/iframe><\/p>\n<p><img decoding=\"async\" class=\"aligncenter size-full wp-image-1169\" src=\"https:\/\/www.supersybon.com\/es\/wp-content\/uploads\/2022\/10\/1666247930-S700-High-Quality-Copernicia-Cerifera-Solid-Yellowish-Carnauba-Wax-For-Car-Care-Products-Auto-Detail-Supplies.jpg\" alt=\"\" width=\"900\" height=\"364\" title=\"\" srcset=\"https:\/\/www.supersybon.com\/es\/wp-content\/uploads\/2022\/10\/1666247930-S700-High-Quality-Copernicia-Cerifera-Solid-Yellowish-Carnauba-Wax-For-Car-Care-Products-Auto-Detail-Supplies.jpg 900w, https:\/\/www.supersybon.com\/es\/wp-content\/uploads\/2022\/10\/1666247930-S700-High-Quality-Copernicia-Cerifera-Solid-Yellowish-Carnauba-Wax-For-Car-Care-Products-Auto-Detail-Supplies-480x194.jpg 480w\" sizes=\"(min-width: 0px) and (max-width: 480px) 480px, (min-width: 481px) 900px, 100vw\" \/><\/p>\n<p>&nbsp;<\/p>\n<p><strong>S700 Carnauba Car Wax Premium Brasile\u00f1a pasta de cera de carnauba para el cuidado del autom\u00f3vil<\/strong><\/p>\n<p><strong>Rasgo:<\/strong><\/p>\n<p>1.Alto hidrof\u00f3bico.<\/p>\n<p>2. Antipolvo y anticorrosi\u00f3n, antidecoloraci\u00f3n, mantiene el brillo.<\/p>\n<p>3. Mejora la protecci\u00f3n resistente a los ara\u00f1azos.<\/p>\n<p>4. Mejora el brillo de la pintura.<\/p>\n<div class=\"magic-13\">\n<div class=\"magic-14\">\n<div class=\"magic-9\">\n<p><img decoding=\"async\" class=\"aligncenter size-full wp-image-1170\" src=\"https:\/\/www.supersybon.com\/es\/wp-content\/uploads\/2022\/10\/1666247950-S700-High-Hydrophobic-Anti-Fading-Keep-Gloss-Anti-Dust-Brazil-Carnauba-Car-Polish-Compound-Wax.jpg\" alt=\"\" width=\"750\" height=\"750\" title=\"\" srcset=\"https:\/\/www.supersybon.com\/es\/wp-content\/uploads\/2022\/10\/1666247950-S700-High-Hydrophobic-Anti-Fading-Keep-Gloss-Anti-Dust-Brazil-Carnauba-Car-Polish-Compound-Wax.jpg 750w, https:\/\/www.supersybon.com\/es\/wp-content\/uploads\/2022\/10\/1666247950-S700-High-Hydrophobic-Anti-Fading-Keep-Gloss-Anti-Dust-Brazil-Carnauba-Car-Polish-Compound-Wax-480x480.jpg 480w\" sizes=\"(min-width: 0px) and (max-width: 480px) 480px, (min-width: 481px) 750px, 100vw\" \/><\/p>\n<p><img decoding=\"async\" class=\"aligncenter size-full wp-image-1174\" src=\"https:\/\/www.supersybon.com\/es\/wp-content\/uploads\/2022\/10\/1666248138-S700-Auto-Detailing-Products-Hard-Excellent-Cera-Automotivo-Hard-Car-Wax-Carnauba-Polish-Car-Wax.jpg\" alt=\"\" width=\"750\" height=\"750\" title=\"\" srcset=\"https:\/\/www.supersybon.com\/es\/wp-content\/uploads\/2022\/10\/1666248138-S700-Auto-Detailing-Products-Hard-Excellent-Cera-Automotivo-Hard-Car-Wax-Carnauba-Polish-Car-Wax.jpg 750w, https:\/\/www.supersybon.com\/es\/wp-content\/uploads\/2022\/10\/1666248138-S700-Auto-Detailing-Products-Hard-Excellent-Cera-Automotivo-Hard-Car-Wax-Carnauba-Polish-Car-Wax-480x480.jpg 480w\" sizes=\"(min-width: 0px) and (max-width: 480px) 480px, (min-width: 481px) 750px, 100vw\" \/><\/p>\n<p><img decoding=\"async\" class=\"aligncenter size-full wp-image-1175\" src=\"https:\/\/www.supersybon.com\/es\/wp-content\/uploads\/2022\/10\/1666248151-S700-Super-Hydrophobic-Carnauba-Car-Wax-High-Gloss-Advanced-Automotive-Polishing-Compound.jpg\" alt=\"\" width=\"750\" height=\"750\" title=\"\" srcset=\"https:\/\/www.supersybon.com\/es\/wp-content\/uploads\/2022\/10\/1666248151-S700-Super-Hydrophobic-Carnauba-Car-Wax-High-Gloss-Advanced-Automotive-Polishing-Compound.jpg 750w, https:\/\/www.supersybon.com\/es\/wp-content\/uploads\/2022\/10\/1666248151-S700-Super-Hydrophobic-Carnauba-Car-Wax-High-Gloss-Advanced-Automotive-Polishing-Compound-480x480.jpg 480w\" sizes=\"(min-width: 0px) and (max-width: 480px) 480px, (min-width: 481px) 750px, 100vw\" \/><\/p>\n<p>&nbsp;<\/p>\n<p>&nbsp;<\/p>\n<p><strong>Pasos para el uso<\/strong><\/p>\n<hr \/>\n<p>&nbsp;<\/p>\n<p><img decoding=\"async\" class=\"aligncenter size-full wp-image-1171\" src=\"https:\/\/www.supersybon.com\/es\/wp-content\/uploads\/2022\/10\/1666248076-S700-Car-Waxing-Scratch-Resistance-Carnauba-Wax-With-Good-Shine-And-Scratch-Resistance.png\" alt=\"\" width=\"966\" height=\"692\" title=\"\" srcset=\"https:\/\/www.supersybon.com\/es\/wp-content\/uploads\/2022\/10\/1666248076-S700-Car-Waxing-Scratch-Resistance-Carnauba-Wax-With-Good-Shine-And-Scratch-Resistance.png 966w, https:\/\/www.supersybon.com\/es\/wp-content\/uploads\/2022\/10\/1666248076-S700-Car-Waxing-Scratch-Resistance-Carnauba-Wax-With-Good-Shine-And-Scratch-Resistance-480x344.png 480w\" sizes=\"(min-width: 0px) and (max-width: 480px) 480px, (min-width: 481px) 966px, 100vw\" \/><\/p>\n<div class=\"magic-10\">\n<p>&nbsp;<\/p>\n<div class=\"magic-13\">\n<div class=\"magic-14\">\n<div class=\"magic-9\">\n<div class=\"magic-10\">\n<p>&nbsp;<\/p>\n<p><strong>Embalaje y servicio de productos<br \/>\n<\/strong><\/p>\n<hr \/>\n<p><strong>PAQUETE :<br \/>\n<\/strong><\/p>\n<p>36 piezas\/caja de cart\u00f3n.<\/p>\n<p><img decoding=\"async\" class=\"aligncenter size-full wp-image-1176\" src=\"https:\/\/www.supersybon.com\/es\/wp-content\/uploads\/2022\/10\/1666248165-S700-Hydrophobic-Brazil-Carnauba-Car-Polish-Compound-Wax-For-Car-Care-Made-In-China.jpg\" alt=\"\" width=\"750\" height=\"750\" title=\"\" srcset=\"https:\/\/www.supersybon.com\/es\/wp-content\/uploads\/2022\/10\/1666248165-S700-Hydrophobic-Brazil-Carnauba-Car-Polish-Compound-Wax-For-Car-Care-Made-In-China.jpg 750w, https:\/\/www.supersybon.com\/es\/wp-content\/uploads\/2022\/10\/1666248165-S700-Hydrophobic-Brazil-Carnauba-Car-Polish-Compound-Wax-For-Car-Care-Made-In-China-480x480.jpg 480w\" sizes=\"(min-width: 0px) and (max-width: 480px) 480px, (min-width: 481px) 750px, 100vw\" \/><\/p>\n<div class=\"magic-13\">\n<div class=\"magic-14\">\n<div class=\"magic-9\">\n<div class=\"magic-10\">\n<p>&nbsp;<\/p>\n<\/div>\n<\/div>\n<\/div>\n<\/div>\n<\/div>\n<\/div>\n<\/div>\n<\/div>\n<div class=\"magic-13\">\n<div class=\"magic-14\">\n<div class=\"magic-13\">\n<div class=\"magic-14\">\n<div data-spm-anchor-id=\"a2700.details.0.i37.625d2e9eLtZffL\">\n<div class=\"magic-13\">\n<div class=\"magic-14\">\n<div data-spm-anchor-id=\"a2700.details.0.i37.625d2e9eLtZffL\">\n<p><strong>NUESTRO SERVICIO:<br \/>\n<\/strong><\/p>\n<p>1.24 horas en l\u00ednea<\/p>\n<p>2. Precio competitivo<\/p>\n<p>3. Excelentes comentarios del cliente<\/p>\n<p>4. Pedidos en l\u00ednea seguros<\/p>\n<p>5. Entrega r\u00e1pida<\/p>\n<p>6. Soporte t\u00e9cnico profesional<\/p>\n<\/div>\n<\/div>\n<\/div>\n<\/div>\n<\/div>\n<\/div>\n<\/div>\n<\/div>\n<\/div>\n<\/div>\n<\/div>\n<\/div>\n<div class=\"magic-13\">\n<div class=\"magic-14\">\n<p>&nbsp;<\/p>\n<div class=\"magic-13\">\n<div class=\"magic-14\">\n<div class=\"magic-9\">\n<div class=\"magic-10\">\n<div class=\"magic-13\">\n<div class=\"magic-14\">\n<div data-spm-anchor-id=\"a2700.details.0.i37.625d2e9eLtZffL\">\n<div class=\"magic-13\">\n<div class=\"magic-14\">\n<div class=\"magic-13\">\n<div class=\"magic-14\">\n<p>&nbsp;<\/p>\n<\/div>\n<\/div>\n<\/div>\n<\/div>\n<\/div>\n<\/div>\n<\/div>\n<\/div>\n<\/div>\n<\/div>\n<\/div>\n<div class=\"magic-13\">\n<div class=\"magic-14\">\n<p><strong>Perfil de la empresa<br \/>\n<\/strong><\/p>\n<hr \/>\n<p>&nbsp;<\/p>\n<\/div>\n<\/div>\n<p><img decoding=\"async\" class=\"aligncenter size-full wp-image-324\" src=\"https:\/\/www.supersybon.com\/es\/wp-content\/uploads\/2022\/09\/1663401769-Car-Paint-Supplier-Company-Profile-Manufacturer-China.jpg\" alt=\"\" width=\"900\" height=\"958\" title=\"\" srcset=\"https:\/\/www.supersybon.com\/es\/wp-content\/uploads\/2022\/09\/1663401769-Car-Paint-Supplier-Company-Profile-Manufacturer-China.jpg 900w, https:\/\/www.supersybon.com\/es\/wp-content\/uploads\/2022\/09\/1663401769-Car-Paint-Supplier-Company-Profile-Manufacturer-China-480x511.jpg 480w\" sizes=\"(min-width: 0px) and (max-width: 480px) 480px, (min-width: 481px) 900px, 100vw\" \/><\/p>\n<div class=\"magic-13\">\n<div class=\"magic-14\">\n<p><strong>Preguntas m\u00e1s frecuentes<\/strong><\/p>\n<hr \/>\n<\/div>\n<\/div>\n<p>P: \u00bfCu\u00e1l es su MOQ?<\/p>\n<p>R: Nuestro pedido m\u00ednimo es de 1 caja de cart\u00f3n.<\/p>\n<p>P: \u00bfQu\u00e9 hay de su pago?<\/p>\n<p>R: dep\u00f3sito del 50% por adelantado, saldo del 50% por T\/T, L\/C, paypal, Western Union o antes del env\u00edo.<\/p>\n<p>P: \u00bfProporcionan muestras?<\/p>\n<p>R: S\u00ed, puede comprar una muestra para probarla.<\/p>\n<p>P: \u00bfQu\u00e9 hay de su tiempo de entrega?<\/p>\n<p>R: generalmente 15 d\u00edas despu\u00e9s de recibir su dep\u00f3sito.<\/p>\n<\/div>\n<\/div>\n","protected":false},"excerpt":{"rendered":"<p>\u00b7Pasta de cera de carnauba Alta hidrofobicidad.<br \/>\n\u00b7Anti-polvo y amperio; Anticorrosi\u00f3n, antidesvanecimiento, mantiene el brillo.<br \/>\n\u00b7Mejora la protecci\u00f3n resistente a los ara\u00f1azos.<br \/>\n\u00b7Mejora el brillo de la pintura.<\/p>\n","protected":false},"featured_media":1172,"template":"","meta":{"_et_pb_use_builder":"","_et_pb_old_content":"","_et_gb_content_width":""},"product_brand":[],"product_cat":[56,61],"product_tag":[590,589],"class_list":{"0":"post-1168","1":"product","2":"type-product","3":"status-publish","4":"has-post-thumbnail","6":"product_cat-serie-de-cuidado-de-automoviles","7":"product_cat-cera-de-carnauba","8":"product_tag-cera-de-carnauba-para-autos","9":"product_tag-pasta-de-cera-limpiadora-de-carnauba-brasilena","11":"first","12":"instock","13":"shipping-taxable","14":"product-type-simple"},"_links":{"self":[{"href":"https:\/\/www.supersybon.com\/es\/wp-json\/wp\/v2\/product\/1168","targetHints":{"allow":["GET"]}}],"collection":[{"href":"https:\/\/www.supersybon.com\/es\/wp-json\/wp\/v2\/product"}],"about":[{"href":"https:\/\/www.supersybon.com\/es\/wp-json\/wp\/v2\/types\/product"}],"wp:featuredmedia":[{"embeddable":true,"href":"https:\/\/www.supersybon.com\/es\/wp-json\/wp\/v2\/media\/1172"}],"wp:attachment":[{"href":"https:\/\/www.supersybon.com\/es\/wp-json\/wp\/v2\/media?parent=1168"}],"wp:term":[{"taxonomy":"product_brand","embeddable":true,"href":"https:\/\/www.supersybon.com\/es\/wp-json\/wp\/v2\/product_brand?post=1168"},{"taxonomy":"product_cat","embeddable":true,"href":"https:\/\/www.supersybon.com\/es\/wp-json\/wp\/v2\/product_cat?post=1168"},{"taxonomy":"product_tag","embeddable":true,"href":"https:\/\/www.supersybon.com\/es\/wp-json\/wp\/v2\/product_tag?post=1168"}],"curies":[{"name":"wp","href":"https:\/\/api.w.org\/{rel}","templated":true}]}}