{"id":1160,"date":"2022-10-20T13:44:47","date_gmt":"2022-10-20T05:44:47","guid":{"rendered":"https:\/\/www.supersybon.com\/es\/?post_type=product&#038;p=1160"},"modified":"2023-01-03T15:13:08","modified_gmt":"2023-01-03T07:13:08","slug":"s750-glaseado-a-mano-para-espejo-glaseado-para-coche-cera-liquida-lo-ultimo-en-cera-para-coche-pintura-brillante-sellador-proteccion-compuesto-de-esmalte-para-manos-esmalte-de-coche","status":"publish","type":"product","link":"https:\/\/www.supersybon.com\/es\/product\/s750-glaseado-a-mano-para-espejo-glaseado-para-coche-cera-liquida-lo-ultimo-en-cera-para-coche-pintura-brillante-sellador-proteccion-compuesto-de-esmalte-para-manos-esmalte-de-coche","title":{"rendered":"S750 Glaseado a mano para espejo, glaseado para coche, cera l\u00edquida, lo \u00faltimo en cera para coche, pintura brillante, sellador, protecci\u00f3n, compuesto de esmalte para manos esmalte de coche"},"content":{"rendered":"<p><iframe title=\"Hand Glaze Mirror Glaze Show Car Glaze Liquid Wax Ultimate Car Wax Shine Paint Sellador Proteccion\" width=\"1080\" height=\"608\" src=\"https:\/\/www.youtube.com\/embed\/mxLtASyBgOs?feature=oembed\"  allow=\"accelerometer; autoplay; clipboard-write; encrypted-media; gyroscope; picture-in-picture\" allowfullscreen><\/iframe><\/p>\n<p><img decoding=\"async\" class=\"aligncenter size-full wp-image-1161\" src=\"https:\/\/www.supersybon.com\/es\/wp-content\/uploads\/2022\/10\/1666245902-S750-Automotive-Finish-Hand-Glaze-Car-Wax-Shine-Paint-Sealant-Protection-Liquid-Car-Polishing-Compound.jpg\" alt=\"\" width=\"900\" height=\"364\" title=\"\" srcset=\"https:\/\/www.supersybon.com\/es\/wp-content\/uploads\/2022\/10\/1666245902-S750-Automotive-Finish-Hand-Glaze-Car-Wax-Shine-Paint-Sealant-Protection-Liquid-Car-Polishing-Compound.jpg 900w, https:\/\/www.supersybon.com\/es\/wp-content\/uploads\/2022\/10\/1666245902-S750-Automotive-Finish-Hand-Glaze-Car-Wax-Shine-Paint-Sealant-Protection-Liquid-Car-Polishing-Compound-480x194.jpg 480w\" sizes=\"(min-width: 0px) and (max-width: 480px) 480px, (min-width: 481px) 900px, 100vw\" \/><\/p>\n<p>&nbsp;<\/p>\n<p><strong>S750 Glaseado a mano para espejo, glaseado para coche, cera l\u00edquida, lo \u00faltimo en cera para coche, pintura brillante, sellador, protecci\u00f3n, compuesto de esmalte para manos esmalte de coche<\/strong><\/p>\n<p><strong>Rasgo:<\/strong><\/p>\n<p>1. Restaura el brillo de la pintura automotriz. 2. Produce una apariencia deslumbrante que casi parece mojada. 3. Brinda un acabado profundo que restaura la apariencia OEM de un veh\u00edculo.<\/p>\n<p><strong>Solicitud:<\/strong><\/p>\n<p>Restaure la apariencia OEM a mano. Hand Glaze se puede utilizar en talleres de pintura, as\u00ed como en capas transparentes. Aplique el esmalte en un garaje o en un lugar al aire libre protegido de la luz solar directa. Evite el acristalamiento en superficies calientes.<\/p>\n<p><strong>Efecto:<\/strong><\/p>\n<p>Hand Glaze hace que un auto luzca como nuevo en la sala de exposici\u00f3n con un brillo que brilla con la luz. Simplemente apl\u00edquelo a mano con un pa\u00f1o de microfibra para aumentar el brillo de la superficie y limpiar salpicaduras o residuos despu\u00e9s de pulir a m\u00e1quina todo tipo de acabados o pinturas automotrices aplicadas de f\u00e1brica.<\/p>\n<p><strong>Instrucciones de uso:<\/strong><\/p>\n<p>1. F\u00e1cil de aplicar y limpiar.<\/p>\n<p>2. Es seguro tanto para el taller de pintura como para la capa transparente; Nuestra f\u00f3rmula de calidad profesional crea el \"brillo de un auto de exhibici\u00f3n\" sin el uso de cera o silicona.<\/p>\n<p>3. La f\u00f3rmula de optimizaci\u00f3n del brillo realza el brillo del brillo.<\/p>\n<p>4. La f\u00f3rmula es adecuada para su uso en talleres de pintura, as\u00ed como para capas transparentes.<\/p>\n<div data-id=\"paragraph0\"><\/div>\n<div data-id=\"paragraph0\"><img decoding=\"async\" class=\"aligncenter size-full wp-image-1164\" src=\"https:\/\/www.supersybon.com\/es\/wp-content\/uploads\/2022\/10\/1666246420-S750-Car-Detailing-Products-Protection-Hand-Glaze-Car-Liquid-Wax-Polish-Restores-Shine-Car-Glaze.jpg\" alt=\"\" width=\"750\" height=\"750\" title=\"\" srcset=\"https:\/\/www.supersybon.com\/es\/wp-content\/uploads\/2022\/10\/1666246420-S750-Car-Detailing-Products-Protection-Hand-Glaze-Car-Liquid-Wax-Polish-Restores-Shine-Car-Glaze.jpg 750w, https:\/\/www.supersybon.com\/es\/wp-content\/uploads\/2022\/10\/1666246420-S750-Car-Detailing-Products-Protection-Hand-Glaze-Car-Liquid-Wax-Polish-Restores-Shine-Car-Glaze-480x480.jpg 480w\" sizes=\"(min-width: 0px) and (max-width: 480px) 480px, (min-width: 481px) 750px, 100vw\" \/><\/div>\n<p>&nbsp;<\/p>\n<div class=\"magic-13\">\n<div class=\"magic-14\">\n<div class=\"magic-9\">\n<p><img decoding=\"async\" class=\"aligncenter size-full wp-image-1162\" src=\"https:\/\/www.supersybon.com\/es\/wp-content\/uploads\/2022\/10\/1666245933-S750-Advanced-Car-Hand-Glaze-Liquid-Wax-Long-Lasting-And-Easy-To-Use-Express-Shine-Car-Detailing.jpg\" alt=\"\" width=\"750\" height=\"750\" title=\"\" srcset=\"https:\/\/www.supersybon.com\/es\/wp-content\/uploads\/2022\/10\/1666245933-S750-Advanced-Car-Hand-Glaze-Liquid-Wax-Long-Lasting-And-Easy-To-Use-Express-Shine-Car-Detailing.jpg 750w, https:\/\/www.supersybon.com\/es\/wp-content\/uploads\/2022\/10\/1666245933-S750-Advanced-Car-Hand-Glaze-Liquid-Wax-Long-Lasting-And-Easy-To-Use-Express-Shine-Car-Detailing-480x480.jpg 480w\" sizes=\"(min-width: 0px) and (max-width: 480px) 480px, (min-width: 481px) 750px, 100vw\" \/><\/p>\n<p><strong>Pasos para el uso<\/strong><\/p>\n<hr \/>\n<p>&nbsp;<\/p>\n<p>&nbsp;<\/p>\n<p><img decoding=\"async\" class=\"aligncenter size-full wp-image-1163\" src=\"https:\/\/www.supersybon.com\/es\/wp-content\/uploads\/2022\/10\/1666245954-S750-Factory-Direct-Sales-Car-Liquid-Wax-Polish-Liquidwax-Liquid-Car-Coating-Wax.jpg\" alt=\"\" width=\"750\" height=\"750\" title=\"\" srcset=\"https:\/\/www.supersybon.com\/es\/wp-content\/uploads\/2022\/10\/1666245954-S750-Factory-Direct-Sales-Car-Liquid-Wax-Polish-Liquidwax-Liquid-Car-Coating-Wax.jpg 750w, https:\/\/www.supersybon.com\/es\/wp-content\/uploads\/2022\/10\/1666245954-S750-Factory-Direct-Sales-Car-Liquid-Wax-Polish-Liquidwax-Liquid-Car-Coating-Wax-480x480.jpg 480w\" sizes=\"(min-width: 0px) and (max-width: 480px) 480px, (min-width: 481px) 750px, 100vw\" \/><\/p>\n<div class=\"magic-10\">\n<p>&nbsp;<\/p>\n<div class=\"magic-13\">\n<div class=\"magic-14\">\n<div class=\"magic-9\">\n<div class=\"magic-10\">\n<p>&nbsp;<\/p>\n<p><strong>Embalaje y servicio de productos<br \/>\n<\/strong><\/p>\n<hr \/>\n<p><strong>PAQUETE :<br \/>\n<\/strong><\/p>\n<p>48 piezas\/cart\u00f3n.<\/p>\n<p>&nbsp;<\/p>\n<div class=\"magic-13\">\n<div class=\"magic-14\">\n<div class=\"magic-9\">\n<div class=\"magic-10\">\n<p>&nbsp;<\/p>\n<\/div>\n<\/div>\n<\/div>\n<\/div>\n<\/div>\n<\/div>\n<\/div>\n<\/div>\n<div class=\"magic-13\">\n<div class=\"magic-14\">\n<div class=\"magic-13\">\n<div class=\"magic-14\">\n<div data-spm-anchor-id=\"a2700.details.0.i37.625d2e9eLtZffL\">\n<div class=\"magic-13\">\n<div class=\"magic-14\">\n<div data-spm-anchor-id=\"a2700.details.0.i37.625d2e9eLtZffL\">\n<p><strong>NUESTRO SERVICIO:<br \/>\n<\/strong><\/p>\n<p>1,24 horas en l\u00ednea<\/p>\n<p>2. Precio competitivo<\/p>\n<p>3. Excelentes comentarios del cliente<\/p>\n<p>4. Pedidos en l\u00ednea seguros<\/p>\n<p>5. Entrega r\u00e1pida<\/p>\n<p>6. Soporte t\u00e9cnico profesional<\/p>\n<\/div>\n<\/div>\n<\/div>\n<\/div>\n<\/div>\n<\/div>\n<\/div>\n<\/div>\n<\/div>\n<\/div>\n<\/div>\n<\/div>\n<div class=\"magic-13\">\n<div class=\"magic-14\">\n<p>&nbsp;<\/p>\n<div class=\"magic-13\">\n<div class=\"magic-14\">\n<div class=\"magic-9\">\n<div class=\"magic-10\">\n<div class=\"magic-13\">\n<div class=\"magic-14\">\n<div data-spm-anchor-id=\"a2700.details.0.i37.625d2e9eLtZffL\">\n<div class=\"magic-13\">\n<div class=\"magic-14\">\n<div class=\"magic-13\">\n<div class=\"magic-14\">\n<p>&nbsp;<\/p>\n<\/div>\n<\/div>\n<\/div>\n<\/div>\n<\/div>\n<\/div>\n<\/div>\n<\/div>\n<\/div>\n<\/div>\n<\/div>\n<div class=\"magic-13\">\n<div class=\"magic-14\">\n<p><strong>Perfil de la empresa<br \/>\n<\/strong><\/p>\n<hr \/>\n<p>&nbsp;<\/p>\n<\/div>\n<\/div>\n<p><img decoding=\"async\" class=\"aligncenter size-full wp-image-324\" src=\"https:\/\/www.supersybon.com\/es\/wp-content\/uploads\/2022\/09\/1663401769-Car-Paint-Supplier-Company-Profile-Manufacturer-China.jpg\" alt=\"\" width=\"900\" height=\"958\" title=\"\" srcset=\"https:\/\/www.supersybon.com\/es\/wp-content\/uploads\/2022\/09\/1663401769-Car-Paint-Supplier-Company-Profile-Manufacturer-China.jpg 900w, https:\/\/www.supersybon.com\/es\/wp-content\/uploads\/2022\/09\/1663401769-Car-Paint-Supplier-Company-Profile-Manufacturer-China-480x511.jpg 480w\" sizes=\"(min-width: 0px) and (max-width: 480px) 480px, (min-width: 481px) 900px, 100vw\" \/><\/p>\n<div class=\"magic-13\">\n<div class=\"magic-14\">\n<p><strong>Preguntas m\u00e1s frecuentes<\/strong><\/p>\n<hr \/>\n<\/div>\n<\/div>\n<p>P: \u00bfCu\u00e1l es su MOQ?<\/p>\n<p>R: Nuestro pedido m\u00ednimo es de 1 caja de cart\u00f3n.<\/p>\n<p>P: \u00bfQu\u00e9 hay de su pago?<\/p>\n<p>R: dep\u00f3sito del 50% por adelantado, saldo del 50% por T\/T, L\/C, paypal, Western Union o antes del env\u00edo.<\/p>\n<p>P: \u00bfProporcionan muestras?<\/p>\n<p>R: S\u00ed, puede comprar una muestra para probarla.<\/p>\n<p>P: \u00bfQu\u00e9 hay de su tiempo de entrega?<\/p>\n<p>R: generalmente 15 d\u00edas despu\u00e9s de recibir su dep\u00f3sito.<\/p>\n<\/div>\n<\/div>\n","protected":false},"excerpt":{"rendered":"<p>\u00b7Restaura el brillo de la pintura automotriz.<br \/>\n\u00b7Produce una apariencia deslumbrante que casi parece mojada.<br \/>\n\u00b7Proporciona un acabado profundo que restaura la apariencia OEM de un veh\u00edculo.<\/p>\n","protected":false},"featured_media":1164,"template":"","meta":{"_et_pb_use_builder":"","_et_pb_old_content":"","_et_gb_content_width":""},"product_brand":[],"product_cat":[56,62],"product_tag":[587,586,588],"class_list":{"0":"post-1160","1":"product","2":"type-product","3":"status-publish","4":"has-post-thumbnail","6":"product_cat-serie-de-cuidado-de-automoviles","7":"product_cat-compuesto-polaco","8":"product_tag-cera-liquida-cera-liquida","9":"product_tag-esmalte-a-mano","10":"product_tag-esmalte-de-espejo-mostrar-esmaltado-de-coche","12":"first","13":"instock","14":"shipping-taxable","15":"product-type-simple"},"_links":{"self":[{"href":"https:\/\/www.supersybon.com\/es\/wp-json\/wp\/v2\/product\/1160","targetHints":{"allow":["GET"]}}],"collection":[{"href":"https:\/\/www.supersybon.com\/es\/wp-json\/wp\/v2\/product"}],"about":[{"href":"https:\/\/www.supersybon.com\/es\/wp-json\/wp\/v2\/types\/product"}],"wp:featuredmedia":[{"embeddable":true,"href":"https:\/\/www.supersybon.com\/es\/wp-json\/wp\/v2\/media\/1164"}],"wp:attachment":[{"href":"https:\/\/www.supersybon.com\/es\/wp-json\/wp\/v2\/media?parent=1160"}],"wp:term":[{"taxonomy":"product_brand","embeddable":true,"href":"https:\/\/www.supersybon.com\/es\/wp-json\/wp\/v2\/product_brand?post=1160"},{"taxonomy":"product_cat","embeddable":true,"href":"https:\/\/www.supersybon.com\/es\/wp-json\/wp\/v2\/product_cat?post=1160"},{"taxonomy":"product_tag","embeddable":true,"href":"https:\/\/www.supersybon.com\/es\/wp-json\/wp\/v2\/product_tag?post=1160"}],"curies":[{"name":"wp","href":"https:\/\/api.w.org\/{rel}","templated":true}]}}