{"id":1156,"date":"2022-10-20T11:18:41","date_gmt":"2022-10-20T03:18:41","guid":{"rendered":"https:\/\/www.supersybon.com\/es\/?post_type=product&#038;p=1156"},"modified":"2025-12-01T16:19:32","modified_gmt":"2025-12-01T08:19:32","slug":"s600a-compuesto-para-frotar-de-servicio-super-compuesto-de-corte-medio-elimina-la-oxidacion-moderada-y-los-aranazos-del-coche","status":"publish","type":"product","link":"https:\/\/www.supersybon.com\/es\/product\/s600a-compuesto-para-frotar-de-servicio-super-compuesto-de-corte-medio-elimina-la-oxidacion-moderada-y-los-aranazos-del-coche","title":{"rendered":"S600A Compuesto para frotar de servicio s\u00faper compuesto de corte medio elimina la oxidaci\u00f3n moderada y los ara\u00f1azos del coche"},"content":{"rendered":"<div class=\"video-container\"><iframe src=\"https:\/\/www.youtube.com\/embed\/ITk6soO5NmM\" width=\"560\" height=\"315\" frameborder=\"0\" allowfullscreen=\"allowfullscreen\"><\/iframe><\/div>\n<p>&nbsp;<\/p>\n<p><strong>S600A Compuesto para frotar de servicio s\u00faper compuesto de corte medio elimina la oxidaci\u00f3n moderada y los ara\u00f1azos del coche<\/strong><\/p>\n<p><strong>Instrucciones de uso:<\/strong><\/p>\n<p>1. Lave el auto a pulir (pulido parcial, solo puede limpiar el \u00e1rea que necesita pulir).<\/p>\n<p>2. Si desea eliminar rayones profundos, primero use papel de lija 2000# para lijar. Cuando termines de lijar la lija, debes limpiar el polvo de la lija con agua o una toalla h\u00fameda. No permita que el polvo permanezca en la superficie de la pintura.<\/p>\n<p>3. Esparza la cera uniformemente con una esponja sobre la superficie de la pintura que necesita ser encerada (si se encera todo el autom\u00f3vil, debe hacerse localmente. No est\u00e1 absolutamente permitido aplicar primero todo el autom\u00f3vil antes de encerar, porque el interior de la cera se opera as\u00ed El solvente se volatilizar\u00e1 y habr\u00e1 mucho polvo al encerar, y tambi\u00e9n causar\u00e1 el fen\u00f3meno de quemar pintura).<\/p>\n<p>4. Use una m\u00e1quina pulidora con un disco de esponja esf\u00e9rico mediano (tambi\u00e9n hay disponibles esponjas planas ordinarias, y tambi\u00e9n se pueden usar bolas de lana o bolas de pelo de conejo para la construcci\u00f3n. La superficie de las bolas de esponja debe estar limpia, y ninguna otra cera u otro sustancias pueden adherirse a \u00e9l.<\/p>\n<p>5. Haga funcionar la pulidora a baja velocidad durante 600 rpm y empuje la cera completamente, y la velocidad aumentar\u00e1 a 1400 rpm.<\/p>\n<p>6. Hasta que se recolecte toda la cera, el brillo mejora por completo y se eliminan los rasgu\u00f1os antes de que se pueda realizar la siguiente construcci\u00f3n de \u00e1rea parcial.<\/p>\n<p>7.Despu\u00e9s de completar la construcci\u00f3n de todo el veh\u00edculo por analog\u00eda, se recomienda limpiarlo. Si necesita reducir el espejo, sellar el esmalte, recubrir, etc., debe usar l\u00edquido de lavado de autos para limpiar la cera residual y la grasa en la superficie antes de continuar con la siguiente etapa de construcci\u00f3n.<\/p>\n<div class=\"magic-13\">\n<div class=\"magic-14\">\n<div class=\"magic-9\">\n<p><img decoding=\"async\" class=\"aligncenter size-full wp-image-3584\" src=\"https:\/\/www.supersybon.com\/es\/wp-content\/uploads\/2022\/10\/1764576922-Machine-application-of-S600A-medium-cut-compound-with-dual-action-polisher.jpg\" alt=\"\" width=\"800\" height=\"800\" title=\"\" srcset=\"https:\/\/www.supersybon.com\/es\/wp-content\/uploads\/2022\/10\/1764576922-Machine-application-of-S600A-medium-cut-compound-with-dual-action-polisher.jpg 800w, https:\/\/www.supersybon.com\/es\/wp-content\/uploads\/2022\/10\/1764576922-Machine-application-of-S600A-medium-cut-compound-with-dual-action-polisher-480x480.jpg 480w\" sizes=\"(min-width: 0px) and (max-width: 480px) 480px, (min-width: 481px) 800px, 100vw\" \/><\/p>\n<p><img decoding=\"async\" class=\"aligncenter size-full wp-image-3585\" src=\"https:\/\/www.supersybon.com\/es\/wp-content\/uploads\/2022\/10\/1764576951-S600A-Advanced-Super-Duty-Rubbing-Compound-packaging-options-for-distributors.jpg\" alt=\"\" width=\"800\" height=\"800\" title=\"\" srcset=\"https:\/\/www.supersybon.com\/es\/wp-content\/uploads\/2022\/10\/1764576951-S600A-Advanced-Super-Duty-Rubbing-Compound-packaging-options-for-distributors.jpg 800w, https:\/\/www.supersybon.com\/es\/wp-content\/uploads\/2022\/10\/1764576951-S600A-Advanced-Super-Duty-Rubbing-Compound-packaging-options-for-distributors-480x480.jpg 480w\" sizes=\"(min-width: 0px) and (max-width: 480px) 480px, (min-width: 481px) 800px, 100vw\" \/><\/p>\n<p><img decoding=\"async\" class=\"aligncenter size-full wp-image-3586\" src=\"https:\/\/www.supersybon.com\/es\/wp-content\/uploads\/2022\/10\/1764576995-Before-and-after-polishing-with-S600A-removes-car-wash-scratches-and-sanding-marks.jpg\" alt=\"\" width=\"750\" height=\"750\" title=\"\" srcset=\"https:\/\/www.supersybon.com\/es\/wp-content\/uploads\/2022\/10\/1764576995-Before-and-after-polishing-with-S600A-removes-car-wash-scratches-and-sanding-marks.jpg 750w, https:\/\/www.supersybon.com\/es\/wp-content\/uploads\/2022\/10\/1764576995-Before-and-after-polishing-with-S600A-removes-car-wash-scratches-and-sanding-marks-480x480.jpg 480w\" sizes=\"(min-width: 0px) and (max-width: 480px) 480px, (min-width: 481px) 750px, 100vw\" \/><\/p>\n<div class=\"magic-10\">\n<p>&nbsp;<\/p>\n<p>&nbsp;<\/p>\n<p><strong>Embalaje y servicio de productos<br \/>\n<\/strong><\/p>\n<hr \/>\n<p><strong>PAQUETE :<br \/>\n<\/strong><\/p>\n<p>12 piezas\/cart\u00f3n.<\/p>\n<\/div>\n<\/div>\n<\/div>\n<\/div>\n<div class=\"magic-13\">\n<div class=\"magic-14\">\n<div class=\"magic-13\">\n<div class=\"magic-14\">\n<div data-spm-anchor-id=\"a2700.details.0.i37.625d2e9eLtZffL\">\n<div class=\"magic-13\">\n<div class=\"magic-14\">\n<div data-spm-anchor-id=\"a2700.details.0.i37.625d2e9eLtZffL\">\n<p>&nbsp;<\/p>\n<\/div>\n<\/div>\n<\/div>\n<\/div>\n<\/div>\n<\/div>\n<p><strong>NUESTRO SERVICIO:<br \/>\n<\/strong><\/p>\n<p>1.24 horas en l\u00ednea<\/p>\n<p>2. Precio competitivo<\/p>\n<p>3. Excelentes comentarios del cliente<\/p>\n<p>4. Pedidos en l\u00ednea seguros<\/p>\n<p>5. Entrega r\u00e1pida<\/p>\n<p>6. Soporte t\u00e9cnico profesional<\/p>\n<div class=\"magic-13\">\n<div class=\"magic-14\">\n<div class=\"magic-9\">\n<div class=\"magic-10\">\n<div class=\"magic-13\">\n<div class=\"magic-14\">\n<div data-spm-anchor-id=\"a2700.details.0.i37.625d2e9eLtZffL\">\n<div class=\"magic-13\">\n<div class=\"magic-14\">\n<div class=\"magic-9\">\n<div class=\"magic-10\">\n<div class=\"magic-13\">\n<div class=\"magic-14\">\n<div data-spm-anchor-id=\"a2700.details.0.i37.625d2e9eLtZffL\">\n<p>&nbsp;<\/p>\n<\/div>\n<\/div>\n<\/div>\n<p><img decoding=\"async\" class=\"aligncenter size-full wp-image-1136\" src=\"https:\/\/www.supersybon.com\/es\/wp-content\/uploads\/2022\/10\/1666171353-S100-Car-Waxpolish-Pwlish-Polish-Wax-Car-Scratch-Repair-Car-Wax.jpg\" alt=\"\" width=\"800\" height=\"800\" title=\"\" srcset=\"https:\/\/www.supersybon.com\/es\/wp-content\/uploads\/2022\/10\/1666171353-S100-Car-Waxpolish-Pwlish-Polish-Wax-Car-Scratch-Repair-Car-Wax.jpg 800w, https:\/\/www.supersybon.com\/es\/wp-content\/uploads\/2022\/10\/1666171353-S100-Car-Waxpolish-Pwlish-Polish-Wax-Car-Scratch-Repair-Car-Wax-480x480.jpg 480w\" sizes=\"(min-width: 0px) and (max-width: 480px) 480px, (min-width: 481px) 800px, 100vw\" \/><\/p>\n<div class=\"magic-13\">\n<div class=\"magic-14\">\n<div class=\"magic-9\">\n<div class=\"magic-10\">\n<div class=\"magic-13\">\n<div class=\"magic-14\">\n<div data-spm-anchor-id=\"a2700.details.0.i37.625d2e9eLtZffL\">\n<div class=\"magic-13\">\n<div class=\"magic-14\">\n<div class=\"magic-13\">\n<div class=\"magic-14\">\n<p>&nbsp;<\/p>\n<\/div>\n<\/div>\n<\/div>\n<\/div>\n<\/div>\n<\/div>\n<\/div>\n<\/div>\n<\/div>\n<\/div>\n<\/div>\n<div class=\"magic-13\">\n<div class=\"magic-14\">\n<p><strong>Perfil de la empresa<br \/>\n<\/strong><\/p>\n<hr \/>\n<p>&nbsp;<\/p>\n<\/div>\n<\/div>\n<\/div>\n<\/div>\n<\/div>\n<\/div>\n<\/div>\n<\/div>\n<\/div>\n<\/div>\n<\/div>\n<\/div>\n<\/div>\n<p><img decoding=\"async\" class=\"aligncenter size-full wp-image-324\" src=\"https:\/\/www.supersybon.com\/es\/wp-content\/uploads\/2022\/09\/1663401769-Car-Paint-Supplier-Company-Profile-Manufacturer-China.jpg\" alt=\"\" width=\"900\" height=\"958\" title=\"\" srcset=\"https:\/\/www.supersybon.com\/es\/wp-content\/uploads\/2022\/09\/1663401769-Car-Paint-Supplier-Company-Profile-Manufacturer-China.jpg 900w, https:\/\/www.supersybon.com\/es\/wp-content\/uploads\/2022\/09\/1663401769-Car-Paint-Supplier-Company-Profile-Manufacturer-China-480x511.jpg 480w\" sizes=\"(min-width: 0px) and (max-width: 480px) 480px, (min-width: 481px) 900px, 100vw\" \/><\/p>\n<div class=\"magic-13\">\n<div class=\"magic-14\">\n<p><strong>Preguntas m\u00e1s frecuentes<\/strong><\/p>\n<hr \/>\n<\/div>\n<\/div>\n<p>P: \u00bfCu\u00e1l es su MOQ?<\/p>\n<p>R: Nuestro pedido m\u00ednimo es de 1 caja de cart\u00f3n.<\/p>\n<p>P: \u00bfQu\u00e9 hay de su pago?<\/p>\n<p>R: dep\u00f3sito del 50% por adelantado, saldo del 50% por T\/T, L\/C, paypal, Western Union o antes del env\u00edo.<\/p>\n<p>P: \u00bfProporcionan muestras?<\/p>\n<p>R: S\u00ed, puede comprar una muestra para probarla.<\/p>\n<p>P: \u00bfQu\u00e9 hay de su tiempo de entrega?<\/p>\n<p>R: generalmente 15 d\u00edas despu\u00e9s de recibir su dep\u00f3sito.<\/p>\n<\/div>\n<\/div>\n","protected":false},"excerpt":{"rendered":"<p>\u00b7Pulido Con Abrasi\u00f3n Fuerte\/Media\/Ligera.<br \/>\n\u00b7Elimina la Oxidaci\u00f3n Moderada y los Rasgu\u00f1os del Autom\u00f3vil.<\/p>\n","protected":false},"featured_media":3587,"template":"","meta":{"_et_pb_use_builder":"","_et_pb_old_content":"","_et_gb_content_width":""},"product_brand":[],"product_cat":[56,62],"product_tag":[584,585],"class_list":{"0":"post-1156","1":"product","2":"type-product","3":"status-publish","4":"has-post-thumbnail","6":"product_cat-serie-de-cuidado-de-automoviles","7":"product_cat-compuesto-polaco","8":"product_tag-compuesto-de-corte-medio","9":"product_tag-compuesto-para-frotar-de-servicio-super","11":"first","12":"instock","13":"shipping-taxable","14":"product-type-simple"},"_links":{"self":[{"href":"https:\/\/www.supersybon.com\/es\/wp-json\/wp\/v2\/product\/1156","targetHints":{"allow":["GET"]}}],"collection":[{"href":"https:\/\/www.supersybon.com\/es\/wp-json\/wp\/v2\/product"}],"about":[{"href":"https:\/\/www.supersybon.com\/es\/wp-json\/wp\/v2\/types\/product"}],"wp:featuredmedia":[{"embeddable":true,"href":"https:\/\/www.supersybon.com\/es\/wp-json\/wp\/v2\/media\/3587"}],"wp:attachment":[{"href":"https:\/\/www.supersybon.com\/es\/wp-json\/wp\/v2\/media?parent=1156"}],"wp:term":[{"taxonomy":"product_brand","embeddable":true,"href":"https:\/\/www.supersybon.com\/es\/wp-json\/wp\/v2\/product_brand?post=1156"},{"taxonomy":"product_cat","embeddable":true,"href":"https:\/\/www.supersybon.com\/es\/wp-json\/wp\/v2\/product_cat?post=1156"},{"taxonomy":"product_tag","embeddable":true,"href":"https:\/\/www.supersybon.com\/es\/wp-json\/wp\/v2\/product_tag?post=1156"}],"curies":[{"name":"wp","href":"https:\/\/api.w.org\/{rel}","templated":true}]}}