{"id":1150,"date":"2022-10-19T19:04:10","date_gmt":"2022-10-19T11:04:10","guid":{"rendered":"https:\/\/www.supersybon.com\/es\/?post_type=product&#038;p=1150"},"modified":"2025-12-01T16:25:53","modified_gmt":"2025-12-01T08:25:53","slug":"s500a-compuesto-para-frotar-perfecto-de-corte-rapido-compuesto-de-corte-pesado-polaco-con-abrasion-fuerte","status":"publish","type":"product","link":"https:\/\/www.supersybon.com\/es\/product\/s500a-compuesto-para-frotar-perfecto-de-corte-rapido-compuesto-de-corte-pesado-polaco-con-abrasion-fuerte","title":{"rendered":"S500A Compuesto para frotar perfecto de corte r\u00e1pido compuesto de corte pesado polaco con abrasi\u00f3n fuerte"},"content":{"rendered":"<div class=\"video-container\"><iframe src=\"https:\/\/www.youtube.com\/embed\/ITk6soO5NmM\" width=\"560\" height=\"315\" frameborder=\"0\" allowfullscreen=\"allowfullscreen\"><\/iframe><\/div>\n<p>&nbsp;<\/p>\n<p><strong>S500A Compuesto para frotar perfecto de corte r\u00e1pido compuesto de corte pesado polaco con abrasi\u00f3n fuerte<\/strong><\/p>\n<p>Este producto es el \u00faltimo abrasivo para el tratamiento de superficies de pintura, especialmente dise\u00f1ado para ara\u00f1azos profundos y moderados en autom\u00f3viles. Tambi\u00e9n se puede usar en el flujo vertical despu\u00e9s de la pintura en aerosol, el tratamiento inicial de ojos de pez, piel de naranja y marcas de papel de lija 1500#, con un buen efecto de eliminaci\u00f3n de marcas. Usado junto con cera de espejo, el efecto es mejor.<\/p>\n<p><strong>Instrucciones de uso:<\/strong><\/p>\n<p>1. Evite usarlo bajo la luz solar directa o pintura a alta temperatura.<\/p>\n<p>2. Agitar uniformemente antes de usar.<\/p>\n<p>3. Tome una cantidad adecuada de este producto en una superficie de pintura cuadrada de 2 pies y emp\u00fajela uniformemente con una rueda de lana o una rueda de esponja.<\/p>\n<p>4. Primero use 600 rpm con la sart\u00e9n de lana para aplicar presi\u00f3n gradualmente, reduzca la presi\u00f3n de pulido cuando el producto se seque gradualmente y use 1400 rpm para pulir hasta que la pintura est\u00e9 brillante.<\/p>\n<p>5.Limpie la superficie de pintura pulida para sentar las bases para el posterior pulido.<\/p>\n<div class=\"magic-13\">\n<div class=\"magic-14\">\n<div class=\"magic-9\">\n<p><img decoding=\"async\" class=\"aligncenter size-full wp-image-3588\" src=\"https:\/\/www.supersybon.com\/es\/wp-content\/uploads\/2022\/10\/1764577403-Applying-S500A-with-rotary-polisher-and-cutting-pad-for-rapid-defect-removal.jpg\" alt=\"\" width=\"800\" height=\"800\" title=\"\" srcset=\"https:\/\/www.supersybon.com\/es\/wp-content\/uploads\/2022\/10\/1764577403-Applying-S500A-with-rotary-polisher-and-cutting-pad-for-rapid-defect-removal.jpg 800w, https:\/\/www.supersybon.com\/es\/wp-content\/uploads\/2022\/10\/1764577403-Applying-S500A-with-rotary-polisher-and-cutting-pad-for-rapid-defect-removal-480x480.jpg 480w\" sizes=\"(min-width: 0px) and (max-width: 480px) 480px, (min-width: 481px) 800px, 100vw\" \/><\/p>\n<div class=\"magic-10\">\n<p><img decoding=\"async\" class=\"aligncenter size-full wp-image-3589\" src=\"https:\/\/www.supersybon.com\/es\/wp-content\/uploads\/2022\/10\/1764577430-S500A-Advanced-Fast-Cut-Rubbing-Compound-packaging-options-for-distributors.jpg\" alt=\"\" width=\"800\" height=\"800\" title=\"\" srcset=\"https:\/\/www.supersybon.com\/es\/wp-content\/uploads\/2022\/10\/1764577430-S500A-Advanced-Fast-Cut-Rubbing-Compound-packaging-options-for-distributors.jpg 800w, https:\/\/www.supersybon.com\/es\/wp-content\/uploads\/2022\/10\/1764577430-S500A-Advanced-Fast-Cut-Rubbing-Compound-packaging-options-for-distributors-480x480.jpg 480w\" sizes=\"(min-width: 0px) and (max-width: 480px) 480px, (min-width: 481px) 800px, 100vw\" \/><\/p>\n<p><img decoding=\"async\" class=\"aligncenter size-full wp-image-3590\" src=\"https:\/\/www.supersybon.com\/es\/wp-content\/uploads\/2022\/10\/1764577453-Before-and-after-heavy-cut-polishing-with-S500A-removes-deep-scratches-and-sanding-marks.jpg\" alt=\"\" width=\"750\" height=\"750\" title=\"\" srcset=\"https:\/\/www.supersybon.com\/es\/wp-content\/uploads\/2022\/10\/1764577453-Before-and-after-heavy-cut-polishing-with-S500A-removes-deep-scratches-and-sanding-marks.jpg 750w, https:\/\/www.supersybon.com\/es\/wp-content\/uploads\/2022\/10\/1764577453-Before-and-after-heavy-cut-polishing-with-S500A-removes-deep-scratches-and-sanding-marks-480x480.jpg 480w\" sizes=\"(min-width: 0px) and (max-width: 480px) 480px, (min-width: 481px) 750px, 100vw\" \/><\/p>\n<p><strong>Embalaje y servicio de productos<br \/>\n<\/strong><\/p>\n<hr \/>\n<p><strong>PAQUETE :<br \/>\n<\/strong><\/p>\n<p>12 piezas\/cart\u00f3n.<\/p>\n<div class=\"magic-13\">\n<div class=\"magic-14\">\n<div data-spm-anchor-id=\"a2700.details.0.i37.625d2e9eLtZffL\">\n<p>&nbsp;<\/p>\n<\/div>\n<\/div>\n<\/div>\n<p><strong>NUESTRO SERVICIO:<br \/>\n<\/strong><\/p>\n<p>1.24 horas en l\u00ednea<\/p>\n<p>2. Precio competitivo<\/p>\n<p>3. Excelentes comentarios del cliente<\/p>\n<p>4. Pedidos en l\u00ednea seguros<\/p>\n<p>5. Entrega r\u00e1pida<\/p>\n<p>6. Soporte t\u00e9cnico profesional<\/p>\n<div class=\"magic-13\">\n<div class=\"magic-14\">\n<div data-spm-anchor-id=\"a2700.details.0.i37.625d2e9eLtZffL\">\n<p>&nbsp;<\/p>\n<\/div>\n<\/div>\n<\/div>\n<p>&nbsp;<\/p>\n<div class=\"magic-13\">\n<div class=\"magic-14\">\n<div data-spm-anchor-id=\"a2700.details.0.i37.625d2e9eLtZffL\">\n<p><img decoding=\"async\" class=\"aligncenter size-full wp-image-1136\" src=\"https:\/\/www.supersybon.com\/es\/wp-content\/uploads\/2022\/10\/1666171353-S100-Car-Waxpolish-Pwlish-Polish-Wax-Car-Scratch-Repair-Car-Wax.jpg\" alt=\"\" width=\"800\" height=\"800\" title=\"\" srcset=\"https:\/\/www.supersybon.com\/es\/wp-content\/uploads\/2022\/10\/1666171353-S100-Car-Waxpolish-Pwlish-Polish-Wax-Car-Scratch-Repair-Car-Wax.jpg 800w, https:\/\/www.supersybon.com\/es\/wp-content\/uploads\/2022\/10\/1666171353-S100-Car-Waxpolish-Pwlish-Polish-Wax-Car-Scratch-Repair-Car-Wax-480x480.jpg 480w\" sizes=\"(min-width: 0px) and (max-width: 480px) 480px, (min-width: 481px) 800px, 100vw\" \/><\/p>\n<div class=\"magic-13\">\n<div class=\"magic-14\">\n<div data-spm-anchor-id=\"a2700.details.0.i37.625d2e9eLtZffL\">\n<p>&nbsp;<\/p>\n<\/div>\n<\/div>\n<\/div>\n<div class=\"magic-13\">\n<div class=\"magic-14\">\n<div class=\"magic-9\">\n<div class=\"magic-10\">\n<div class=\"magic-13\">\n<div class=\"magic-14\">\n<div data-spm-anchor-id=\"a2700.details.0.i37.625d2e9eLtZffL\">\n<p>&nbsp;<\/p>\n<\/div>\n<\/div>\n<\/div>\n<p>&nbsp;<\/p>\n<div class=\"magic-13\">\n<div class=\"magic-14\">\n<div class=\"magic-9\">\n<div class=\"magic-10\">\n<div class=\"magic-13\">\n<div class=\"magic-14\">\n<div data-spm-anchor-id=\"a2700.details.0.i37.625d2e9eLtZffL\">\n<div class=\"magic-13\">\n<div class=\"magic-14\">\n<div class=\"magic-13\">\n<div class=\"magic-14\">\n<p>&nbsp;<\/p>\n<\/div>\n<\/div>\n<\/div>\n<\/div>\n<\/div>\n<\/div>\n<\/div>\n<\/div>\n<\/div>\n<\/div>\n<\/div>\n<div class=\"magic-13\">\n<div class=\"magic-14\">\n<p><strong>Perfil de la empresa<br \/>\n<\/strong><\/p>\n<hr \/>\n<p>&nbsp;<\/p>\n<\/div>\n<\/div>\n<\/div>\n<\/div>\n<\/div>\n<\/div>\n<\/div>\n<\/div>\n<\/div>\n<\/div>\n<\/div>\n<\/div>\n<\/div>\n<div class=\"magic-13\">\n<div class=\"magic-14\">\n<p><img decoding=\"async\" class=\"aligncenter size-full wp-image-324\" src=\"https:\/\/www.supersybon.com\/es\/wp-content\/uploads\/2022\/09\/1663401769-Car-Paint-Supplier-Company-Profile-Manufacturer-China.jpg\" alt=\"\" width=\"900\" height=\"958\" title=\"\" srcset=\"https:\/\/www.supersybon.com\/es\/wp-content\/uploads\/2022\/09\/1663401769-Car-Paint-Supplier-Company-Profile-Manufacturer-China.jpg 900w, https:\/\/www.supersybon.com\/es\/wp-content\/uploads\/2022\/09\/1663401769-Car-Paint-Supplier-Company-Profile-Manufacturer-China-480x511.jpg 480w\" sizes=\"(min-width: 0px) and (max-width: 480px) 480px, (min-width: 481px) 900px, 100vw\" \/><\/p>\n<div class=\"magic-13\">\n<div class=\"magic-14\">\n<p><strong>Preguntas m\u00e1s frecuentes<\/strong><\/p>\n<hr \/>\n<\/div>\n<\/div>\n<p>P: \u00bfCu\u00e1l es su MOQ?<\/p>\n<p>R: Nuestro pedido m\u00ednimo es de 1 caja de cart\u00f3n.<\/p>\n<p>P: \u00bfQu\u00e9 hay de su pago?<\/p>\n<p>R: dep\u00f3sito del 50% por adelantado, saldo del 50% por T\/T, L\/C, paypal, Western Union o antes del env\u00edo.<\/p>\n<p>P: \u00bfProporcionan muestras?<\/p>\n<p>R: S\u00ed, puede comprar una muestra para probarla.<\/p>\n<p>P: \u00bfQu\u00e9 hay de su tiempo de entrega?<\/p>\n<p>R: generalmente 15 d\u00edas despu\u00e9s de recibir su dep\u00f3sito.<\/p>\n<\/div>\n<\/div>\n","protected":false},"excerpt":{"rendered":"<p>\u00b7Este producto es el \u00faltimo abrasivo para el tratamiento de superficies de pintura, especialmente dise\u00f1ado para ara\u00f1azos profundos y moderados en autom\u00f3viles.<br \/>\n\u00b7Tambi\u00e9n se puede usar en el flujo vertical despu\u00e9s de la pintura en aerosol, el tratamiento inicial de ojos de pez, piel de naranja y marcas de papel de lija 1500#, con un buen efecto de eliminaci\u00f3n de marcas. Usado junto con cera de espejo, el efecto es mejor.<\/p>\n","protected":false},"featured_media":3592,"template":"","meta":{"_et_pb_use_builder":"","_et_pb_old_content":"","_et_gb_content_width":""},"product_brand":[],"product_cat":[56,62],"product_tag":[582,583],"class_list":{"0":"post-1150","1":"product","2":"type-product","3":"status-publish","4":"has-post-thumbnail","6":"product_cat-serie-de-cuidado-de-automoviles","7":"product_cat-compuesto-polaco","8":"product_tag-compuesto-de-corte-pesado","9":"product_tag-compuesto-para-frotar-perfecto-de-corte-rapido","11":"first","12":"instock","13":"shipping-taxable","14":"product-type-simple"},"_links":{"self":[{"href":"https:\/\/www.supersybon.com\/es\/wp-json\/wp\/v2\/product\/1150","targetHints":{"allow":["GET"]}}],"collection":[{"href":"https:\/\/www.supersybon.com\/es\/wp-json\/wp\/v2\/product"}],"about":[{"href":"https:\/\/www.supersybon.com\/es\/wp-json\/wp\/v2\/types\/product"}],"wp:featuredmedia":[{"embeddable":true,"href":"https:\/\/www.supersybon.com\/es\/wp-json\/wp\/v2\/media\/3592"}],"wp:attachment":[{"href":"https:\/\/www.supersybon.com\/es\/wp-json\/wp\/v2\/media?parent=1150"}],"wp:term":[{"taxonomy":"product_brand","embeddable":true,"href":"https:\/\/www.supersybon.com\/es\/wp-json\/wp\/v2\/product_brand?post=1150"},{"taxonomy":"product_cat","embeddable":true,"href":"https:\/\/www.supersybon.com\/es\/wp-json\/wp\/v2\/product_cat?post=1150"},{"taxonomy":"product_tag","embeddable":true,"href":"https:\/\/www.supersybon.com\/es\/wp-json\/wp\/v2\/product_tag?post=1150"}],"curies":[{"name":"wp","href":"https:\/\/api.w.org\/{rel}","templated":true}]}}