{"id":1146,"date":"2022-10-19T18:30:27","date_gmt":"2022-10-19T10:30:27","guid":{"rendered":"https:\/\/www.supersybon.com\/es\/?post_type=product&#038;p=1146"},"modified":"2025-12-01T16:31:19","modified_gmt":"2025-12-01T08:31:19","slug":"s400a-compuesto-de-pulido-liquido-avanzado-compuesto-cuatro-en-uno-resultados-profesionales-de-correccion-y-pulido-proceso-de-un-solo-paso-cera-para-automoviles","status":"publish","type":"product","link":"https:\/\/www.supersybon.com\/es\/product\/s400a-compuesto-de-pulido-liquido-avanzado-compuesto-cuatro-en-uno-resultados-profesionales-de-correccion-y-pulido-proceso-de-un-solo-paso-cera-para-automoviles","title":{"rendered":"S400A Compuesto de pulido l\u00edquido avanzado compuesto cuatro en uno resultados profesionales de correcci\u00f3n y pulido proceso de un solo paso cera para autom\u00f3viles"},"content":{"rendered":"<p><iframe title=\"We have best solution for polishing your car....One Step Polish wax for polished look of your car.\" width=\"1080\" height=\"608\" src=\"https:\/\/www.youtube.com\/embed\/sJCQDZflr-0?feature=oembed\"  allow=\"accelerometer; autoplay; clipboard-write; encrypted-media; gyroscope; picture-in-picture\" allowfullscreen><\/iframe><\/p>\n<p>&nbsp;<\/p>\n<p><strong>S400A Compuesto de pulido l\u00edquido avanzado compuesto cuatro en uno resultados profesionales de correcci\u00f3n y pulido proceso de un solo paso cera para autom\u00f3viles<\/strong><\/p>\n<p>Eliminaci\u00f3n de marcas de remolino de pulido cuatro en uno, mejora del brillo y protecci\u00f3n en un solo paso de pulido.<\/p>\n<p><strong>Instrucciones de uso:<\/strong><\/p>\n<p>1. Lave el auto a pulir (pulido parcial, solo puede limpiar el \u00e1rea que necesita pulir).<\/p>\n<p>2. Si desea eliminar rayones profundos, primero use papel de lija n.\u00b0 1500 para lijar. Al lijar la lija, debes limpiar el polvo de la lija con agua o una toalla h\u00fameda. No deje el polvo en la superficie de la pintura.<\/p>\n<p>3. Extienda la cera uniformemente con una esponja sobre la superficie de la pintura que necesita ser encerada (si se trata de encerar un autom\u00f3vil completo, debe hacerse localmente. No est\u00e1 absolutamente permitido aplicar todo el autom\u00f3vil primero antes de encerar, porque es dentro de la cera El solvente se evaporar\u00e1, y habr\u00e1 mucho polvo al encerar, y tambi\u00e9n causar\u00e1 el fen\u00f3meno de quemar pintura).<\/p>\n<p>4. Use una m\u00e1quina pulidora con un disco de esponja esf\u00e9rico mediano (tambi\u00e9n hay disponibles esponjas planas ordinarias, y tambi\u00e9n se pueden usar bolas de lana o bolas de pelo de conejo para la construcci\u00f3n. La superficie de las bolas de esponja debe estar limpia, y ninguna otra cera u otro sustancias pueden adherirse a \u00e9l.<\/p>\n<p>5. Primero haga funcionar la pulidora a baja velocidad durante 600 rpm para eliminar completamente la cera, avance y retroceda varias veces y luego aumente el engranaje, la velocidad aumenta a 1400 rpm. Se recomienda que la velocidad m\u00e1s r\u00e1pida est\u00e9 dentro de las 2200 rpm.<\/p>\n<p>6. Hasta que se recolecte toda la cera, se mejore el brillo y se suavicen los rasgu\u00f1os, se puede llevar a cabo la siguiente construcci\u00f3n de \u00e1rea parcial.<\/p>\n<p>7.Despu\u00e9s de completar la construcci\u00f3n de todo el veh\u00edculo por analog\u00eda, se recomienda limpiarlo. Si necesita reducir el espejo, sellar el esmalte, recubrir, etc., debe usar l\u00edquido de lavado de autos para limpiar la cera residual y la grasa en la superficie antes de continuar con la siguiente etapa de construcci\u00f3n.<\/p>\n<div class=\"magic-13\">\n<div class=\"magic-14\">\n<div class=\"magic-9\">\n<p><img decoding=\"async\" class=\"aligncenter size-full wp-image-3593\" src=\"https:\/\/www.supersybon.com\/es\/wp-content\/uploads\/2022\/10\/1764577732-Applying-S400A-with-dual-action-polisher-for-cut-polish-and-finish.jpg\" alt=\"\" width=\"800\" height=\"800\" title=\"\" srcset=\"https:\/\/www.supersybon.com\/es\/wp-content\/uploads\/2022\/10\/1764577732-Applying-S400A-with-dual-action-polisher-for-cut-polish-and-finish.jpg 800w, https:\/\/www.supersybon.com\/es\/wp-content\/uploads\/2022\/10\/1764577732-Applying-S400A-with-dual-action-polisher-for-cut-polish-and-finish-480x480.jpg 480w\" sizes=\"(min-width: 0px) and (max-width: 480px) 480px, (min-width: 481px) 800px, 100vw\" \/><\/p>\n<div class=\"magic-10\">\n<p><img decoding=\"async\" class=\"aligncenter size-full wp-image-3594\" src=\"https:\/\/www.supersybon.com\/es\/wp-content\/uploads\/2022\/10\/1764577755-S400A-Advanced-Cut-Polish-Finishing-packaging-options-for-distributors.jpg\" alt=\"\" width=\"750\" height=\"750\" title=\"\" srcset=\"https:\/\/www.supersybon.com\/es\/wp-content\/uploads\/2022\/10\/1764577755-S400A-Advanced-Cut-Polish-Finishing-packaging-options-for-distributors.jpg 750w, https:\/\/www.supersybon.com\/es\/wp-content\/uploads\/2022\/10\/1764577755-S400A-Advanced-Cut-Polish-Finishing-packaging-options-for-distributors-480x480.jpg 480w\" sizes=\"(min-width: 0px) and (max-width: 480px) 480px, (min-width: 481px) 750px, 100vw\" \/><\/p>\n<p><img decoding=\"async\" class=\"aligncenter size-full wp-image-3595\" src=\"https:\/\/www.supersybon.com\/es\/wp-content\/uploads\/2022\/10\/1764577794-Before-and-after-paint-correction-with-S400A-removes-swirls-and-finishes-to-high-gloss.jpg\" alt=\"\" width=\"750\" height=\"750\" title=\"\" srcset=\"https:\/\/www.supersybon.com\/es\/wp-content\/uploads\/2022\/10\/1764577794-Before-and-after-paint-correction-with-S400A-removes-swirls-and-finishes-to-high-gloss.jpg 750w, https:\/\/www.supersybon.com\/es\/wp-content\/uploads\/2022\/10\/1764577794-Before-and-after-paint-correction-with-S400A-removes-swirls-and-finishes-to-high-gloss-480x480.jpg 480w\" sizes=\"(min-width: 0px) and (max-width: 480px) 480px, (min-width: 481px) 750px, 100vw\" \/><\/p>\n<p><strong>Embalaje y servicio de productos<br \/>\n<\/strong><\/p>\n<hr \/>\n<p><strong>PAQUETE :<br \/>\n<\/strong><\/p>\n<p>12 piezas\/cart\u00f3n.<\/p>\n<div class=\"magic-13\">\n<div class=\"magic-14\">\n<div data-spm-anchor-id=\"a2700.details.0.i37.625d2e9eLtZffL\">\n<p>&nbsp;<\/p>\n<\/div>\n<\/div>\n<\/div>\n<p><strong>NUESTRO SERVICIO:<br \/>\n<\/strong><\/p>\n<p>1.24 horas en l\u00ednea<\/p>\n<p>2. Precio competitivo<\/p>\n<p>3. Excelentes comentarios del cliente<\/p>\n<p>4. Pedidos en l\u00ednea seguros<\/p>\n<p>5. Entrega r\u00e1pida<\/p>\n<p>6. Soporte t\u00e9cnico profesional<\/p>\n<div class=\"magic-13\">\n<div class=\"magic-14\">\n<div data-spm-anchor-id=\"a2700.details.0.i37.625d2e9eLtZffL\">\n<p>&nbsp;<\/p>\n<\/div>\n<\/div>\n<\/div>\n<p>&nbsp;<\/p>\n<p><img decoding=\"async\" class=\"aligncenter size-full wp-image-1136\" src=\"https:\/\/www.supersybon.com\/es\/wp-content\/uploads\/2022\/10\/1666171353-S100-Car-Waxpolish-Pwlish-Polish-Wax-Car-Scratch-Repair-Car-Wax.jpg\" alt=\"\" width=\"800\" height=\"800\" title=\"\" srcset=\"https:\/\/www.supersybon.com\/es\/wp-content\/uploads\/2022\/10\/1666171353-S100-Car-Waxpolish-Pwlish-Polish-Wax-Car-Scratch-Repair-Car-Wax.jpg 800w, https:\/\/www.supersybon.com\/es\/wp-content\/uploads\/2022\/10\/1666171353-S100-Car-Waxpolish-Pwlish-Polish-Wax-Car-Scratch-Repair-Car-Wax-480x480.jpg 480w\" sizes=\"(min-width: 0px) and (max-width: 480px) 480px, (min-width: 481px) 800px, 100vw\" \/><\/p>\n<div class=\"magic-13\">\n<div class=\"magic-14\">\n<div data-spm-anchor-id=\"a2700.details.0.i37.625d2e9eLtZffL\">\n<p>&nbsp;<\/p>\n<\/div>\n<\/div>\n<\/div>\n<p>&nbsp;<\/p>\n<div class=\"magic-13\">\n<div class=\"magic-14\">\n<div class=\"magic-9\">\n<div class=\"magic-10\">\n<div class=\"magic-13\">\n<div class=\"magic-14\">\n<div data-spm-anchor-id=\"a2700.details.0.i37.625d2e9eLtZffL\">\n<div class=\"magic-13\">\n<div class=\"magic-14\">\n<div class=\"magic-13\">\n<div class=\"magic-14\">\n<p>&nbsp;<\/p>\n<\/div>\n<\/div>\n<\/div>\n<\/div>\n<\/div>\n<\/div>\n<\/div>\n<\/div>\n<\/div>\n<\/div>\n<\/div>\n<div class=\"magic-13\">\n<div class=\"magic-14\">\n<p><strong>Perfil de la empresa<br \/>\n<\/strong><\/p>\n<hr \/>\n<p>&nbsp;<\/p>\n<\/div>\n<\/div>\n<\/div>\n<\/div>\n<\/div>\n<\/div>\n<div class=\"magic-13\">\n<div class=\"magic-14\">\n<p><img decoding=\"async\" class=\"aligncenter size-full wp-image-324\" src=\"https:\/\/www.supersybon.com\/es\/wp-content\/uploads\/2022\/09\/1663401769-Car-Paint-Supplier-Company-Profile-Manufacturer-China.jpg\" alt=\"\" width=\"900\" height=\"958\" title=\"\" srcset=\"https:\/\/www.supersybon.com\/es\/wp-content\/uploads\/2022\/09\/1663401769-Car-Paint-Supplier-Company-Profile-Manufacturer-China.jpg 900w, https:\/\/www.supersybon.com\/es\/wp-content\/uploads\/2022\/09\/1663401769-Car-Paint-Supplier-Company-Profile-Manufacturer-China-480x511.jpg 480w\" sizes=\"(min-width: 0px) and (max-width: 480px) 480px, (min-width: 481px) 900px, 100vw\" \/><\/p>\n<div class=\"magic-13\">\n<div class=\"magic-14\">\n<p><strong>Preguntas m\u00e1s frecuentes<\/strong><\/p>\n<hr \/>\n<\/div>\n<\/div>\n<p>P: \u00bfCu\u00e1l es su MOQ?<\/p>\n<p>R: Nuestro pedido m\u00ednimo es de 1 caja de cart\u00f3n.<\/p>\n<p>P: \u00bfQu\u00e9 hay de su pago?<\/p>\n<p>R: dep\u00f3sito del 50% por adelantado, saldo del 50% por T\/T, L\/C, paypal, Western Union o antes del env\u00edo.<\/p>\n<p>P: \u00bfProporcionan muestras?<\/p>\n<p>R: S\u00ed, puede comprar una muestra para probarla.<\/p>\n<p>P: \u00bfQu\u00e9 hay de su tiempo de entrega?<\/p>\n<p>R: generalmente 15 d\u00edas despu\u00e9s de recibir su dep\u00f3sito.<\/p>\n<\/div>\n<\/div>\n","protected":false},"excerpt":{"rendered":"<p>\u00b7 Eliminaci\u00f3n de marcas de remolino de pulido cuatro en uno, mejora del brillo y protecci\u00f3n en un solo paso de pulido.<\/p>\n","protected":false},"featured_media":3597,"template":"","meta":{"_et_pb_use_builder":"","_et_pb_old_content":"","_et_gb_content_width":""},"product_brand":[],"product_cat":[56,62],"product_tag":[581,579,580],"class_list":{"0":"post-1146","1":"product","2":"type-product","3":"status-publish","4":"has-post-thumbnail","6":"product_cat-serie-de-cuidado-de-automoviles","7":"product_cat-compuesto-polaco","8":"product_tag-cera-para-autos-en-un-solo-paso","9":"product_tag-compuesto-liquido-avanzado","10":"product_tag-compuesto-polaco-cuatro-en-uno","12":"first","13":"instock","14":"shipping-taxable","15":"product-type-simple"},"_links":{"self":[{"href":"https:\/\/www.supersybon.com\/es\/wp-json\/wp\/v2\/product\/1146","targetHints":{"allow":["GET"]}}],"collection":[{"href":"https:\/\/www.supersybon.com\/es\/wp-json\/wp\/v2\/product"}],"about":[{"href":"https:\/\/www.supersybon.com\/es\/wp-json\/wp\/v2\/types\/product"}],"wp:featuredmedia":[{"embeddable":true,"href":"https:\/\/www.supersybon.com\/es\/wp-json\/wp\/v2\/media\/3597"}],"wp:attachment":[{"href":"https:\/\/www.supersybon.com\/es\/wp-json\/wp\/v2\/media?parent=1146"}],"wp:term":[{"taxonomy":"product_brand","embeddable":true,"href":"https:\/\/www.supersybon.com\/es\/wp-json\/wp\/v2\/product_brand?post=1146"},{"taxonomy":"product_cat","embeddable":true,"href":"https:\/\/www.supersybon.com\/es\/wp-json\/wp\/v2\/product_cat?post=1146"},{"taxonomy":"product_tag","embeddable":true,"href":"https:\/\/www.supersybon.com\/es\/wp-json\/wp\/v2\/product_tag?post=1146"}],"curies":[{"name":"wp","href":"https:\/\/api.w.org\/{rel}","templated":true}]}}