{"id":1137,"date":"2022-10-19T17:30:59","date_gmt":"2022-10-19T09:30:59","guid":{"rendered":"https:\/\/www.supersybon.com\/es\/?post_type=product&#038;p=1137"},"modified":"2025-12-01T16:35:37","modified_gmt":"2025-12-01T08:35:37","slug":"s200a-compuesto-perfecto-para-pulir-a-maquina-reduccion-de-espejo-proceso-de-un-solo-paso-de-cera-fina-cera-de-pulido-de-corte-ligero","status":"publish","type":"product","link":"https:\/\/www.supersybon.com\/es\/product\/s200a-compuesto-perfecto-para-pulir-a-maquina-reduccion-de-espejo-proceso-de-un-solo-paso-de-cera-fina-cera-de-pulido-de-corte-ligero","title":{"rendered":"S200A Compuesto perfecto para pulir a m\u00e1quina reducci\u00f3n de espejo proceso de un solo paso de cera fina Cera de pulido de corte ligero"},"content":{"rendered":"<div class=\"video-container\"><iframe src=\"https:\/\/www.youtube.com\/embed\/Tx6bZS04IXM\" width=\"560\" height=\"315\" frameborder=\"0\" allowfullscreen=\"allowfullscreen\"><\/iframe><\/div>\n<p>&nbsp;<\/p>\n<p><strong>S200A Compuesto perfecto para pulir a m\u00e1quina reducci\u00f3n de espejo proceso de un solo paso de cera fina cera de pulido de corte ligero<\/strong><\/p>\n<p><strong>Instrucciones de uso:<\/strong><\/p>\n<p>1.Despu\u00e9s de que la laca se pule con cera gruesa y cera media, la laca es suave y los rasgu\u00f1os desaparecen, pero el brillo es bajo.<\/p>\n<p>2. La cera de reducci\u00f3n de espejo es despu\u00e9s de eliminar los ara\u00f1azos en la superficie, debido a las part\u00edculas m\u00e1s gruesas de la cera, habr\u00e1 algunas marcas de pulido.<\/p>\n<p>3. Distribuya la cera fina S200 uniformemente sobre la superficie a encerar.<\/p>\n<p>4. Use una m\u00e1quina pulidora con un disco de esponja esf\u00e9rico mediano (tambi\u00e9n hay disponibles esponjas planas ordinarias, y tambi\u00e9n se pueden usar bolas de lana o bolas de pelo de conejo para la construcci\u00f3n. La superficie de las bolas de esponja debe estar limpia, y ninguna otra cera u otro sustancias pueden adherirse a \u00e9l.<\/p>\n<p>5. Primero haga funcionar la pulidora a baja velocidad durante 600 rpm para eliminar completamente la cera, avance y retroceda varias veces y luego aumente el engranaje, la velocidad aumenta a 1400 rpm. Se recomienda la velocidad m\u00e1s r\u00e1pida para recolectar cera dentro de las 2200 rpm.<\/p>\n<p>6. Hasta que se recoja toda la cera, el brillo aumentar\u00e1.<\/p>\n<p><img decoding=\"async\" class=\"aligncenter size-full wp-image-3598\" src=\"https:\/\/www.supersybon.com\/es\/wp-content\/uploads\/2022\/10\/1764577997-S200A-Advanced-Perfect-Machine-Polish-packaging-options-for-distributors.jpg\" alt=\"\" width=\"800\" height=\"800\" title=\"\" srcset=\"https:\/\/www.supersybon.com\/es\/wp-content\/uploads\/2022\/10\/1764577997-S200A-Advanced-Perfect-Machine-Polish-packaging-options-for-distributors.jpg 800w, https:\/\/www.supersybon.com\/es\/wp-content\/uploads\/2022\/10\/1764577997-S200A-Advanced-Perfect-Machine-Polish-packaging-options-for-distributors-480x480.jpg 480w\" sizes=\"(min-width: 0px) and (max-width: 480px) 480px, (min-width: 481px) 800px, 100vw\" \/><\/p>\n<div class=\"magic-13\">\n<div class=\"magic-14\">\n<div class=\"magic-9\">\n<div class=\"magic-10\">\n<p><img decoding=\"async\" class=\"aligncenter size-full wp-image-3599\" src=\"https:\/\/www.supersybon.com\/es\/wp-content\/uploads\/2022\/10\/1764578019-Applying-S200A-Advanced-Perfect-Machine-Polish-with-dual-action-polisher.jpg\" alt=\"\" width=\"750\" height=\"750\" title=\"\" srcset=\"https:\/\/www.supersybon.com\/es\/wp-content\/uploads\/2022\/10\/1764578019-Applying-S200A-Advanced-Perfect-Machine-Polish-with-dual-action-polisher.jpg 750w, https:\/\/www.supersybon.com\/es\/wp-content\/uploads\/2022\/10\/1764578019-Applying-S200A-Advanced-Perfect-Machine-Polish-with-dual-action-polisher-480x480.jpg 480w\" sizes=\"(min-width: 0px) and (max-width: 480px) 480px, (min-width: 481px) 750px, 100vw\" \/><\/p>\n<p><img decoding=\"async\" class=\"aligncenter size-full wp-image-3601\" src=\"https:\/\/www.supersybon.com\/es\/wp-content\/uploads\/2022\/10\/1764578045-Before-and-after-polishing-with-S200A-removes-holograms-and-micro-scratches.jpg\" alt=\"\" width=\"800\" height=\"800\" title=\"\" srcset=\"https:\/\/www.supersybon.com\/es\/wp-content\/uploads\/2022\/10\/1764578045-Before-and-after-polishing-with-S200A-removes-holograms-and-micro-scratches.jpg 800w, https:\/\/www.supersybon.com\/es\/wp-content\/uploads\/2022\/10\/1764578045-Before-and-after-polishing-with-S200A-removes-holograms-and-micro-scratches-480x480.jpg 480w\" sizes=\"(min-width: 0px) and (max-width: 480px) 480px, (min-width: 481px) 800px, 100vw\" \/><\/p>\n<p><strong>Embalaje y servicio de productos<br \/>\n<\/strong><\/p>\n<hr \/>\n<p><strong>PAQUETE :<br \/>\n<\/strong><\/p>\n<p>12 piezas\/cart\u00f3n.<\/p>\n<p><strong>NUESTRO SERVICIO:<br \/>\n<\/strong><\/p>\n<p>1.24 horas en l\u00ednea<\/p>\n<p>2. Precio competitivo<\/p>\n<p>3. Excelentes comentarios del cliente<\/p>\n<p>4. Pedidos en l\u00ednea seguros<\/p>\n<p>5. Entrega r\u00e1pida<\/p>\n<p>6. Soporte t\u00e9cnico profesional<\/p>\n<\/div>\n<\/div>\n<\/div>\n<\/div>\n<div class=\"magic-13\">\n<div class=\"magic-14\">\n<p>&nbsp;<\/p>\n<p><img decoding=\"async\" class=\"aligncenter size-full wp-image-1136\" src=\"https:\/\/www.supersybon.com\/es\/wp-content\/uploads\/2022\/10\/1666171353-S100-Car-Waxpolish-Pwlish-Polish-Wax-Car-Scratch-Repair-Car-Wax.jpg\" alt=\"\" width=\"800\" height=\"800\" title=\"\" srcset=\"https:\/\/www.supersybon.com\/es\/wp-content\/uploads\/2022\/10\/1666171353-S100-Car-Waxpolish-Pwlish-Polish-Wax-Car-Scratch-Repair-Car-Wax.jpg 800w, https:\/\/www.supersybon.com\/es\/wp-content\/uploads\/2022\/10\/1666171353-S100-Car-Waxpolish-Pwlish-Polish-Wax-Car-Scratch-Repair-Car-Wax-480x480.jpg 480w\" sizes=\"(min-width: 0px) and (max-width: 480px) 480px, (min-width: 481px) 800px, 100vw\" \/><\/p>\n<p>&nbsp;<\/p>\n<p>&nbsp;<\/p>\n<div class=\"magic-13\">\n<div class=\"magic-14\">\n<div class=\"magic-9\">\n<div class=\"magic-10\">\n<div class=\"magic-13\">\n<div class=\"magic-14\">\n<div data-spm-anchor-id=\"a2700.details.0.i37.625d2e9eLtZffL\">\n<div class=\"magic-13\">\n<div class=\"magic-14\">\n<div class=\"magic-13\">\n<div class=\"magic-14\">\n<p>&nbsp;<\/p>\n<\/div>\n<\/div>\n<\/div>\n<\/div>\n<\/div>\n<\/div>\n<\/div>\n<\/div>\n<\/div>\n<\/div>\n<\/div>\n<div class=\"magic-13\">\n<div class=\"magic-14\">\n<p><strong>Perfil de la empresa<br \/>\n<\/strong><\/p>\n<hr \/>\n<p>&nbsp;<\/p>\n<\/div>\n<\/div>\n<p><img decoding=\"async\" class=\"aligncenter size-full wp-image-324\" src=\"https:\/\/www.supersybon.com\/es\/wp-content\/uploads\/2022\/09\/1663401769-Car-Paint-Supplier-Company-Profile-Manufacturer-China.jpg\" alt=\"\" width=\"900\" height=\"958\" title=\"\" srcset=\"https:\/\/www.supersybon.com\/es\/wp-content\/uploads\/2022\/09\/1663401769-Car-Paint-Supplier-Company-Profile-Manufacturer-China.jpg 900w, https:\/\/www.supersybon.com\/es\/wp-content\/uploads\/2022\/09\/1663401769-Car-Paint-Supplier-Company-Profile-Manufacturer-China-480x511.jpg 480w\" sizes=\"(min-width: 0px) and (max-width: 480px) 480px, (min-width: 481px) 900px, 100vw\" \/><\/p>\n<div class=\"magic-13\">\n<div class=\"magic-14\">\n<p><strong>Preguntas m\u00e1s frecuentes<\/strong><\/p>\n<hr \/>\n<\/div>\n<\/div>\n<p>P: \u00bfCu\u00e1l es su MOQ?<\/p>\n<p>R: Nuestro pedido m\u00ednimo es de 1 caja de cart\u00f3n.<\/p>\n<p>P: \u00bfQu\u00e9 hay de su pago?<\/p>\n<p>R: dep\u00f3sito del 50% por adelantado, saldo del 50% por T\/T, L\/C, paypal, Western Union o antes del env\u00edo.<\/p>\n<p>P: \u00bfProporcionan muestras?<\/p>\n<p>R: S\u00ed, puede comprar una muestra para probarla.<\/p>\n<p>P: \u00bfQu\u00e9 hay de su tiempo de entrega?<\/p>\n<p>R: generalmente 15 d\u00edas despu\u00e9s de recibir su dep\u00f3sito.<\/p>\n<\/div>\n<\/div>\n","protected":false},"excerpt":{"rendered":"<p>\u00b7Pulido con Luz\/Abrasi\u00f3n &amp; Eliminador de remolinos.<br \/>\n\u00b7Pulido de acabado para usar despu\u00e9s del compuesto de corte.<\/p>\n","protected":false},"featured_media":3602,"template":"","meta":{"_et_pb_use_builder":"","_et_pb_old_content":"","_et_gb_content_width":""},"product_brand":[],"product_cat":[56,62],"product_tag":[574,575],"class_list":{"0":"post-1137","1":"product","2":"type-product","3":"status-publish","4":"has-post-thumbnail","6":"product_cat-serie-de-cuidado-de-automoviles","7":"product_cat-compuesto-polaco","8":"product_tag-cera-fina-cera-fina","9":"product_tag-compuesto-perfecto-para-pulir-a-maquina","11":"first","12":"instock","13":"shipping-taxable","14":"product-type-simple"},"_links":{"self":[{"href":"https:\/\/www.supersybon.com\/es\/wp-json\/wp\/v2\/product\/1137","targetHints":{"allow":["GET"]}}],"collection":[{"href":"https:\/\/www.supersybon.com\/es\/wp-json\/wp\/v2\/product"}],"about":[{"href":"https:\/\/www.supersybon.com\/es\/wp-json\/wp\/v2\/types\/product"}],"wp:featuredmedia":[{"embeddable":true,"href":"https:\/\/www.supersybon.com\/es\/wp-json\/wp\/v2\/media\/3602"}],"wp:attachment":[{"href":"https:\/\/www.supersybon.com\/es\/wp-json\/wp\/v2\/media?parent=1137"}],"wp:term":[{"taxonomy":"product_brand","embeddable":true,"href":"https:\/\/www.supersybon.com\/es\/wp-json\/wp\/v2\/product_brand?post=1137"},{"taxonomy":"product_cat","embeddable":true,"href":"https:\/\/www.supersybon.com\/es\/wp-json\/wp\/v2\/product_cat?post=1137"},{"taxonomy":"product_tag","embeddable":true,"href":"https:\/\/www.supersybon.com\/es\/wp-json\/wp\/v2\/product_tag?post=1137"}],"curies":[{"name":"wp","href":"https:\/\/api.w.org\/{rel}","templated":true}]}}