{"id":1128,"date":"2022-10-19T16:12:46","date_gmt":"2022-10-19T08:12:46","guid":{"rendered":"https:\/\/www.supersybon.com\/es\/?post_type=product&#038;p=1128"},"modified":"2023-01-03T13:54:17","modified_gmt":"2023-01-03T05:54:17","slug":"s100-cera-de-pulido-rapido-cera-de-pulido-del-removedor-del-rasguno-del-cuerpo-del-coche-para-el-pulido-del-coche","status":"publish","type":"product","link":"https:\/\/www.supersybon.com\/es\/product\/s100-cera-de-pulido-rapido-cera-de-pulido-del-removedor-del-rasguno-del-cuerpo-del-coche-para-el-pulido-del-coche","title":{"rendered":"S100 Cera de pulido r\u00e1pido cera de pulido del removedor del rasgu\u00f1o del cuerpo del coche para el pulido del coche"},"content":{"rendered":"<p><iframe title=\"Advanced Four-in-one Compound Professional Correcting and Polishing Results One-Step Process Car Wax\" width=\"1080\" height=\"608\" src=\"https:\/\/www.youtube.com\/embed\/Tx6bZS04IXM?feature=oembed\"  allow=\"accelerometer; autoplay; clipboard-write; encrypted-media; gyroscope; picture-in-picture\" allowfullscreen><\/iframe><\/p>\n<p><img decoding=\"async\" class=\"aligncenter size-full wp-image-1129\" src=\"https:\/\/www.supersybon.com\/es\/wp-content\/uploads\/2022\/10\/1666170958-S100-Car-Beautifying-Polishing-Compound-Scratch-Detailing-Vehicle-Polish-Chemical-Car-Shine-Liquid-Wax.jpg\" alt=\"\" width=\"900\" height=\"364\" title=\"\" srcset=\"https:\/\/www.supersybon.com\/es\/wp-content\/uploads\/2022\/10\/1666170958-S100-Car-Beautifying-Polishing-Compound-Scratch-Detailing-Vehicle-Polish-Chemical-Car-Shine-Liquid-Wax.jpg 900w, https:\/\/www.supersybon.com\/es\/wp-content\/uploads\/2022\/10\/1666170958-S100-Car-Beautifying-Polishing-Compound-Scratch-Detailing-Vehicle-Polish-Chemical-Car-Shine-Liquid-Wax-480x194.jpg 480w\" sizes=\"(min-width: 0px) and (max-width: 480px) 480px, (min-width: 481px) 900px, 100vw\" \/><\/p>\n<p>&nbsp;<\/p>\n<p><strong>S100 Cera de pulido r\u00e1pido cera de pulido del removedor del rasgu\u00f1o del cuerpo del coche para el pulido del coche<\/strong><\/p>\n<p><strong>Instrucciones de uso:<\/strong><\/p>\n<p>1. Primero, lave el autom\u00f3vil que se pulir\u00e1 (si se realiza un pulido local, solo puede limpiar el \u00e1rea que debe pulirse).<\/p>\n<p>2. Si desea eliminar rasgu\u00f1os profundos, primero debe usar papel de lija 2000 # para lijar. Y luego limpie el polvo con agua limpia o una toalla h\u00fameda. No deje el polvo en la superficie de la pintura.<\/p>\n<p>3. Extienda la cera uniformemente sobre la superficie de la pintura que necesita ser encerada con una esponja (si necesita encerar todo el autom\u00f3vil, debe encerarlo por partes. No extienda la cera en todo el autom\u00f3vil y comience a pulir, porque el solvente en la cera se evaporar\u00e1 de esta manera y habr\u00e1 mucho polvo, tambi\u00e9n puede destruir la pintura.<\/p>\n<p>4. Use una m\u00e1quina pulidora con un disco de esponja esf\u00e9rico mediano (tambi\u00e9n se puede usar una esponja plana ordinaria, tambi\u00e9n puede usar una bola de lana o conejo, etc. para pulir. La bola de esponja debe estar limpia y sin otra cera). 5. Gire la m\u00e1quina pulidora a 600 rpm a baja velocidad para esparcir completamente la cera y luego aumente la velocidad a 1400 rpm.<\/p>\n<p>6. Despu\u00e9s de absorber toda la cera, el brillo mejora por completo y se eliminan todos los rasgu\u00f1os, luego pule la siguiente \u00e1rea.<\/p>\n<p>7. Despu\u00e9s de completar toda la construcci\u00f3n, es mejor limpiar la superficie.<\/p>\n<p>&nbsp;<\/p>\n<div class=\"magic-13\">\n<div class=\"magic-14\">\n<div class=\"magic-9\">\n<p>&nbsp;<\/p>\n<p><img decoding=\"async\" class=\"aligncenter size-full wp-image-1130\" src=\"https:\/\/www.supersybon.com\/es\/wp-content\/uploads\/2022\/10\/1666170984-S100-Car-Polish-Body-Car-Paint-Repair-Scratch-Remover-Wax-For-Car-Polishing.jpg\" alt=\"\" width=\"800\" height=\"800\" title=\"\" srcset=\"https:\/\/www.supersybon.com\/es\/wp-content\/uploads\/2022\/10\/1666170984-S100-Car-Polish-Body-Car-Paint-Repair-Scratch-Remover-Wax-For-Car-Polishing.jpg 800w, https:\/\/www.supersybon.com\/es\/wp-content\/uploads\/2022\/10\/1666170984-S100-Car-Polish-Body-Car-Paint-Repair-Scratch-Remover-Wax-For-Car-Polishing-480x480.jpg 480w\" sizes=\"(min-width: 0px) and (max-width: 480px) 480px, (min-width: 481px) 800px, 100vw\" \/><img decoding=\"async\" class=\"aligncenter size-full wp-image-1133\" src=\"https:\/\/www.supersybon.com\/es\/wp-content\/uploads\/2022\/10\/1666171254-S100-Ultimate-Finishing-Material-Polish-Compound-Car-Maintain-Products.jpg\" alt=\"\" width=\"800\" height=\"800\" title=\"\" srcset=\"https:\/\/www.supersybon.com\/es\/wp-content\/uploads\/2022\/10\/1666171254-S100-Ultimate-Finishing-Material-Polish-Compound-Car-Maintain-Products.jpg 800w, https:\/\/www.supersybon.com\/es\/wp-content\/uploads\/2022\/10\/1666171254-S100-Ultimate-Finishing-Material-Polish-Compound-Car-Maintain-Products-480x480.jpg 480w\" sizes=\"(min-width: 0px) and (max-width: 480px) 480px, (min-width: 481px) 800px, 100vw\" \/><img decoding=\"async\" class=\"aligncenter size-full wp-image-1131\" src=\"https:\/\/www.supersybon.com\/es\/wp-content\/uploads\/2022\/10\/1666171007-S100-Best-Selling-Good-Quality-scratches-remove-Polishing-compounds-Car-Polish-Buffing-Wax.jpg\" alt=\"\" width=\"800\" height=\"800\" title=\"\" srcset=\"https:\/\/www.supersybon.com\/es\/wp-content\/uploads\/2022\/10\/1666171007-S100-Best-Selling-Good-Quality-scratches-remove-Polishing-compounds-Car-Polish-Buffing-Wax.jpg 800w, https:\/\/www.supersybon.com\/es\/wp-content\/uploads\/2022\/10\/1666171007-S100-Best-Selling-Good-Quality-scratches-remove-Polishing-compounds-Car-Polish-Buffing-Wax-480x480.jpg 480w\" sizes=\"(min-width: 0px) and (max-width: 480px) 480px, (min-width: 481px) 800px, 100vw\" \/><\/p>\n<div class=\"magic-10\">\n<p>&nbsp;<\/p>\n<p>&nbsp;<\/p>\n<p><strong>Embalaje y servicio de productos<br \/>\n<\/strong><\/p>\n<hr \/>\n<p><strong>PAQUETE :<br \/>\n<\/strong><\/p>\n<p>12 piezas\/cart\u00f3n.<\/p>\n<div class=\"magic-13\">\n<div class=\"magic-14\">\n<div class=\"magic-9\">\n<div class=\"magic-10\">\n<div class=\"magic-13\">\n<div class=\"magic-14\">\n<div data-spm-anchor-id=\"a2700.details.0.i37.625d2e9eLtZffL\">\n<div class=\"magic-13\">\n<div class=\"magic-14\">\n<div data-spm-anchor-id=\"a2700.details.0.i37.625d2e9eLtZffL\">\n<div class=\"magic-13\">\n<div class=\"magic-14\">\n<div class=\"magic-9\">\n<div class=\"magic-10\">\n<div class=\"magic-13\">\n<div class=\"magic-14\">\n<div data-spm-anchor-id=\"a2700.details.0.i37.625d2e9eLtZffL\">\n<div class=\"magic-13\">\n<div class=\"magic-14\">\n<div data-spm-anchor-id=\"a2700.details.0.i37.625d2e9eLtZffL\">\n<p>&nbsp;<\/p>\n<\/div>\n<\/div>\n<\/div>\n<\/div>\n<\/div>\n<\/div>\n<\/div>\n<\/div>\n<\/div>\n<\/div>\n<div class=\"magic-13\">\n<div class=\"magic-14\">\n<div data-spm-anchor-id=\"a2700.details.0.i37.625d2e9eLtZffL\">\n<p><img decoding=\"async\" class=\"aligncenter size-full wp-image-1132\" src=\"https:\/\/www.supersybon.com\/es\/wp-content\/uploads\/2022\/10\/1666171176-S100-Car-Care-Car-Detailing-Rubbing-Compound-Scratch-Remove-Polish-Compound-Car-Polish-Wax.jpg\" alt=\"\" width=\"800\" height=\"800\" title=\"\" srcset=\"https:\/\/www.supersybon.com\/es\/wp-content\/uploads\/2022\/10\/1666171176-S100-Car-Care-Car-Detailing-Rubbing-Compound-Scratch-Remove-Polish-Compound-Car-Polish-Wax.jpg 800w, https:\/\/www.supersybon.com\/es\/wp-content\/uploads\/2022\/10\/1666171176-S100-Car-Care-Car-Detailing-Rubbing-Compound-Scratch-Remove-Polish-Compound-Car-Polish-Wax-480x480.jpg 480w\" sizes=\"(min-width: 0px) and (max-width: 480px) 480px, (min-width: 481px) 800px, 100vw\" \/><\/p>\n<\/div>\n<\/div>\n<\/div>\n<\/div>\n<\/div>\n<\/div>\n<\/div>\n<\/div>\n<\/div>\n<\/div>\n<\/div>\n<\/div>\n<\/div>\n<div class=\"magic-13\">\n<div class=\"magic-14\">\n<div data-spm-anchor-id=\"a2700.details.0.i37.625d2e9eLtZffL\">\n<div class=\"magic-13\">\n<div class=\"magic-14\">\n<div class=\"magic-9\">\n<div class=\"magic-10\">\n<div class=\"magic-13\">\n<div class=\"magic-14\">\n<div data-spm-anchor-id=\"a2700.details.0.i37.625d2e9eLtZffL\">\n<div class=\"magic-13\">\n<div class=\"magic-14\">\n<div data-spm-anchor-id=\"a2700.details.0.i37.625d2e9eLtZffL\">\n<p>&nbsp;<\/p>\n<\/div>\n<\/div>\n<\/div>\n<\/div>\n<\/div>\n<\/div>\n<\/div>\n<\/div>\n<\/div>\n<\/div>\n<div class=\"magic-13\">\n<div class=\"magic-14\">\n<div data-spm-anchor-id=\"a2700.details.0.i37.625d2e9eLtZffL\">\n<p>&nbsp;<\/p>\n<\/div>\n<\/div>\n<\/div>\n<p><strong>NUESTRO SERVICIO:<br \/>\n<\/strong><\/p>\n<p>1.24 horas en l\u00ednea<\/p>\n<p>2. Precio competitivo<\/p>\n<p>3. Excelentes comentarios del cliente<\/p>\n<p>4. Pedidos en l\u00ednea seguros<\/p>\n<p>5. Entrega r\u00e1pida<\/p>\n<p>6. Soporte t\u00e9cnico profesional<\/p>\n<\/div>\n<\/div>\n<\/div>\n<\/div>\n<\/div>\n<\/div>\n<\/div>\n<div class=\"magic-13\">\n<div class=\"magic-14\">\n<p><img decoding=\"async\" class=\"aligncenter size-full wp-image-1136\" src=\"https:\/\/www.supersybon.com\/es\/wp-content\/uploads\/2022\/10\/1666171353-S100-Car-Waxpolish-Pwlish-Polish-Wax-Car-Scratch-Repair-Car-Wax.jpg\" alt=\"\" width=\"800\" height=\"800\" title=\"\" srcset=\"https:\/\/www.supersybon.com\/es\/wp-content\/uploads\/2022\/10\/1666171353-S100-Car-Waxpolish-Pwlish-Polish-Wax-Car-Scratch-Repair-Car-Wax.jpg 800w, https:\/\/www.supersybon.com\/es\/wp-content\/uploads\/2022\/10\/1666171353-S100-Car-Waxpolish-Pwlish-Polish-Wax-Car-Scratch-Repair-Car-Wax-480x480.jpg 480w\" sizes=\"(min-width: 0px) and (max-width: 480px) 480px, (min-width: 481px) 800px, 100vw\" \/><\/p>\n<p>&nbsp;<\/p>\n<div class=\"magic-13\">\n<div class=\"magic-14\">\n<div class=\"magic-9\">\n<div class=\"magic-10\">\n<div class=\"magic-13\">\n<div class=\"magic-14\">\n<div data-spm-anchor-id=\"a2700.details.0.i37.625d2e9eLtZffL\">\n<div class=\"magic-13\">\n<div class=\"magic-14\">\n<div class=\"magic-13\">\n<div class=\"magic-14\">\n<p>&nbsp;<\/p>\n<\/div>\n<\/div>\n<\/div>\n<\/div>\n<\/div>\n<\/div>\n<\/div>\n<\/div>\n<\/div>\n<\/div>\n<\/div>\n<div class=\"magic-13\">\n<div class=\"magic-14\">\n<p><strong>Perfil de la empresa<br \/>\n<\/strong><\/p>\n<hr \/>\n<p>&nbsp;<\/p>\n<\/div>\n<\/div>\n<p><img decoding=\"async\" class=\"aligncenter size-full wp-image-324\" src=\"https:\/\/www.supersybon.com\/es\/wp-content\/uploads\/2022\/09\/1663401769-Car-Paint-Supplier-Company-Profile-Manufacturer-China.jpg\" alt=\"\" width=\"900\" height=\"958\" title=\"\" srcset=\"https:\/\/www.supersybon.com\/es\/wp-content\/uploads\/2022\/09\/1663401769-Car-Paint-Supplier-Company-Profile-Manufacturer-China.jpg 900w, https:\/\/www.supersybon.com\/es\/wp-content\/uploads\/2022\/09\/1663401769-Car-Paint-Supplier-Company-Profile-Manufacturer-China-480x511.jpg 480w\" sizes=\"(min-width: 0px) and (max-width: 480px) 480px, (min-width: 481px) 900px, 100vw\" \/><\/p>\n<div class=\"magic-13\">\n<div class=\"magic-14\">\n<p><strong>Preguntas m\u00e1s frecuentes<\/strong><\/p>\n<hr \/>\n<\/div>\n<\/div>\n<p>P: \u00bfCu\u00e1l es su MOQ?<\/p>\n<p>R: Nuestro pedido m\u00ednimo es de 1 caja de cart\u00f3n.<\/p>\n<p>P: \u00bfQu\u00e9 hay de su pago?<\/p>\n<p>R: dep\u00f3sito del 50% por adelantado, saldo del 50% por T\/T, L\/C, paypal, Western Union o antes del env\u00edo.<\/p>\n<p>P: \u00bfProporcionan muestras?<\/p>\n<p>R: S\u00ed, puede comprar una muestra para probarla.<\/p>\n<p>P: \u00bfQu\u00e9 hay de su tiempo de entrega?<\/p>\n<p>R: generalmente 15 d\u00edas despu\u00e9s de recibir su dep\u00f3sito.<\/p>\n<\/div>\n<\/div>\n","protected":false},"excerpt":{"rendered":"<p>\u00b7Cera de pulido r\u00e1pido pulido con medio\/ligero\/abrasi\u00f3n &amp; Removedor de remolinos<\/p>\n","protected":false},"featured_media":1134,"template":"","meta":{"_et_pb_use_builder":"","_et_pb_old_content":"","_et_gb_content_width":""},"product_brand":[],"product_cat":[56,62],"product_tag":[571,573,572],"class_list":{"0":"post-1128","1":"product","2":"type-product","3":"status-publish","4":"has-post-thumbnail","6":"product_cat-serie-de-cuidado-de-automoviles","7":"product_cat-compuesto-polaco","8":"product_tag-cera-de-pulido-rapido","9":"product_tag-cera-de-pulido-rapido-s100","10":"product_tag-compuesto-para-pulir","12":"first","13":"instock","14":"shipping-taxable","15":"product-type-simple"},"_links":{"self":[{"href":"https:\/\/www.supersybon.com\/es\/wp-json\/wp\/v2\/product\/1128","targetHints":{"allow":["GET"]}}],"collection":[{"href":"https:\/\/www.supersybon.com\/es\/wp-json\/wp\/v2\/product"}],"about":[{"href":"https:\/\/www.supersybon.com\/es\/wp-json\/wp\/v2\/types\/product"}],"wp:featuredmedia":[{"embeddable":true,"href":"https:\/\/www.supersybon.com\/es\/wp-json\/wp\/v2\/media\/1134"}],"wp:attachment":[{"href":"https:\/\/www.supersybon.com\/es\/wp-json\/wp\/v2\/media?parent=1128"}],"wp:term":[{"taxonomy":"product_brand","embeddable":true,"href":"https:\/\/www.supersybon.com\/es\/wp-json\/wp\/v2\/product_brand?post=1128"},{"taxonomy":"product_cat","embeddable":true,"href":"https:\/\/www.supersybon.com\/es\/wp-json\/wp\/v2\/product_cat?post=1128"},{"taxonomy":"product_tag","embeddable":true,"href":"https:\/\/www.supersybon.com\/es\/wp-json\/wp\/v2\/product_tag?post=1128"}],"curies":[{"name":"wp","href":"https:\/\/api.w.org\/{rel}","templated":true}]}}