{"id":1124,"date":"2022-10-19T15:41:58","date_gmt":"2022-10-19T07:41:58","guid":{"rendered":"https:\/\/www.supersybon.com\/es\/?post_type=product&#038;p=1124"},"modified":"2025-12-01T16:45:12","modified_gmt":"2025-12-01T08:45:12","slug":"w009d-w009da-almohadillas-de-lana-para-pulir-y-pulir-de-9-pulgadas-almohadilla-de-lana-para-pulir-de-doble-cara-para-corte-y-pulido-compuesto-de-2-caras","status":"publish","type":"product","link":"https:\/\/www.supersybon.com\/es\/product\/w009d-w009da-almohadillas-de-lana-para-pulir-y-pulir-de-9-pulgadas-almohadilla-de-lana-para-pulir-de-doble-cara-para-corte-y-pulido-compuesto-de-2-caras","title":{"rendered":"W009D &#038; W009DA Almohadillas de lana para pulir y pulir de 9 pulgadas, almohadilla de lana para pulir de doble cara para corte y pulido compuesto de 2 caras"},"content":{"rendered":"<div class=\"video-container\"><iframe src=\"https:\/\/www.youtube.com\/embed\/r1t5wJNzT-c\" width=\"560\" height=\"315\" frameborder=\"0\" allowfullscreen=\"allowfullscreen\"><\/iframe><\/div>\n<p><strong style=\"color: #333333; font-size: 26px;\">W009D &amp; W009DA Almohadillas de lana para pulir y pulir de 9 pulgadas, almohadilla de lana para pulir de doble cara para corte y pulido compuesto de 2 caras<\/strong><\/p>\n<div class=\"magic-13\">\n<div class=\"magic-14\">\n<p>1.MATERIAL DE CALIDAD: Las almohadillas de pulido est\u00e1n hechas con lana de cordero 100% genuina, de primera calidad, lavables y reutilizables. Las almohadillas para pulir se vuelven m\u00e1s brillantes sin causar da\u00f1os.<\/p>\n<p>2. AJUSTE PERFECTO: Almohadilla para pulir pintura oxidada, piel de naranja, rasgu\u00f1os profundos y rasgu\u00f1os de lijado de color, capas finales duras y capas transparentes. Es apto para cortar, pulir y pulir con compuestos, pulimentos y esmaltes. Casi todos los tipos de m\u00e1quinas pulidoras de autom\u00f3viles son perfectas.<\/p>\n<p>3. EXTREMADAMENTE VERS\u00c1TIL: la herramienta el\u00e9ctrica de pulido para rasgu\u00f1os de m\u00e1quinas tiene un buen efecto de limpieza y nuestro kit de almohadillas de pulido es reutilizable y efectivo para pulir autom\u00f3viles. Hecho de lana de alta calidad, f\u00e1cil de limpiar.<\/p>\n<\/div>\n<\/div>\n<div class=\"magic-13\">\n<div class=\"magic-14\">\n<div class=\"magic-9\">\n<div class=\"magic-10\">\n<p><img decoding=\"async\" class=\"aligncenter size-full wp-image-3605\" src=\"https:\/\/www.supersybon.com\/es\/wp-content\/uploads\/2022\/10\/1764578549-Vehicle-car-wool-buffing-pad-buffer-100-wool-polishing-pad-9-inch.jpg\" alt=\"\" width=\"750\" height=\"750\" title=\"\" srcset=\"https:\/\/www.supersybon.com\/es\/wp-content\/uploads\/2022\/10\/1764578549-Vehicle-car-wool-buffing-pad-buffer-100-wool-polishing-pad-9-inch.jpg 750w, https:\/\/www.supersybon.com\/es\/wp-content\/uploads\/2022\/10\/1764578549-Vehicle-car-wool-buffing-pad-buffer-100-wool-polishing-pad-9-inch-480x480.jpg 480w\" sizes=\"(min-width: 0px) and (max-width: 480px) 480px, (min-width: 481px) 750px, 100vw\" \/><img decoding=\"async\" class=\"aligncenter size-full wp-image-3606\" src=\"https:\/\/www.supersybon.com\/es\/wp-content\/uploads\/2022\/10\/1764578571-Polishing-Buffing-Pad-9-Inch-Car-Wool-Buffing-Pad-Double-faced-Wools-Quality-Artificial-Wool-and-Car-Double-Side.jpg\" alt=\"\" width=\"750\" height=\"750\" title=\"\" srcset=\"https:\/\/www.supersybon.com\/es\/wp-content\/uploads\/2022\/10\/1764578571-Polishing-Buffing-Pad-9-Inch-Car-Wool-Buffing-Pad-Double-faced-Wools-Quality-Artificial-Wool-and-Car-Double-Side.jpg 750w, https:\/\/www.supersybon.com\/es\/wp-content\/uploads\/2022\/10\/1764578571-Polishing-Buffing-Pad-9-Inch-Car-Wool-Buffing-Pad-Double-faced-Wools-Quality-Artificial-Wool-and-Car-Double-Side-480x480.jpg 480w\" sizes=\"(min-width: 0px) and (max-width: 480px) 480px, (min-width: 481px) 750px, 100vw\" \/><img decoding=\"async\" class=\"aligncenter size-full wp-image-3607\" src=\"https:\/\/www.supersybon.com\/es\/wp-content\/uploads\/2022\/10\/1764578599-9-100-Wool-double-Sided-Double-Polishing-Pad-Car-Detailing-Cushioning-Polished-Wool-Pad.jpg\" alt=\"\" width=\"750\" height=\"750\" title=\"\" srcset=\"https:\/\/www.supersybon.com\/es\/wp-content\/uploads\/2022\/10\/1764578599-9-100-Wool-double-Sided-Double-Polishing-Pad-Car-Detailing-Cushioning-Polished-Wool-Pad.jpg 750w, https:\/\/www.supersybon.com\/es\/wp-content\/uploads\/2022\/10\/1764578599-9-100-Wool-double-Sided-Double-Polishing-Pad-Car-Detailing-Cushioning-Polished-Wool-Pad-480x480.jpg 480w\" sizes=\"(min-width: 0px) and (max-width: 480px) 480px, (min-width: 481px) 750px, 100vw\" \/> <img decoding=\"async\" class=\"aligncenter size-full wp-image-3608\" src=\"https:\/\/www.supersybon.com\/es\/wp-content\/uploads\/2022\/10\/1764578604-9-Inch-Double-Side-Wool-Polishing-Pad-Wool-Buffing-Pad-58-11-thread-100-Wool-Pads-For-Car-Buffing.jpg\" alt=\"\" width=\"750\" height=\"750\" title=\"\" srcset=\"https:\/\/www.supersybon.com\/es\/wp-content\/uploads\/2022\/10\/1764578604-9-Inch-Double-Side-Wool-Polishing-Pad-Wool-Buffing-Pad-58-11-thread-100-Wool-Pads-For-Car-Buffing.jpg 750w, https:\/\/www.supersybon.com\/es\/wp-content\/uploads\/2022\/10\/1764578604-9-Inch-Double-Side-Wool-Polishing-Pad-Wool-Buffing-Pad-58-11-thread-100-Wool-Pads-For-Car-Buffing-480x480.jpg 480w\" sizes=\"(min-width: 0px) and (max-width: 480px) 480px, (min-width: 481px) 750px, 100vw\" \/> <img decoding=\"async\" class=\"aligncenter size-full wp-image-3609\" src=\"https:\/\/www.supersybon.com\/es\/wp-content\/uploads\/2022\/10\/1764578609-Australian-9Inch-Wool-Buffing-Pad-Double-Sided-Middle-Thread-Car-Polishing-Yellow-and-White-Wool-Polish-Pad.jpg\" alt=\"\" width=\"750\" height=\"750\" title=\"\" srcset=\"https:\/\/www.supersybon.com\/es\/wp-content\/uploads\/2022\/10\/1764578609-Australian-9Inch-Wool-Buffing-Pad-Double-Sided-Middle-Thread-Car-Polishing-Yellow-and-White-Wool-Polish-Pad.jpg 750w, https:\/\/www.supersybon.com\/es\/wp-content\/uploads\/2022\/10\/1764578609-Australian-9Inch-Wool-Buffing-Pad-Double-Sided-Middle-Thread-Car-Polishing-Yellow-and-White-Wool-Polish-Pad-480x480.jpg 480w\" sizes=\"(min-width: 0px) and (max-width: 480px) 480px, (min-width: 481px) 750px, 100vw\" \/> <img decoding=\"async\" class=\"aligncenter size-full wp-image-3610\" src=\"https:\/\/www.supersybon.com\/es\/wp-content\/uploads\/2022\/10\/1764578615-High-Quality-9-Inch-100-Double-Side-Wool-Polishing-Pad-Wool-Buffing-Disc-For-Compound-Cutting-Sanding-Surface-Finishing.jpg\" alt=\"\" width=\"750\" height=\"750\" title=\"\" srcset=\"https:\/\/www.supersybon.com\/es\/wp-content\/uploads\/2022\/10\/1764578615-High-Quality-9-Inch-100-Double-Side-Wool-Polishing-Pad-Wool-Buffing-Disc-For-Compound-Cutting-Sanding-Surface-Finishing.jpg 750w, https:\/\/www.supersybon.com\/es\/wp-content\/uploads\/2022\/10\/1764578615-High-Quality-9-Inch-100-Double-Side-Wool-Polishing-Pad-Wool-Buffing-Disc-For-Compound-Cutting-Sanding-Surface-Finishing-480x480.jpg 480w\" sizes=\"(min-width: 0px) and (max-width: 480px) 480px, (min-width: 481px) 750px, 100vw\" \/><img decoding=\"async\" class=\"aligncenter size-full wp-image-3604\" src=\"https:\/\/www.supersybon.com\/es\/wp-content\/uploads\/2022\/10\/1764578516-W009DB-9Inch-Wool-Buffing-Pad-Double-Sided-Thread-Car-Polishing-Natural-White-Wool-Polish-Pad.jpg\" alt=\"\" width=\"750\" height=\"750\" title=\"\" srcset=\"https:\/\/www.supersybon.com\/es\/wp-content\/uploads\/2022\/10\/1764578516-W009DB-9Inch-Wool-Buffing-Pad-Double-Sided-Thread-Car-Polishing-Natural-White-Wool-Polish-Pad.jpg 750w, https:\/\/www.supersybon.com\/es\/wp-content\/uploads\/2022\/10\/1764578516-W009DB-9Inch-Wool-Buffing-Pad-Double-Sided-Thread-Car-Polishing-Natural-White-Wool-Polish-Pad-480x480.jpg 480w\" sizes=\"(min-width: 0px) and (max-width: 480px) 480px, (min-width: 481px) 750px, 100vw\" \/><\/p>\n<\/div>\n<p>&nbsp;<\/p>\n<div class=\"magic-10\">\n<p>&nbsp;<\/p>\n<p>&nbsp;<\/p>\n<p><strong>Embalaje y servicio de productos<br \/>\n<\/strong><\/p>\n<hr \/>\n<p><strong>PAQUETE :<br \/>\n<\/strong><\/p>\n<p>100PCS\/Cart\u00f3n.<\/p>\n<div class=\"magic-13\">\n<div class=\"magic-14\">\n<div class=\"magic-9\">\n<div class=\"magic-10\">\n<div class=\"magic-13\">\n<div class=\"magic-14\">\n<div data-spm-anchor-id=\"a2700.details.0.i37.625d2e9eLtZffL\">\n<div class=\"magic-13\">\n<div class=\"magic-14\">\n<div class=\"magic-9\">\n<div class=\"magic-10\">\n<div class=\"magic-13\">\n<div class=\"magic-14\">\n<div data-spm-anchor-id=\"a2700.details.0.i37.625d2e9eLtZffL\">\n<p>&nbsp;<\/p>\n<\/div>\n<\/div>\n<\/div>\n<\/div>\n<\/div>\n<\/div>\n<\/div>\n<div class=\"magic-13\">\n<div class=\"magic-14\">\n<div data-spm-anchor-id=\"a2700.details.0.i37.625d2e9eLtZffL\">\n<p>&nbsp;<\/p>\n<\/div>\n<\/div>\n<\/div>\n<\/div>\n<\/div>\n<\/div>\n<\/div>\n<\/div>\n<\/div>\n<\/div>\n<div class=\"magic-13\">\n<div class=\"magic-14\">\n<div data-spm-anchor-id=\"a2700.details.0.i37.625d2e9eLtZffL\">\n<p><strong>NUESTRO SERVICIO:<br \/>\n<\/strong><\/p>\n<p>1.24 horas en l\u00ednea<\/p>\n<p>2. Precio competitivo<\/p>\n<p>3. Excelentes comentarios del cliente<\/p>\n<p>4. Pedidos en l\u00ednea seguros<\/p>\n<p>5. Entrega r\u00e1pida<\/p>\n<p>6. Soporte t\u00e9cnico profesional<\/p>\n<\/div>\n<\/div>\n<\/div>\n<div class=\"magic-13\">\n<div class=\"magic-14\">\n<div class=\"magic-9\">\n<div class=\"magic-10\">\n<div class=\"magic-13\">\n<div class=\"magic-14\">\n<div data-spm-anchor-id=\"a2700.details.0.i37.625d2e9eLtZffL\">\n<div class=\"magic-13\">\n<div class=\"magic-14\">\n<div data-spm-anchor-id=\"a2700.details.0.i37.625d2e9eLtZffL\">\n<p>&nbsp;<\/p>\n<\/div>\n<\/div>\n<\/div>\n<\/div>\n<\/div>\n<\/div>\n<\/div>\n<\/div>\n<\/div>\n<\/div>\n<div class=\"magic-13\">\n<div class=\"magic-14\">\n<div data-spm-anchor-id=\"a2700.details.0.i37.625d2e9eLtZffL\">\n<p>&nbsp;<\/p>\n<p><img decoding=\"async\" class=\"aligncenter size-full wp-image-1118\" src=\"https:\/\/www.supersybon.com\/es\/wp-content\/uploads\/2022\/10\/1666164792-W007PA-Car-Detailing-Single-Side-Wool-Polish-Buffing-Pad-Pure-Wool-Car-Buffing-Pad-Cutting-Pads-Polishing.png\" alt=\"\" width=\"617\" height=\"402\" title=\"\" srcset=\"https:\/\/www.supersybon.com\/es\/wp-content\/uploads\/2022\/10\/1666164792-W007PA-Car-Detailing-Single-Side-Wool-Polish-Buffing-Pad-Pure-Wool-Car-Buffing-Pad-Cutting-Pads-Polishing.png 617w, https:\/\/www.supersybon.com\/es\/wp-content\/uploads\/2022\/10\/1666164792-W007PA-Car-Detailing-Single-Side-Wool-Polish-Buffing-Pad-Pure-Wool-Car-Buffing-Pad-Cutting-Pads-Polishing-480x313.png 480w\" sizes=\"(min-width: 0px) and (max-width: 480px) 480px, (min-width: 481px) 617px, 100vw\" \/><\/p>\n<\/div>\n<div data-spm-anchor-id=\"a2700.details.0.i37.625d2e9eLtZffL\">\n<div class=\"magic-13\">\n<div class=\"magic-14\">\n<div class=\"magic-9\">\n<div class=\"magic-10\">\n<div class=\"magic-13\">\n<div class=\"magic-14\">\n<div data-spm-anchor-id=\"a2700.details.0.i37.625d2e9eLtZffL\">\n<div class=\"magic-13\">\n<div class=\"magic-14\">\n<div data-spm-anchor-id=\"a2700.details.0.i37.625d2e9eLtZffL\">\n<p>&nbsp;<\/p>\n<\/div>\n<\/div>\n<\/div>\n<\/div>\n<\/div>\n<\/div>\n<\/div>\n<\/div>\n<\/div>\n<\/div>\n<div class=\"magic-13\">\n<div class=\"magic-14\">\n<div data-spm-anchor-id=\"a2700.details.0.i37.625d2e9eLtZffL\">\n<p>&nbsp;<\/p>\n<div class=\"magic-13\">\n<div class=\"magic-14\">\n<div class=\"magic-9\">\n<div class=\"magic-10\">\n<div class=\"magic-13\">\n<div class=\"magic-14\">\n<div data-spm-anchor-id=\"a2700.details.0.i37.625d2e9eLtZffL\">\n<div class=\"magic-13\">\n<div class=\"magic-14\">\n<div class=\"magic-13\">\n<div class=\"magic-14\">\n<p>&nbsp;<\/p>\n<\/div>\n<\/div>\n<\/div>\n<\/div>\n<\/div>\n<\/div>\n<\/div>\n<\/div>\n<\/div>\n<\/div>\n<\/div>\n<div class=\"magic-13\">\n<div class=\"magic-14\">\n<p><strong>Perfil de la empresa<br \/>\n<\/strong><\/p>\n<hr \/>\n<p>&nbsp;<\/p>\n<\/div>\n<\/div>\n<\/div>\n<\/div>\n<\/div>\n<\/div>\n<\/div>\n<\/div>\n<\/div>\n<\/div>\n<\/div>\n<\/div>\n<div class=\"magic-13\">\n<div class=\"magic-14\">\n<p><img decoding=\"async\" class=\"aligncenter size-full wp-image-324\" src=\"https:\/\/www.supersybon.com\/es\/wp-content\/uploads\/2022\/09\/1663401769-Car-Paint-Supplier-Company-Profile-Manufacturer-China.jpg\" alt=\"\" width=\"900\" height=\"958\" title=\"\" srcset=\"https:\/\/www.supersybon.com\/es\/wp-content\/uploads\/2022\/09\/1663401769-Car-Paint-Supplier-Company-Profile-Manufacturer-China.jpg 900w, https:\/\/www.supersybon.com\/es\/wp-content\/uploads\/2022\/09\/1663401769-Car-Paint-Supplier-Company-Profile-Manufacturer-China-480x511.jpg 480w\" sizes=\"(min-width: 0px) and (max-width: 480px) 480px, (min-width: 481px) 900px, 100vw\" \/><\/p>\n<div class=\"magic-13\">\n<div class=\"magic-14\">\n<p><strong>Preguntas m\u00e1s frecuentes<\/strong><\/p>\n<hr \/>\n<\/div>\n<\/div>\n<p>P: \u00bfCu\u00e1l es su MOQ?<\/p>\n<p>R: Nuestro pedido m\u00ednimo es de 1 caja de cart\u00f3n.<\/p>\n<p>P: \u00bfQu\u00e9 hay de su pago?<\/p>\n<p>R: dep\u00f3sito del 50% por adelantado, saldo del 50% por T\/T, L\/C, paypal, Western Union o antes del env\u00edo.<\/p>\n<p>P: \u00bfProporcionan muestras?<\/p>\n<p>R: S\u00ed, puede comprar una muestra para probarla.<\/p>\n<p>P: \u00bfQu\u00e9 hay de su tiempo de entrega?<\/p>\n<p>R: generalmente 15 d\u00edas despu\u00e9s de recibir su dep\u00f3sito.<\/p>\n<\/div>\n<\/div>\n","protected":false},"excerpt":{"rendered":"<p>\u00b7MATERIAL DE CALIDAD: Las almohadillas de pulido est\u00e1n hechas con lana de cordero 100% genuina, de primera calidad, lavables y reutilizables. Las almohadillas para pulir se vuelven m\u00e1s brillantes sin causar da\u00f1os.<br \/>\n\u00b7AJUSTE PERFECTO: Almohadilla para pulir pintura oxidada, piel de naranja, raspaduras profundas y raspaduras de lijado de color, capas finales duras y capas transparentes. Es apto para cortar, pulir y pulir con compuestos, pulimentos y esmaltes. Casi todos los tipos de m\u00e1quinas pulidoras de autom\u00f3viles son perfectas.<br \/>\n\u00b7EXTREMADAMENTE VERS\u00c1TIL: La herramienta el\u00e9ctrica para pulir rayones de m\u00e1quinas tiene un buen efecto de limpieza y nuestro kit de almohadillas para pulir es reutilizable y efectivo para pulir autom\u00f3viles. Hecho de lana de alta calidad, f\u00e1cil de limpiar.<\/p>\n","protected":false},"featured_media":3605,"template":"","meta":{"_et_pb_use_builder":"","_et_pb_old_content":"","_et_gb_content_width":""},"product_brand":[],"product_cat":[56,64],"product_tag":[569,570],"class_list":{"0":"post-1124","1":"product","2":"type-product","3":"status-publish","4":"has-post-thumbnail","6":"product_cat-serie-de-cuidado-de-automoviles","7":"product_cat-almohadilla-de-lana","8":"product_tag-almohadilla-de-lana-para-pulir-de-doble-cara","9":"product_tag-almohadillas-de-lana-para-pulir-y-pulir","11":"first","12":"instock","13":"shipping-taxable","14":"product-type-simple"},"_links":{"self":[{"href":"https:\/\/www.supersybon.com\/es\/wp-json\/wp\/v2\/product\/1124","targetHints":{"allow":["GET"]}}],"collection":[{"href":"https:\/\/www.supersybon.com\/es\/wp-json\/wp\/v2\/product"}],"about":[{"href":"https:\/\/www.supersybon.com\/es\/wp-json\/wp\/v2\/types\/product"}],"wp:featuredmedia":[{"embeddable":true,"href":"https:\/\/www.supersybon.com\/es\/wp-json\/wp\/v2\/media\/3605"}],"wp:attachment":[{"href":"https:\/\/www.supersybon.com\/es\/wp-json\/wp\/v2\/media?parent=1124"}],"wp:term":[{"taxonomy":"product_brand","embeddable":true,"href":"https:\/\/www.supersybon.com\/es\/wp-json\/wp\/v2\/product_brand?post=1124"},{"taxonomy":"product_cat","embeddable":true,"href":"https:\/\/www.supersybon.com\/es\/wp-json\/wp\/v2\/product_cat?post=1124"},{"taxonomy":"product_tag","embeddable":true,"href":"https:\/\/www.supersybon.com\/es\/wp-json\/wp\/v2\/product_tag?post=1124"}],"curies":[{"name":"wp","href":"https:\/\/api.w.org\/{rel}","templated":true}]}}