{"id":1113,"date":"2022-10-19T14:43:29","date_gmt":"2022-10-19T06:43:29","guid":{"rendered":"https:\/\/www.supersybon.com\/es\/?post_type=product&#038;p=1113"},"modified":"2025-12-01T16:48:57","modified_gmt":"2025-12-01T08:48:57","slug":"w007pa-7-100-almohadilla-para-pulir-con-gancho-y-bucle-de-lana-almohadilla-de-corte-y-pulido-de-un-solo-lado-para-automocion","status":"publish","type":"product","link":"https:\/\/www.supersybon.com\/es\/product\/w007pa-7-100-almohadilla-para-pulir-con-gancho-y-bucle-de-lana-almohadilla-de-corte-y-pulido-de-un-solo-lado-para-automocion","title":{"rendered":"W007PA 7\" 100% Almohadilla para pulir con gancho y bucle de lana almohadilla de corte y pulido de un solo lado para automoci\u00f3n"},"content":{"rendered":"<p>&nbsp;<\/p>\n<div class=\"magic-13\">\n<div class=\"magic-14\">\n<p><strong>W007PA 7\" 100% Almohadilla para pulir con gancho y bucle de lana almohadilla de corte y pulido de un solo lado para automoci\u00f3n<\/strong><\/p>\n<p>1. Almohadilla de pulido de 100 % lana con velcro - Almohadilla de corte y pulido de un solo lado.<\/p>\n<p>2. Pula la pintura oxidada, la piel de naranja, los rasgu\u00f1os profundos, los rasgu\u00f1os de lijado de color y las capas finales y transparentes duras.<\/p>\n<p>3. Almohadilla pulidora de lana de corte pesado para cortar, pulir y pulir con compuestos, pulimentos y esmaltes.<\/p>\n<\/div>\n<\/div>\n<div data-id=\"paragraph0\"><\/div>\n<p><img decoding=\"async\" class=\"aligncenter size-full wp-image-3611\" src=\"https:\/\/www.supersybon.com\/es\/wp-content\/uploads\/2022\/10\/1764578796-W007PA-High-Quality-7-Single-Side-100-Pure-Sheep-Lambs-Wool-Buffing-Car-Polishing-Pad.jpg\" alt=\"\" width=\"750\" height=\"750\" title=\"\" srcset=\"https:\/\/www.supersybon.com\/es\/wp-content\/uploads\/2022\/10\/1764578796-W007PA-High-Quality-7-Single-Side-100-Pure-Sheep-Lambs-Wool-Buffing-Car-Polishing-Pad.jpg 750w, https:\/\/www.supersybon.com\/es\/wp-content\/uploads\/2022\/10\/1764578796-W007PA-High-Quality-7-Single-Side-100-Pure-Sheep-Lambs-Wool-Buffing-Car-Polishing-Pad-480x480.jpg 480w\" sizes=\"(min-width: 0px) and (max-width: 480px) 480px, (min-width: 481px) 750px, 100vw\" \/><img decoding=\"async\" class=\"aligncenter size-full wp-image-3612\" src=\"https:\/\/www.supersybon.com\/es\/wp-content\/uploads\/2022\/10\/1764578829-W007PA-7-Inch-Single-Side-Wool-Polishing-Pad-Buffing-pad-100-Wool.jpg\" alt=\"\" width=\"750\" height=\"750\" title=\"\" srcset=\"https:\/\/www.supersybon.com\/es\/wp-content\/uploads\/2022\/10\/1764578829-W007PA-7-Inch-Single-Side-Wool-Polishing-Pad-Buffing-pad-100-Wool.jpg 750w, https:\/\/www.supersybon.com\/es\/wp-content\/uploads\/2022\/10\/1764578829-W007PA-7-Inch-Single-Side-Wool-Polishing-Pad-Buffing-pad-100-Wool-480x480.jpg 480w\" sizes=\"(min-width: 0px) and (max-width: 480px) 480px, (min-width: 481px) 750px, 100vw\" \/> <img decoding=\"async\" class=\"aligncenter size-full wp-image-3613\" src=\"https:\/\/www.supersybon.com\/es\/wp-content\/uploads\/2022\/10\/1764578834-W007PA-Advanced-7-Inch-Single-Sided-Wool-Buffing-Pad-Factory-Car-Polishing-Wool-Pad-Manufacturer-Wool-Buffing-Pad-Wool-Polishing-Wheel-Disc.jpg\" alt=\"\" width=\"750\" height=\"750\" title=\"\" srcset=\"https:\/\/www.supersybon.com\/es\/wp-content\/uploads\/2022\/10\/1764578834-W007PA-Advanced-7-Inch-Single-Sided-Wool-Buffing-Pad-Factory-Car-Polishing-Wool-Pad-Manufacturer-Wool-Buffing-Pad-Wool-Polishing-Wheel-Disc.jpg 750w, https:\/\/www.supersybon.com\/es\/wp-content\/uploads\/2022\/10\/1764578834-W007PA-Advanced-7-Inch-Single-Sided-Wool-Buffing-Pad-Factory-Car-Polishing-Wool-Pad-Manufacturer-Wool-Buffing-Pad-Wool-Polishing-Wheel-Disc-480x480.jpg 480w\" sizes=\"(min-width: 0px) and (max-width: 480px) 480px, (min-width: 481px) 750px, 100vw\" \/> <img decoding=\"async\" class=\"aligncenter size-full wp-image-3614\" src=\"https:\/\/www.supersybon.com\/es\/wp-content\/uploads\/2022\/10\/1764578839-W007PA-Polish-pad-single-sided-100-wool-car-polishing-pad-for-polisher-machine.jpg\" alt=\"\" width=\"750\" height=\"750\" title=\"\" srcset=\"https:\/\/www.supersybon.com\/es\/wp-content\/uploads\/2022\/10\/1764578839-W007PA-Polish-pad-single-sided-100-wool-car-polishing-pad-for-polisher-machine.jpg 750w, https:\/\/www.supersybon.com\/es\/wp-content\/uploads\/2022\/10\/1764578839-W007PA-Polish-pad-single-sided-100-wool-car-polishing-pad-for-polisher-machine-480x480.jpg 480w\" sizes=\"(min-width: 0px) and (max-width: 480px) 480px, (min-width: 481px) 750px, 100vw\" \/> <img decoding=\"async\" class=\"aligncenter size-full wp-image-3615\" src=\"https:\/\/www.supersybon.com\/es\/wp-content\/uploads\/2022\/10\/1764578844-W007PA-Wool-Buffing-Pad-Curved-Back-Single-Side-Wool-Polishing-Pad.jpg\" alt=\"\" width=\"750\" height=\"750\" title=\"\" srcset=\"https:\/\/www.supersybon.com\/es\/wp-content\/uploads\/2022\/10\/1764578844-W007PA-Wool-Buffing-Pad-Curved-Back-Single-Side-Wool-Polishing-Pad.jpg 750w, https:\/\/www.supersybon.com\/es\/wp-content\/uploads\/2022\/10\/1764578844-W007PA-Wool-Buffing-Pad-Curved-Back-Single-Side-Wool-Polishing-Pad-480x480.jpg 480w\" sizes=\"(min-width: 0px) and (max-width: 480px) 480px, (min-width: 481px) 750px, 100vw\" \/><\/p>\n<div class=\"magic-13\">\n<div class=\"magic-14\">\n<div class=\"magic-9\">\n<div class=\"magic-10\">\n<p>&nbsp;<\/p>\n<p>&nbsp;<\/p>\n<\/div>\n<p>&nbsp;<\/p>\n<p>&nbsp;<\/p>\n<p>&nbsp;<\/p>\n<div class=\"magic-10\">\n<p>&nbsp;<\/p>\n<p>&nbsp;<\/p>\n<p><strong>Embalaje y servicio de productos<br \/>\n<\/strong><\/p>\n<hr \/>\n<p><strong>PAQUETE :<br \/>\n<\/strong><\/p>\n<p>100PCS\/Cart\u00f3n.<\/p>\n<div data-spm-anchor-id=\"a2700.details.0.i37.625d2e9eLtZffL\">\n<div class=\"magic-13\">\n<div class=\"magic-14\">\n<div class=\"magic-9\">\n<div class=\"magic-10\">\n<div class=\"magic-13\">\n<div class=\"magic-14\">\n<div data-spm-anchor-id=\"a2700.details.0.i37.625d2e9eLtZffL\">\n<div class=\"magic-13\">\n<div class=\"magic-14\">\n<div class=\"magic-9\">\n<div class=\"magic-10\">\n<div class=\"magic-13\">\n<div class=\"magic-14\">\n<div data-spm-anchor-id=\"a2700.details.0.i37.625d2e9eLtZffL\">\n<p>&nbsp;<\/p>\n<\/div>\n<\/div>\n<\/div>\n<\/div>\n<\/div>\n<\/div>\n<\/div>\n<\/div>\n<\/div>\n<\/div>\n<\/div>\n<\/div>\n<\/div>\n<\/div>\n<div class=\"magic-13\">\n<div class=\"magic-14\">\n<div data-spm-anchor-id=\"a2700.details.0.i37.625d2e9eLtZffL\">\n<p><strong>NUESTRO SERVICIO:<br \/>\n<\/strong><\/p>\n<p>1.24 horas en l\u00ednea<\/p>\n<p>2. Precio competitivo<\/p>\n<p>3. Excelentes comentarios del cliente<\/p>\n<p>4. Pedidos en l\u00ednea seguros<\/p>\n<p>5. Entrega r\u00e1pida<\/p>\n<p>6. Soporte t\u00e9cnico profesional<\/p>\n<\/div>\n<\/div>\n<\/div>\n<\/div>\n<\/div>\n<\/div>\n<\/div>\n<\/div>\n<div class=\"magic-13\">\n<div class=\"magic-14\">\n<p><img decoding=\"async\" class=\"aligncenter size-full wp-image-1118\" src=\"https:\/\/www.supersybon.com\/es\/wp-content\/uploads\/2022\/10\/1666164792-W007PA-Car-Detailing-Single-Side-Wool-Polish-Buffing-Pad-Pure-Wool-Car-Buffing-Pad-Cutting-Pads-Polishing.png\" alt=\"\" width=\"617\" height=\"402\" title=\"\" srcset=\"https:\/\/www.supersybon.com\/es\/wp-content\/uploads\/2022\/10\/1666164792-W007PA-Car-Detailing-Single-Side-Wool-Polish-Buffing-Pad-Pure-Wool-Car-Buffing-Pad-Cutting-Pads-Polishing.png 617w, https:\/\/www.supersybon.com\/es\/wp-content\/uploads\/2022\/10\/1666164792-W007PA-Car-Detailing-Single-Side-Wool-Polish-Buffing-Pad-Pure-Wool-Car-Buffing-Pad-Cutting-Pads-Polishing-480x313.png 480w\" sizes=\"(min-width: 0px) and (max-width: 480px) 480px, (min-width: 481px) 617px, 100vw\" \/><\/p>\n<div class=\"magic-13\">\n<div class=\"magic-14\">\n<div class=\"magic-9\">\n<div class=\"magic-10\">\n<div class=\"magic-13\">\n<div class=\"magic-14\">\n<div data-spm-anchor-id=\"a2700.details.0.i37.625d2e9eLtZffL\">\n<div class=\"magic-13\">\n<div class=\"magic-14\">\n<div class=\"magic-13\">\n<div class=\"magic-14\">\n<div class=\"magic-9\">\n<div class=\"magic-10\">\n<div class=\"magic-13\">\n<div class=\"magic-14\">\n<div data-spm-anchor-id=\"a2700.details.0.i37.625d2e9eLtZffL\">\n<div class=\"magic-13\">\n<div class=\"magic-14\">\n<p>&nbsp;<\/p>\n<\/div>\n<\/div>\n<\/div>\n<\/div>\n<\/div>\n<\/div>\n<\/div>\n<\/div>\n<\/div>\n<div class=\"magic-13\">\n<div class=\"magic-14\">\n<p>&nbsp;<\/p>\n<\/div>\n<\/div>\n<\/div>\n<\/div>\n<\/div>\n<\/div>\n<\/div>\n<\/div>\n<\/div>\n<\/div>\n<\/div>\n<div class=\"magic-13\">\n<div class=\"magic-14\">\n<p><strong>Perfil de la empresa<br \/>\n<\/strong><\/p>\n<hr \/>\n<p>&nbsp;<\/p>\n<\/div>\n<\/div>\n<p><img decoding=\"async\" class=\"aligncenter size-full wp-image-324\" src=\"https:\/\/www.supersybon.com\/es\/wp-content\/uploads\/2022\/09\/1663401769-Car-Paint-Supplier-Company-Profile-Manufacturer-China.jpg\" alt=\"\" width=\"900\" height=\"958\" title=\"\" srcset=\"https:\/\/www.supersybon.com\/es\/wp-content\/uploads\/2022\/09\/1663401769-Car-Paint-Supplier-Company-Profile-Manufacturer-China.jpg 900w, https:\/\/www.supersybon.com\/es\/wp-content\/uploads\/2022\/09\/1663401769-Car-Paint-Supplier-Company-Profile-Manufacturer-China-480x511.jpg 480w\" sizes=\"(min-width: 0px) and (max-width: 480px) 480px, (min-width: 481px) 900px, 100vw\" \/><\/p>\n<div class=\"magic-13\">\n<div class=\"magic-14\">\n<p><strong>Preguntas m\u00e1s frecuentes<\/strong><\/p>\n<hr \/>\n<\/div>\n<\/div>\n<p>P: \u00bfCu\u00e1l es su MOQ?<\/p>\n<p>R: Nuestro pedido m\u00ednimo es de 1 caja de cart\u00f3n.<\/p>\n<p>P: \u00bfQu\u00e9 hay de su pago?<\/p>\n<p>R: dep\u00f3sito del 50% por adelantado, saldo del 50% por T\/T, L\/C, paypal, Western Union o antes del env\u00edo.<\/p>\n<p>P: \u00bfProporcionan muestras?<\/p>\n<p>R: S\u00ed, puede comprar una muestra para probarla.<\/p>\n<p>P: \u00bfQu\u00e9 hay de su tiempo de entrega?<\/p>\n<p>R: generalmente 15 d\u00edas despu\u00e9s de recibir su dep\u00f3sito.<\/p>\n<\/div>\n<\/div>\n","protected":false},"excerpt":{"rendered":"<p>\u00b7Gancho &amp;erio; Almohadilla para pulir Loop 100 % lana - Corte de un solo lado &amp; Almohadilla de pulido.<br \/>\n\u00b7Pintura oxidada pulidora, piel de naranja, rayones profundos, rayones de lijado de color y acabados duros y transparentes.<br \/>\n\u00b7Almohadilla pulidora de lana de corte pesado para cortar, pulir y pulir con compuestos, pulimentos y esmaltes.<\/p>\n","protected":false},"featured_media":3617,"template":"","meta":{"_et_pb_use_builder":"","_et_pb_old_content":"","_et_gb_content_width":""},"product_brand":[],"product_cat":[56,64],"product_tag":[568,567,566],"class_list":{"0":"post-1113","1":"product","2":"type-product","3":"status-publish","4":"has-post-thumbnail","6":"product_cat-serie-de-cuidado-de-automoviles","7":"product_cat-almohadilla-de-lana","8":"product_tag-almohadilla-de-pulido-de-lana-para-corte-compuesto","9":"product_tag-almohadilla-para-pulir-con-agarre-de-velcro-100-lana","10":"product_tag-almohadilla-para-pulir-con-gancho-y-bucle-de-lana","12":"first","13":"instock","14":"shipping-taxable","15":"product-type-simple"},"_links":{"self":[{"href":"https:\/\/www.supersybon.com\/es\/wp-json\/wp\/v2\/product\/1113","targetHints":{"allow":["GET"]}}],"collection":[{"href":"https:\/\/www.supersybon.com\/es\/wp-json\/wp\/v2\/product"}],"about":[{"href":"https:\/\/www.supersybon.com\/es\/wp-json\/wp\/v2\/types\/product"}],"wp:featuredmedia":[{"embeddable":true,"href":"https:\/\/www.supersybon.com\/es\/wp-json\/wp\/v2\/media\/3617"}],"wp:attachment":[{"href":"https:\/\/www.supersybon.com\/es\/wp-json\/wp\/v2\/media?parent=1113"}],"wp:term":[{"taxonomy":"product_brand","embeddable":true,"href":"https:\/\/www.supersybon.com\/es\/wp-json\/wp\/v2\/product_brand?post=1113"},{"taxonomy":"product_cat","embeddable":true,"href":"https:\/\/www.supersybon.com\/es\/wp-json\/wp\/v2\/product_cat?post=1113"},{"taxonomy":"product_tag","embeddable":true,"href":"https:\/\/www.supersybon.com\/es\/wp-json\/wp\/v2\/product_tag?post=1113"}],"curies":[{"name":"wp","href":"https:\/\/api.w.org\/{rel}","templated":true}]}}