{"id":1093,"date":"2022-10-19T11:08:36","date_gmt":"2022-10-19T03:08:36","guid":{"rendered":"https:\/\/www.supersybon.com\/es\/?post_type=product&#038;p=1093"},"modified":"2025-12-01T16:54:07","modified_gmt":"2025-12-01T08:54:07","slug":"s122-poderoso-pulidora-de-detalles-inalambrica-nano-corrija-y-pula-areas-dificiles-de-alcanzar-para-obtener-resultados-de-detallado-profesional","status":"publish","type":"product","link":"https:\/\/www.supersybon.com\/es\/product\/s122-poderoso-pulidora-de-detalles-inalambrica-nano-corrija-y-pula-areas-dificiles-de-alcanzar-para-obtener-resultados-de-detallado-profesional","title":{"rendered":"S122 Poderoso pulidora de detalles inal\u00e1mbrica Nano corrija y pula \u00e1reas dif\u00edciles de alcanzar para obtener resultados de detallado profesional"},"content":{"rendered":"<p>&nbsp;<\/p>\n<div class=\"magic-13\">\n<div class=\"magic-14\">\n<p><strong>S122 Poderoso pulidora de detalles inal\u00e1mbrica Nano corrija y pula \u00e1reas dif\u00edciles de alcanzar para obtener resultados de detallado profesional<\/strong><\/p>\n<p>1. ELIMINA REMOLINOS, RASGU\u00d1OS Y DEFECTOS DE LUGARES DIF\u00cdCILES DE ALCANZAR: la pulidora puede alcanzar esas curvas complejas alrededor de las luces antiniebla, los alerones traseros, los faros, las luces traseras, las insignias y los paneles de balancines.<\/p>\n<p>2. FUERTE CAPACIDAD DE CORRECCI\u00d3N CON ACCESORIOS DE LANZAMIENTO giratorios de 3 mm y 12 mm: la pulidora puede ser una m\u00e1quina pulidora rotativa o de doble acci\u00f3n. DA oscila y sacude la almohadilla y la placa en muchas direcciones con movimientos r\u00e1pidos, varios miles de veces por minuto. Los amortiguadores giratorios tienen una rotaci\u00f3n circular fija sin que la almohadilla oscile, lo que crea m\u00e1s calor r\u00e1pidamente para una mayor capacidad de correcci\u00f3n.<\/p>\n<p>3. UNA HERRAMIENTA DE DETALLE AUTOM\u00c1TICO DEBE TENER: la pulidora est\u00e1 dise\u00f1ada para usarse para la correcci\u00f3n de puntos en \u00e1reas espec\u00edficas de un veh\u00edculo donde una m\u00e1quina pulidora de tama\u00f1o completo no puede caber. El dise\u00f1o inal\u00e1mbrico alimentado por bater\u00eda permite una maniobrabilidad m\u00e1s f\u00e1cil en el exterior y el interior de su veh\u00edculo.<\/p>\n<div class=\"magic-13\">\n<div class=\"magic-14\">\n<div class=\"magic-9\">\n<div class=\"magic-10\">\n<p>&nbsp;<\/p>\n<\/div>\n<\/div>\n<\/div>\n<\/div>\n<div class=\"magic-13\">\n<div class=\"magic-14\">\n<p><img decoding=\"async\" class=\"aligncenter size-full wp-image-3622\" src=\"https:\/\/www.supersybon.com\/es\/wp-content\/uploads\/2022\/10\/1764579072-S122-Powerful-Nano-Polisher-For-Professional-Detailing-Results-Correct-Polish-Tough-to-Reach-Areas-Badge-Emblems-Grills-Chrome.jpg\" alt=\"\" width=\"750\" height=\"750\" title=\"\" srcset=\"https:\/\/www.supersybon.com\/es\/wp-content\/uploads\/2022\/10\/1764579072-S122-Powerful-Nano-Polisher-For-Professional-Detailing-Results-Correct-Polish-Tough-to-Reach-Areas-Badge-Emblems-Grills-Chrome.jpg 750w, https:\/\/www.supersybon.com\/es\/wp-content\/uploads\/2022\/10\/1764579072-S122-Powerful-Nano-Polisher-For-Professional-Detailing-Results-Correct-Polish-Tough-to-Reach-Areas-Badge-Emblems-Grills-Chrome-480x480.jpg 480w\" sizes=\"(min-width: 0px) and (max-width: 480px) 480px, (min-width: 481px) 750px, 100vw\" \/><img decoding=\"async\" class=\"aligncenter size-full wp-image-3620\" src=\"https:\/\/www.supersybon.com\/es\/wp-content\/uploads\/2022\/10\/1764579061-S122-Cordless-Mini-Car-Polisher-12V-Micro-Cordless-Scratches-Car-Polisher-RO-DA-Mini-Car-Polisher-for-polishing-Sanding-and-Cleaning.jpg\" alt=\"\" width=\"750\" height=\"750\" title=\"\" srcset=\"https:\/\/www.supersybon.com\/es\/wp-content\/uploads\/2022\/10\/1764579061-S122-Cordless-Mini-Car-Polisher-12V-Micro-Cordless-Scratches-Car-Polisher-RO-DA-Mini-Car-Polisher-for-polishing-Sanding-and-Cleaning.jpg 750w, https:\/\/www.supersybon.com\/es\/wp-content\/uploads\/2022\/10\/1764579061-S122-Cordless-Mini-Car-Polisher-12V-Micro-Cordless-Scratches-Car-Polisher-RO-DA-Mini-Car-Polisher-for-polishing-Sanding-and-Cleaning-480x480.jpg 480w\" sizes=\"(min-width: 0px) and (max-width: 480px) 480px, (min-width: 481px) 750px, 100vw\" \/><img decoding=\"async\" class=\"aligncenter size-full wp-image-3621\" src=\"https:\/\/www.supersybon.com\/es\/wp-content\/uploads\/2022\/10\/1764579067-S122-Cordless-Mini-Polisher-with-2pcs-Batteries-Works-as-DA-RO-Polisher-Small-Polisher-with-6-Speeds-for-Car-Detailing-polishing.jpg\" alt=\"\" width=\"750\" height=\"750\" title=\"\" srcset=\"https:\/\/www.supersybon.com\/es\/wp-content\/uploads\/2022\/10\/1764579067-S122-Cordless-Mini-Polisher-with-2pcs-Batteries-Works-as-DA-RO-Polisher-Small-Polisher-with-6-Speeds-for-Car-Detailing-polishing.jpg 750w, https:\/\/www.supersybon.com\/es\/wp-content\/uploads\/2022\/10\/1764579067-S122-Cordless-Mini-Polisher-with-2pcs-Batteries-Works-as-DA-RO-Polisher-Small-Polisher-with-6-Speeds-for-Car-Detailing-polishing-480x480.jpg 480w\" sizes=\"(min-width: 0px) and (max-width: 480px) 480px, (min-width: 481px) 750px, 100vw\" \/><img decoding=\"async\" class=\"aligncenter size-full wp-image-3618\" src=\"https:\/\/www.supersybon.com\/es\/wp-content\/uploads\/2022\/10\/1764579050-S122-12V-Cordless-Multi-Polisher-Car-Polisher-RO-DA-Mini-Auto-Machine-Sets-With-Polishing-Pad-And-Wool-Pads-for-polishing-Sanding.jpg\" alt=\"\" width=\"750\" height=\"750\" title=\"\" srcset=\"https:\/\/www.supersybon.com\/es\/wp-content\/uploads\/2022\/10\/1764579050-S122-12V-Cordless-Multi-Polisher-Car-Polisher-RO-DA-Mini-Auto-Machine-Sets-With-Polishing-Pad-And-Wool-Pads-for-polishing-Sanding.jpg 750w, https:\/\/www.supersybon.com\/es\/wp-content\/uploads\/2022\/10\/1764579050-S122-12V-Cordless-Multi-Polisher-Car-Polisher-RO-DA-Mini-Auto-Machine-Sets-With-Polishing-Pad-And-Wool-Pads-for-polishing-Sanding-480x480.jpg 480w\" sizes=\"(min-width: 0px) and (max-width: 480px) 480px, (min-width: 481px) 750px, 100vw\" \/> <img decoding=\"async\" class=\"aligncenter size-full wp-image-3619\" src=\"https:\/\/www.supersybon.com\/es\/wp-content\/uploads\/2022\/10\/1764579057-S122-Cordless-Car-Buffer-Polisher-Kit-12V-Batteries-Fast-Charger-With-Rotary-3-Functions-Orbital-Polisher-Head-Nano-Mini-Car-Polisher.jpg\" alt=\"\" width=\"750\" height=\"750\" title=\"\" srcset=\"https:\/\/www.supersybon.com\/es\/wp-content\/uploads\/2022\/10\/1764579057-S122-Cordless-Car-Buffer-Polisher-Kit-12V-Batteries-Fast-Charger-With-Rotary-3-Functions-Orbital-Polisher-Head-Nano-Mini-Car-Polisher.jpg 750w, https:\/\/www.supersybon.com\/es\/wp-content\/uploads\/2022\/10\/1764579057-S122-Cordless-Car-Buffer-Polisher-Kit-12V-Batteries-Fast-Charger-With-Rotary-3-Functions-Orbital-Polisher-Head-Nano-Mini-Car-Polisher-480x480.jpg 480w\" sizes=\"(min-width: 0px) and (max-width: 480px) 480px, (min-width: 481px) 750px, 100vw\" \/><\/p>\n<\/div>\n<\/div>\n<\/div>\n<\/div>\n<p>&nbsp;<\/p>\n<div class=\"magic-13\">\n<div class=\"magic-14\">\n<div class=\"magic-9\">\n<div class=\"magic-10\">\n<p>&nbsp;<\/p>\n<p>&nbsp;<\/p>\n<div class=\"magic-13\">\n<div class=\"magic-14\">\n<div class=\"magic-13\">\n<div class=\"magic-14\">\n<p>&nbsp;<\/p>\n<\/div>\n<\/div>\n<\/div>\n<\/div>\n<p>&nbsp;<\/p>\n<p>&nbsp;<\/p>\n<p>&nbsp;<\/p>\n<p>&nbsp;<\/p>\n<p>&nbsp;<\/p>\n<p><strong>Embalaje y servicio de productos<br \/>\n<\/strong><\/p>\n<hr \/>\n<p><strong>PAQUETE :<br \/>\n<\/strong><\/p>\n<p>1 juego\/bolsa.<\/p>\n<div class=\"magic-13\">\n<div class=\"magic-14\">\n<div class=\"magic-9\">\n<div class=\"magic-10\">\n<div class=\"magic-13\">\n<div class=\"magic-14\">\n<div data-spm-anchor-id=\"a2700.details.0.i37.625d2e9eLtZffL\">\n<p>&nbsp;<\/p>\n<\/div>\n<\/div>\n<\/div>\n<\/div>\n<\/div>\n<\/div>\n<\/div>\n<div class=\"magic-13\">\n<div class=\"magic-14\">\n<div data-spm-anchor-id=\"a2700.details.0.i37.625d2e9eLtZffL\">\n<p><strong>NUESTRO SERVICIO:<br \/>\n<\/strong><\/p>\n<p>1.24 horas en l\u00ednea<\/p>\n<p>2. Precio competitivo<\/p>\n<p>3. Excelentes comentarios del cliente<\/p>\n<p>4. Pedidos en l\u00ednea seguros<\/p>\n<p>5. Entrega r\u00e1pida<\/p>\n<p>6. Soporte t\u00e9cnico profesional<\/p>\n<\/div>\n<\/div>\n<\/div>\n<\/div>\n<\/div>\n<\/div>\n<\/div>\n<div class=\"magic-13\">\n<div class=\"magic-14\">\n<div class=\"magic-13\">\n<div class=\"magic-14\">\n<div data-spm-anchor-id=\"a2700.details.0.i37.625d2e9eLtZffL\">\n<p>&nbsp;<\/p>\n<div class=\"magic-13\">\n<div class=\"magic-14\">\n<div class=\"magic-9\">\n<div class=\"magic-10\">\n<div class=\"magic-13\">\n<div class=\"magic-14\">\n<div data-spm-anchor-id=\"a2700.details.0.i37.625d2e9eLtZffL\">\n<div class=\"magic-13\">\n<div class=\"magic-14\">\n<p>&nbsp;<\/p>\n<\/div>\n<\/div>\n<\/div>\n<\/div>\n<\/div>\n<\/div>\n<\/div>\n<\/div>\n<\/div>\n<div class=\"magic-13\">\n<div class=\"magic-14\">\n<p><strong>Perfil de la empresa<br \/>\n<\/strong><\/p>\n<hr \/>\n<p>&nbsp;<\/p>\n<\/div>\n<\/div>\n<\/div>\n<\/div>\n<\/div>\n<p>&nbsp;<\/p>\n<p><img decoding=\"async\" class=\"aligncenter size-full wp-image-324\" src=\"https:\/\/www.supersybon.com\/es\/wp-content\/uploads\/2022\/09\/1663401769-Car-Paint-Supplier-Company-Profile-Manufacturer-China.jpg\" alt=\"\" width=\"900\" height=\"958\" title=\"\" srcset=\"https:\/\/www.supersybon.com\/es\/wp-content\/uploads\/2022\/09\/1663401769-Car-Paint-Supplier-Company-Profile-Manufacturer-China.jpg 900w, https:\/\/www.supersybon.com\/es\/wp-content\/uploads\/2022\/09\/1663401769-Car-Paint-Supplier-Company-Profile-Manufacturer-China-480x511.jpg 480w\" sizes=\"(min-width: 0px) and (max-width: 480px) 480px, (min-width: 481px) 900px, 100vw\" \/><\/p>\n<div class=\"magic-13\">\n<div class=\"magic-14\">\n<p><strong>Preguntas m\u00e1s frecuentes<\/strong><\/p>\n<hr \/>\n<\/div>\n<\/div>\n<p>P: \u00bfCu\u00e1l es su MOQ?<\/p>\n<p>R: Nuestro pedido m\u00ednimo es de 1 juego.<\/p>\n<p>P: \u00bfQu\u00e9 hay de su pago?<\/p>\n<p>R: dep\u00f3sito del 50% por adelantado, saldo del 50% por T\/T, L\/C, paypal, Western Union o antes del env\u00edo.<\/p>\n<p>P: \u00bfProporcionan muestras?<\/p>\n<p>R: S\u00ed, puede comprar una muestra para probarla.<\/p>\n<p>P: \u00bfQu\u00e9 hay de su tiempo de entrega?<\/p>\n<p>R: generalmente 15 d\u00edas despu\u00e9s de recibir su dep\u00f3sito.<\/p>\n<\/div>\n<\/div>\n","protected":false},"excerpt":{"rendered":"<p>\u00b7Esta es una conveniente m\u00e1quina pulidora inal\u00e1mbrica, puede usarla en cualquier momento y en cualquier lugar.<br \/>\n\u00b7Puede cambiar entre el modo DA y RO.<br \/>\n\u00b7Cinco marchas de velocidad para que usted elija.<br \/>\n\u00b7F\u00e1cil de cargar. Embalado con bolsa negra.<\/p>\n","protected":false},"featured_media":3620,"template":"","meta":{"_et_pb_use_builder":"","_et_pb_old_content":"","_et_gb_content_width":""},"product_brand":[],"product_cat":[66,56],"product_tag":[563],"class_list":{"0":"post-1093","1":"product","2":"type-product","3":"status-publish","4":"has-post-thumbnail","6":"product_cat-pulidora-de-coches","7":"product_cat-serie-de-cuidado-de-automoviles","8":"product_tag-pulidora-de-detalles-inalambrica-nano","10":"first","11":"instock","12":"shipping-taxable","13":"product-type-simple"},"_links":{"self":[{"href":"https:\/\/www.supersybon.com\/es\/wp-json\/wp\/v2\/product\/1093","targetHints":{"allow":["GET"]}}],"collection":[{"href":"https:\/\/www.supersybon.com\/es\/wp-json\/wp\/v2\/product"}],"about":[{"href":"https:\/\/www.supersybon.com\/es\/wp-json\/wp\/v2\/types\/product"}],"wp:featuredmedia":[{"embeddable":true,"href":"https:\/\/www.supersybon.com\/es\/wp-json\/wp\/v2\/media\/3620"}],"wp:attachment":[{"href":"https:\/\/www.supersybon.com\/es\/wp-json\/wp\/v2\/media?parent=1093"}],"wp:term":[{"taxonomy":"product_brand","embeddable":true,"href":"https:\/\/www.supersybon.com\/es\/wp-json\/wp\/v2\/product_brand?post=1093"},{"taxonomy":"product_cat","embeddable":true,"href":"https:\/\/www.supersybon.com\/es\/wp-json\/wp\/v2\/product_cat?post=1093"},{"taxonomy":"product_tag","embeddable":true,"href":"https:\/\/www.supersybon.com\/es\/wp-json\/wp\/v2\/product_tag?post=1093"}],"curies":[{"name":"wp","href":"https:\/\/api.w.org\/{rel}","templated":true}]}}