{"id":1083,"date":"2022-10-19T10:11:09","date_gmt":"2022-10-19T02:11:09","guid":{"rendered":"https:\/\/www.supersybon.com\/es\/?post_type=product&#038;p=1083"},"modified":"2023-01-03T11:20:03","modified_gmt":"2023-01-03T03:20:03","slug":"pl120-7%e2%80%b3-rotatorio-de-grado-profesional-pulidora-de-bufer-de-coche-con-motor-potente-y-control-de-velocidad-variable","status":"publish","type":"product","link":"https:\/\/www.supersybon.com\/es\/product\/pl120-7%e2%80%b3-rotatorio-de-grado-profesional-pulidora-de-bufer-de-coche-con-motor-potente-y-control-de-velocidad-variable","title":{"rendered":"PL120 7\u2033 Rotatorio de grado profesional pulidora de b\u00fafer de coche con motor potente y control de velocidad variable"},"content":{"rendered":"<p><img decoding=\"async\" class=\"aligncenter size-full wp-image-1084\" src=\"https:\/\/www.supersybon.com\/es\/wp-content\/uploads\/2022\/10\/1666148312-PL120-180Mm-1050W-High-Quality-Variable-Speed-Electric-Power-Car-Detailing-Polisher-Orbital-Machine-Tool.jpg\" alt=\"\" width=\"900\" height=\"364\" title=\"\" srcset=\"https:\/\/www.supersybon.com\/es\/wp-content\/uploads\/2022\/10\/1666148312-PL120-180Mm-1050W-High-Quality-Variable-Speed-Electric-Power-Car-Detailing-Polisher-Orbital-Machine-Tool.jpg 900w, https:\/\/www.supersybon.com\/es\/wp-content\/uploads\/2022\/10\/1666148312-PL120-180Mm-1050W-High-Quality-Variable-Speed-Electric-Power-Car-Detailing-Polisher-Orbital-Machine-Tool-480x194.jpg 480w\" sizes=\"(min-width: 0px) and (max-width: 480px) 480px, (min-width: 481px) 900px, 100vw\" \/><\/p>\n<div class=\"magic-13\">\n<div class=\"magic-14\">\n<div class=\"magic-9\">\n<div class=\"magic-10\">\n<p>&nbsp;<\/p>\n<\/div>\n<\/div>\n<\/div>\n<\/div>\n<div class=\"magic-13\">\n<div class=\"magic-14\">\n<p>&nbsp;<\/p>\n<p><strong>Pulidora de b\u00fafer de coche rotativa de grado profesional de 7\u2033 con motor potente y control de velocidad variable<\/strong><\/p>\n<p>1.Importante: La pulidora rotativa es una herramienta creada para el detallista profesional, las tiendas y los patios. Esta verdadera pulidora rotativa s\u00faper poderosa corta, pule y pule para lograr un acabado de espejo incluso en la superficie m\u00e1s opaca.<\/p>\n<p>2. Control de velocidad variable: el dial de control de velocidad variable le permite ajustar la velocidad del pulidor del autom\u00f3vil de acuerdo con diferentes aplicaciones.<\/p>\n<p>3. Uso profesional: la pulidora rotativa es una herramienta de grado profesional dise\u00f1ada para eliminar r\u00e1pidamente la oxidaci\u00f3n intensa y corregir las imperfecciones de la superficie. Se recomienda experiencia previa con una herramienta rotativa antes de usar esta m\u00e1quina. .<\/p>\n<\/div>\n<\/div>\n<div class=\"magic-13\">\n<div class=\"magic-14\">\n<div class=\"magic-9\">\n<div class=\"magic-10\">\n<p><img decoding=\"async\" class=\"aligncenter size-full wp-image-1085\" src=\"https:\/\/www.supersybon.com\/es\/wp-content\/uploads\/2022\/10\/1666148335-PL120-Polishing-Machine-Car-Polisher-Auto-Polish-Car-Buffers-And-Polishers-For-Detailing.jpg\" alt=\"\" width=\"750\" height=\"750\" title=\"\" srcset=\"https:\/\/www.supersybon.com\/es\/wp-content\/uploads\/2022\/10\/1666148335-PL120-Polishing-Machine-Car-Polisher-Auto-Polish-Car-Buffers-And-Polishers-For-Detailing.jpg 750w, https:\/\/www.supersybon.com\/es\/wp-content\/uploads\/2022\/10\/1666148335-PL120-Polishing-Machine-Car-Polisher-Auto-Polish-Car-Buffers-And-Polishers-For-Detailing-480x480.jpg 480w\" sizes=\"(min-width: 0px) and (max-width: 480px) 480px, (min-width: 481px) 750px, 100vw\" \/><\/p>\n<p>&nbsp;<\/p>\n<p><strong>Embalaje y servicio de productos<br \/>\n<\/strong><\/p>\n<hr \/>\n<p><strong>PAQUETE :<br \/>\n<\/strong><\/p>\n<p>6 piezas en una caja de cart\u00f3n.<\/p>\n<p><img decoding=\"async\" class=\"aligncenter size-full wp-image-1086\" src=\"https:\/\/www.supersybon.com\/es\/wp-content\/uploads\/2022\/10\/1666148363-PL120-1050W-3000Rpm-Adjustable-Speed-Corded-Professional-Hand-Electric-Flex-Car-Polisher-For-Surface-Polishing.jpg\" alt=\"\" width=\"750\" height=\"750\" title=\"\" srcset=\"https:\/\/www.supersybon.com\/es\/wp-content\/uploads\/2022\/10\/1666148363-PL120-1050W-3000Rpm-Adjustable-Speed-Corded-Professional-Hand-Electric-Flex-Car-Polisher-For-Surface-Polishing.jpg 750w, https:\/\/www.supersybon.com\/es\/wp-content\/uploads\/2022\/10\/1666148363-PL120-1050W-3000Rpm-Adjustable-Speed-Corded-Professional-Hand-Electric-Flex-Car-Polisher-For-Surface-Polishing-480x480.jpg 480w\" sizes=\"(min-width: 0px) and (max-width: 480px) 480px, (min-width: 481px) 750px, 100vw\" \/><\/p>\n<div data-spm-anchor-id=\"a2700.details.0.i37.625d2e9eLtZffL\">\n<p>&nbsp;<\/p>\n<\/div>\n<div class=\"magic-13\">\n<div class=\"magic-14\">\n<div class=\"magic-9\">\n<div class=\"magic-10\">\n<div class=\"magic-13\">\n<div class=\"magic-14\">\n<div data-spm-anchor-id=\"a2700.details.0.i37.625d2e9eLtZffL\">\n<p>&nbsp;<\/p>\n<\/div>\n<\/div>\n<\/div>\n<\/div>\n<\/div>\n<\/div>\n<\/div>\n<div class=\"magic-13\">\n<div class=\"magic-14\">\n<div data-spm-anchor-id=\"a2700.details.0.i37.625d2e9eLtZffL\">\n<p><strong>NUESTRO SERVICIO:<br \/>\n<\/strong><\/p>\n<p>1.24 horas en l\u00ednea<\/p>\n<p>2. Precio competitivo<\/p>\n<p>3. Excelentes comentarios del cliente<\/p>\n<p>4. Pedidos en l\u00ednea seguros<\/p>\n<p>5. Entrega r\u00e1pida<\/p>\n<p>6. Soporte t\u00e9cnico profesional<\/p>\n<\/div>\n<\/div>\n<\/div>\n<\/div>\n<\/div>\n<\/div>\n<\/div>\n<div class=\"magic-13\">\n<div class=\"magic-14\">\n<div class=\"magic-13\">\n<div class=\"magic-14\">\n<div class=\"magic-9\">\n<div class=\"magic-10\">\n<div class=\"magic-13\">\n<div class=\"magic-14\">\n<div data-spm-anchor-id=\"a2700.details.0.i37.625d2e9eLtZffL\">\n<div class=\"magic-13\">\n<div class=\"magic-14\">\n<p>&nbsp;<\/p>\n<\/div>\n<\/div>\n<\/div>\n<\/div>\n<\/div>\n<\/div>\n<\/div>\n<\/div>\n<\/div>\n<div class=\"magic-13\">\n<div class=\"magic-14\">\n<p><strong>Perfil de la empresa<br \/>\n<\/strong><\/p>\n<hr \/>\n<p>&nbsp;<\/p>\n<\/div>\n<\/div>\n<p><img decoding=\"async\" class=\"aligncenter size-full wp-image-324\" src=\"https:\/\/www.supersybon.com\/es\/wp-content\/uploads\/2022\/09\/1663401769-Car-Paint-Supplier-Company-Profile-Manufacturer-China.jpg\" alt=\"\" width=\"900\" height=\"958\" title=\"\" srcset=\"https:\/\/www.supersybon.com\/es\/wp-content\/uploads\/2022\/09\/1663401769-Car-Paint-Supplier-Company-Profile-Manufacturer-China.jpg 900w, https:\/\/www.supersybon.com\/es\/wp-content\/uploads\/2022\/09\/1663401769-Car-Paint-Supplier-Company-Profile-Manufacturer-China-480x511.jpg 480w\" sizes=\"(min-width: 0px) and (max-width: 480px) 480px, (min-width: 481px) 900px, 100vw\" \/><\/p>\n<div class=\"magic-13\">\n<div class=\"magic-14\">\n<p><strong>Preguntas m\u00e1s frecuentes<\/strong><\/p>\n<hr \/>\n<\/div>\n<\/div>\n<p>P: \u00bfCu\u00e1l es su MOQ?<\/p>\n<p>R: Nuestro pedido m\u00ednimo es de 1 juego.<\/p>\n<p>P: \u00bfQu\u00e9 hay de su pago?<\/p>\n<p>R: dep\u00f3sito del 50% por adelantado, saldo del 50% por T\/T, L\/C, paypal, Western Union o antes del env\u00edo.<\/p>\n<p>P: \u00bfProporcionan muestras?<\/p>\n<p>R: S\u00ed, puede comprar una muestra para probarla.<\/p>\n<p>P: \u00bfQu\u00e9 hay de su tiempo de entrega?<\/p>\n<p>R: generalmente 15 d\u00edas despu\u00e9s de recibir su dep\u00f3sito.<\/p>\n<\/div>\n<\/div>\n","protected":false},"excerpt":{"rendered":"<p>\u00b7Importante: La pulidora rotativa es una herramienta construida para el detallista profesional, talleres y jardines. Esta verdadera pulidora rotativa s\u00faper poderosa corta, pule y pule para lograr un acabado de espejo incluso en la superficie m\u00e1s opaca.<br \/>\n\u00b7Control de velocidad variable: el dial de control de velocidad variable le permite ajustar la velocidad de la pulidora de autom\u00f3viles de acuerdo con diferentes aplicaciones.<br \/>\n\u00b7Uso profesional: La pulidora rotativa es una herramienta de grado profesional dise\u00f1ada para eliminar r\u00e1pidamente la oxidaci\u00f3n intensa y corregir las imperfecciones de la superficie. Se recomienda experiencia previa con una herramienta rotativa antes de usar esta m\u00e1quina.<\/p>\n","protected":false},"featured_media":1087,"template":"","meta":{"_et_pb_use_builder":"","_et_pb_old_content":"","_et_gb_content_width":""},"product_brand":[],"product_cat":[66,56],"product_tag":[562],"class_list":{"0":"post-1083","1":"product","2":"type-product","3":"status-publish","4":"has-post-thumbnail","6":"product_cat-pulidora-de-coches","7":"product_cat-serie-de-cuidado-de-automoviles","8":"product_tag-pulidora-de-bufer-de-coche","10":"first","11":"instock","12":"shipping-taxable","13":"product-type-simple"},"_links":{"self":[{"href":"https:\/\/www.supersybon.com\/es\/wp-json\/wp\/v2\/product\/1083","targetHints":{"allow":["GET"]}}],"collection":[{"href":"https:\/\/www.supersybon.com\/es\/wp-json\/wp\/v2\/product"}],"about":[{"href":"https:\/\/www.supersybon.com\/es\/wp-json\/wp\/v2\/types\/product"}],"wp:featuredmedia":[{"embeddable":true,"href":"https:\/\/www.supersybon.com\/es\/wp-json\/wp\/v2\/media\/1087"}],"wp:attachment":[{"href":"https:\/\/www.supersybon.com\/es\/wp-json\/wp\/v2\/media?parent=1083"}],"wp:term":[{"taxonomy":"product_brand","embeddable":true,"href":"https:\/\/www.supersybon.com\/es\/wp-json\/wp\/v2\/product_brand?post=1083"},{"taxonomy":"product_cat","embeddable":true,"href":"https:\/\/www.supersybon.com\/es\/wp-json\/wp\/v2\/product_cat?post=1083"},{"taxonomy":"product_tag","embeddable":true,"href":"https:\/\/www.supersybon.com\/es\/wp-json\/wp\/v2\/product_tag?post=1083"}],"curies":[{"name":"wp","href":"https:\/\/api.w.org\/{rel}","templated":true}]}}