{"id":1073,"date":"2022-10-18T18:21:27","date_gmt":"2022-10-18T10:21:27","guid":{"rendered":"https:\/\/www.supersybon.com\/es\/?post_type=product&#038;p=1073"},"modified":"2025-11-24T11:44:19","modified_gmt":"2025-11-24T03:44:19","slug":"ml01-tapa-de-agitadores-mezcladores-de-pintura-tapa-mezcladora-para-botes-de-pintura-de-galon-y-litro","status":"publish","type":"product","link":"https:\/\/www.supersybon.com\/es\/product\/ml01-tapa-de-agitadores-mezcladores-de-pintura-tapa-mezcladora-para-botes-de-pintura-de-galon-y-litro","title":{"rendered":"ML01 Tapa de agitadores mezcladores de pintura tapa mezcladora para botes de pintura de gal\u00f3n y litro"},"content":{"rendered":"<p><img decoding=\"async\" class=\"aligncenter size-full wp-image-1074\" src=\"https:\/\/www.supersybon.com\/es\/wp-content\/uploads\/2022\/10\/1666089916-Ml01-Paint-Auto-Mixer-Auto-Paint-Color-Mixing-Machine-Coulor-Mix-Machine-Paint-Mixing-Lid.jpg\" alt=\"\" width=\"900\" height=\"760\" title=\"\" srcset=\"https:\/\/www.supersybon.com\/es\/wp-content\/uploads\/2022\/10\/1666089916-Ml01-Paint-Auto-Mixer-Auto-Paint-Color-Mixing-Machine-Coulor-Mix-Machine-Paint-Mixing-Lid.jpg 900w, https:\/\/www.supersybon.com\/es\/wp-content\/uploads\/2022\/10\/1666089916-Ml01-Paint-Auto-Mixer-Auto-Paint-Color-Mixing-Machine-Coulor-Mix-Machine-Paint-Mixing-Lid-480x405.jpg 480w\" sizes=\"(min-width: 0px) and (max-width: 480px) 480px, (min-width: 481px) 900px, 100vw\" \/><\/p>\n<p>&nbsp;<\/p>\n<div class=\"magic-11\" style=\"text-align: left;\"><strong>Tapa de agitadores mezcladores de pintura tapa mezcladora para botes de pintura de gal\u00f3n y litro<\/strong><\/div>\n<div><\/div>\n<div class=\"magic-13\">\n<div class=\"magic-14\">\n<div class=\"magic-15\" data-id=\"paragraph0\">Agitadores de tapas de m\u00e1quina de sistema de mezcla de color de revestimiento automotriz. Buen sellado y sin fugas.<\/div>\n<div class=\"magic-15\" data-id=\"paragraph0\"><\/div>\n<\/div>\n<\/div>\n<div class=\"magic-13\">\n<div class=\"magic-14\">\n<div class=\"magic-9\">\n<div class=\"magic-10\">\n<p><img decoding=\"async\" class=\"aligncenter size-full wp-image-1075\" src=\"https:\/\/www.supersybon.com\/es\/wp-content\/uploads\/2022\/10\/1666089949-Ml01-Paint-Mixing-Lid-Mixer-Blade-Can-Mate-Stirring-Lids-For-Car-Paint-Mixing-Machine.jpg\" alt=\"\" width=\"750\" height=\"633\" title=\"\" srcset=\"https:\/\/www.supersybon.com\/es\/wp-content\/uploads\/2022\/10\/1666089949-Ml01-Paint-Mixing-Lid-Mixer-Blade-Can-Mate-Stirring-Lids-For-Car-Paint-Mixing-Machine.jpg 750w, https:\/\/www.supersybon.com\/es\/wp-content\/uploads\/2022\/10\/1666089949-Ml01-Paint-Mixing-Lid-Mixer-Blade-Can-Mate-Stirring-Lids-For-Car-Paint-Mixing-Machine-480x405.jpg 480w\" sizes=\"(min-width: 0px) and (max-width: 480px) 480px, (min-width: 481px) 750px, 100vw\" \/><\/p>\n<p><img decoding=\"async\" class=\"aligncenter size-full wp-image-3560\" src=\"https:\/\/www.supersybon.com\/es\/wp-content\/uploads\/2022\/10\/1763955632-Ml01-Color-Mixing-System-Machine-Automotive-Coating-Stirrers-Paint-Mixing-Lid-Paddle-1L-4L-Mixing-Covers.jpg\" alt=\"Ml01-Sistema-de-mezcla-de-colores-M\u00e1quina-Recubrimiento-automotriz-Agitadores-Tapa-mezcladora-de-pintura-Paleta-1L-1GAL-Tapas-mezcladoras\" width=\"800\" height=\"800\" title=\"\" srcset=\"https:\/\/www.supersybon.com\/es\/wp-content\/uploads\/2022\/10\/1763955632-Ml01-Color-Mixing-System-Machine-Automotive-Coating-Stirrers-Paint-Mixing-Lid-Paddle-1L-4L-Mixing-Covers.jpg 800w, https:\/\/www.supersybon.com\/es\/wp-content\/uploads\/2022\/10\/1763955632-Ml01-Color-Mixing-System-Machine-Automotive-Coating-Stirrers-Paint-Mixing-Lid-Paddle-1L-4L-Mixing-Covers-480x480.jpg 480w\" sizes=\"(min-width: 0px) and (max-width: 480px) 480px, (min-width: 481px) 800px, 100vw\" \/><\/p>\n<p>&nbsp;<\/p>\n<\/div>\n<\/div>\n<\/div>\n<\/div>\n<div class=\"magic-13\">\n<div class=\"magic-14\">\n<div data-spm-anchor-id=\"a2700.details.0.i37.625d2e9eLtZffL\">\n<p><strong>Embalaje y servicio de productos<\/strong><\/p>\n<hr \/>\n<p><strong>PAQUETE :<\/strong><\/p>\n<\/div>\n<div data-spm-anchor-id=\"a2700.details.0.i37.625d2e9eLtZffL\">1L: 20 piezas\/cart\u00f3n; 1GAL: 10 piezas\/cart\u00f3n.<\/div>\n<\/div>\n<\/div>\n<div data-spm-anchor-id=\"a2700.details.0.i37.625d2e9eLtZffL\"><\/div>\n<div data-spm-anchor-id=\"a2700.details.0.i37.625d2e9eLtZffL\"><\/div>\n<div data-spm-anchor-id=\"a2700.details.0.i37.625d2e9eLtZffL\"><strong>NUESTRO SERVICIO:<\/strong><\/div>\n<div data-spm-anchor-id=\"a2700.details.0.i37.625d2e9eLtZffL\">\n<p>1.24 horas en l\u00ednea<\/p>\n<p>2. Precio competitivo<\/p>\n<p>3. Excelentes comentarios del cliente<\/p>\n<p>4. Pedidos en l\u00ednea seguros<\/p>\n<p>5. Entrega r\u00e1pida<\/p>\n<p>6. Soporte t\u00e9cnico profesional<\/p>\n<\/div>\n<div class=\"magic-13\">\n<div class=\"magic-14\">\n<p><img decoding=\"async\" class=\"aligncenter size-full wp-image-3562\" src=\"https:\/\/www.supersybon.com\/es\/wp-content\/uploads\/2022\/10\/1763955769-1L1GAL-Mixing-Lid-Acrylic-Paint-Rack-Accessory-Tool-Color-Mixing-Lid-and-Pouring-Lid-with-Seal.jpg\" alt=\"\" width=\"800\" height=\"800\" title=\"\" srcset=\"https:\/\/www.supersybon.com\/es\/wp-content\/uploads\/2022\/10\/1763955769-1L1GAL-Mixing-Lid-Acrylic-Paint-Rack-Accessory-Tool-Color-Mixing-Lid-and-Pouring-Lid-with-Seal.jpg 800w, https:\/\/www.supersybon.com\/es\/wp-content\/uploads\/2022\/10\/1763955769-1L1GAL-Mixing-Lid-Acrylic-Paint-Rack-Accessory-Tool-Color-Mixing-Lid-and-Pouring-Lid-with-Seal-480x480.jpg 480w\" sizes=\"(min-width: 0px) and (max-width: 480px) 480px, (min-width: 481px) 800px, 100vw\" \/><\/p>\n<p><strong>Perfil de la empresa<\/strong><\/p>\n<hr \/>\n<p>&nbsp;<\/p>\n<p><img decoding=\"async\" class=\"aligncenter size-full wp-image-324\" src=\"https:\/\/www.supersybon.com\/es\/wp-content\/uploads\/2022\/09\/1663401769-Car-Paint-Supplier-Company-Profile-Manufacturer-China.jpg\" alt=\"\" width=\"900\" height=\"958\" title=\"\" srcset=\"https:\/\/www.supersybon.com\/es\/wp-content\/uploads\/2022\/09\/1663401769-Car-Paint-Supplier-Company-Profile-Manufacturer-China.jpg 900w, https:\/\/www.supersybon.com\/es\/wp-content\/uploads\/2022\/09\/1663401769-Car-Paint-Supplier-Company-Profile-Manufacturer-China-480x511.jpg 480w\" sizes=\"(min-width: 0px) and (max-width: 480px) 480px, (min-width: 481px) 900px, 100vw\" \/><\/p>\n<p><strong>Preguntas m\u00e1s frecuentes<\/strong><\/p>\n<hr \/>\n<p>P: \u00bfCu\u00e1l es su MOQ?<\/p>\n<p>R: Nuestro pedido m\u00ednimo es de 1\u00a0caja de cart\u00f3n.<\/p>\n<p>P: \u00bfQu\u00e9 hay de su pago?<\/p>\n<p>R: dep\u00f3sito del 50% por adelantado, saldo del 50% por T\/T, L\/C, paypal, Western Union o antes del env\u00edo.<\/p>\n<p>P: \u00bfProporcionan muestras?<\/p>\n<p>R: S\u00ed, puede comprar una muestra para probarla.<\/p>\n<p>P: \u00bfQu\u00e9 hay de su tiempo de entrega?<\/p>\n<p>R: generalmente 15 d\u00edas despu\u00e9s de recibir su dep\u00f3sito.<\/p>\n<\/div>\n<\/div>\n","protected":false},"excerpt":{"rendered":"<p>\u00b7Agitadores de tapas de m\u00e1quina de sistema de mezcla de color de revestimiento automotriz. Buen sellado y sin fugas.<\/p>\n","protected":false},"featured_media":3560,"template":"","meta":{"_et_pb_use_builder":"","_et_pb_old_content":"","_et_gb_content_width":""},"product_brand":[],"product_cat":[55],"product_tag":[561,560],"class_list":{"0":"post-1073","1":"product","2":"type-product","3":"status-publish","4":"has-post-thumbnail","6":"product_cat-otros","7":"product_tag-tapa-de-agitadores-mezcladores-de-pintura","8":"product_tag-tapa-del-agitador-de-mezcla","10":"first","11":"instock","12":"shipping-taxable","13":"product-type-simple"},"_links":{"self":[{"href":"https:\/\/www.supersybon.com\/es\/wp-json\/wp\/v2\/product\/1073","targetHints":{"allow":["GET"]}}],"collection":[{"href":"https:\/\/www.supersybon.com\/es\/wp-json\/wp\/v2\/product"}],"about":[{"href":"https:\/\/www.supersybon.com\/es\/wp-json\/wp\/v2\/types\/product"}],"wp:featuredmedia":[{"embeddable":true,"href":"https:\/\/www.supersybon.com\/es\/wp-json\/wp\/v2\/media\/3560"}],"wp:attachment":[{"href":"https:\/\/www.supersybon.com\/es\/wp-json\/wp\/v2\/media?parent=1073"}],"wp:term":[{"taxonomy":"product_brand","embeddable":true,"href":"https:\/\/www.supersybon.com\/es\/wp-json\/wp\/v2\/product_brand?post=1073"},{"taxonomy":"product_cat","embeddable":true,"href":"https:\/\/www.supersybon.com\/es\/wp-json\/wp\/v2\/product_cat?post=1073"},{"taxonomy":"product_tag","embeddable":true,"href":"https:\/\/www.supersybon.com\/es\/wp-json\/wp\/v2\/product_tag?post=1073"}],"curies":[{"name":"wp","href":"https:\/\/api.w.org\/{rel}","templated":true}]}}