{"id":1062,"date":"2022-10-18T17:46:13","date_gmt":"2022-10-18T09:46:13","guid":{"rendered":"https:\/\/www.supersybon.com\/es\/?post_type=product&#038;p=1062"},"modified":"2023-01-03T10:56:57","modified_gmt":"2023-01-03T02:56:57","slug":"1020-alta-calidad-pano-pegajoso-para-limpieza-de-autos-para-el-reacabado-de-la-pintura-un-pano-de-trapo","status":"publish","type":"product","link":"https:\/\/www.supersybon.com\/es\/product\/1020-alta-calidad-pano-pegajoso-para-limpieza-de-autos-para-el-reacabado-de-la-pintura-un-pano-de-trapo","title":{"rendered":"1020 Alta calidad pa\u00f1o pegajoso para limpieza de autos para el reacabado de la pintura, un pa\u00f1o de trapo"},"content":{"rendered":"<p><iframe title=\"High Quality Car Cleaning Sticky Tack Cloth for Refinishing Paint Tack Rag Cloth Wiper\" width=\"1080\" height=\"608\" src=\"https:\/\/www.youtube.com\/embed\/i3X0Zkvk-iM?feature=oembed\"  allow=\"accelerometer; autoplay; clipboard-write; encrypted-media; gyroscope; picture-in-picture\" allowfullscreen><\/iframe><\/p>\n<p><img decoding=\"async\" class=\"aligncenter size-full wp-image-1064\" src=\"https:\/\/www.supersybon.com\/es\/wp-content\/uploads\/2022\/10\/1666087726-1020-Tack-Cloth-For-Car-Good-Cleaning-Power-Eco-Friendly-And-Good-Compatibility-With-Paint-Tack-Cloth-For-Paint.jpg\" alt=\"\" width=\"900\" height=\"364\" title=\"\" srcset=\"https:\/\/www.supersybon.com\/es\/wp-content\/uploads\/2022\/10\/1666087726-1020-Tack-Cloth-For-Car-Good-Cleaning-Power-Eco-Friendly-And-Good-Compatibility-With-Paint-Tack-Cloth-For-Paint.jpg 900w, https:\/\/www.supersybon.com\/es\/wp-content\/uploads\/2022\/10\/1666087726-1020-Tack-Cloth-For-Car-Good-Cleaning-Power-Eco-Friendly-And-Good-Compatibility-With-Paint-Tack-Cloth-For-Paint-480x194.jpg 480w\" sizes=\"(min-width: 0px) and (max-width: 480px) 480px, (min-width: 481px) 900px, 100vw\" \/><\/p>\n<p>&nbsp;<\/p>\n<p><strong>1020 Alta calidad pa\u00f1o pegajoso para limpieza de autos para el reacabado de la pintura, un pa\u00f1o de trapo<\/strong><\/p>\n<p>Los pa\u00f1os adhesivos suaves tienen la cantidad justa de adhesivo para recolectar suciedad, pelusa, polvo, aserr\u00edn, contaminantes y part\u00edculas de defectos en la superficie sin dejar residuos, lo que le brinda una superficie extraordinariamente suave lista para el acabado final. Perfecto para la compra de telas pegajosas a granel para uso tanto de aficionados como de profesionales con necesidades automotrices de telas pegajosas y carpinter\u00eda de telas pegajosas. Use pa\u00f1os para el polvo despu\u00e9s de aplicar la cera y el removedor de grasa para obtener un acabado de espejo en la pintura de autom\u00f3viles.<\/p>\n<div data-id=\"paragraph0\"><\/div>\n<div class=\"magic-13\">\n<div class=\"magic-14\">\n<div class=\"magic-9\">\n<div class=\"magic-10\">\n<p><img decoding=\"async\" class=\"aligncenter size-full wp-image-1065\" src=\"https:\/\/www.supersybon.com\/es\/wp-content\/uploads\/2022\/10\/1666087745-1020-Cleaning-Rags-Sticky-Tack-Non-Woven-Cloth-And-Environmental-Friendly-For-Car-Care-Cleaning.jpg\" alt=\"\" width=\"800\" height=\"800\" title=\"\" srcset=\"https:\/\/www.supersybon.com\/es\/wp-content\/uploads\/2022\/10\/1666087745-1020-Cleaning-Rags-Sticky-Tack-Non-Woven-Cloth-And-Environmental-Friendly-For-Car-Care-Cleaning.jpg 800w, https:\/\/www.supersybon.com\/es\/wp-content\/uploads\/2022\/10\/1666087745-1020-Cleaning-Rags-Sticky-Tack-Non-Woven-Cloth-And-Environmental-Friendly-For-Car-Care-Cleaning-480x480.jpg 480w\" sizes=\"(min-width: 0px) and (max-width: 480px) 480px, (min-width: 481px) 800px, 100vw\" \/><\/p>\n<p><img decoding=\"async\" class=\"aligncenter size-full wp-image-1066\" src=\"https:\/\/www.supersybon.com\/es\/wp-content\/uploads\/2022\/10\/1666087761-1020-China-Factory-Good-Cleaning-Power-100-Cotton-Sticky-Tack-Cloth.jpg\" alt=\"\" width=\"800\" height=\"511\" title=\"\" srcset=\"https:\/\/www.supersybon.com\/es\/wp-content\/uploads\/2022\/10\/1666087761-1020-China-Factory-Good-Cleaning-Power-100-Cotton-Sticky-Tack-Cloth.jpg 800w, https:\/\/www.supersybon.com\/es\/wp-content\/uploads\/2022\/10\/1666087761-1020-China-Factory-Good-Cleaning-Power-100-Cotton-Sticky-Tack-Cloth-480x307.jpg 480w\" sizes=\"(min-width: 0px) and (max-width: 480px) 480px, (min-width: 481px) 800px, 100vw\" \/><\/p>\n<p>&nbsp;<\/p>\n<p><strong>Embalaje y servicio de productos<br \/>\n<\/strong><\/p>\n<hr \/>\n<p><strong>PAQUETE :<br \/>\n<\/strong><\/p>\n<p>1 pieza\/bolsa de polietileno, 10 bolsas\/caja, 20 cajas\/cart\u00f3n.<\/p>\n<\/div>\n<\/div>\n<\/div>\n<\/div>\n<div class=\"magic-13\">\n<div class=\"magic-14\">\n<div data-spm-anchor-id=\"a2700.details.0.i37.625d2e9eLtZffL\">\n<p>&nbsp;<\/p>\n<p><img decoding=\"async\" class=\"aligncenter size-full wp-image-1067\" src=\"https:\/\/www.supersybon.com\/es\/wp-content\/uploads\/2022\/10\/1666087795-1020-Environmental-Friendly-Good-Quality-No-Redius-Tack-Cloth-For-Paint.jpg\" alt=\"\" width=\"750\" height=\"750\" title=\"\" srcset=\"https:\/\/www.supersybon.com\/es\/wp-content\/uploads\/2022\/10\/1666087795-1020-Environmental-Friendly-Good-Quality-No-Redius-Tack-Cloth-For-Paint.jpg 750w, https:\/\/www.supersybon.com\/es\/wp-content\/uploads\/2022\/10\/1666087795-1020-Environmental-Friendly-Good-Quality-No-Redius-Tack-Cloth-For-Paint-480x480.jpg 480w\" sizes=\"(min-width: 0px) and (max-width: 480px) 480px, (min-width: 481px) 750px, 100vw\" \/><\/p>\n<p>&nbsp;<\/p>\n<\/div>\n<div class=\"magic-13\">\n<div class=\"magic-14\">\n<div class=\"magic-9\">\n<div class=\"magic-10\">\n<div class=\"magic-13\">\n<div class=\"magic-14\">\n<div data-spm-anchor-id=\"a2700.details.0.i37.625d2e9eLtZffL\">\n<p>&nbsp;<\/p>\n<\/div>\n<\/div>\n<\/div>\n<\/div>\n<\/div>\n<\/div>\n<\/div>\n<div class=\"magic-13\">\n<div class=\"magic-14\">\n<div data-spm-anchor-id=\"a2700.details.0.i37.625d2e9eLtZffL\">\n<p><strong>NUESTRO SERVICIO:<br \/>\n<\/strong><\/p>\n<p>1.24 horas en l\u00ednea<\/p>\n<p>2. Precio competitivo<\/p>\n<p>3. Excelentes comentarios del cliente<\/p>\n<p>4. Pedidos en l\u00ednea seguros<\/p>\n<p>5. Entrega r\u00e1pida<\/p>\n<p>6. Soporte t\u00e9cnico profesional<\/p>\n<p>&nbsp;<\/p>\n<div class=\"magic-13\">\n<div class=\"magic-14\">\n<div class=\"magic-9\">\n<div class=\"magic-10\">\n<div class=\"magic-13\">\n<div class=\"magic-14\">\n<div data-spm-anchor-id=\"a2700.details.0.i37.625d2e9eLtZffL\">\n<div class=\"magic-13\">\n<div class=\"magic-14\">\n<p>&nbsp;<\/p>\n<\/div>\n<\/div>\n<\/div>\n<\/div>\n<\/div>\n<\/div>\n<\/div>\n<\/div>\n<\/div>\n<div class=\"magic-13\">\n<div class=\"magic-14\">\n<p><strong>Perfil de la empresa<br \/>\n<\/strong><\/p>\n<hr \/>\n<p>&nbsp;<\/p>\n<\/div>\n<\/div>\n<\/div>\n<\/div>\n<\/div>\n<p><img decoding=\"async\" class=\"aligncenter size-full wp-image-324\" src=\"https:\/\/www.supersybon.com\/es\/wp-content\/uploads\/2022\/09\/1663401769-Car-Paint-Supplier-Company-Profile-Manufacturer-China.jpg\" alt=\"\" width=\"900\" height=\"958\" title=\"\" srcset=\"https:\/\/www.supersybon.com\/es\/wp-content\/uploads\/2022\/09\/1663401769-Car-Paint-Supplier-Company-Profile-Manufacturer-China.jpg 900w, https:\/\/www.supersybon.com\/es\/wp-content\/uploads\/2022\/09\/1663401769-Car-Paint-Supplier-Company-Profile-Manufacturer-China-480x511.jpg 480w\" sizes=\"(min-width: 0px) and (max-width: 480px) 480px, (min-width: 481px) 900px, 100vw\" \/><\/p>\n<div class=\"magic-13\">\n<div class=\"magic-14\">\n<p><strong>Preguntas m\u00e1s frecuentes<\/strong><\/p>\n<hr \/>\n<\/div>\n<\/div>\n<p>P: \u00bfCu\u00e1l es su MOQ?<\/p>\n<p>R: Nuestro pedido m\u00ednimo es de 1 caja de cart\u00f3n.<\/p>\n<p>P: \u00bfQu\u00e9 hay de su pago?<\/p>\n<p>R: dep\u00f3sito del 50% por adelantado, saldo del 50% por T\/T, L\/C, paypal, Western Union o antes del env\u00edo.<\/p>\n<p>P: \u00bfProporcionan muestras?<\/p>\n<p>R: S\u00ed, puede comprar una muestra para probarla.<\/p>\n<p>P: \u00bfQu\u00e9 hay de su tiempo de entrega?<\/p>\n<p>R: generalmente 15 d\u00edas despu\u00e9s de recibir su dep\u00f3sito.<\/p>\n<\/div>\n<\/div>\n","protected":false},"excerpt":{"rendered":"<p>\u00b7Los pa\u00f1os pegajosos suaves tienen la cantidad justa de pegajosidad para recolectar suciedad, pelusa, polvo, aserr\u00edn, contaminantes, part\u00edculas de defectos en la superficie sin dejar residuos, brind\u00e1ndole una superficie extraordinariamente suave lista para el acabado final.<br \/>\n\u00b7Perfecto para la compra a granel de telas pegajosas para uso tanto de aficionados como de profesionales con necesidades de carpinter\u00eda y automoci\u00f3n de telas pegajosas. Use pa\u00f1os para el polvo despu\u00e9s de aplicar la cera y el removedor de grasa para obtener un acabado de espejo en la pintura de autom\u00f3viles.<\/p>\n","protected":false},"featured_media":1068,"template":"","meta":{"_et_pb_use_builder":"","_et_pb_old_content":"","_et_gb_content_width":""},"product_brand":[],"product_cat":[67,68],"product_tag":[559,558],"class_list":{"0":"post-1062","1":"product","2":"type-product","3":"status-publish","4":"has-post-thumbnail","6":"product_cat-serie-de-reparacion-de-automoviles","7":"product_cat-pano-pegajoso","8":"product_tag-limpiaparabrisas-de-tela-de-trapo-con-tachuelas-de-pintura","9":"product_tag-pano-pegajoso-para-limpieza-de-autos","11":"first","12":"instock","13":"shipping-taxable","14":"product-type-simple"},"_links":{"self":[{"href":"https:\/\/www.supersybon.com\/es\/wp-json\/wp\/v2\/product\/1062","targetHints":{"allow":["GET"]}}],"collection":[{"href":"https:\/\/www.supersybon.com\/es\/wp-json\/wp\/v2\/product"}],"about":[{"href":"https:\/\/www.supersybon.com\/es\/wp-json\/wp\/v2\/types\/product"}],"wp:featuredmedia":[{"embeddable":true,"href":"https:\/\/www.supersybon.com\/es\/wp-json\/wp\/v2\/media\/1068"}],"wp:attachment":[{"href":"https:\/\/www.supersybon.com\/es\/wp-json\/wp\/v2\/media?parent=1062"}],"wp:term":[{"taxonomy":"product_brand","embeddable":true,"href":"https:\/\/www.supersybon.com\/es\/wp-json\/wp\/v2\/product_brand?post=1062"},{"taxonomy":"product_cat","embeddable":true,"href":"https:\/\/www.supersybon.com\/es\/wp-json\/wp\/v2\/product_cat?post=1062"},{"taxonomy":"product_tag","embeddable":true,"href":"https:\/\/www.supersybon.com\/es\/wp-json\/wp\/v2\/product_tag?post=1062"}],"curies":[{"name":"wp","href":"https:\/\/api.w.org\/{rel}","templated":true}]}}