{"id":1054,"date":"2022-10-18T17:11:54","date_gmt":"2022-10-18T09:11:54","guid":{"rendered":"https:\/\/www.supersybon.com\/es\/?post_type=product&#038;p=1054"},"modified":"2025-12-05T11:01:04","modified_gmt":"2025-12-05T03:01:04","slug":"5-6-discos-de-lijado-de-oxido-de-aluminio-p40-2000-granos-discos-de-lijado-gancho-y-bucle-lijadora-orbital-de-papel-de-lija-de-6-17-agujeros","status":"publish","type":"product","link":"https:\/\/www.supersybon.com\/es\/product\/5-6-discos-de-lijado-de-oxido-de-aluminio-p40-2000-granos-discos-de-lijado-gancho-y-bucle-lijadora-orbital-de-papel-de-lija-de-6-17-agujeros","title":{"rendered":"5\" 6\" Discos de lijado de \u00f3xido de aluminio P40-2000 granos discos de lijado gancho y bucle lijadora orbital de papel de lija de 6\/17 agujeros"},"content":{"rendered":"<p><iframe title=\"5&quot; 6&quot; Aluminum Oxide Sanding Discs P40-2000 Grits Sanding Discs Hook and Loop 6\/17 Sander\" width=\"1080\" height=\"608\" src=\"https:\/\/www.youtube.com\/embed\/UchAbzeCt6I?feature=oembed\"  allow=\"accelerometer; autoplay; clipboard-write; encrypted-media; gyroscope; picture-in-picture\" allowfullscreen><\/iframe><\/p>\n<p><img decoding=\"async\" class=\"aligncenter size-full wp-image-3713\" src=\"https:\/\/www.supersybon.com\/es\/wp-content\/uploads\/2022\/10\/1764902938-OT-4-150Mm-Aluminum-Oxide-Sanding-Disc-Orbital-Sander-Sandpaper-Round-Abrasive-Paper.jpg\" alt=\"Disco de lijado de \u00f3xido de aluminio OT-4 de 150 mm, lijadora orbital, papel de lija redondo, papel abrasivo\" width=\"750\" height=\"302\" title=\"\" srcset=\"https:\/\/www.supersybon.com\/es\/wp-content\/uploads\/2022\/10\/1764902938-OT-4-150Mm-Aluminum-Oxide-Sanding-Disc-Orbital-Sander-Sandpaper-Round-Abrasive-Paper.jpg 750w, https:\/\/www.supersybon.com\/es\/wp-content\/uploads\/2022\/10\/1764902938-OT-4-150Mm-Aluminum-Oxide-Sanding-Disc-Orbital-Sander-Sandpaper-Round-Abrasive-Paper-480x193.jpg 480w\" sizes=\"(min-width: 0px) and (max-width: 480px) 480px, (min-width: 481px) 750px, 100vw\" \/><\/p>\n<p>&nbsp;<\/p>\n<p><strong>5\" 6\" Discos de lijado de \u00f3xido de aluminio P40-2000 granos discos de lijado gancho y bucle lijadora orbital de papel de lija de 6\/17 agujeros<\/strong><\/p>\n<p>Los discos de lijado de grado profesional est\u00e1n disponibles en los grados P40 - P2000, ideales para lijado fino, lijado fino, preparaci\u00f3n antes de difuminar, paso final antes de imprimar, masilla y lijado de imprimaci\u00f3n.<\/p>\n<p><strong>Ventaja:<\/strong><\/p>\n<p>1. Corte r\u00e1pido, larga vida \u00fatil.<\/p>\n<p>2. Funciona bien en muchas superficies.<\/p>\n<p>3. Lijado agresivo con mayor durabilidad.<\/p>\n<p><strong>Solicitud:<\/strong><\/p>\n<p>El papel de lija es excelente para el reacabado de autom\u00f3viles, el procesamiento de madera y compuestos, la industria marina y la fabricaci\u00f3n de veh\u00edculos. Ampliamente utilizado en metales y metales no ferrosos, madera dura, caucho, cuero, pl\u00e1stico, piedra, vidrio, decapado y eliminaci\u00f3n de masilla, imprimaci\u00f3n, maderas resinosas blandas, aleaciones de cobre, lat\u00f3n, bronce, enchapado y m\u00e1s.<\/p>\n<div class=\"magic-13\">\n<div class=\"magic-14\">\n<div class=\"magic-15\" data-id=\"paragraph0\"><img decoding=\"async\" class=\"aligncenter size-full wp-image-3717\" src=\"https:\/\/www.supersybon.com\/es\/wp-content\/uploads\/2022\/10\/1764902998-OT-4-6-Inch-Sanding-Discs-Hook-And-Loop-Grit-60-To-2000-Green-Film-Dustless-Sander-Sandpaper.jpg\" alt=\"Discos de lija OT-4 de 6 pulgadas con velcro, grano 60 a 2000, pel\u00edcula verde, sin polvo, papel de lija\" width=\"750\" height=\"750\" title=\"\" srcset=\"https:\/\/www.supersybon.com\/es\/wp-content\/uploads\/2022\/10\/1764902998-OT-4-6-Inch-Sanding-Discs-Hook-And-Loop-Grit-60-To-2000-Green-Film-Dustless-Sander-Sandpaper.jpg 750w, https:\/\/www.supersybon.com\/es\/wp-content\/uploads\/2022\/10\/1764902998-OT-4-6-Inch-Sanding-Discs-Hook-And-Loop-Grit-60-To-2000-Green-Film-Dustless-Sander-Sandpaper-480x480.jpg 480w\" sizes=\"(min-width: 0px) and (max-width: 480px) 480px, (min-width: 481px) 750px, 100vw\" \/> <img decoding=\"async\" class=\"aligncenter size-full wp-image-3718\" src=\"https:\/\/www.supersybon.com\/es\/wp-content\/uploads\/2022\/10\/1764903003-OT-4-Hook-And-Loop-Adhesive-Sanding-Discs-Sandpaper-For-Random-Orbital-Sander.jpg\" alt=\"Discos de lija adhesivos con velcro OT-4 para lijadora orbital aleatoria\" width=\"750\" height=\"750\" title=\"\" srcset=\"https:\/\/www.supersybon.com\/es\/wp-content\/uploads\/2022\/10\/1764903003-OT-4-Hook-And-Loop-Adhesive-Sanding-Discs-Sandpaper-For-Random-Orbital-Sander.jpg 750w, https:\/\/www.supersybon.com\/es\/wp-content\/uploads\/2022\/10\/1764903003-OT-4-Hook-And-Loop-Adhesive-Sanding-Discs-Sandpaper-For-Random-Orbital-Sander-480x480.jpg 480w\" sizes=\"(min-width: 0px) and (max-width: 480px) 480px, (min-width: 481px) 750px, 100vw\" \/> <img decoding=\"async\" class=\"aligncenter size-full wp-image-3714\" src=\"https:\/\/www.supersybon.com\/es\/wp-content\/uploads\/2022\/10\/1764902986-OT-4-5-Inch-6-Hole-Hook-And-Loop-Sanding-Discs-40-80-120-240-320-600-800-Assorted-Grits-Sandpaper.jpg\" alt=\"\" width=\"750\" height=\"750\" title=\"\" srcset=\"https:\/\/www.supersybon.com\/es\/wp-content\/uploads\/2022\/10\/1764902986-OT-4-5-Inch-6-Hole-Hook-And-Loop-Sanding-Discs-40-80-120-240-320-600-800-Assorted-Grits-Sandpaper.jpg 750w, https:\/\/www.supersybon.com\/es\/wp-content\/uploads\/2022\/10\/1764902986-OT-4-5-Inch-6-Hole-Hook-And-Loop-Sanding-Discs-40-80-120-240-320-600-800-Assorted-Grits-Sandpaper-480x480.jpg 480w\" sizes=\"(min-width: 0px) and (max-width: 480px) 480px, (min-width: 481px) 750px, 100vw\" \/> <img decoding=\"async\" class=\"aligncenter size-full wp-image-3715\" src=\"https:\/\/www.supersybon.com\/es\/wp-content\/uploads\/2022\/10\/1764902992-OT-4-5-Inch-Gold-Sanding-Discs-Sandpaper-6-Hole-Sanding-Disc-Hook-And-Loop-Round-Orbital-Sander.jpg\" alt=\"Discos de lija dorados de 4 y 5 pulgadas, papel de lija, disco de lija de 6 agujeros, lijadora orbital redonda con velcro\" width=\"750\" height=\"750\" title=\"\" srcset=\"https:\/\/www.supersybon.com\/es\/wp-content\/uploads\/2022\/10\/1764902992-OT-4-5-Inch-Gold-Sanding-Discs-Sandpaper-6-Hole-Sanding-Disc-Hook-And-Loop-Round-Orbital-Sander.jpg 750w, https:\/\/www.supersybon.com\/es\/wp-content\/uploads\/2022\/10\/1764902992-OT-4-5-Inch-Gold-Sanding-Discs-Sandpaper-6-Hole-Sanding-Disc-Hook-And-Loop-Round-Orbital-Sander-480x480.jpg 480w\" sizes=\"(min-width: 0px) and (max-width: 480px) 480px, (min-width: 481px) 750px, 100vw\" \/><\/div>\n<div class=\"magic-15\" data-id=\"paragraph0\"><\/div>\n<\/div>\n<\/div>\n<div class=\"magic-13\">\n<div class=\"magic-14\">\n<div class=\"magic-9\">\n<div class=\"magic-10\">\n<p>&nbsp;<\/p>\n<p>&nbsp;<\/p>\n<p>&nbsp;<\/p>\n<p>&nbsp;<\/p>\n<p>&nbsp;<\/p>\n<\/div>\n<\/div>\n<\/div>\n<\/div>\n<div class=\"magic-13\">\n<div class=\"magic-14\">\n<div data-spm-anchor-id=\"a2700.details.0.i37.625d2e9eLtZffL\">\n<p>&nbsp;<\/p>\n<p><strong>Embalaje y servicio de productos<br \/>\n<\/strong><\/p>\n<hr \/>\n<p><strong>PAQUETE :<br \/>\n<\/strong><\/p>\n<p>100 piezas por caja.<\/p>\n<div class=\"magic-13\">\n<div class=\"magic-14\">\n<div class=\"magic-9\">\n<div class=\"magic-10\">\n<div class=\"magic-13\">\n<div class=\"magic-14\">\n<div class=\"magic-9\">\n<div class=\"magic-10\">\n<p>&nbsp;<\/p>\n<\/div>\n<\/div>\n<\/div>\n<\/div>\n<div class=\"magic-13\">\n<div class=\"magic-14\">\n<div data-spm-anchor-id=\"a2700.details.0.i37.625d2e9eLtZffL\">\n<p><img decoding=\"async\" class=\"aligncenter size-full wp-image-3719\" src=\"https:\/\/www.supersybon.com\/es\/wp-content\/uploads\/2022\/10\/1764903009-OT-4-Premium-Sanding-Discs-6-Hole-Dustless-Hook-And-Loop-Sandpaper-Finishing-Discs-For-Woodworking-Or-Automotive.jpg\" alt=\"Discos de lija premium OT-4 de 6 agujeros, sin polvo, con cierre de velcro, para acabado de madera y automoci\u00f3n\" width=\"750\" height=\"750\" title=\"\" srcset=\"https:\/\/www.supersybon.com\/es\/wp-content\/uploads\/2022\/10\/1764903009-OT-4-Premium-Sanding-Discs-6-Hole-Dustless-Hook-And-Loop-Sandpaper-Finishing-Discs-For-Woodworking-Or-Automotive.jpg 750w, https:\/\/www.supersybon.com\/es\/wp-content\/uploads\/2022\/10\/1764903009-OT-4-Premium-Sanding-Discs-6-Hole-Dustless-Hook-And-Loop-Sandpaper-Finishing-Discs-For-Woodworking-Or-Automotive-480x480.jpg 480w\" sizes=\"(min-width: 0px) and (max-width: 480px) 480px, (min-width: 481px) 750px, 100vw\" \/><\/p>\n<p>&nbsp;<\/p>\n<\/div>\n<\/div>\n<\/div>\n<\/div>\n<\/div>\n<\/div>\n<\/div>\n<div class=\"magic-13\">\n<div class=\"magic-14\">\n<div data-spm-anchor-id=\"a2700.details.0.i37.625d2e9eLtZffL\">\n<p><strong>NUESTRO SERVICIO:<br \/>\n<\/strong><\/p>\n<p>1.24 horas en l\u00ednea<\/p>\n<p>2. Precio competitivo<\/p>\n<p>3. Excelentes comentarios del cliente<\/p>\n<p>4. Pedidos en l\u00ednea seguros<\/p>\n<p>5. Entrega r\u00e1pida<\/p>\n<p>6. Soporte t\u00e9cnico profesional<\/p>\n<\/div>\n<\/div>\n<\/div>\n<\/div>\n<div class=\"magic-13\">\n<div class=\"magic-14\">\n<div class=\"magic-9\">\n<div class=\"magic-10\">\n<div class=\"magic-13\">\n<div class=\"magic-14\">\n<div data-spm-anchor-id=\"a2700.details.0.i37.625d2e9eLtZffL\">\n<div class=\"magic-13\">\n<div class=\"magic-14\">\n<div class=\"magic-9\">\n<div class=\"magic-10\">\n<div class=\"magic-13\">\n<div class=\"magic-14\">\n<div data-spm-anchor-id=\"a2700.details.0.i37.625d2e9eLtZffL\">\n<p>&nbsp;<\/p>\n<\/div>\n<\/div>\n<\/div>\n<\/div>\n<\/div>\n<\/div>\n<\/div>\n<div class=\"magic-13\">\n<div class=\"magic-14\">\n<p>&nbsp;<\/p>\n<\/div>\n<\/div>\n<\/div>\n<\/div>\n<\/div>\n<\/div>\n<\/div>\n<\/div>\n<\/div>\n<div class=\"magic-13\">\n<div class=\"magic-14\">\n<p><strong>Perfil de la empresa<br \/>\n<\/strong><\/p>\n<hr \/>\n<p>&nbsp;<\/p>\n<\/div>\n<\/div>\n<p><img decoding=\"async\" class=\"aligncenter size-full wp-image-324\" src=\"https:\/\/www.supersybon.com\/es\/wp-content\/uploads\/2022\/09\/1663401769-Car-Paint-Supplier-Company-Profile-Manufacturer-China.jpg\" alt=\"\" width=\"900\" height=\"958\" title=\"\" srcset=\"https:\/\/www.supersybon.com\/es\/wp-content\/uploads\/2022\/09\/1663401769-Car-Paint-Supplier-Company-Profile-Manufacturer-China.jpg 900w, https:\/\/www.supersybon.com\/es\/wp-content\/uploads\/2022\/09\/1663401769-Car-Paint-Supplier-Company-Profile-Manufacturer-China-480x511.jpg 480w\" sizes=\"(min-width: 0px) and (max-width: 480px) 480px, (min-width: 481px) 900px, 100vw\" \/><\/p>\n<div class=\"magic-13\">\n<div class=\"magic-14\">\n<p><strong>Preguntas m\u00e1s frecuentes<\/strong><\/p>\n<hr \/>\n<\/div>\n<\/div>\n<p>P: \u00bfCu\u00e1l es su MOQ?<\/p>\n<p>R: Nuestro pedido m\u00ednimo es de 1 caja de cart\u00f3n.<\/p>\n<p>P: \u00bfQu\u00e9 hay de su pago?<\/p>\n<p>R: dep\u00f3sito del 50% por adelantado, saldo del 50% por T\/T, L\/C, paypal, Western Union o antes del env\u00edo.<\/p>\n<p>P: \u00bfProporcionan muestras?<\/p>\n<p>R: S\u00ed, puede comprar una muestra para probarla.<\/p>\n<p>P: \u00bfQu\u00e9 hay de su tiempo de entrega?<\/p>\n<p>R: generalmente 15 d\u00edas despu\u00e9s de recibir su dep\u00f3sito.<\/p>\n<\/div>\n<\/div>\n","protected":false},"excerpt":{"rendered":"<p>\u00b7Corte r\u00e1pido, larga vida \u00fatil.<br \/>\n\u00b7Funciona bien en muchas superficies.<br \/>\n\u00b7Lijado agresivo con extra durabilidad.<\/p>\n","protected":false},"featured_media":3712,"template":"","meta":{"_et_pb_use_builder":"","_et_pb_old_content":"","_et_gb_content_width":""},"product_brand":[],"product_cat":[67,69],"product_tag":[556,557],"class_list":{"0":"post-1054","1":"product","2":"type-product","3":"status-publish","4":"has-post-thumbnail","6":"product_cat-serie-de-reparacion-de-automoviles","7":"product_cat-papel-de-lija","8":"product_tag-discos-de-lijado-de-5-6","9":"product_tag-hook-and-loop-6-17-agujeros-papel-de-lija","11":"first","12":"instock","13":"shipping-taxable","14":"product-type-simple"},"_links":{"self":[{"href":"https:\/\/www.supersybon.com\/es\/wp-json\/wp\/v2\/product\/1054","targetHints":{"allow":["GET"]}}],"collection":[{"href":"https:\/\/www.supersybon.com\/es\/wp-json\/wp\/v2\/product"}],"about":[{"href":"https:\/\/www.supersybon.com\/es\/wp-json\/wp\/v2\/types\/product"}],"wp:featuredmedia":[{"embeddable":true,"href":"https:\/\/www.supersybon.com\/es\/wp-json\/wp\/v2\/media\/3712"}],"wp:attachment":[{"href":"https:\/\/www.supersybon.com\/es\/wp-json\/wp\/v2\/media?parent=1054"}],"wp:term":[{"taxonomy":"product_brand","embeddable":true,"href":"https:\/\/www.supersybon.com\/es\/wp-json\/wp\/v2\/product_brand?post=1054"},{"taxonomy":"product_cat","embeddable":true,"href":"https:\/\/www.supersybon.com\/es\/wp-json\/wp\/v2\/product_cat?post=1054"},{"taxonomy":"product_tag","embeddable":true,"href":"https:\/\/www.supersybon.com\/es\/wp-json\/wp\/v2\/product_tag?post=1054"}],"curies":[{"name":"wp","href":"https:\/\/api.w.org\/{rel}","templated":true}]}}