{"id":1043,"date":"2022-10-18T16:10:44","date_gmt":"2022-10-18T08:10:44","guid":{"rendered":"https:\/\/www.supersybon.com\/es\/?post_type=product&#038;p=1043"},"modified":"2025-12-05T11:08:14","modified_gmt":"2025-12-05T03:08:14","slug":"230280mm-papel-de-lija-abrasivo-de-alto-acabado-suave-papel-de-lija-impermeable-humedo-o-seco","status":"publish","type":"product","link":"https:\/\/www.supersybon.com\/es\/product\/230280mm-papel-de-lija-abrasivo-de-alto-acabado-suave-papel-de-lija-impermeable-humedo-o-seco","title":{"rendered":"230*280mm Papel de lija abrasivo de alto acabado suave papel de lija impermeable h\u00famedo o seco"},"content":{"rendered":"<p><img decoding=\"async\" class=\"aligncenter size-full wp-image-3721\" src=\"https:\/\/www.supersybon.com\/es\/wp-content\/uploads\/2022\/10\/1764903892-9X11-Inch-Black-Silicon-Carbide-Sandpaper-For-Wood-Car-Repair-And-Metal.jpg\" alt=\"Papel de lija de carburo de silicio negro de 9 x 11 pulgadas para madera, reparaci\u00f3n de autom\u00f3viles y metal\" width=\"750\" height=\"302\" title=\"\" srcset=\"https:\/\/www.supersybon.com\/es\/wp-content\/uploads\/2022\/10\/1764903892-9X11-Inch-Black-Silicon-Carbide-Sandpaper-For-Wood-Car-Repair-And-Metal.jpg 750w, https:\/\/www.supersybon.com\/es\/wp-content\/uploads\/2022\/10\/1764903892-9X11-Inch-Black-Silicon-Carbide-Sandpaper-For-Wood-Car-Repair-And-Metal-480x193.jpg 480w\" sizes=\"(min-width: 0px) and (max-width: 480px) 480px, (min-width: 481px) 750px, 100vw\" \/><\/p>\n<p>&nbsp;<\/p>\n<p><strong>230*280mm Papel de lija abrasivo de alto acabado suave papel de lija impermeable h\u00famedo o seco<\/strong><\/p>\n<p>Caracter\u00edstica: resistente al agua, se puede sumergir en agua durante mucho tiempo. La hoja de papel de lija se puede utilizar lijando a mano.<\/p>\n<p>1. Excelente rendimiento.<\/p>\n<p>2.Desde el lijado grueso hasta el acabado fino.<\/p>\n<p>3. Capacidad de afilado, sin contaminaci\u00f3n por polvo, adaptable en lijado seco y h\u00famedo.<\/p>\n<p>4. Tiene un efecto de pulido uniforme y bueno despu\u00e9s del lijado.<\/p>\n<p>5. Electro revestido.<\/p>\n<div class=\"magic-13\">\n<div class=\"magic-14\">\n<div class=\"magic-15\" data-id=\"paragraph0\"><\/div>\n<\/div>\n<\/div>\n<div data-id=\"paragraph0\"><img decoding=\"async\" class=\"aligncenter size-full wp-image-3723\" src=\"https:\/\/www.supersybon.com\/es\/wp-content\/uploads\/2022\/10\/1764903902-Best-Wet-and-Dry-Silicon-Carbide-Sandpaper-Waterproof-60-2500-Grit-Sandpaper.jpg\" alt=\"El mejor papel de lija de carburo de silicio, h\u00famedo y seco, resistente al agua, grano 60-2500\" width=\"800\" height=\"800\" title=\"\" srcset=\"https:\/\/www.supersybon.com\/es\/wp-content\/uploads\/2022\/10\/1764903902-Best-Wet-and-Dry-Silicon-Carbide-Sandpaper-Waterproof-60-2500-Grit-Sandpaper.jpg 800w, https:\/\/www.supersybon.com\/es\/wp-content\/uploads\/2022\/10\/1764903902-Best-Wet-and-Dry-Silicon-Carbide-Sandpaper-Waterproof-60-2500-Grit-Sandpaper-480x480.jpg 480w\" sizes=\"(min-width: 0px) and (max-width: 480px) 480px, (min-width: 481px) 800px, 100vw\" \/> <img decoding=\"async\" class=\"aligncenter size-full wp-image-3724\" src=\"https:\/\/www.supersybon.com\/es\/wp-content\/uploads\/2022\/10\/1764903907-Best-Wholesale-Wet-Dry-Sand-Paper-60-to-2500-Grit-Abrasive-Sanding-Sandpaper-paper.jpg\" alt=\"Papel de lija abrasivo para lijado en h\u00famedo y seco, grano 60 a 2500, al por mayor\" width=\"800\" height=\"800\" title=\"\" srcset=\"https:\/\/www.supersybon.com\/es\/wp-content\/uploads\/2022\/10\/1764903907-Best-Wholesale-Wet-Dry-Sand-Paper-60-to-2500-Grit-Abrasive-Sanding-Sandpaper-paper.jpg 800w, https:\/\/www.supersybon.com\/es\/wp-content\/uploads\/2022\/10\/1764903907-Best-Wholesale-Wet-Dry-Sand-Paper-60-to-2500-Grit-Abrasive-Sanding-Sandpaper-paper-480x480.jpg 480w\" sizes=\"(min-width: 0px) and (max-width: 480px) 480px, (min-width: 481px) 800px, 100vw\" \/> <img decoding=\"async\" class=\"aligncenter size-full wp-image-3726\" src=\"https:\/\/www.supersybon.com\/es\/wp-content\/uploads\/2022\/10\/1764903918-Wholesales-Sandpaper-Price-Silicon-Carbide-Series-Wet-Dry-Sandpaper-For-Polishing-The-Car-Wood.jpg\" alt=\"Papel de lija al por mayor, precio, serie carburo de silicio, papel de lija h\u00famedo y seco para pulir madera de autom\u00f3viles\" width=\"800\" height=\"800\" title=\"\" srcset=\"https:\/\/www.supersybon.com\/es\/wp-content\/uploads\/2022\/10\/1764903918-Wholesales-Sandpaper-Price-Silicon-Carbide-Series-Wet-Dry-Sandpaper-For-Polishing-The-Car-Wood.jpg 800w, https:\/\/www.supersybon.com\/es\/wp-content\/uploads\/2022\/10\/1764903918-Wholesales-Sandpaper-Price-Silicon-Carbide-Series-Wet-Dry-Sandpaper-For-Polishing-The-Car-Wood-480x480.jpg 480w\" sizes=\"(min-width: 0px) and (max-width: 480px) 480px, (min-width: 481px) 800px, 100vw\" \/><\/div>\n<div class=\"magic-13\">\n<div class=\"magic-14\">\n<div class=\"magic-9\">\n<div class=\"magic-10\">\n<p>&nbsp;<\/p>\n<p><img decoding=\"async\" class=\"aligncenter size-full wp-image-1036\" src=\"https:\/\/www.supersybon.com\/es\/wp-content\/uploads\/2022\/10\/1666080219-OT-1-Wet-And-Dry-Sand-Paper-Silicon-Carbide-Waterproof-Abrasive-Sandpaper-For-Meatal-And-Wood.jpg\" alt=\"\" width=\"750\" height=\"502\" title=\"\" srcset=\"https:\/\/www.supersybon.com\/es\/wp-content\/uploads\/2022\/10\/1666080219-OT-1-Wet-And-Dry-Sand-Paper-Silicon-Carbide-Waterproof-Abrasive-Sandpaper-For-Meatal-And-Wood.jpg 750w, https:\/\/www.supersybon.com\/es\/wp-content\/uploads\/2022\/10\/1666080219-OT-1-Wet-And-Dry-Sand-Paper-Silicon-Carbide-Waterproof-Abrasive-Sandpaper-For-Meatal-And-Wood-480x321.jpg 480w\" sizes=\"(min-width: 0px) and (max-width: 480px) 480px, (min-width: 481px) 750px, 100vw\" \/><\/p>\n<p><img decoding=\"async\" class=\"aligncenter size-full wp-image-1037\" src=\"https:\/\/www.supersybon.com\/es\/wp-content\/uploads\/2022\/10\/1666080237-OT-1-9X11-Inch-Sand-Paper-Sandpaper-Automotive-Paint-Surface-Polishing-Paper.jpg\" alt=\"\" width=\"750\" height=\"502\" title=\"\" srcset=\"https:\/\/www.supersybon.com\/es\/wp-content\/uploads\/2022\/10\/1666080237-OT-1-9X11-Inch-Sand-Paper-Sandpaper-Automotive-Paint-Surface-Polishing-Paper.jpg 750w, https:\/\/www.supersybon.com\/es\/wp-content\/uploads\/2022\/10\/1666080237-OT-1-9X11-Inch-Sand-Paper-Sandpaper-Automotive-Paint-Surface-Polishing-Paper-480x321.jpg 480w\" sizes=\"(min-width: 0px) and (max-width: 480px) 480px, (min-width: 481px) 750px, 100vw\" \/><\/p>\n<p>&nbsp;<\/p>\n<p>&nbsp;<\/p>\n<p><strong>Embalaje y servicio de productos<br \/>\n<\/strong><\/p>\n<hr \/>\n<p><strong>PAQUETE :<br \/>\n<\/strong><\/p>\n<p>1000 piezas\/cart\u00f3n.<\/p>\n<p>&nbsp;<\/p>\n<\/div>\n<\/div>\n<\/div>\n<\/div>\n<div class=\"magic-13\">\n<div class=\"magic-14\">\n<div data-spm-anchor-id=\"a2700.details.0.i37.625d2e9eLtZffL\"><img decoding=\"async\" class=\"aligncenter size-full wp-image-3722\" src=\"https:\/\/www.supersybon.com\/es\/wp-content\/uploads\/2022\/10\/1764903897-Best-Hot-Selling-Waterproof-Abrasive-Sanding-Paper-60-2500-Grit-Wet-or-Dry-Sand-Paper.jpg\" alt=\"Papel de lija abrasivo impermeable m\u00e1s vendido, grano 60-2500, para lijado en seco o h\u00famedo\" width=\"800\" height=\"800\" title=\"\" srcset=\"https:\/\/www.supersybon.com\/es\/wp-content\/uploads\/2022\/10\/1764903897-Best-Hot-Selling-Waterproof-Abrasive-Sanding-Paper-60-2500-Grit-Wet-or-Dry-Sand-Paper.jpg 800w, https:\/\/www.supersybon.com\/es\/wp-content\/uploads\/2022\/10\/1764903897-Best-Hot-Selling-Waterproof-Abrasive-Sanding-Paper-60-2500-Grit-Wet-or-Dry-Sand-Paper-480x480.jpg 480w\" sizes=\"(min-width: 0px) and (max-width: 480px) 480px, (min-width: 481px) 800px, 100vw\" \/><\/div>\n<div data-spm-anchor-id=\"a2700.details.0.i37.625d2e9eLtZffL\">\n<div class=\"magic-13\">\n<div class=\"magic-14\">\n<div class=\"magic-9\">\n<div class=\"magic-10\">\n<p>&nbsp;<\/p>\n<\/div>\n<\/div>\n<\/div>\n<\/div>\n<div class=\"magic-13\">\n<div class=\"magic-14\">\n<div data-spm-anchor-id=\"a2700.details.0.i37.625d2e9eLtZffL\">\n<p>&nbsp;<\/p>\n<p><strong>NUESTRO SERVICIO:<br \/>\n<\/strong><\/p>\n<p>1.24 horas en l\u00ednea<\/p>\n<p>2. Precio competitivo<\/p>\n<p>3. Excelentes comentarios del cliente<\/p>\n<p>4. Pedidos en l\u00ednea seguros<\/p>\n<p>5. Entrega r\u00e1pida<\/p>\n<p>6. Soporte t\u00e9cnico profesional<\/p>\n<\/div>\n<\/div>\n<\/div>\n<\/div>\n<div class=\"magic-13\">\n<div class=\"magic-14\">\n<div class=\"magic-9\">\n<div class=\"magic-10\">\n<p>&nbsp;<\/p>\n<p>&nbsp;<\/p>\n<\/div>\n<\/div>\n<\/div>\n<\/div>\n<div class=\"magic-13\">\n<div class=\"magic-14\">\n<p><strong>Perfil de la empresa<br \/>\n<\/strong><\/p>\n<hr \/>\n<p>&nbsp;<\/p>\n<\/div>\n<\/div>\n<p><img decoding=\"async\" class=\"aligncenter size-full wp-image-324\" src=\"https:\/\/www.supersybon.com\/es\/wp-content\/uploads\/2022\/09\/1663401769-Car-Paint-Supplier-Company-Profile-Manufacturer-China.jpg\" alt=\"\" width=\"900\" height=\"958\" title=\"\" srcset=\"https:\/\/www.supersybon.com\/es\/wp-content\/uploads\/2022\/09\/1663401769-Car-Paint-Supplier-Company-Profile-Manufacturer-China.jpg 900w, https:\/\/www.supersybon.com\/es\/wp-content\/uploads\/2022\/09\/1663401769-Car-Paint-Supplier-Company-Profile-Manufacturer-China-480x511.jpg 480w\" sizes=\"(min-width: 0px) and (max-width: 480px) 480px, (min-width: 481px) 900px, 100vw\" \/><\/p>\n<div class=\"magic-13\">\n<div class=\"magic-14\">\n<p><strong>Preguntas m\u00e1s frecuentes<\/strong><\/p>\n<hr \/>\n<\/div>\n<\/div>\n<p>P: \u00bfCu\u00e1l es su MOQ?<\/p>\n<p>R: Nuestro pedido m\u00ednimo es de 1 caja de cart\u00f3n.<\/p>\n<p>P: \u00bfQu\u00e9 hay de su pago?<\/p>\n<p>R: dep\u00f3sito del 50% por adelantado, saldo del 50% por T\/T, L\/C, paypal, Western Union o antes del env\u00edo.<\/p>\n<p>P: \u00bfProporcionan muestras?<\/p>\n<p>R: S\u00ed, puede comprar una muestra para probarla.<\/p>\n<p>P: \u00bfQu\u00e9 hay de su tiempo de entrega?<\/p>\n<p>R: generalmente 15 d\u00edas despu\u00e9s de recibir su dep\u00f3sito.<\/p>\n<\/div>\n<\/div>\n","protected":false},"excerpt":{"rendered":"<p>\u00b7Excelente actuaci\u00f3n.<br \/>\n\u00b7Del lijado basto al acabado fino.<br \/>\n\u00b7Capacidad de afilado, sin contaminaci\u00f3n por polvo, adaptable en lijado seco y h\u00famedo.<br \/>\n\u00b7Tiene un efecto de esmerilado uniforme y bueno despu\u00e9s del lijado.<br \/>\n\u00b7Electro recubrimiento.<\/p>\n","protected":false},"featured_media":3725,"template":"","meta":{"_et_pb_use_builder":"","_et_pb_old_content":"","_et_gb_content_width":""},"product_brand":[],"product_cat":[67,69],"product_tag":[554],"class_list":{"0":"post-1043","1":"product","2":"type-product","3":"status-publish","4":"has-post-thumbnail","6":"product_cat-serie-de-reparacion-de-automoviles","7":"product_cat-papel-de-lija","8":"product_tag-papel-de-lija-abrasivo-de-alto-acabado-suave","10":"first","11":"instock","12":"shipping-taxable","13":"product-type-simple"},"_links":{"self":[{"href":"https:\/\/www.supersybon.com\/es\/wp-json\/wp\/v2\/product\/1043","targetHints":{"allow":["GET"]}}],"collection":[{"href":"https:\/\/www.supersybon.com\/es\/wp-json\/wp\/v2\/product"}],"about":[{"href":"https:\/\/www.supersybon.com\/es\/wp-json\/wp\/v2\/types\/product"}],"wp:featuredmedia":[{"embeddable":true,"href":"https:\/\/www.supersybon.com\/es\/wp-json\/wp\/v2\/media\/3725"}],"wp:attachment":[{"href":"https:\/\/www.supersybon.com\/es\/wp-json\/wp\/v2\/media?parent=1043"}],"wp:term":[{"taxonomy":"product_brand","embeddable":true,"href":"https:\/\/www.supersybon.com\/es\/wp-json\/wp\/v2\/product_brand?post=1043"},{"taxonomy":"product_cat","embeddable":true,"href":"https:\/\/www.supersybon.com\/es\/wp-json\/wp\/v2\/product_cat?post=1043"},{"taxonomy":"product_tag","embeddable":true,"href":"https:\/\/www.supersybon.com\/es\/wp-json\/wp\/v2\/product_tag?post=1043"}],"curies":[{"name":"wp","href":"https:\/\/api.w.org\/{rel}","templated":true}]}}