{"id":1022,"date":"2022-10-18T14:28:52","date_gmt":"2022-10-18T06:28:52","guid":{"rendered":"https:\/\/www.supersybon.com\/es\/?post_type=product&#038;p=1022"},"modified":"2023-01-03T10:04:57","modified_gmt":"2023-01-03T02:04:57","slug":"193-rollo-de-papel-de-pintura-automotriz-para-revestimiento-de-automoviles-pintura-pintura-proteccion-de-automoviles-papel-de-revestimiento","status":"publish","type":"product","link":"https:\/\/www.supersybon.com\/es\/product\/193-rollo-de-papel-de-pintura-automotriz-para-revestimiento-de-automoviles-pintura-pintura-proteccion-de-automoviles-papel-de-revestimiento","title":{"rendered":"193 Rollo de papel de pintura automotriz para revestimiento de autom\u00f3viles pintura pintura protecci\u00f3n de autom\u00f3viles papel de revestimiento"},"content":{"rendered":"<p><strong>Descripci\u00f3n del producto<\/strong><\/p>\n<hr \/>\n<p><strong>Rollo de papel de pintura automotriz para revestimiento de autom\u00f3viles pintura pintura protecci\u00f3n de autom\u00f3viles papel de revestimiento<\/strong><\/p>\n<p>1. Hecho de papel de primera calidad, con efecto impermeable y a prueba de polvo de primera calidad.<\/p>\n<p>2. El material de papel Kraft hace que la pintura se seque r\u00e1pidamente sin salpicar ni fluir.<\/p>\n<p>3.Ideal para pintura automotriz, cobertura de equipos y protecci\u00f3n de electrodom\u00e9sticos.<\/p>\n<div data-id=\"paragraph0\"><\/div>\n<div class=\"magic-13\">\n<div class=\"magic-14\">\n<div class=\"magic-9\">\n<div class=\"magic-10\">\n<p>&nbsp;<\/p>\n<p><img decoding=\"async\" class=\"aligncenter size-full wp-image-1029\" src=\"https:\/\/www.supersybon.com\/es\/wp-content\/uploads\/2022\/10\/1666076612-193-Paper-For-Automotive-Painting-Paints-Protection-Tools.jpg\" alt=\"\" width=\"750\" height=\"1213\" title=\"\" srcset=\"https:\/\/www.supersybon.com\/es\/wp-content\/uploads\/2022\/10\/1666076612-193-Paper-For-Automotive-Painting-Paints-Protection-Tools.jpg 750w, https:\/\/www.supersybon.com\/es\/wp-content\/uploads\/2022\/10\/1666076612-193-Paper-For-Automotive-Painting-Paints-Protection-Tools-480x776.jpg 480w\" sizes=\"(min-width: 0px) and (max-width: 480px) 480px, (min-width: 481px) 750px, 100vw\" \/><\/p>\n<div data-spm-anchor-id=\"a2700.details.0.i37.625d2e9eLtZffL\">\n<div data-spm-anchor-id=\"a2700.details.0.i37.625d2e9eLtZffL\">\n<div data-spm-anchor-id=\"a2700.details.0.i37.625d2e9eLtZffL\">\n<p>&nbsp;<\/p>\n<p>&nbsp;<\/p>\n<\/div>\n<div data-spm-anchor-id=\"a2700.details.0.i37.625d2e9eLtZffL\"><\/div>\n<\/div>\n<\/div>\n<p><strong>Embalaje y servicio de productos<br \/>\n<\/strong><\/p>\n<hr \/>\n<\/div>\n<\/div>\n<\/div>\n<\/div>\n<div class=\"magic-13\">\n<div class=\"magic-14\">\n<div data-spm-anchor-id=\"a2700.details.0.i37.625d2e9eLtZffL\"><strong>PAQUETE :<br \/>\n<\/strong><\/div>\n<p>45cm*100m: 8 rollos\/cart\u00f3n<\/p>\n<p>45cm*200m: 6 rollos\/cart\u00f3n<\/p>\n<p>90cm*200m: 4 rollos\/cart\u00f3n<\/p>\n<p>90cm*300m: 4 rollos\/cart\u00f3n<\/p>\n<p>&nbsp;<\/p>\n<p><img decoding=\"async\" class=\"aligncenter size-full wp-image-1023\" src=\"https:\/\/www.supersybon.com\/es\/wp-content\/uploads\/2022\/10\/1666076227-193-Saving-Cost-And-Easy-To-Use-Tear-Without-Adhesive-Residue-Resistance-To-Car-Body-Repair-Masking-Paper.jpg\" alt=\"\" width=\"700\" height=\"444\" title=\"\" srcset=\"https:\/\/www.supersybon.com\/es\/wp-content\/uploads\/2022\/10\/1666076227-193-Saving-Cost-And-Easy-To-Use-Tear-Without-Adhesive-Residue-Resistance-To-Car-Body-Repair-Masking-Paper.jpg 700w, https:\/\/www.supersybon.com\/es\/wp-content\/uploads\/2022\/10\/1666076227-193-Saving-Cost-And-Easy-To-Use-Tear-Without-Adhesive-Residue-Resistance-To-Car-Body-Repair-Masking-Paper-480x304.jpg 480w\" sizes=\"(min-width: 0px) and (max-width: 480px) 480px, (min-width: 481px) 700px, 100vw\" \/><\/p>\n<div data-spm-anchor-id=\"a2700.details.0.i37.625d2e9eLtZffL\">\n<div data-spm-anchor-id=\"a2700.details.0.i37.625d2e9eLtZffL\">\n<div data-spm-anchor-id=\"a2700.details.0.i37.625d2e9eLtZffL\">\n<p>&nbsp;<\/p>\n<p>&nbsp;<\/p>\n<\/div>\n<div data-spm-anchor-id=\"a2700.details.0.i37.625d2e9eLtZffL\"><\/div>\n<\/div>\n<\/div>\n<p><strong>NUESTRO SERVICIO:<br \/>\n<\/strong><\/p>\n<p>1.24 horas en l\u00ednea<\/p>\n<p>2. Precio competitivo<\/p>\n<p>3. Excelentes comentarios del cliente<\/p>\n<p>4. Pedidos en l\u00ednea seguros<\/p>\n<p>5. Entrega r\u00e1pida<\/p>\n<p>6. Soporte t\u00e9cnico profesional<\/p>\n<p>&nbsp;<\/p>\n<p><strong>Perfil de la empresa<br \/>\n<\/strong><\/p>\n<hr \/>\n<p>&nbsp;<\/p>\n<p><img decoding=\"async\" class=\"aligncenter size-full wp-image-324\" src=\"https:\/\/www.supersybon.com\/es\/wp-content\/uploads\/2022\/09\/1663401769-Car-Paint-Supplier-Company-Profile-Manufacturer-China.jpg\" alt=\"\" width=\"900\" height=\"958\" title=\"\" srcset=\"https:\/\/www.supersybon.com\/es\/wp-content\/uploads\/2022\/09\/1663401769-Car-Paint-Supplier-Company-Profile-Manufacturer-China.jpg 900w, https:\/\/www.supersybon.com\/es\/wp-content\/uploads\/2022\/09\/1663401769-Car-Paint-Supplier-Company-Profile-Manufacturer-China-480x511.jpg 480w\" sizes=\"(min-width: 0px) and (max-width: 480px) 480px, (min-width: 481px) 900px, 100vw\" \/><\/p>\n<div class=\"magic-13\">\n<div class=\"magic-14\">\n<p><strong>Preguntas m\u00e1s frecuentes<\/strong><\/p>\n<hr \/>\n<\/div>\n<\/div>\n<p>P: \u00bfCu\u00e1l es su MOQ?<\/p>\n<p>R: Nuestro pedido m\u00ednimo es de 1 caja de cart\u00f3n.<\/p>\n<p>P: \u00bfQu\u00e9 hay de su pago?<\/p>\n<p>R: dep\u00f3sito del 50% por adelantado, saldo del 50% por T\/T, L\/C, paypal, Western Union o antes del env\u00edo.<\/p>\n<p>P: \u00bfProporcionan muestras?<\/p>\n<p>R: S\u00ed, puede comprar una muestra para probarla.<\/p>\n<p>P: \u00bfQu\u00e9 hay de su tiempo de entrega?<\/p>\n<p>R: generalmente 15 d\u00edas despu\u00e9s de recibir su dep\u00f3sito.<\/p>\n<\/div>\n<\/div>\n","protected":false},"excerpt":{"rendered":"<p>\u00b7Hecho de papel premium, con efecto impermeable y a prueba de polvo premium.<br \/>\n\u00b7El material de papel kraft hace que la pintura se seque r\u00e1pidamente sin salpicar ni fluir.<br \/>\n\u00b7Ideal para pintura automotriz, cobertura de equipos y protecci\u00f3n de electrodom\u00e9sticos.<\/p>\n","protected":false},"featured_media":1024,"template":"","meta":{"_et_pb_use_builder":"","_et_pb_old_content":"","_et_gb_content_width":""},"product_brand":[],"product_cat":[67,72],"product_tag":[551,550],"class_list":{"0":"post-1022","1":"product","2":"type-product","3":"status-publish","4":"has-post-thumbnail","6":"product_cat-serie-de-reparacion-de-automoviles","7":"product_cat-cinta-de-enmascarar-pelicula-papel","8":"product_tag-papel-de-cubierta-de-proteccion-de-coche","9":"product_tag-rollo-de-papel-de-pintura-automotriz","11":"first","12":"instock","13":"shipping-taxable","14":"product-type-simple"},"_links":{"self":[{"href":"https:\/\/www.supersybon.com\/es\/wp-json\/wp\/v2\/product\/1022","targetHints":{"allow":["GET"]}}],"collection":[{"href":"https:\/\/www.supersybon.com\/es\/wp-json\/wp\/v2\/product"}],"about":[{"href":"https:\/\/www.supersybon.com\/es\/wp-json\/wp\/v2\/types\/product"}],"wp:featuredmedia":[{"embeddable":true,"href":"https:\/\/www.supersybon.com\/es\/wp-json\/wp\/v2\/media\/1024"}],"wp:attachment":[{"href":"https:\/\/www.supersybon.com\/es\/wp-json\/wp\/v2\/media?parent=1022"}],"wp:term":[{"taxonomy":"product_brand","embeddable":true,"href":"https:\/\/www.supersybon.com\/es\/wp-json\/wp\/v2\/product_brand?post=1022"},{"taxonomy":"product_cat","embeddable":true,"href":"https:\/\/www.supersybon.com\/es\/wp-json\/wp\/v2\/product_cat?post=1022"},{"taxonomy":"product_tag","embeddable":true,"href":"https:\/\/www.supersybon.com\/es\/wp-json\/wp\/v2\/product_tag?post=1022"}],"curies":[{"name":"wp","href":"https:\/\/api.w.org\/{rel}","templated":true}]}}