{"id":1014,"date":"2022-10-18T13:48:19","date_gmt":"2022-10-18T05:48:19","guid":{"rendered":"https:\/\/www.supersybon.com\/es\/?post_type=product&#038;p=1014"},"modified":"2023-01-03T09:58:54","modified_gmt":"2023-01-03T01:58:54","slug":"200wt-pelicula-de-enmascarar-pregrabada-para-la-pintura-automotriz-que-cubre-la-mejor-pintura-de-cinta-adhesiva-automotriz","status":"publish","type":"product","link":"https:\/\/www.supersybon.com\/es\/product\/200wt-pelicula-de-enmascarar-pregrabada-para-la-pintura-automotriz-que-cubre-la-mejor-pintura-de-cinta-adhesiva-automotriz","title":{"rendered":"200WT Pel\u00edcula de enmascarar pregrabada para la pintura automotriz que cubre la mejor pintura de cinta adhesiva automotriz"},"content":{"rendered":"<p><iframe title=\"Pre-Taped Masking Film for Automotive Painting Covering Automotive Best Masking Tape Painting\" width=\"1080\" height=\"608\" src=\"https:\/\/www.youtube.com\/embed\/1JgAJviPKWU?feature=oembed\"  allow=\"accelerometer; autoplay; clipboard-write; encrypted-media; gyroscope; picture-in-picture\" allowfullscreen><\/iframe><\/p>\n<p>&nbsp;<\/p>\n<p><strong>200WT Pel\u00edcula de enmascarar pregrabada para la pintura automotriz que cubre la mejor pintura de cinta adhesiva automotriz<\/strong><\/p>\n<p>1.Muchos usos: pel\u00edcula protectora liviana y resistente al desgarro, ideal para pintura automotriz, cobertura de equipos y protecci\u00f3n de electrodom\u00e9sticos. La pel\u00edcula protectora preencintada puede proteger los electrodom\u00e9sticos y los muebles del polvo y los pigmentos durante la decoraci\u00f3n o pintura de la casa. Tambi\u00e9n se puede usar como cubiertas antipolvo para autom\u00f3viles, pel\u00edculas de pintura para autom\u00f3viles y tapetes para picnic.<\/p>\n<p>2. Material de buena calidad: no es f\u00e1cil de rayar, con un efecto a prueba de polvo de alta calidad.<\/p>\n<p>3. Fijaci\u00f3n con cinta: Cuando se cubre con l\u00e1minas de pl\u00e1stico, la pel\u00edcula cubrir\u00e1 los muebles debido a la fricci\u00f3n entre las pel\u00edculas. El papel de enmascarar en un lado de la l\u00e1mina de pl\u00e1stico facilita su uso incluso en paredes y armarios altos. Despu\u00e9s de fijar la posici\u00f3n de la pel\u00edcula protectora, extender\u00e1 lentamente la pel\u00edcula de pl\u00e1stico para cubrir el objeto.<\/p>\n<p>4. Dise\u00f1o conveniente: dise\u00f1o de rollo para desplegar la pel\u00edcula de manera r\u00e1pida y conveniente y cubrir varios electrodom\u00e9sticos peque\u00f1os.<\/p>\n<div data-id=\"paragraph0\"><\/div>\n<div class=\"magic-13\">\n<div class=\"magic-14\">\n<div class=\"magic-9\">\n<div class=\"magic-10\">\n<p>&nbsp;<\/p>\n<p><img decoding=\"async\" class=\"aligncenter size-full wp-image-1016\" src=\"https:\/\/www.supersybon.com\/es\/wp-content\/uploads\/2022\/10\/1666074021-200WT-Plastic-Film-For-Automotive-Pelcula-De-Enmascarado-Automotriz-Pre-Taped-Paper-And-Plastic-Roll-For-Car-Masking.jpg\" alt=\"\" width=\"750\" height=\"750\" title=\"\" srcset=\"https:\/\/www.supersybon.com\/es\/wp-content\/uploads\/2022\/10\/1666074021-200WT-Plastic-Film-For-Automotive-Pelcula-De-Enmascarado-Automotriz-Pre-Taped-Paper-And-Plastic-Roll-For-Car-Masking.jpg 750w, https:\/\/www.supersybon.com\/es\/wp-content\/uploads\/2022\/10\/1666074021-200WT-Plastic-Film-For-Automotive-Pelcula-De-Enmascarado-Automotriz-Pre-Taped-Paper-And-Plastic-Roll-For-Car-Masking-480x480.jpg 480w\" sizes=\"(min-width: 0px) and (max-width: 480px) 480px, (min-width: 481px) 750px, 100vw\" \/><\/p>\n<p><img decoding=\"async\" class=\"aligncenter size-full wp-image-1015\" src=\"https:\/\/www.supersybon.com\/es\/wp-content\/uploads\/2022\/10\/1666073999-200WT-Wholesale-Factory-Price-Good-Quality-Pre-Taped-Masking-Film-Car-Spray-Paint-Masking-Tape-Film.jpg\" alt=\"\" width=\"809\" height=\"671\" title=\"\" srcset=\"https:\/\/www.supersybon.com\/es\/wp-content\/uploads\/2022\/10\/1666073999-200WT-Wholesale-Factory-Price-Good-Quality-Pre-Taped-Masking-Film-Car-Spray-Paint-Masking-Tape-Film.jpg 809w, https:\/\/www.supersybon.com\/es\/wp-content\/uploads\/2022\/10\/1666073999-200WT-Wholesale-Factory-Price-Good-Quality-Pre-Taped-Masking-Film-Car-Spray-Paint-Masking-Tape-Film-480x398.jpg 480w\" sizes=\"(min-width: 0px) and (max-width: 480px) 480px, (min-width: 481px) 809px, 100vw\" \/><\/p>\n<div class=\"magic-13\">\n<div class=\"magic-14\">\n<div class=\"magic-9\">\n<div class=\"magic-10\">\n<div data-spm-anchor-id=\"a2700.details.0.i37.625d2e9eLtZffL\">\n<p>&nbsp;<\/p>\n<p>&nbsp;<\/p>\n<\/div>\n<div data-spm-anchor-id=\"a2700.details.0.i37.625d2e9eLtZffL\"><\/div>\n<div class=\"magic-13\">\n<div class=\"magic-14\">\n<div data-spm-anchor-id=\"a2700.details.0.i37.625d2e9eLtZffL\">\n<div><strong>Embalaje y servicio de productos<br \/>\n<\/strong><\/div>\n<hr \/>\n<p>&nbsp;<\/p>\n<p><strong>PAQUETE :<br \/>\n<\/strong><\/p>\n<\/div>\n<\/div>\n<\/div>\n<\/div>\n<p>Ancho 1,4 cm: 50 rollos\/cart\u00f3n;<\/p>\n<p>Ancho 1,1 m: 50 rollos\/cart\u00f3n;<\/p>\n<p>Ancho 0,55 m: 100 rollos\/cart\u00f3n.<\/p>\n<\/div>\n<\/div>\n<\/div>\n<div data-spm-anchor-id=\"a2700.details.0.i37.625d2e9eLtZffL\">\n<div data-spm-anchor-id=\"a2700.details.0.i37.625d2e9eLtZffL\">\n<div data-spm-anchor-id=\"a2700.details.0.i37.625d2e9eLtZffL\">\n<div data-spm-anchor-id=\"a2700.details.0.i37.625d2e9eLtZffL\">\n<p>&nbsp;<\/p>\n<\/div>\n<div data-spm-anchor-id=\"a2700.details.0.i37.625d2e9eLtZffL\"><img decoding=\"async\" class=\"aligncenter size-full wp-image-1017\" src=\"https:\/\/www.supersybon.com\/es\/wp-content\/uploads\/2022\/10\/1666074068-200WT-Tape-Automotive-Masking-Film-For-Auto-Painting-Masking-Film-Plastic-Covering-Masking-Film-With-Tapes.jpg\" alt=\"\" width=\"750\" height=\"750\" title=\"\" srcset=\"https:\/\/www.supersybon.com\/es\/wp-content\/uploads\/2022\/10\/1666074068-200WT-Tape-Automotive-Masking-Film-For-Auto-Painting-Masking-Film-Plastic-Covering-Masking-Film-With-Tapes.jpg 750w, https:\/\/www.supersybon.com\/es\/wp-content\/uploads\/2022\/10\/1666074068-200WT-Tape-Automotive-Masking-Film-For-Auto-Painting-Masking-Film-Plastic-Covering-Masking-Film-With-Tapes-480x480.jpg 480w\" sizes=\"(min-width: 0px) and (max-width: 480px) 480px, (min-width: 481px) 750px, 100vw\" \/><\/div>\n<div data-spm-anchor-id=\"a2700.details.0.i37.625d2e9eLtZffL\">\n<div data-spm-anchor-id=\"a2700.details.0.i37.625d2e9eLtZffL\">\n<p>&nbsp;<\/p>\n<p>&nbsp;<\/p>\n<\/div>\n<div data-spm-anchor-id=\"a2700.details.0.i37.625d2e9eLtZffL\"><\/div>\n<\/div>\n<\/div>\n<div data-spm-anchor-id=\"a2700.details.0.i37.625d2e9eLtZffL\">\n<p><strong>NUESTRO SERVICIO:<br \/>\n<\/strong><\/p>\n<p>1.24 horas en l\u00ednea<\/p>\n<p>2. Precio competitivo<\/p>\n<p>3. Excelentes comentarios del cliente<\/p>\n<p>4. Pedidos en l\u00ednea seguros<\/p>\n<p>5. Entrega r\u00e1pida<\/p>\n<p>6. Soporte t\u00e9cnico profesional<\/p>\n<\/div>\n<\/div>\n<\/div>\n<\/div>\n<p>&nbsp;<\/p>\n<\/div>\n<\/div>\n<\/div>\n<div data-spm-anchor-id=\"a2700.details.0.i37.625d2e9eLtZffL\">\n<div data-spm-anchor-id=\"a2700.details.0.i37.625d2e9eLtZffL\">\n<p>&nbsp;<\/p>\n<p><strong>Perfil de la empresa<br \/>\n<\/strong><\/p>\n<hr \/>\n<p>&nbsp;<\/p>\n<\/div>\n<\/div>\n<div class=\"magic-13\">\n<div class=\"magic-14\">\n<p><img decoding=\"async\" class=\"aligncenter size-full wp-image-324\" src=\"https:\/\/www.supersybon.com\/es\/wp-content\/uploads\/2022\/09\/1663401769-Car-Paint-Supplier-Company-Profile-Manufacturer-China.jpg\" alt=\"\" width=\"900\" height=\"958\" title=\"\" srcset=\"https:\/\/www.supersybon.com\/es\/wp-content\/uploads\/2022\/09\/1663401769-Car-Paint-Supplier-Company-Profile-Manufacturer-China.jpg 900w, https:\/\/www.supersybon.com\/es\/wp-content\/uploads\/2022\/09\/1663401769-Car-Paint-Supplier-Company-Profile-Manufacturer-China-480x511.jpg 480w\" sizes=\"(min-width: 0px) and (max-width: 480px) 480px, (min-width: 481px) 900px, 100vw\" \/><\/p>\n<div class=\"magic-13\">\n<div class=\"magic-14\">\n<p><strong>Preguntas m\u00e1s frecuentes<\/strong><\/p>\n<hr \/>\n<\/div>\n<\/div>\n<p>P: \u00bfCu\u00e1l es su MOQ?<\/p>\n<p>R: Nuestro pedido m\u00ednimo es de 1 caja de cart\u00f3n.<\/p>\n<p>P: \u00bfQu\u00e9 hay de su pago?<\/p>\n<p>R: dep\u00f3sito del 50% por adelantado, saldo del 50% por T\/T, L\/C, paypal, Western Union o antes del env\u00edo.<\/p>\n<p>P: \u00bfProporcionan muestras?<\/p>\n<p>R: S\u00ed, puede comprar una muestra para probarla.<\/p>\n<p>P: \u00bfQu\u00e9 hay de su tiempo de entrega?<\/p>\n<p>R: generalmente 15 d\u00edas despu\u00e9s de recibir su dep\u00f3sito.<\/p>\n<\/div>\n<\/div>\n","protected":false},"excerpt":{"rendered":"<p>\u00b7Material de buena calidad: no es f\u00e1cil de rayar, con un efecto a prueba de polvo de alta calidad.<br \/>\n\u00b7Fijaci\u00f3n con cinta: Cuando se recubre una l\u00e1mina de pl\u00e1stico, la pel\u00edcula cubrir\u00e1 el mueble debido al roce entre las pel\u00edculas. El papel de enmascarar en un lado de la l\u00e1mina de pl\u00e1stico facilita su uso incluso en paredes y armarios altos. Despu\u00e9s de fijar la posici\u00f3n de la pel\u00edcula protectora, extender\u00e1 lentamente la pel\u00edcula de pl\u00e1stico para cubrir el objeto.<br \/>\n\u00b7Dise\u00f1o conveniente: dise\u00f1o de rollo para desplegar la pel\u00edcula de manera r\u00e1pida y conveniente y cubrir varios electrodom\u00e9sticos peque\u00f1os.<\/p>\n","protected":false},"featured_media":1018,"template":"","meta":{"_et_pb_use_builder":"","_et_pb_old_content":"","_et_gb_content_width":""},"product_brand":[],"product_cat":[67,72],"product_tag":[548,549],"class_list":{"0":"post-1014","1":"product","2":"type-product","3":"status-publish","4":"has-post-thumbnail","6":"product_cat-serie-de-reparacion-de-automoviles","7":"product_cat-cinta-de-enmascarar-pelicula-papel","8":"product_tag-la-mejor-pintura-de-cinta-adhesiva-automotriz","9":"product_tag-pelicula-de-enmascarar-pregrabada","11":"first","12":"instock","13":"shipping-taxable","14":"product-type-simple"},"_links":{"self":[{"href":"https:\/\/www.supersybon.com\/es\/wp-json\/wp\/v2\/product\/1014","targetHints":{"allow":["GET"]}}],"collection":[{"href":"https:\/\/www.supersybon.com\/es\/wp-json\/wp\/v2\/product"}],"about":[{"href":"https:\/\/www.supersybon.com\/es\/wp-json\/wp\/v2\/types\/product"}],"wp:featuredmedia":[{"embeddable":true,"href":"https:\/\/www.supersybon.com\/es\/wp-json\/wp\/v2\/media\/1018"}],"wp:attachment":[{"href":"https:\/\/www.supersybon.com\/es\/wp-json\/wp\/v2\/media?parent=1014"}],"wp:term":[{"taxonomy":"product_brand","embeddable":true,"href":"https:\/\/www.supersybon.com\/es\/wp-json\/wp\/v2\/product_brand?post=1014"},{"taxonomy":"product_cat","embeddable":true,"href":"https:\/\/www.supersybon.com\/es\/wp-json\/wp\/v2\/product_cat?post=1014"},{"taxonomy":"product_tag","embeddable":true,"href":"https:\/\/www.supersybon.com\/es\/wp-json\/wp\/v2\/product_tag?post=1014"}],"curies":[{"name":"wp","href":"https:\/\/api.w.org\/{rel}","templated":true}]}}