{"id":39,"date":"2022-09-09T11:07:24","date_gmt":"2022-09-09T03:07:24","guid":{"rendered":"https:\/\/www.supersybon.com\/es\/?page_id=39"},"modified":"2024-11-06T10:07:57","modified_gmt":"2024-11-06T02:07:57","slug":"mezcla-de-colores-en-linea","status":"publish","type":"page","link":"https:\/\/www.supersybon.com\/es\/mezcla-de-colores-en-linea","title":{"rendered":"MEZCLA DE COLORES EN L\u00cdNEA"},"content":{"rendered":"<p>[et_pb_section fb_built=\"1\" _builder_version=\"4.19.1\" _module_preset=\"default\" background_image=\"https:\/\/www.supersybon.com\/es\/wp-content\/uploads\/2022\/09\/Professional-Car-Paint-Manufacturer-Based-in-China.jpg\" min_height=\"600px\" background_last_edited=\"on|phone\" background_image_tablet=\"https:\/\/www.supersybon.com\/es\/wp-content\/uploads\/2022\/09\/1663986474-Professional-Automotive-Paint-Manufacturer-Based-in-China.jpg\" background_image_phone=\"https:\/\/www.supersybon.com\/es\/wp-content\/uploads\/2022\/09\/1663922975-Professional-Car-Paint-Manufacturer-Based-in-China.jpg\" background_enable_image_tablet=\"on\" background_enable_image_phone=\"on\" global_colors_info=\"{}\"][et_pb_row _builder_version=\"4.19.0\" _module_preset=\"default\" global_colors_info=\"{}\"][et_pb_column type=\"4_4\" _builder_version=\"4.19.0\" _module_preset=\"default\" global_colors_info=\"{}\"][et_pb_text _builder_version=\"4.19.4\" _module_preset=\"default\" text_font=\"|600|||||||\" text_text_color=\"#FFFFFF\" text_font_size=\"50px\" header_font=\"||||||||\" header_text_align=\"left\" header_text_color=\"#FFFFFF\" header_font_size=\"50px\" header_letter_spacing=\"2px\" header_line_height=\"1.7em\" width=\"65%\" width_tablet=\"65%\" width_phone=\"93%\" width_last_edited=\"on|phone\" custom_margin=\"196px|||61px|false|false\" custom_margin_tablet=\"-60px|||-28px|false|false\" custom_margin_phone=\"-47px|||-4px|false|false\" custom_margin_last_edited=\"on|phone\" custom_padding=\"18px|||||\" header_font_size_tablet=\"41px\" header_font_size_phone=\"28px\" header_font_size_last_edited=\"on|phone\" header_text_shadow_style=\"preset3\" global_colors_info=\"{}\"]<\/p>\n<h1>SYBON en l\u00ednea<br \/>\nFormulaciones de color de pintura de coches<\/h1>\n<p>[\/et_pb_text][\/et_pb_column][\/et_pb_row][\/et_pb_section][et_pb_section fb_built=\"1\" module_id=\"Choose another brand\" _builder_version=\"4.19.1\" _module_preset=\"default\" global_colors_info=\"{}\"][et_pb_row column_structure=\"1_3,1_3,1_3\" _builder_version=\"4.19.1\" _module_preset=\"default\" global_colors_info=\"{}\"][et_pb_column type=\"1_3\" _builder_version=\"4.19.0\" _module_preset=\"default\" global_colors_info=\"{}\"][et_pb_image src=\"https:\/\/www.supersybon.com\/es\/wp-content\/uploads\/2022\/11\/1669616426-Toyota-Car-Paint-Color-Formulations.jpg\" title_text=\"Toyota-Car-Paint-Color-Formulations\" align=\"center\" _builder_version=\"4.19.1\" _module_preset=\"default\" global_colors_info=\"{}\"][\/et_pb_image][et_pb_text _builder_version=\"4.19.1\" _module_preset=\"default\" header_5_font=\"ABeeZee|600||on|||||\" header_5_text_align=\"center\" header_5_font_size=\"35px\" custom_margin=\"|||-30px|false|false\" custom_margin_tablet=\"|||-2px|false|false\" custom_margin_phone=\"|||-2px|false|false\" custom_margin_last_edited=\"on|phone\" global_colors_info=\"{}\"]<\/p>\n<h5>Toyota<\/h5>\n<p>[\/et_pb_text][\/et_pb_column][et_pb_column type=\"1_3\" _builder_version=\"4.19.0\" _module_preset=\"default\" global_colors_info=\"{}\"][et_pb_image src=\"https:\/\/www.supersybon.com\/es\/wp-content\/uploads\/2022\/11\/1669616448-Honda-Automotive-Paint-Color-Formulations.jpg\" title_text=\"Honda-Automotive-Paint-Color-Formulations\" align_tablet=\"center\" align_phone=\"\" align_last_edited=\"on|tablet\" _builder_version=\"4.19.1\" _module_preset=\"default\" global_colors_info=\"{}\"][\/et_pb_image][et_pb_text _builder_version=\"4.19.1\" _module_preset=\"default\" header_5_font=\"ABeeZee|700||on|||||\" header_5_text_align=\"center\" header_5_font_size=\"35px\" custom_margin=\"|||-20px|false|false\" custom_margin_tablet=\"|||-2px|false|false\" custom_margin_phone=\"|||3px|false|false\" custom_margin_last_edited=\"on|phone\" global_colors_info=\"{}\"]<\/p>\n<h5>Honda<\/h5>\n<p>[\/et_pb_text][\/et_pb_column][et_pb_column type=\"1_3\" _builder_version=\"4.19.0\" _module_preset=\"default\" global_colors_info=\"{}\"][et_pb_image src=\"https:\/\/www.supersybon.com\/es\/wp-content\/uploads\/2022\/11\/1669616466-Nissan-Automobile-Paint-Color-Formulations.jpg\" title_text=\"Nissan-Automobile-Paint-Color-Formulations\" align_tablet=\"center\" align_phone=\"\" align_last_edited=\"on|tablet\" _builder_version=\"4.19.1\" _module_preset=\"default\" global_colors_info=\"{}\"][\/et_pb_image][et_pb_text _builder_version=\"4.19.1\" _module_preset=\"default\" header_5_font=\"ABeeZee|600||on|||||\" header_5_text_align=\"center\" header_5_font_size=\"35px\" custom_margin=\"|||-20px|false|false\" custom_margin_tablet=\"|||-4px|false|false\" custom_margin_phone=\"|||4px|false|false\" custom_margin_last_edited=\"on|phone\" global_colors_info=\"{}\"]<\/p>\n<h5>Nissan<\/h5>\n<p>[\/et_pb_text][\/et_pb_column][\/et_pb_row][et_pb_row column_structure=\"1_4,1_4,1_4,1_4\" _builder_version=\"4.19.1\" _module_preset=\"default\" max_width=\"1280px\" global_colors_info=\"{}\"][et_pb_column type=\"1_4\" _builder_version=\"4.19.1\" _module_preset=\"default\" background_enable_image=\"off\" global_colors_info=\"{}\"][et_pb_image src=\"https:\/\/www.supersybon.com\/es\/wp-content\/uploads\/2022\/11\/1669616484-Volkswagen-Auto-Refinish-Paint-Color-Formulations.jpg\" title_text=\"Volkswagen-Auto-Refinish-Paint-Color-Formulations\" _builder_version=\"4.19.1\" _module_preset=\"default\" custom_margin_tablet=\"\" custom_margin_phone=\"|||13px|false|false\" custom_margin_last_edited=\"on|phone\" global_colors_info=\"{}\"][\/et_pb_image][et_pb_text _builder_version=\"4.19.1\" _module_preset=\"default\" header_5_font=\"ABeeZee|600||on|||||\" header_5_text_align=\"center\" header_5_font_size=\"35px\" custom_margin=\"|||-4px|false|false\" custom_margin_tablet=\"\" custom_margin_phone=\"|||15px|false|false\" custom_margin_last_edited=\"on|phone\" global_colors_info=\"{}\"]<\/p>\n<h5>Volkswagen<\/h5>\n<p>[\/et_pb_text][\/et_pb_column][et_pb_column type=\"1_4\" _builder_version=\"4.19.0\" _module_preset=\"default\" global_colors_info=\"{}\"][et_pb_image src=\"https:\/\/www.supersybon.com\/es\/wp-content\/uploads\/2022\/11\/1669616502-Mazda-Car-body-coating-Paint-Color-Formulations.jpg\" title_text=\"Mazda-Car-body-coating-Paint-Color-Formulations\" _builder_version=\"4.19.1\" _module_preset=\"default\" custom_margin_tablet=\"\" custom_margin_phone=\"|||14px|false|false\" custom_margin_last_edited=\"on|phone\" global_colors_info=\"{}\"][\/et_pb_image][et_pb_text _builder_version=\"4.19.1\" _module_preset=\"default\" header_5_font=\"ABeeZee|600||on|||||\" header_5_text_align=\"center\" header_5_font_size=\"35px\" custom_margin=\"|||-4px|false|false\" custom_margin_tablet=\"\" custom_margin_phone=\"|||6px|false|false\" custom_margin_last_edited=\"on|phone\" global_colors_info=\"{}\"]<\/p>\n<h5>Mazda<\/h5>\n<p>[\/et_pb_text][\/et_pb_column][et_pb_column type=\"1_4\" _builder_version=\"4.19.0\" _module_preset=\"default\" global_colors_info=\"{}\"][et_pb_image src=\"https:\/\/www.supersybon.com\/es\/wp-content\/uploads\/2022\/11\/1669616520-Mercedes-Benz-Carpaint-Liquid-Paint-Color-Formulations.jpg\" title_text=\"Mercedes-Benz-Carpaint-Liquid-Paint-Color-Formulations\" _builder_version=\"4.19.1\" _module_preset=\"default\" custom_margin_tablet=\"\" custom_margin_phone=\"|||15px|false|false\" custom_margin_last_edited=\"on|phone\" global_colors_info=\"{}\"][\/et_pb_image][et_pb_text _builder_version=\"4.19.1\" _module_preset=\"default\" header_5_font=\"ABeeZee|600||on|||||\" header_5_text_align=\"center\" header_5_font_size=\"33px\" custom_margin=\"|||-4px|false|false\" global_colors_info=\"{}\"]<\/p>\n<h5>Mercedes-Benz<\/h5>\n<p>[\/et_pb_text][\/et_pb_column][et_pb_column type=\"1_4\" _builder_version=\"4.19.0\" _module_preset=\"default\" global_colors_info=\"{}\"][et_pb_image src=\"https:\/\/www.supersybon.com\/es\/wp-content\/uploads\/2022\/11\/1669616542-Lexus-Car-Paint-Mixing-System-Color-Formulations.jpg\" title_text=\"Lexus-Car-Paint-Mixing-System-Color-Formulations\" _builder_version=\"4.19.1\" _module_preset=\"default\" custom_margin_tablet=\"\" custom_margin_phone=\"|||22px|false|false\" custom_margin_last_edited=\"on|phone\" global_colors_info=\"{}\"][\/et_pb_image][et_pb_text _builder_version=\"4.19.1\" _module_preset=\"default\" header_5_font=\"ABeeZee|600||on|||||\" header_5_text_align=\"center\" header_5_font_size=\"35px\" custom_margin=\"|||-4px|false|false\" custom_margin_tablet=\"\" custom_margin_phone=\"|||18px|false|false\" custom_margin_last_edited=\"on|phone\" global_colors_info=\"{}\"]<\/p>\n<h5>Lexus<\/h5>\n<p>[\/et_pb_text][\/et_pb_column][\/et_pb_row][\/et_pb_section][et_pb_section fb_built=\"1\" _builder_version=\"4.19.0\" _module_preset=\"default\" custom_padding=\"||48px|||\" global_colors_info=\"{}\"][et_pb_row _builder_version=\"4.19.1\" _module_preset=\"default\" max_width=\"1280px\" global_colors_info=\"{}\"][et_pb_column type=\"4_4\" _builder_version=\"4.19.0\" _module_preset=\"default\" global_colors_info=\"{}\"][et_pb_text _builder_version=\"4.19.4\" _module_preset=\"default\" text_font_size=\"30px\" header_2_font_size=\"35px\" text_orientation=\"center\" header_2_font_size_tablet=\"\" header_2_font_size_phone=\"32px\" header_2_font_size_last_edited=\"on|phone\" header_2_line_height_tablet=\"1.3em\" header_2_line_height_phone=\"1.5em\" header_2_line_height_last_edited=\"on|phone\" global_colors_info=\"{}\"]<\/p>\n<h2>Ejemplos de formulaciones de color para autom\u00f3viles TOYOTA<\/h2>\n<p>[\/et_pb_text][et_pb_code _builder_version=\"4.19.1\" _module_preset=\"default\" custom_margin=\"||6px|||\" custom_padding=\"||30px|||\" global_colors_info=\"{}\"]<div id=\"footable_parent_1874\"\n         class=\" footable_parent ninja_table_wrapper loading_ninja_table wp_table_data_press_parent semantic_ui \">\n                <table data-ninja_table_instance=\"ninja_table_instance_0\" data-footable_id=\"1874\" data-filter-delay=\"1000\" aria-label=\"TOYOTA Color Formulations( Examples)\"            id=\"footable_1874\"\n           data-unique_identifier=\"ninja_table_unique_id_956236274_1874\"\n           class=\" foo-table ninja_footable foo_table_1874 ninja_table_unique_id_956236274_1874 ui table  nt_type_ajax_table selectable striped vertical_centered  footable-paging-right\">\n                <colgroup>\n                            <col class=\"ninja_column_0 \">\n                            <col class=\"ninja_column_1 \">\n                            <col class=\"ninja_column_2 \">\n                            <col class=\"ninja_column_3 \">\n                            <col class=\"ninja_column_4 \">\n                    <\/colgroup>\n            <\/table>\n    \n    \n    \n<\/div>\n[\/et_pb_code][et_pb_button button_url=\"https:\/\/www.supersybon.com\/es\/formulaciones-de-color-de-pintura-de-coches\" url_new_window=\"on\" button_text=\"Ver todas las formulaciones de color de pintura de coches\" button_alignment=\"center\" _builder_version=\"4.19.4\" _module_preset=\"default\" custom_button=\"on\" button_text_color=\"#FFFFFF\" button_bg_color=\"#000000\" button_icon=\"&#x35;||divi||400\" custom_margin=\"||40px|||\" button_text_size_tablet=\"\" button_text_size_phone=\"18px\" button_text_size_last_edited=\"on|phone\" global_colors_info=\"{}\"][\/et_pb_button][\/et_pb_column][\/et_pb_row][\/et_pb_section][et_pb_section fb_built=\"1\" _builder_version=\"4.27.2\" _module_preset=\"default\" background_color=\"rgba(0,0,0,0.03)\" custom_margin=\"||0px||false|false\" custom_padding=\"||0px||false|false\" global_colors_info=\"{}\" theme_builder_area=\"post_content\"][et_pb_row column_structure=\"1_2,1_2\" _builder_version=\"4.27.2\" _module_preset=\"default\" global_colors_info=\"{}\" theme_builder_area=\"post_content\"][et_pb_column type=\"1_2\" _builder_version=\"4.27.2\" _module_preset=\"default\" global_colors_info=\"{}\" theme_builder_area=\"post_content\"][et_pb_text _builder_version=\"4.27.2\" _module_preset=\"default\" text_text_color=\"#000000\" text_font_size=\"39px\" header_2_font=\"|600|||||||\" header_2_text_color=\"#000000\" header_2_font_size=\"39px\" header_2_line_height=\"1.5em\" text_orientation=\"center\" custom_margin=\"187px|||-73px|false|false\" custom_margin_tablet=\"-40px||26px|0px|false|false\" custom_margin_phone=\"-25px|||-2px|false|false\" custom_margin_last_edited=\"on|phone\" header_2_text_align_tablet=\"center\" header_2_text_align_phone=\"center\" header_2_text_align_last_edited=\"on|tablet\" header_2_font_size_tablet=\"39px\" header_2_font_size_phone=\"26px\" header_2_font_size_last_edited=\"on|phone\" global_colors_info=\"{}\" theme_builder_area=\"post_content\"]<\/p>\n<h2>LA PINTURA PARA AUTOM\u00d3VIL M\u00c1S VENDIDA<br \/>EMPRESA EN CHINA<\/h2>\n<p>[\/et_pb_text][\/et_pb_column][et_pb_column type=\"1_2\" _builder_version=\"4.27.2\" _module_preset=\"default\" global_colors_info=\"{}\" theme_builder_area=\"post_content\"][et_pb_text _builder_version=\"4.27.2\" _module_preset=\"default\" text_text_color=\"#000000\" text_font_size=\"35px\" text_orientation=\"center\" custom_margin=\"|||29px|false|false\" custom_margin_tablet=\"-32px||||false|false\" custom_margin_phone=\"-25px||||false|false\" custom_margin_last_edited=\"on|phone\" text_font_size_tablet=\"35px\" text_font_size_phone=\"26px\" text_font_size_last_edited=\"on|phone\" global_colors_info=\"{}\" theme_builder_area=\"post_content\"]<\/p>\n<p><span>PONERSE EN CONTACTO<\/span><\/p>\n<p>[\/et_pb_text][et_pb_text _builder_version=\"4.27.2\" _module_preset=\"default\" text_text_color=\"#000000\" text_font_size=\"15px\" text_orientation=\"center\" custom_margin=\"|||13px|false|false\" custom_margin_tablet=\"-26px||||false|false\" custom_margin_phone=\"-26px||||false|false\" custom_margin_last_edited=\"on|desktop\" global_colors_info=\"{}\" theme_builder_area=\"post_content\"]<\/p>\n<p><span>La consulta se enviar\u00e1 a nuestro equipo de ventas, le responderemos en 24 horas.<\/span><\/p>\n<p>[\/et_pb_text][et_pb_code _builder_version=\"4.27.2\" _module_preset=\"default\" custom_margin=\"-8px|||44px|false|false\" custom_margin_tablet=\"\" custom_margin_phone=\"59px|||0px|false|false\" custom_margin_last_edited=\"on|phone\" global_colors_info=\"{}\" theme_builder_area=\"post_content\"]<div class=\"forminator-ui forminator-custom-form forminator-custom-form-151 forminator-design--material  forminator_ajax\" data-forminator-render=\"0\" data-form=\"forminator-module-151\" data-uid=\"69f4e80aaf40f\"><br\/><\/div><form\n\t\t\t\tid=\"forminator-module-151\"\n\t\t\t\tclass=\"forminator-ui forminator-custom-form forminator-custom-form-151 forminator-design--material  forminator_ajax\"\n\t\t\t\tmethod=\"post\"\n\t\t\t\tdata-forminator-render=\"0\"\n\t\t\t\tdata-form-id=\"151\"\n\t\t\t\t data-color-option=\"default\" data-design=\"material\" data-grid=\"open\" style=\"display: none;\"\n\t\t\t\tdata-uid=\"69f4e80aaf40f\"\n\t\t\t><div role=\"alert\" aria-live=\"polite\" class=\"forminator-response-message forminator-error\" aria-hidden=\"true\"><\/div><div class=\"forminator-row\"><div id=\"name-1\" class=\"forminator-field-name forminator-col forminator-col-6 \"><div class=\"forminator-field\"><input type=\"text\" name=\"name-1\" value=\"\" placeholder=\"Primer nombre\" id=\"forminator-field-name-1_69f4e80aaf40f\" class=\"forminator-input forminator-name--field\" aria-required=\"true\" autocomplete=\"name\" \/><\/div><\/div><div id=\"email-1\" class=\"forminator-field-email forminator-col forminator-col-6 \"><div class=\"forminator-field\"><input type=\"email\" name=\"email-1\" value=\"\" placeholder=\"Direcci\u00f3n de correo electr\u00f3nico\" id=\"forminator-field-email-1_69f4e80aaf40f\" class=\"forminator-input forminator-email--field\" data-required=\"1\" aria-required=\"true\" autocomplete=\"email\" \/><\/div><\/div><\/div><div class=\"forminator-row\"><div id=\"phone-1\" class=\"forminator-field-phone forminator-col forminator-col-6 \"><div class=\"forminator-field\"><input type=\"text\" name=\"phone-1\" value=\"\" placeholder=\"N\u00famero de WhatsApp\" id=\"forminator-field-phone-1_69f4e80aaf40f\" class=\"forminator-input forminator-field--phone\" data-required=\"1\" aria-required=\"true\" autocomplete=\"off\" \/><\/div><\/div><div id=\"name-2\" class=\"forminator-field-name forminator-col forminator-col-6 \"><div class=\"forminator-field\"><input type=\"text\" name=\"name-2\" value=\"\" placeholder=\"Nombre de empresa\" id=\"forminator-field-name-2_69f4e80aaf40f\" class=\"forminator-input forminator-name--field\" aria-required=\"true\" autocomplete=\"name\" \/><\/div><\/div><\/div><div class=\"forminator-row\"><div id=\"textarea-1\" class=\"forminator-field-textarea forminator-col forminator-col-12 \"><div class=\"forminator-field\"><label for=\"forminator-field-textarea-1_69f4e80aaf40f\" id=\"forminator-field-textarea-1_69f4e80aaf40f-label\" class=\"forminator-label\">Mensaje <span class=\"forminator-required\">*<\/span><\/label><textarea name=\"textarea-1\" placeholder=\"Introduzca los detalles de su consulta, como el nombre del producto, la cantidad, etc.\" id=\"forminator-field-textarea-1_69f4e80aaf40f\" class=\"forminator-textarea\" rows=\"6\" style=\"--forminator-textarea-min-height:100px;\" ><\/textarea><\/div><\/div><\/div><div class=\"forminator-row\"><div id=\"captcha-1\" class=\"forminator-field-captcha forminator-col forminator-col-12 \"><div class=\"forminator-captcha-left forminator-g-recaptcha\" data-theme=\"light\"  data-sitekey=\"6Lfd4hMoAAAAAGESzftoUP-X1nnw5rbp0g87G5Ba\" data-size=\"normal\"><\/div> <\/div><\/div><input type=\"hidden\" name=\"referer_url\" value=\"\" \/><div class=\"forminator-row forminator-row-last\"><div class=\"forminator-col\"><div class=\"forminator-field\"><button class=\"forminator-button forminator-button-submit\"><span>Enviar mensaje<\/span><span aria-hidden=\"true\"><\/span><\/button><\/div><\/div><\/div><input type=\"hidden\" id=\"forminator_nonce\" name=\"forminator_nonce\" value=\"dd0a833e76\" \/><input type=\"hidden\" name=\"_wp_http_referer\" value=\"\/es\/wp-json\/wp\/v2\/pages\/39\" \/><input type=\"hidden\" name=\"form_id\" value=\"151\"><input type=\"hidden\" name=\"page_id\" value=\"39\"><input type=\"hidden\" name=\"form_type\" value=\"default\"><input type=\"hidden\" name=\"current_url\" value=\"https:\/\/www.supersybon.com\/es\/mezcla-de-colores-en-linea\"><input type=\"hidden\" name=\"render_id\" value=\"0\"><input type=\"hidden\" name=\"action\" value=\"forminator_submit_form_custom-forms\"><\/form>[\/et_pb_code][\/et_pb_column][\/et_pb_row][\/et_pb_section]<\/p>\n","protected":false},"excerpt":{"rendered":"<p>SYBON en l\u00ednea Formulaciones de color de pintura de coches Toyota Honda Nissan Volkswagen Mazda Mercedes-Benz Lexus Ejemplos de formulaciones de color para autom\u00f3viles TOYOTA <div id=\"footable_parent_1874\"\n         class=\" footable_parent ninja_table_wrapper loading_ninja_table wp_table_data_press_parent semantic_ui \">\n                <table data-ninja_table_instance=\"ninja_table_instance_1\" data-footable_id=\"1874\" data-filter-delay=\"1000\" aria-label=\"TOYOTA Color Formulations( Examples)\"            id=\"footable_1874\"\n           data-unique_identifier=\"ninja_table_unique_id_755529286_1874\"\n           class=\" foo-table ninja_footable foo_table_1874 ninja_table_unique_id_755529286_1874 ui table  nt_type_ajax_table selectable striped vertical_centered  footable-paging-right\">\n                <colgroup>\n                            <col class=\"ninja_column_0 \">\n                            <col class=\"ninja_column_1 \">\n                            <col class=\"ninja_column_2 \">\n                            <col class=\"ninja_column_3 \">\n                            <col class=\"ninja_column_4 \">\n                    <\/colgroup>\n            <\/table>\n    \n    \n    \n<\/div>\nLA PINTURA PARA AUTOM\u00d3VIL M\u00c1S VENDIDAEMPRESA EN CHINAPONERSE EN CONTACTOLa consulta se enviar\u00e1 a nuestro equipo de ventas, le responderemos en 24 horas.<div class=\"forminator-ui forminator-custom-form forminator-custom-form-151 forminator-design--material  forminator_ajax\" data-forminator-render=\"1\" data-form=\"forminator-module-151\" data-uid=\"69f4e80adf363\"><br\/><\/div><form\n\t\t\t\tid=\"forminator-module-151\"\n\t\t\t\tclass=\"forminator-ui forminator-custom-form forminator-custom-form-151 forminator-design--material  forminator_ajax\"\n\t\t\t\tmethod=\"post\"\n\t\t\t\tdata-forminator-render=\"1\"\n\t\t\t\tdata-form-id=\"151\"\n\t\t\t\t data-color-option=\"default\" data-design=\"material\" data-grid=\"open\" style=\"display: none;\"\n\t\t\t\tdata-uid=\"69f4e80adf363\"\n\t\t\t><div role=\"alert\" aria-live=\"polite\" class=\"forminator-response-message forminator-error\" aria-hidden=\"true\"><\/div><div class=\"forminator-row\"><div id=\"name-1\" class=\"forminator-field-name forminator-col forminator-col-6 \"><div class=\"forminator-field\"><input type=\"text\" name=\"name-1\" value=\"\" placeholder=\"Primer nombre\" id=\"forminator-field-name-1_69f4e80adf363\" class=\"forminator-input forminator-name--field\" aria-required=\"true\" autocomplete=\"name\" \/><\/div><\/div><div id=\"email-1\" class=\"forminator-field-email forminator-col forminator-col-6 \"><div class=\"forminator-field\"><input type=\"email\" name=\"email-1\" value=\"\" placeholder=\"Direcci\u00f3n de correo electr\u00f3nico\" id=\"forminator-field-email-1_69f4e80adf363\" class=\"forminator-input forminator-email--field\" data-required=\"1\" aria-required=\"true\" autocomplete=\"email\" \/><\/div><\/div><\/div><div class=\"forminator-row\"><div id=\"phone-1\" class=\"forminator-field-phone forminator-col forminator-col-6 \"><div class=\"forminator-field\"><input type=\"text\" name=\"phone-1\" value=\"\" placeholder=\"N\u00famero de WhatsApp\" id=\"forminator-field-phone-1_69f4e80adf363\" class=\"forminator-input forminator-field--phone\" data-required=\"1\" aria-required=\"true\" autocomplete=\"off\" \/><\/div><\/div><div id=\"name-2\" class=\"forminator-field-name forminator-col forminator-col-6 \"><div class=\"forminator-field\"><input type=\"text\" name=\"name-2\" value=\"\" placeholder=\"Nombre de empresa\" id=\"forminator-field-name-2_69f4e80adf363\" class=\"forminator-input forminator-name--field\" aria-required=\"true\" autocomplete=\"name\" \/><\/div><\/div><\/div><div class=\"forminator-row\"><div id=\"textarea-1\" class=\"forminator-field-textarea forminator-col forminator-col-12 \"><div class=\"forminator-field\"><label for=\"forminator-field-textarea-1_69f4e80adf363\" id=\"forminator-field-textarea-1_69f4e80adf363-label\" class=\"forminator-label\">Mensaje <span class=\"forminator-required\">*<\/span><\/label><textarea name=\"textarea-1\" placeholder=\"Introduzca los detalles de su consulta, como el nombre del producto, la cantidad, etc.\" id=\"forminator-field-textarea-1_69f4e80adf363\" class=\"forminator-textarea\" rows=\"6\" style=\"--forminator-textarea-min-height:100px;\" ><\/textarea><\/div><\/div><\/div><div class=\"forminator-row\"><div id=\"captcha-1\" class=\"forminator-field-captcha forminator-col forminator-col-12 \"><div class=\"forminator-captcha-left forminator-g-recaptcha\" data-theme=\"light\"  data-sitekey=\"6Lfd4hMoAAAAAGESzftoUP-X1nnw5rbp0g87G5Ba\" data-size=\"normal\"><\/div> <\/div><\/div><input type=\"hidden\" name=\"referer_url\" value=\"\" \/><div class=\"forminator-row forminator-row-last\"><div class=\"forminator-col\"><div class=\"forminator-field\"><button class=\"forminator-button forminator-button-submit\"><span>Enviar mensaje<\/span><span aria-hidden=\"true\"><\/span><\/button><\/div><\/div><\/div><input type=\"hidden\" id=\"forminator_nonce\" name=\"forminator_nonce\" value=\"dd0a833e76\" \/><input type=\"hidden\" name=\"_wp_http_referer\" value=\"\/es\/wp-json\/wp\/v2\/pages\/39\" \/><input type=\"hidden\" name=\"form_id\" value=\"151\"><input type=\"hidden\" name=\"page_id\" value=\"39\"><input type=\"hidden\" name=\"form_type\" value=\"default\"><input type=\"hidden\" name=\"current_url\" value=\"https:\/\/www.supersybon.com\/es\/mezcla-de-colores-en-linea\"><input type=\"hidden\" name=\"render_id\" value=\"1\"><input type=\"hidden\" name=\"action\" value=\"forminator_submit_form_custom-forms\"><\/form><\/p>\n","protected":false},"author":1,"featured_media":0,"parent":0,"menu_order":0,"comment_status":"closed","ping_status":"closed","template":"","meta":{"_et_pb_use_builder":"on","_et_pb_old_content":"","_et_gb_content_width":""},"class_list":["post-39","page","type-page","status-publish","hentry"],"_links":{"self":[{"href":"https:\/\/www.supersybon.com\/es\/wp-json\/wp\/v2\/pages\/39","targetHints":{"allow":["GET"]}}],"collection":[{"href":"https:\/\/www.supersybon.com\/es\/wp-json\/wp\/v2\/pages"}],"about":[{"href":"https:\/\/www.supersybon.com\/es\/wp-json\/wp\/v2\/types\/page"}],"author":[{"embeddable":true,"href":"https:\/\/www.supersybon.com\/es\/wp-json\/wp\/v2\/users\/1"}],"replies":[{"embeddable":true,"href":"https:\/\/www.supersybon.com\/es\/wp-json\/wp\/v2\/comments?post=39"}],"version-history":[{"count":0,"href":"https:\/\/www.supersybon.com\/es\/wp-json\/wp\/v2\/pages\/39\/revisions"}],"wp:attachment":[{"href":"https:\/\/www.supersybon.com\/es\/wp-json\/wp\/v2\/media?parent=39"}],"curies":[{"name":"wp","href":"https:\/\/api.w.org\/{rel}","templated":true}]}}