{"id":36,"date":"2022-09-09T11:05:39","date_gmt":"2022-09-09T03:05:39","guid":{"rendered":"https:\/\/www.supersybon.com\/es\/?page_id=36"},"modified":"2024-11-06T10:14:50","modified_gmt":"2024-11-06T02:14:50","slug":"sobre-nosotros","status":"publish","type":"page","link":"https:\/\/www.supersybon.com\/es\/sobre-nosotros","title":{"rendered":"SOBRE NOSOTROS"},"content":{"rendered":"<p>[et_pb_section fb_built=\"1\" _builder_version=\"4.18.0\" _module_preset=\"default\" custom_padding=\"0px||0px||true|false\" global_colors_info=\"{}\"][et_pb_row _builder_version=\"4.18.0\" _module_preset=\"default\" global_colors_info=\"{}\"][et_pb_column type=\"4_4\" _builder_version=\"4.18.0\" _module_preset=\"default\" global_colors_info=\"{}\"][et_pb_text _builder_version=\"4.19.4\" _module_preset=\"default\" text_font_size=\"20px\" text_font_size_tablet=\"20px\" text_font_size_phone=\"18px\" text_font_size_last_edited=\"on|phone\" global_colors_info=\"{}\"]Est\u00e1s aqu\u00ed.: <a href=\"https:\/\/www.supersybon.com\/es\">Sybon<\/a> &gt; Sobre nosotros<br \/>\n[\/et_pb_text][\/et_pb_column][\/et_pb_row][\/et_pb_section][et_pb_section fb_built=\"1\" _builder_version=\"4.18.0\" _module_preset=\"default\" background_image=\"https:\/\/www.supersybon.com\/es\/wp-content\/uploads\/2022\/09\/1663060491-Best-Car-Automotive-Refinish-Paint-Manufacturers-in-China.jpg\" height=\"500px\" background_last_edited=\"on|phone\" background_image_tablet=\"https:\/\/www.supersybon.com\/es\/wp-content\/uploads\/2022\/09\/1664003948-Best-Car-Auto-Automotive-Refinish-Paint-Manufacturers-in-China.jpg\" background_image_phone=\"https:\/\/www.supersybon.com\/es\/wp-content\/uploads\/2022\/09\/1664002619-The-Best-Car-Automotive-Refinish-Paint-Manufacturers-in-China.jpg\" background_enable_image_tablet=\"on\" background_enable_image_phone=\"on\" global_colors_info=\"{}\"][et_pb_row _builder_version=\"4.18.0\" _module_preset=\"default\" custom_margin=\"|auto||28px|false|false\" custom_margin_tablet=\"-68px|||84px|false|false\" custom_margin_phone=\"-68px|||84px|false|false\" custom_margin_last_edited=\"on|tablet\" custom_padding=\"236px||236px||true|false\" global_colors_info=\"{}\"][et_pb_column type=\"4_4\" _builder_version=\"4.18.0\" _module_preset=\"default\" global_colors_info=\"{}\"][et_pb_text _builder_version=\"4.19.4\" _module_preset=\"default\" text_font=\"|600|||||||\" text_text_color=\"#FFFFFF\" text_font_size=\"80px\" text_letter_spacing=\"4px\" header_3_font=\"|600|||||||\" header_3_text_color=\"#FFFFFF\" header_3_font_size=\"80px\" text_orientation=\"center\" custom_margin_tablet=\"-29px||||false|false\" custom_margin_phone=\"-90px|||-88px|false|false\" custom_margin_last_edited=\"on|phone\" header_3_font_size_tablet=\"80px\" header_3_font_size_phone=\"40px\" header_3_font_size_last_edited=\"on|phone\" header_3_line_height_tablet=\"1.3em\" header_3_line_height_phone=\"1.5em\" header_3_line_height_last_edited=\"on|phone\" text_text_shadow_style=\"preset1\" global_colors_info=\"{}\"]<\/p>\n<h3>Bienvenido a SYBON<\/h3>\n<p>[\/et_pb_text][\/et_pb_column][\/et_pb_row][\/et_pb_section][et_pb_section fb_built=\"1\" _builder_version=\"4.18.0\" _module_preset=\"default\" global_colors_info=\"{}\"][et_pb_row column_structure=\"1_2,1_2\" use_custom_gutter=\"on\" make_equal=\"on\" _builder_version=\"4.18.0\" _module_preset=\"default\" width=\"100%\" max_width=\"1280px\" custom_padding=\"||0px|||\" global_colors_info=\"{}\"][et_pb_column type=\"1_2\" _builder_version=\"4.18.0\" _module_preset=\"default\" global_colors_info=\"{}\"][et_pb_text _builder_version=\"4.19.4\" _module_preset=\"default\" text_font_size=\"35px\" header_2_text_color=\"#000000\" header_2_font_size=\"30px\" custom_margin_tablet=\"|||18px|false|false\" custom_margin_phone=\"|||15px|false|false\" custom_margin_last_edited=\"on|phone\" global_colors_info=\"{}\"]<\/p>\n<h2>Sobre nosotros<\/h2>\n<p>[\/et_pb_text][et_pb_text _builder_version=\"4.19.4\" _module_preset=\"default\" text_font_size=\"16px\" width_tablet=\"95%\" width_phone=\"96%\" width_last_edited=\"on|phone\" custom_margin=\"-22px||||false|false\" custom_margin_tablet=\"|||17px|false|false\" custom_margin_phone=\"-22px|||14px|false|false\" custom_margin_last_edited=\"on|phone\" custom_padding=\"0px||||false|false\" global_colors_info=\"{}\"]Guangdong Sybon Nuevos Materiales Co; Ltd es un fabricante y exportador profesional. Establecido en 2002, Sybon se ha convertido en uno de los mayores fabricantes de recubrimientos en China. Nos estamos especializando en el desarrollo de dise\u00f1o y producci\u00f3n de series de pintura automotriz.<br \/>\nEstamos ubicados en Guangdong, China, con un c\u00f3modo acceso de transporte y un s\u00f3lido entorno de desarrollo. Todos nuestros productos cumplen con los est\u00e1ndares internacionales de calidad y son muy apreciados en una variedad de mercados diferentes en todo el mundo.<br \/>\nPodemos suministrar toda la gama de pintura de repintado para autom\u00f3viles, como: colores autobase 1K, colores autocryl 2k, capa transparente, endurecedor, diluyente, imprimador pl\u00e1stico 1K, imprimador de superficie 1K, relleno de imprimaci\u00f3n 2k, rellenador de carrocer\u00eda NC, aglutinante, controlador flip, pistola rociadora etc\u00e9tera. Tenemos m\u00e1s de 120 empleados y nuestra planta cubre m\u00e1s de 30.000 metros cuadrados.<br \/>\n[\/et_pb_text][\/et_pb_column][et_pb_column type=\"1_2\" _builder_version=\"4.18.0\" _module_preset=\"default\" global_colors_info=\"{}\"][et_pb_image src=\"https:\/\/www.supersybon.com\/es\/wp-content\/uploads\/2022\/09\/1662953873-Car-Paint-Company-Best-Car-Paint-China.jpg\" title_text=\"Car-Paint-Company-Best-Car-Paint-China\" show_bottom_space=\"off\" force_fullwidth=\"on\" _builder_version=\"4.18.0\" _module_preset=\"default\" custom_padding=\"54px||54px||true|false\" global_colors_info=\"{}\"][\/et_pb_image][\/et_pb_column][\/et_pb_row][\/et_pb_section][et_pb_section fb_built=\"1\" _builder_version=\"4.18.0\" _module_preset=\"default\" custom_padding=\"0px||||false|false\" global_colors_info=\"{}\"][et_pb_row column_structure=\"1_3,1_3,1_3\" use_custom_gutter=\"on\" gutter_width=\"2\" make_equal=\"on\" _builder_version=\"4.18.0\" _module_preset=\"default\" width=\"100%\" max_width=\"1280px\" custom_margin=\"0px||0px||true|false\" custom_padding=\"0px||0px||true|false\" global_colors_info=\"{}\"][et_pb_column type=\"1_3\" _builder_version=\"4.18.0\" _module_preset=\"default\" global_colors_info=\"{}\"][et_pb_image src=\"https:\/\/www.supersybon.com\/es\/wp-content\/uploads\/2022\/09\/1663064458-Automotive-Paint-Manufacturer-Production-Workshop.jpg\" title_text=\"Automotive-Paint-Manufacturer-Production-Workshop\" align_tablet=\"center\" align_phone=\"center\" align_last_edited=\"on|tablet\" _builder_version=\"4.18.0\" _module_preset=\"default\" global_colors_info=\"{}\"][\/et_pb_image][\/et_pb_column][et_pb_column type=\"1_3\" _builder_version=\"4.18.0\" _module_preset=\"default\" global_colors_info=\"{}\"][et_pb_image src=\"https:\/\/www.supersybon.com\/es\/wp-content\/uploads\/2022\/09\/1663064477-China-Lacquer-Automotive-Paint-Supplies.jpg\" title_text=\"China-Lacquer-Automotive-Paint-Supplies\" align_tablet=\"center\" align_phone=\"center\" align_last_edited=\"on|tablet\" _builder_version=\"4.18.0\" _module_preset=\"default\" global_colors_info=\"{}\"][\/et_pb_image][\/et_pb_column][et_pb_column type=\"1_3\" _builder_version=\"4.18.0\" _module_preset=\"default\" global_colors_info=\"{}\"][et_pb_image src=\"https:\/\/www.supersybon.com\/es\/wp-content\/uploads\/2022\/09\/1663064500-Automotivepaint-Supplies-Raw-Material-Warehouse.jpg\" title_text=\"Automotivepaint-Supplies-Raw-Material-Warehouse\" align_tablet=\"center\" align_phone=\"center\" align_last_edited=\"on|tablet\" _builder_version=\"4.18.0\" _module_preset=\"default\" global_colors_info=\"{}\"][\/et_pb_image][\/et_pb_column][\/et_pb_row][\/et_pb_section][et_pb_section fb_built=\"1\" _builder_version=\"4.18.0\" _module_preset=\"default\" background_color=\"rgba(10,10,10,0.02)\" custom_margin=\"||||false|false\" custom_padding=\"||||false|false\" global_colors_info=\"{}\"][et_pb_row column_structure=\"1_3,1_3,1_3\" use_custom_gutter=\"on\" make_equal=\"on\" _builder_version=\"4.18.0\" _module_preset=\"default\" width=\"100%\" width_tablet=\"90%\" width_phone=\"90%\" width_last_edited=\"on|phone\" max_width=\"1280px\" global_colors_info=\"{}\"][et_pb_column type=\"1_3\" _builder_version=\"4.18.0\" _module_preset=\"default\" global_colors_info=\"{}\"][et_pb_text _builder_version=\"4.19.4\" _module_preset=\"default\" text_font=\"|600|||||||\" text_text_color=\"#0a0a0a\" text_font_size=\"35px\" custom_margin=\"16px||||false|false\" custom_margin_tablet=\"|||10px|false|false\" custom_margin_phone=\"16px|||10px|false|false\" custom_margin_last_edited=\"on|phone\" text_font_size_tablet=\"35px\" text_font_size_phone=\"32px\" text_font_size_last_edited=\"on|phone\" global_colors_info=\"{}\"]POR QU\u00c9 ELEGIRNOS<br \/>\n[\/et_pb_text][et_pb_text _builder_version=\"4.19.4\" _module_preset=\"default\" text_font_size=\"18px\" custom_margin=\"-7px||||false|false\" custom_margin_tablet=\"|||10px|false|false\" custom_margin_phone=\"-7px|||10px|false|false\" custom_margin_last_edited=\"on|phone\" global_colors_info=\"{}\"]<\/p>\n<h3>Proveedor profesional de pintura para autom\u00f3viles.<\/h3>\n<p>[\/et_pb_text][et_pb_text _builder_version=\"4.19.4\" _module_preset=\"default\" text_font_size=\"18px\" custom_margin=\"-14px||||false|false\" custom_margin_tablet=\"|||10px|false|false\" custom_margin_phone=\"-14px|||10px|false|false\" custom_margin_last_edited=\"on|phone\" global_colors_info=\"{}\"]<\/p>\n<h4>20 a\u00f1os su fabricante confiable de pintura automotriz. Los clientes pueden confiar y cooperar con nosotros.<\/h4>\n<p>[\/et_pb_text][\/et_pb_column][et_pb_column type=\"1_3\" _builder_version=\"4.18.0\" _module_preset=\"default\" border_width_all=\"1px\" border_color_all=\"#b5b5b5\" global_colors_info=\"{}\"][et_pb_blurb use_icon=\"on\" font_icon=\"&#xf521;||fa||900\" icon_color=\"#000000\" image_icon_width=\"60px\" content_tablet=\"<\/p>\n<p>Uno de los mayores fabricantes de pintura para autom\u00f3viles en China.<\/p>\n<p>\" content_phone=\"<\/p>\n<p>Uno de los mayores fabricantes de pintura para autom\u00f3viles en China.<\/p>\n<p>\" content_last_edited=\"on|phone\" _builder_version=\"4.19.4\" _module_preset=\"default\" body_font_size=\"17px\" body_line_height=\"1.3em\" image_icon_custom_margin=\"35px||-36px||false|false\" text_orientation=\"center\" custom_margin=\"4px||||false|false\" custom_margin_tablet=\"4px||||false|false\" custom_margin_phone=\"-15px||||false|false\" custom_margin_last_edited=\"on|phone\" animation=\"off\" border_color_all=\"#a5a5a5\" global_colors_info=\"{}\"]Uno de los mayores fabricantes de pintura para autom\u00f3viles en China.<br \/>\n[\/et_pb_blurb][\/et_pb_column][et_pb_column type=\"1_3\" _builder_version=\"4.18.0\" _module_preset=\"default\" border_width_all=\"1px\" border_color_all=\"#b5b5b5\" global_colors_info=\"{}\"][et_pb_blurb use_icon=\"on\" font_icon=\"&#xe07c;||divi||400\" icon_color=\"#000000\" image_icon_width=\"60px\" _builder_version=\"4.19.4\" _module_preset=\"default\" body_font_size=\"17px\" image_icon_custom_margin=\"35px||-36px||false|false\" text_orientation=\"center\" custom_margin=\"4px||||false|false\" animation=\"off\" border_color_all=\"#a5a5a5\" global_colors_info=\"{}\"]Precio competitivo con buena calidad.<\/p>\n<p>&nbsp;<br \/>\n[\/et_pb_blurb][\/et_pb_column][\/et_pb_row][et_pb_row column_structure=\"1_3,1_3,1_3\" use_custom_gutter=\"on\" make_equal=\"on\" _builder_version=\"4.18.0\" _module_preset=\"default\" width=\"100%\" width_tablet=\"90%\" width_phone=\"90%\" width_last_edited=\"on|phone\" max_width=\"1280px\" global_colors_info=\"{}\"][et_pb_column type=\"1_3\" _builder_version=\"4.18.0\" _module_preset=\"default\" border_width_all=\"1px\" border_color_all=\"#b5b5b5\" global_colors_info=\"{}\"][et_pb_blurb use_icon=\"on\" font_icon=\"&#xf0d1;||fa||900\" icon_color=\"#000000\" image_icon_width=\"60px\" _builder_version=\"4.19.4\" _module_preset=\"default\" body_font_size=\"17px\" image_icon_custom_margin=\"35px||-36px||false|false\" text_orientation=\"center\" custom_margin=\"4px||||false|false\" animation=\"off\" border_color_all=\"#a5a5a5\" global_colors_info=\"{}\"]Mejor tiempo de entrega<\/p>\n<p>&nbsp;<br \/>\n[\/et_pb_blurb][\/et_pb_column][et_pb_column type=\"1_3\" _builder_version=\"4.18.0\" _module_preset=\"default\" border_width_all=\"1px\" border_color_all=\"#b5b5b5\" global_colors_info=\"{}\"][et_pb_blurb use_icon=\"on\" font_icon=\"&#xf658;||fa||900\" icon_color=\"#000000\" image_icon_width=\"60px\" content_tablet=\"<\/p>\n<p>Enviar cotizaci\u00f3n r\u00e1pida y exacta<\/p>\n<p>\" content_phone=\"<\/p>\n<p>Enviar cotizaci\u00f3n r\u00e1pida y exacta<\/p>\n<p>\" content_last_edited=\"on|phone\" _builder_version=\"4.19.4\" _module_preset=\"default\" body_font_size=\"17px\" image_icon_custom_margin=\"35px||-36px||false|false\" text_orientation=\"center\" custom_margin=\"4px||||false|false\" animation=\"off\" border_color_all=\"#a5a5a5\" global_colors_info=\"{}\"]Enviar cotizaci\u00f3n r\u00e1pida y exacta<br \/>\n[\/et_pb_blurb][\/et_pb_column][et_pb_column type=\"1_3\" _builder_version=\"4.18.0\" _module_preset=\"default\" border_width_all=\"1px\" border_color_all=\"#b5b5b5\" global_colors_info=\"{}\"][et_pb_blurb use_icon=\"on\" font_icon=\"&#xf0c0;||fa||900\" icon_color=\"#000000\" image_icon_width=\"60px\" content_tablet=\"<\/p>\n<p>Soporte t\u00e9cnico profesional<\/p>\n<p>\" content_phone=\"<\/p>\n<p>Soporte t\u00e9cnico profesional<\/p>\n<p>\" content_last_edited=\"on|phone\" _builder_version=\"4.19.4\" _module_preset=\"default\" body_font_size=\"17px\" image_icon_custom_margin=\"35px||-36px||false|false\" text_orientation=\"center\" custom_margin=\"4px||||false|false\" animation=\"off\" border_color_all=\"#a5a5a5\" global_colors_info=\"{}\"]Soporte t\u00e9cnico profesional<br \/>\n[\/et_pb_blurb][\/et_pb_column][\/et_pb_row][\/et_pb_section][et_pb_section fb_built=\"1\" _builder_version=\"4.27.2\" _module_preset=\"default\" background_color=\"rgba(0,0,0,0.03)\" custom_margin=\"||0px||false|false\" custom_padding=\"||0px||false|false\" global_colors_info=\"{}\" theme_builder_area=\"post_content\"][et_pb_row column_structure=\"1_2,1_2\" _builder_version=\"4.27.2\" _module_preset=\"default\" global_colors_info=\"{}\" theme_builder_area=\"post_content\"][et_pb_column type=\"1_2\" _builder_version=\"4.27.2\" _module_preset=\"default\" global_colors_info=\"{}\" theme_builder_area=\"post_content\"][et_pb_text content_tablet=\"<\/p>\n<h1>20 YEARS YOUR RELIABLE MANUFACTURER OF AUTOMOTIVE PAINT<\/h1>\n<p>\" content_phone=\"<\/p>\n<h1>20 a\u00f1os<br \/>Su fabricante fiable<\/h1>\n<h1>De pintura automotriz<\/h1>\n<p>\" content_last_edited=\"on|tablet\" _builder_version=\"4.27.2\" _module_preset=\"default\" text_text_color=\"#FFFFFF\" text_font_size=\"39px\" header_font=\"|600|||||||\" header_text_align=\"left\" header_text_color=\"#000000\" header_font_size=\"40px\" header_letter_spacing=\"2px\" header_line_height=\"1.7em\" header_2_font=\"|600|||||||\" header_2_text_color=\"#000000\" header_2_font_size=\"39px\" header_2_line_height=\"1.5em\" text_orientation=\"center\" custom_margin=\"101px|||-24px|false|false\" custom_margin_tablet=\"-54px||20px|1px|false|false\" custom_margin_phone=\"-25px|||-7px|false|false\" custom_margin_last_edited=\"on|phone\" hover_enabled=\"0\" header_text_align_tablet=\"center\" header_text_align_phone=\"center\" header_text_align_last_edited=\"on|phone\" header_font_size_tablet=\"33px\" header_font_size_phone=\"25px\" header_font_size_last_edited=\"on|phone\" header_line_height_tablet=\"1.7em\" header_line_height_phone=\"1.6em\" header_line_height_last_edited=\"on|phone\" global_colors_info=\"{}\" theme_builder_area=\"post_content\" sticky_enabled=\"0\"]<\/p>\n<h1>20 a\u00f1os<\/h1>\n<h1>su fabricante fiable de pintura de automoci\u00f3n<\/h1>\n<p>[\/et_pb_text][\/et_pb_column][et_pb_column type=\"1_2\" _builder_version=\"4.27.2\" _module_preset=\"default\" global_colors_info=\"{}\" theme_builder_area=\"post_content\"][et_pb_text _builder_version=\"4.27.2\" _module_preset=\"default\" text_text_color=\"#000000\" text_font_size=\"35px\" text_orientation=\"center\" custom_margin=\"|||29px|false|false\" custom_margin_tablet=\"-32px||||false|false\" custom_margin_phone=\"-25px||||false|false\" custom_margin_last_edited=\"on|phone\" hover_enabled=\"0\" text_font_size_tablet=\"35px\" text_font_size_phone=\"24px\" text_font_size_last_edited=\"on|phone\" global_colors_info=\"{}\" theme_builder_area=\"post_content\" sticky_enabled=\"0\"]<\/p>\n<p><span>PONERSE EN CONTACTO<\/span><\/p>\n<p>[\/et_pb_text][et_pb_text _builder_version=\"4.27.2\" _module_preset=\"default\" text_text_color=\"#000000\" text_font_size=\"15px\" text_orientation=\"center\" custom_margin=\"|||13px|false|false\" custom_margin_tablet=\"-26px||||false|false\" custom_margin_phone=\"-26px||||false|false\" custom_margin_last_edited=\"on|desktop\" global_colors_info=\"{}\" theme_builder_area=\"post_content\"]<\/p>\n<p><span>La consulta se enviar\u00e1 a nuestro equipo de ventas, le responderemos en 24 horas.<\/span><\/p>\n<p>[\/et_pb_text][et_pb_code _builder_version=\"4.27.2\" _module_preset=\"default\" custom_margin=\"-8px|||44px|false|false\" custom_margin_tablet=\"\" custom_margin_phone=\"59px|||0px|false|false\" custom_margin_last_edited=\"on|phone\" global_colors_info=\"{}\" theme_builder_area=\"post_content\"]<div class=\"forminator-ui forminator-custom-form forminator-custom-form-151 forminator-design--material  forminator_ajax\" data-forminator-render=\"0\" data-form=\"forminator-module-151\" data-uid=\"69f4e5db2d2e2\"><br\/><\/div><form\n\t\t\t\tid=\"forminator-module-151\"\n\t\t\t\tclass=\"forminator-ui forminator-custom-form forminator-custom-form-151 forminator-design--material  forminator_ajax\"\n\t\t\t\tmethod=\"post\"\n\t\t\t\tdata-forminator-render=\"0\"\n\t\t\t\tdata-form-id=\"151\"\n\t\t\t\t data-color-option=\"default\" data-design=\"material\" data-grid=\"open\" style=\"display: none;\"\n\t\t\t\tdata-uid=\"69f4e5db2d2e2\"\n\t\t\t><div role=\"alert\" aria-live=\"polite\" class=\"forminator-response-message forminator-error\" aria-hidden=\"true\"><\/div><div class=\"forminator-row\"><div id=\"name-1\" class=\"forminator-field-name forminator-col forminator-col-6 \"><div class=\"forminator-field\"><input type=\"text\" name=\"name-1\" value=\"\" placeholder=\"Primer nombre\" id=\"forminator-field-name-1_69f4e5db2d2e2\" class=\"forminator-input forminator-name--field\" aria-required=\"true\" autocomplete=\"name\" \/><\/div><\/div><div id=\"email-1\" class=\"forminator-field-email forminator-col forminator-col-6 \"><div class=\"forminator-field\"><input type=\"email\" name=\"email-1\" value=\"\" placeholder=\"Direcci\u00f3n de correo electr\u00f3nico\" id=\"forminator-field-email-1_69f4e5db2d2e2\" class=\"forminator-input forminator-email--field\" data-required=\"1\" aria-required=\"true\" autocomplete=\"email\" \/><\/div><\/div><\/div><div class=\"forminator-row\"><div id=\"phone-1\" class=\"forminator-field-phone forminator-col forminator-col-6 \"><div class=\"forminator-field\"><input type=\"text\" name=\"phone-1\" value=\"\" placeholder=\"N\u00famero de WhatsApp\" id=\"forminator-field-phone-1_69f4e5db2d2e2\" class=\"forminator-input forminator-field--phone\" data-required=\"1\" aria-required=\"true\" autocomplete=\"off\" \/><\/div><\/div><div id=\"name-2\" class=\"forminator-field-name forminator-col forminator-col-6 \"><div class=\"forminator-field\"><input type=\"text\" name=\"name-2\" value=\"\" placeholder=\"Nombre de empresa\" id=\"forminator-field-name-2_69f4e5db2d2e2\" class=\"forminator-input forminator-name--field\" aria-required=\"true\" autocomplete=\"name\" \/><\/div><\/div><\/div><div class=\"forminator-row\"><div id=\"textarea-1\" class=\"forminator-field-textarea forminator-col forminator-col-12 \"><div class=\"forminator-field\"><label for=\"forminator-field-textarea-1_69f4e5db2d2e2\" id=\"forminator-field-textarea-1_69f4e5db2d2e2-label\" class=\"forminator-label\">Mensaje <span class=\"forminator-required\">*<\/span><\/label><textarea name=\"textarea-1\" placeholder=\"Introduzca los detalles de su consulta, como el nombre del producto, la cantidad, etc.\" id=\"forminator-field-textarea-1_69f4e5db2d2e2\" class=\"forminator-textarea\" rows=\"6\" style=\"--forminator-textarea-min-height:100px;\" ><\/textarea><\/div><\/div><\/div><div class=\"forminator-row\"><div id=\"captcha-1\" class=\"forminator-field-captcha forminator-col forminator-col-12 \"><div class=\"forminator-captcha-left forminator-g-recaptcha\" data-theme=\"light\"  data-sitekey=\"6Lfd4hMoAAAAAGESzftoUP-X1nnw5rbp0g87G5Ba\" data-size=\"normal\"><\/div> <\/div><\/div><input type=\"hidden\" name=\"referer_url\" value=\"\" \/><div class=\"forminator-row forminator-row-last\"><div class=\"forminator-col\"><div class=\"forminator-field\"><button class=\"forminator-button forminator-button-submit\"><span>Enviar mensaje<\/span><span aria-hidden=\"true\"><\/span><\/button><\/div><\/div><\/div><input type=\"hidden\" id=\"forminator_nonce\" name=\"forminator_nonce\" value=\"dd0a833e76\" \/><input type=\"hidden\" name=\"_wp_http_referer\" value=\"\/es\/wp-json\/wp\/v2\/pages\/36\" \/><input type=\"hidden\" name=\"form_id\" value=\"151\"><input type=\"hidden\" name=\"page_id\" value=\"36\"><input type=\"hidden\" name=\"form_type\" value=\"default\"><input type=\"hidden\" name=\"current_url\" value=\"https:\/\/www.supersybon.com\/es\/sobre-nosotros\"><input type=\"hidden\" name=\"render_id\" value=\"0\"><input type=\"hidden\" name=\"action\" value=\"forminator_submit_form_custom-forms\"><\/form>[\/et_pb_code][\/et_pb_column][\/et_pb_row][\/et_pb_section]<\/p>\n","protected":false},"excerpt":{"rendered":"<p>Est\u00e1s aqu\u00ed.: Sybon &gt; Sobre nosotros Bienvenido a SYBON Sobre nosotros Guangdong Sybon Nuevos Materiales Co; Ltd es un fabricante y exportador profesional. Establecido en 2002, Sybon se ha convertido en uno de los mayores fabricantes de recubrimientos en China. Nos estamos especializando en el desarrollo de dise\u00f1o y producci\u00f3n de series de pintura automotriz. [&hellip;]<\/p>\n","protected":false},"author":1,"featured_media":0,"parent":0,"menu_order":0,"comment_status":"closed","ping_status":"closed","template":"","meta":{"_et_pb_use_builder":"on","_et_pb_old_content":"","_et_gb_content_width":""},"class_list":["post-36","page","type-page","status-publish","hentry"],"_links":{"self":[{"href":"https:\/\/www.supersybon.com\/es\/wp-json\/wp\/v2\/pages\/36","targetHints":{"allow":["GET"]}}],"collection":[{"href":"https:\/\/www.supersybon.com\/es\/wp-json\/wp\/v2\/pages"}],"about":[{"href":"https:\/\/www.supersybon.com\/es\/wp-json\/wp\/v2\/types\/page"}],"author":[{"embeddable":true,"href":"https:\/\/www.supersybon.com\/es\/wp-json\/wp\/v2\/users\/1"}],"replies":[{"embeddable":true,"href":"https:\/\/www.supersybon.com\/es\/wp-json\/wp\/v2\/comments?post=36"}],"version-history":[{"count":0,"href":"https:\/\/www.supersybon.com\/es\/wp-json\/wp\/v2\/pages\/36\/revisions"}],"wp:attachment":[{"href":"https:\/\/www.supersybon.com\/es\/wp-json\/wp\/v2\/media?parent=36"}],"curies":[{"name":"wp","href":"https:\/\/api.w.org\/{rel}","templated":true}]}}